{"id":26131,"date":"2024-07-10T11:09:18","date_gmt":"2024-07-10T14:09:18","guid":{"rendered":"https:\/\/wp.ufpel.edu.br\/progep\/?page_id=26131"},"modified":"2025-06-30T14:57:19","modified_gmt":"2025-06-30T17:57:19","slug":"curso-libras-para-servidores-ii","status":"publish","type":"page","link":"https:\/\/wp.ufpel.edu.br\/progep\/curso-libras-para-servidores-ii\/","title":{"rendered":"Capacita\u00e7\u00e3o: Curso Libras para Servidores(as) II"},"content":{"rendered":"<p><strong>Ministrante(s):\u00a0<\/strong>Rogers Rocha (Docente do Centro de Letras e Comunica\u00e7\u00e3o \u2013 CLC)<\/p>\n<p><b>Modalidade:\u00a0<\/b>Presencial<\/p>\n<p><strong>Carga hor\u00e1ria:\u00a0<\/strong>32 horas e 30 minutos<\/p>\n<p class=\"v1MsoNormal\"><strong>Per\u00edodo de realiza\u00e7\u00e3o<\/strong>:\u00a0 30 de julho a 22 de outubro de 2024<\/p>\n<p><strong>Dias de realiza\u00e7\u00e3o:<\/strong>\u00a0 Ter\u00e7as-feiras<\/p>\n<p><strong>Hor\u00e1rio:<\/strong>\u00a0das 14h \u00e0s 16h30min<\/p>\n<p class=\"v1MsoNormal\"><strong>Local<\/strong>: Editora e Livraria da UFPel \u2013\u00a0 Rua Benjamin Constant, 1071<\/p>\n<p><strong>S\u00famula<\/strong>:<\/p>\n<ul>\n<li>Soletra\u00e7\u00e3o manual e classificadores.<\/li>\n<li>Apresenta\u00e7\u00e3o b\u00e1sica sobre um tema familiar.<\/li>\n<li>Descri\u00e7\u00e3o simples ou apresenta\u00e7\u00e3o de algu\u00e9m.<\/li>\n<li>Sinalizar sobre coisas que gosta e que n\u00e3o gosta de fazer.<\/li>\n<li>Sinalizar sobre seus sentimentos e emo\u00e7\u00f5es.<\/li>\n<li>Solicitar informa\u00e7\u00e3o para algu\u00e9m em contexto de viagem.<\/li>\n<li>Solicitar informa\u00e7\u00f5es em um mercado ou em uma feira.<\/li>\n<li>Dialogar em uma entrevista de emprego.<\/li>\n<li>Dialogar com alunos no contexto do setor de cada servidor.<\/li>\n<li>Compreender verbos simples e verbos direcionais.<\/li>\n<li>Compreender assuntos do dia a dia.<\/li>\n<li>Compreender an\u00fancios e instru\u00e7\u00f5es.<\/li>\n<li>Compreender di\u00e1logos b\u00e1sicos em v\u00eddeos.<\/li>\n<li>Produ\u00e7\u00e3o e compreens\u00e3o do SER-Libras para registrar sinais em n\u00edvel b\u00e1sico.<\/li>\n<\/ul>\n<p><b><strong>Avalia\u00e7\u00e3o:\u00a0<\/strong><\/b>Frequ\u00eancia m\u00ednima de 75% e avalia\u00e7\u00e3o processual.<\/p>\n<p class=\"v1MsoNormal\"><strong>P\u00fablico Alvo<\/strong>: Servidores docentes e TAE\u2019s ativos*<\/p>\n<p><strong>N\u00famero de vagas:<\/strong>\u00a030 (limitadas por ordem de inscri\u00e7\u00e3o)**<\/p>\n<p><strong>Per\u00edodo de inscri\u00e7\u00e3o<\/strong>: 10\/07 a 25\/07\/2023<\/p>\n<p><strong>Divulga\u00e7\u00e3o das inscri\u00e7\u00f5es homologadas<\/strong>: 26\/07***, nesta p\u00e1gina.<\/p>\n<p>* Considerando a Pol\u00edtica Nacional de Desenvolvimento de Pessoas, conforme Decreto n\u00ba 9.991\/19, somente ser\u00e3o certificados os servidores p\u00fablicos pertencentes ao Quadro Efetivo da UFPel;<br \/>\n** Quando homologadas as inscri\u00e7\u00f5es, os selecionados receber\u00e3o e-mail de confirma\u00e7\u00e3o.<\/p>\n<p>Observa\u00e7\u00e3o: A homologa\u00e7\u00e3o das inscri\u00e7\u00f5es dos(as) trabalhadores(as) terceirizados ficar\u00e1 condicionada \u00e0 an\u00e1lise pr\u00e9via e manifesta\u00e7\u00e3o por parte do NUGEST\/PRA.<\/p>\n<p><strong><span style=\"color: #ff6600\"><a style=\"color: #ff6600\" href=\"https:\/\/wp.ufpel.edu.br\/progep\/files\/2024\/07\/Homologacao-Curso-de-Libras-II-2024.pdf\">INSCRI\u00c7\u00d5ES HOMOLOGADAS<\/a><\/span><\/strong><\/p>\n<p><strong>Contato:<\/strong> cdp.capacita@ufpel.edu.br<\/p>\n<p>&nbsp;<\/p>\n","protected":false},"excerpt":{"rendered":"<p>Ministrante(s):\u00a0Rogers Rocha (Docente do Centro de Letras e Comunica\u00e7\u00e3o \u2013 CLC) Modalidade:\u00a0Presencial Carga hor\u00e1ria:\u00a032 horas e 30 minutos Per\u00edodo de realiza\u00e7\u00e3o:\u00a0 30 de julho a 22 de outubro de 2024 Dias de realiza\u00e7\u00e3o:\u00a0 Ter\u00e7as-feiras Hor\u00e1rio:\u00a0das 14h \u00e0s 16h30min Local: Editora e Livraria da UFPel \u2013\u00a0 Rua Benjamin Constant, 1071 S\u00famula: Soletra\u00e7\u00e3o manual e classificadores. Apresenta\u00e7\u00e3o [&hellip;]<\/p>\n","protected":false},"author":21,"featured_media":0,"parent":0,"menu_order":0,"comment_status":"closed","ping_status":"closed","template":"","meta":{"footnotes":""},"class_list":["post-26131","page","type-page","status-publish","hentry"],"_links":{"self":[{"href":"https:\/\/wp.ufpel.edu.br\/progep\/wp-json\/wp\/v2\/pages\/26131","targetHints":{"allow":["GET"]}}],"collection":[{"href":"https:\/\/wp.ufpel.edu.br\/progep\/wp-json\/wp\/v2\/pages"}],"about":[{"href":"https:\/\/wp.ufpel.edu.br\/progep\/wp-json\/wp\/v2\/types\/page"}],"author":[{"embeddable":true,"href":"https:\/\/wp.ufpel.edu.br\/progep\/wp-json\/wp\/v2\/users\/21"}],"replies":[{"embeddable":true,"href":"https:\/\/wp.ufpel.edu.br\/progep\/wp-json\/wp\/v2\/comments?post=26131"}],"version-history":[{"count":10,"href":"https:\/\/wp.ufpel.edu.br\/progep\/wp-json\/wp\/v2\/pages\/26131\/revisions"}],"predecessor-version":[{"id":34155,"href":"https:\/\/wp.ufpel.edu.br\/progep\/wp-json\/wp\/v2\/pages\/26131\/revisions\/34155"}],"wp:attachment":[{"href":"https:\/\/wp.ufpel.edu.br\/progep\/wp-json\/wp\/v2\/media?parent=26131"}],"curies":[{"name":"wp","href":"https:\/\/api.w.org\/{rel}","templated":true}]}}