{"id":26096,"date":"2024-07-05T21:17:27","date_gmt":"2024-07-06T00:17:27","guid":{"rendered":"https:\/\/wp.ufpel.edu.br\/progep\/?page_id=26096"},"modified":"2024-07-24T08:31:30","modified_gmt":"2024-07-24T11:31:30","slug":"capacitacao-dengue-leptospirose-e-esporotricose-o-que-devo-saber-no-periodo-pos-enchentes","status":"publish","type":"page","link":"https:\/\/wp.ufpel.edu.br\/progep\/capacitacao-dengue-leptospirose-e-esporotricose-o-que-devo-saber-no-periodo-pos-enchentes\/","title":{"rendered":"Capacita\u00e7\u00e3o &#8211; Dengue, Leptospirose e Esporotricose: o que devo saber no per\u00edodo p\u00f3s enchentes?"},"content":{"rendered":"<p><strong>Facilitadoras:<br \/>\n<\/strong>Anna Beatriz Pizarro Chaffe, Priscila Pereira Kurz, Rejane\u00a0 Buchweitz e Taiane Schwantz de Moraes (Servidoras da Prefeitura Municipal de Pelotas)<strong><br \/>\n<\/strong><\/p>\n<p><strong>Modalidade: <\/strong>Presencial<\/p>\n<p><strong>Data\/ hor\u00e1rio:<br \/>\n<\/strong><strong><span style=\"color: #0000ff\">Turma Campus Anglo:<\/span> 23\/07 <\/strong>(Ter\u00e7a-feira), das<strong>\u00a009h \u00e0s 11h<br \/>\n<span style=\"color: #0000ff\">Turma Campus Cap\u00e3o do Le\u00e3o:<\/span> 24\/07 <\/strong>(Quarta-feira), das <strong>09h \u00e0s 11h<br \/>\n<\/strong><\/p>\n<p><strong>Local de realiza\u00e7\u00e3o:<br \/>\n<\/strong><strong><span style=\"color: #0000ff\">Campus Anglo:<\/span> <\/strong>Audit\u00f3rio Acad\u00eamico &#8211; Andrew Andrade Valad\u00e3o<br \/>\n<span style=\"color: #0000ff\"><strong>Campus Cap\u00e3o do Le\u00e3o:<\/strong><\/span>\u00a0Espa\u00e7o Viva Bem (localizado no Centro de Conviv\u00eancia do Campus, ao lado do restaurante)<\/p>\n<p><strong>Ementa:\u00a0<\/strong>Dengue, Leptospirose e Esporotricose: conhe\u00e7a algumas das doen\u00e7as\u00a0 zoon\u00f3ticas emergentes comuns no per\u00edodo p\u00f3s enchentes.<br \/>\nQuais s\u00e3o? Como \u00e9 a transmiss\u00e3o?<br \/>\nQuais os sintomas nas pessoas?<br \/>\nO que os animais apresentam?<br \/>\nCuidados para evitar a Infec\u00e7\u00e3o.<\/p>\n<p><strong>P\u00fablico Alvo<\/strong>: Servidores(as) docentes, TAE\u2019s e trabalhadores(as) terceirizados(as) ativos(as) da UFPel*<\/p>\n<p><strong>Per\u00edodo de inscri\u00e7\u00e3o<\/strong>: 08\/07 a 18\/07\/2024<\/p>\n<p><strong>Divulga\u00e7\u00e3o das inscri\u00e7\u00f5es homologadas<\/strong>: 19\/07**, nesta p\u00e1gina.<\/p>\n<p><span style=\"background-color: #ffffff\">* Considerando a Pol\u00edtica Nacional de Desenvolvimento de Pessoas, conforme Decreto n\u00ba 9.991\/19, somente ser\u00e3o certificados os servidores p\u00fablicos pertencentes ao Quadro Efetivo da UFPel;<\/span><br \/>\n<span style=\"background-color: #ffffff\">** Quando homologadas as inscri\u00e7\u00f5es, os selecionados receber\u00e3o e-mail de confirma\u00e7\u00e3o.<\/span><\/p>\n<p>Observa\u00e7\u00e3o: A homologa\u00e7\u00e3o das inscri\u00e7\u00f5es dos(as) trabalhadores(as) terceirizados ficar\u00e1 condicionada \u00e0 an\u00e1lise pr\u00e9via e manifesta\u00e7\u00e3o por parte do NUGEST\/PRA.<\/p>\n<p><span style=\"color: #ff6600\">\u00a0<\/span><\/p>\n","protected":false},"excerpt":{"rendered":"<p>Facilitadoras: Anna Beatriz Pizarro Chaffe, Priscila Pereira Kurz, Rejane\u00a0 Buchweitz e Taiane Schwantz de Moraes (Servidoras da Prefeitura Municipal de Pelotas) Modalidade: Presencial Data\/ hor\u00e1rio: Turma Campus Anglo: 23\/07 (Ter\u00e7a-feira), das\u00a009h \u00e0s 11h Turma Campus Cap\u00e3o do Le\u00e3o: 24\/07 (Quarta-feira), das 09h \u00e0s 11h Local de realiza\u00e7\u00e3o: Campus Anglo: Audit\u00f3rio Acad\u00eamico &#8211; Andrew Andrade Valad\u00e3o [&hellip;]<\/p>\n","protected":false},"author":21,"featured_media":0,"parent":0,"menu_order":0,"comment_status":"closed","ping_status":"closed","template":"","meta":{"footnotes":""},"class_list":["post-26096","page","type-page","status-publish","hentry"],"_links":{"self":[{"href":"https:\/\/wp.ufpel.edu.br\/progep\/wp-json\/wp\/v2\/pages\/26096","targetHints":{"allow":["GET"]}}],"collection":[{"href":"https:\/\/wp.ufpel.edu.br\/progep\/wp-json\/wp\/v2\/pages"}],"about":[{"href":"https:\/\/wp.ufpel.edu.br\/progep\/wp-json\/wp\/v2\/types\/page"}],"author":[{"embeddable":true,"href":"https:\/\/wp.ufpel.edu.br\/progep\/wp-json\/wp\/v2\/users\/21"}],"replies":[{"embeddable":true,"href":"https:\/\/wp.ufpel.edu.br\/progep\/wp-json\/wp\/v2\/comments?post=26096"}],"version-history":[{"count":8,"href":"https:\/\/wp.ufpel.edu.br\/progep\/wp-json\/wp\/v2\/pages\/26096\/revisions"}],"predecessor-version":[{"id":26212,"href":"https:\/\/wp.ufpel.edu.br\/progep\/wp-json\/wp\/v2\/pages\/26096\/revisions\/26212"}],"wp:attachment":[{"href":"https:\/\/wp.ufpel.edu.br\/progep\/wp-json\/wp\/v2\/media?parent=26096"}],"curies":[{"name":"wp","href":"https:\/\/api.w.org\/{rel}","templated":true}]}}