{"id":26052,"date":"2024-06-28T10:39:24","date_gmt":"2024-06-28T13:39:24","guid":{"rendered":"https:\/\/wp.ufpel.edu.br\/progep\/?page_id=26052"},"modified":"2024-06-28T10:39:24","modified_gmt":"2024-06-28T13:39:24","slug":"adicional-noturno","status":"publish","type":"page","link":"https:\/\/wp.ufpel.edu.br\/progep\/adicional-noturno\/","title":{"rendered":"Adicional Noturno"},"content":{"rendered":"<p><span style=\"color: #ff9900\"><strong>O que \u00e9?<\/strong><\/span><\/p>\n<p>Adicional devido aos servidores pela presta\u00e7\u00e3o de servi\u00e7o no hor\u00e1rio compreendido entre 22 (vinte e duas) horas de um dia e 5 (cinco) horas do dia seguinte, no percentual de 25% (vinte e cinco por cento) sobre o valor da hora diurna.<\/p>\n<p><span style=\"color: #ff9900\"><strong>Quem tem direito?<\/strong><\/span><\/p>\n<p>Servidores t\u00e9cnico-administrativos e docentes.<\/p>\n<p class=\"rtejustify\"><span style=\"color: #ff9900\"><strong>Informa\u00e7\u00f5es Gerais<\/strong><\/span><\/p>\n<ol>\n<li class=\"rtejustify\">O Adicional Noturno \u00e9 uma vantagem transit\u00f3ria que somente \u00e9 devida enquanto o servidor efetivamente estiver exercendo o trabalho noturno, entre 22 (vinte e duas) horas de um dia e 5 (cinco) horas do dia seguinte.<\/li>\n<li class=\"rtejustify\">O referido adicional n\u00e3o se incorpora \u00e0 remunera\u00e7\u00e3o ou provento.<\/li>\n<li class=\"rtejustify\">O servi\u00e7o prestado fora do hor\u00e1rio de funcionamento normal da Institui\u00e7\u00e3o necessita de autoriza\u00e7\u00e3o e justificativa espec\u00edficas da chefia imediata.<\/li>\n<li class=\"rtejustify\">A hora noturna \u00e9 computada como 52 (cinquenta e dois) minutos e 30 (trinta) segundos e ter\u00e1 seu valor- hora acrescido de 25% (vinte e cinco por cento).<\/li>\n<li class=\"rtejustify\">N\u00e3o \u00e9 devido adicional noturno aos ocupantes de cargo de dire\u00e7\u00e3o ou fun\u00e7\u00e3o gratificada, cargo em comiss\u00e3o e ocupante de cargo efetivo em dedica\u00e7\u00e3o exclusiva.<\/li>\n<li class=\"rtejustify\">\u00c9 necess\u00e1rio que a chefia imediata certifique que o servidor efetivamente desempenhou as atividades do cargo no per\u00edodo compreendido entre 22h e 5h, em campo destinado a este fim no formul\u00e1rio SEI.<\/li>\n<li class=\"rtejustify\">Em sendo a hora noturna trabalhada tamb\u00e9m extraordin\u00e1ria, o percentual de 25% (vinte e cinco por cento) incidir\u00e1 sobre o valor da hora diurna acrescida de 50% (cinquenta por cento).<\/li>\n<\/ol>\n<p><span style=\"color: #ff9900\"><strong>Onde solicitar?<\/strong><\/span><\/p>\n<p>SEI (Sistema Eletr\u00f4nico de Informa\u00e7\u00f5es) &#8211; Formul\u00e1rio &#8220;PROGEP Requerimento Adic. Noturno&#8221;<\/p>\n<p><span style=\"color: #ff9900\"><strong>Base Legal<\/strong><\/span><\/p>\n<p>1. Lei n\u00ba. 8.112\/1990<br \/>\n2. Nota Informativa n\u00ba 06\/2010\/COGES\/DENOP\/SRH\/MP<br \/>\n3. Nota T\u00e9cnica n\u00ba 640\/2010\/COGES\/DENOP\/SRH\/MP<br \/>\n4. NOTA INFORMATIVA N\u00ba 8930\/2018\/CGMPF\/DEREB\/SGP\/MP<\/p>\n<p><span style=\"color: #ff9900\"><strong>Contatos<\/strong><\/span><\/p>\n<p>N\u00facleo Financeiro (CAP\/PROGEP)<br \/>\nTelefone: (53) 3284-3977<br \/>\nE-Mail: nuf.progep@ufpel.edu.br<\/p>\n<p><span style=\"color: #ff9900\"><strong>\u00daltima Atualiza\u00e7\u00e3o<\/strong><\/span><\/p>\n<p>28\/06\/2024<\/p>\n<p>&nbsp;<\/p>\n","protected":false},"excerpt":{"rendered":"<p>O que \u00e9? Adicional devido aos servidores pela presta\u00e7\u00e3o de servi\u00e7o no hor\u00e1rio compreendido entre 22 (vinte e duas) horas de um dia e 5 (cinco) horas do dia seguinte, no percentual de 25% (vinte e cinco por cento) sobre o valor da hora diurna. Quem tem direito? Servidores t\u00e9cnico-administrativos e docentes. Informa\u00e7\u00f5es Gerais O [&hellip;]<\/p>\n","protected":false},"author":52,"featured_media":0,"parent":0,"menu_order":0,"comment_status":"closed","ping_status":"closed","template":"","meta":{"footnotes":""},"class_list":["post-26052","page","type-page","status-publish","hentry"],"_links":{"self":[{"href":"https:\/\/wp.ufpel.edu.br\/progep\/wp-json\/wp\/v2\/pages\/26052","targetHints":{"allow":["GET"]}}],"collection":[{"href":"https:\/\/wp.ufpel.edu.br\/progep\/wp-json\/wp\/v2\/pages"}],"about":[{"href":"https:\/\/wp.ufpel.edu.br\/progep\/wp-json\/wp\/v2\/types\/page"}],"author":[{"embeddable":true,"href":"https:\/\/wp.ufpel.edu.br\/progep\/wp-json\/wp\/v2\/users\/52"}],"replies":[{"embeddable":true,"href":"https:\/\/wp.ufpel.edu.br\/progep\/wp-json\/wp\/v2\/comments?post=26052"}],"version-history":[{"count":4,"href":"https:\/\/wp.ufpel.edu.br\/progep\/wp-json\/wp\/v2\/pages\/26052\/revisions"}],"predecessor-version":[{"id":26057,"href":"https:\/\/wp.ufpel.edu.br\/progep\/wp-json\/wp\/v2\/pages\/26052\/revisions\/26057"}],"wp:attachment":[{"href":"https:\/\/wp.ufpel.edu.br\/progep\/wp-json\/wp\/v2\/media?parent=26052"}],"curies":[{"name":"wp","href":"https:\/\/api.w.org\/{rel}","templated":true}]}}