{"id":25907,"date":"2024-05-19T11:33:40","date_gmt":"2024-05-19T14:33:40","guid":{"rendered":"https:\/\/wp.ufpel.edu.br\/progep\/?page_id=25907"},"modified":"2025-06-30T14:56:24","modified_gmt":"2025-06-30T17:56:24","slug":"roda-de-conversa-psicologia-das-emergencias-as-teorias-na-pratica","status":"publish","type":"page","link":"https:\/\/wp.ufpel.edu.br\/progep\/roda-de-conversa-psicologia-das-emergencias-as-teorias-na-pratica\/","title":{"rendered":"Capacita\u00e7\u00e3o: Roda de conversa &#8211; Psicologia das Emerg\u00eancias: as teorias na pr\u00e1tica"},"content":{"rendered":"<p><strong>Facilitador: <\/strong>Ney Roberto Vattimo Bruck (Doutor em psicologia com P\u00f3s-doutorado na \u00e1rea de desastres. Autor de livro, artigos sobre primeiros aux\u00edlios psicol\u00f3gicos e participa\u00e7\u00e3o em desastres ocorridos no Brasil. Psicoterapeuta, professor aposentado da UFPEL.)<\/p>\n<p><strong>Data:<\/strong> 24\/05\/2024 (sexta-feira)<\/p>\n<p><strong>Hor\u00e1rio: <\/strong>das 10h \u00e0s 12h<\/p>\n<p><strong>Modalidade: <\/strong>Online<\/p>\n<p><strong>Local:\u00a0<\/strong>Webconf UFPel<\/p>\n<p><strong>Ementa:<br \/>\n<\/strong>-A\u00e7\u00f5es em desastres clim\u00e1ticos: vida, amor e morte<br \/>\n-Ang\u00fastia p\u00fablica e classifica\u00e7\u00e3o das v\u00edtimas: qual a primeira coisa para sair da gaiola?<br \/>\n-Desnaturaliza\u00e7\u00e3o de desastres e interven\u00e7\u00e3o comunit\u00e1ria em situa\u00e7\u00f5es-limite<br \/>\n-Gest\u00e3o de abrigos: o que facilita e o que dificulta<br \/>\n-Estresse p\u00f3s-traum\u00e1tico<strong><br \/>\n<\/strong><\/p>\n<p><strong>P\u00fablico Alvo<\/strong>: Servidores(as) docentes, TAE\u2019s e trabalhadores(as) terceirizados(as) ativos(as) da UFPel**<\/p>\n<p><strong>Per\u00edodo de inscri\u00e7\u00e3o<\/strong>: 19\/05 a 22\/05\/2024<\/p>\n<p><strong>Divulga\u00e7\u00e3o das inscri\u00e7\u00f5es homologadas<\/strong>: 23\/05**, nesta p\u00e1gina.<\/p>\n<p><span style=\"background-color: #ffffff\">*Considerando a Pol\u00edtica Nacional de Desenvolvimento de Pessoas, conforme Decreto n\u00ba 9.991\/19, somente ser\u00e3o certificados os servidores p\u00fablicos pertencentes ao Quadro Efetivo da UFPel.<\/span><\/p>\n<p><span style=\"background-color: #ffffff\">**Quando homologadas as inscri\u00e7\u00f5es, os selecionados receber\u00e3o e-mail com instru\u00e7\u00f5es de acesso \u00e0 sala de Webconf da UFPel.<\/span><\/p>\n<p>Observa\u00e7\u00e3o: A homologa\u00e7\u00e3o das inscri\u00e7\u00f5es dos(as) trabalhadores(as) terceirizados ficar\u00e1 condicionada \u00e0 an\u00e1lise pr\u00e9via e manifesta\u00e7\u00e3o por parte do NUGEST\/PRA.<\/p>\n<p><strong><span style=\"color: #ff6600\"><a style=\"color: #ff6600\" href=\"https:\/\/wp.ufpel.edu.br\/progep\/files\/2024\/05\/HOMOLOGACAO-Psicologia-das-Emergencias.pdf\">INSCRI\u00c7\u00d5ES HOMOLOGADAS<\/a><\/span><\/strong><\/p>\n<p>&nbsp;<\/p>\n<p>&nbsp;<\/p>\n","protected":false},"excerpt":{"rendered":"<p>Facilitador: Ney Roberto Vattimo Bruck (Doutor em psicologia com P\u00f3s-doutorado na \u00e1rea de desastres. Autor de livro, artigos sobre primeiros aux\u00edlios psicol\u00f3gicos e participa\u00e7\u00e3o em desastres ocorridos no Brasil. Psicoterapeuta, professor aposentado da UFPEL.) Data: 24\/05\/2024 (sexta-feira) Hor\u00e1rio: das 10h \u00e0s 12h Modalidade: Online Local:\u00a0Webconf UFPel Ementa: -A\u00e7\u00f5es em desastres clim\u00e1ticos: vida, amor e morte [&hellip;]<\/p>\n","protected":false},"author":21,"featured_media":0,"parent":0,"menu_order":0,"comment_status":"closed","ping_status":"closed","template":"","meta":{"footnotes":""},"class_list":["post-25907","page","type-page","status-publish","hentry"],"_links":{"self":[{"href":"https:\/\/wp.ufpel.edu.br\/progep\/wp-json\/wp\/v2\/pages\/25907","targetHints":{"allow":["GET"]}}],"collection":[{"href":"https:\/\/wp.ufpel.edu.br\/progep\/wp-json\/wp\/v2\/pages"}],"about":[{"href":"https:\/\/wp.ufpel.edu.br\/progep\/wp-json\/wp\/v2\/types\/page"}],"author":[{"embeddable":true,"href":"https:\/\/wp.ufpel.edu.br\/progep\/wp-json\/wp\/v2\/users\/21"}],"replies":[{"embeddable":true,"href":"https:\/\/wp.ufpel.edu.br\/progep\/wp-json\/wp\/v2\/comments?post=25907"}],"version-history":[{"count":16,"href":"https:\/\/wp.ufpel.edu.br\/progep\/wp-json\/wp\/v2\/pages\/25907\/revisions"}],"predecessor-version":[{"id":34152,"href":"https:\/\/wp.ufpel.edu.br\/progep\/wp-json\/wp\/v2\/pages\/25907\/revisions\/34152"}],"wp:attachment":[{"href":"https:\/\/wp.ufpel.edu.br\/progep\/wp-json\/wp\/v2\/media?parent=25907"}],"curies":[{"name":"wp","href":"https:\/\/api.w.org\/{rel}","templated":true}]}}