{"id":25877,"date":"2024-04-24T11:43:03","date_gmt":"2024-04-24T14:43:03","guid":{"rendered":"https:\/\/wp.ufpel.edu.br\/progep\/?page_id=25877"},"modified":"2025-06-30T14:56:17","modified_gmt":"2025-06-30T17:56:17","slug":"25877-2","status":"publish","type":"page","link":"https:\/\/wp.ufpel.edu.br\/progep\/25877-2\/","title":{"rendered":"Capacita\u00e7\u00e3o: Capacita na Web \u2013 Explorando o ChatGPT para atividades acad\u00eamicas"},"content":{"rendered":"<p><strong>Facilitador: <\/strong>Rafael Ratto de Moraes (Professor da Faculdade de Odontologia da UFPel)<\/p>\n<p><strong>Data<\/strong>:\u00a0<span style=\"color: #000000\">26\/04\/2024<\/span> (Sexta-feira)<\/p>\n<p><strong>Hor\u00e1rio<\/strong>: das 10h \u00e0s 12h<\/p>\n<p><strong>Modalidade<\/strong>: Online<\/p>\n<p><strong>Local<\/strong>: Plataforma Webconf UFPel<\/p>\n<p><strong style=\"color: var(--cor-texto);font-family: var(--fonte-corpo)\">Ementa:<br \/>\n<\/strong>1. Fundamentos da Intelig\u00eancia Artificial;<br \/>\n2. Primeiros passos para usar as ferramentas;<br \/>\n3. Aprimorando a flu\u00eancia de textos;<br \/>\n4. Cria\u00e7\u00e3o de imagens e outras possibilidades acad\u00eamicas com IA<\/p>\n<p><strong>P\u00fablico Alvo<\/strong>: Servidores(as) docentes, TAE\u2019s e trabalhadores(as) terceirizados(as) ativos(as) da UFPel*<\/p>\n<p><strong>Divulga\u00e7\u00e3o das inscri\u00e7\u00f5es homologadas<\/strong>: 24\/04**, nesta p\u00e1gina.<\/p>\n<p style=\"text-align: justify\">* Vagas destinadas a servidores(as) pertencentes ao Quadro Efetivo da UFPel e a trabalhadores(as) terceirizados(as) ativos(as) na UFPel, preferencialmente. Considerando a Pol\u00edtica Nacional de Desenvolvimento de Pessoas, conforme Decreto n\u00ba 9.991\/19, somente ser\u00e3o certificados(as) servidores(as) p\u00fablicos(as) pertencentes ao Quadro Efetivo da UFPel;<br \/>\n** Quando homologadas as inscri\u00e7\u00f5es, os(as) selecionados(as) receber\u00e3o e-mail de confirma\u00e7\u00e3o com instru\u00e7\u00f5es.<br \/>\n<span style=\"text-decoration: underline\">Observa\u00e7\u00e3o<\/span>: A homologa\u00e7\u00e3o das inscri\u00e7\u00f5es dos(as) trabalhadores(as) terceirizados ficar\u00e1 condicionada \u00e0 an\u00e1lise pr\u00e9via e manifesta\u00e7\u00e3o por parte do NUGEST\/PRA.<\/p>\n<p><span style=\"color: #ff6600\"><strong><a style=\"color: #ff6600\" href=\"https:\/\/wp.ufpel.edu.br\/progep\/files\/2024\/04\/Homologacao-Capacita-na-Web-Explorando-o-ChatGPT-para-atividades-academicas.pdf\">INSCRI\u00c7\u00d5ES HOMOLOGADAS<\/a><\/strong><\/span><\/p>\n<p>&nbsp;<\/p>\n","protected":false},"excerpt":{"rendered":"<p>Facilitador: Rafael Ratto de Moraes (Professor da Faculdade de Odontologia da UFPel) Data:\u00a026\/04\/2024 (Sexta-feira) Hor\u00e1rio: das 10h \u00e0s 12h Modalidade: Online Local: Plataforma Webconf UFPel Ementa: 1. Fundamentos da Intelig\u00eancia Artificial; 2. Primeiros passos para usar as ferramentas; 3. Aprimorando a flu\u00eancia de textos; 4. Cria\u00e7\u00e3o de imagens e outras possibilidades acad\u00eamicas com IA P\u00fablico [&hellip;]<\/p>\n","protected":false},"author":21,"featured_media":0,"parent":0,"menu_order":0,"comment_status":"closed","ping_status":"closed","template":"","meta":{"footnotes":""},"class_list":["post-25877","page","type-page","status-publish","hentry"],"_links":{"self":[{"href":"https:\/\/wp.ufpel.edu.br\/progep\/wp-json\/wp\/v2\/pages\/25877","targetHints":{"allow":["GET"]}}],"collection":[{"href":"https:\/\/wp.ufpel.edu.br\/progep\/wp-json\/wp\/v2\/pages"}],"about":[{"href":"https:\/\/wp.ufpel.edu.br\/progep\/wp-json\/wp\/v2\/types\/page"}],"author":[{"embeddable":true,"href":"https:\/\/wp.ufpel.edu.br\/progep\/wp-json\/wp\/v2\/users\/21"}],"replies":[{"embeddable":true,"href":"https:\/\/wp.ufpel.edu.br\/progep\/wp-json\/wp\/v2\/comments?post=25877"}],"version-history":[{"count":6,"href":"https:\/\/wp.ufpel.edu.br\/progep\/wp-json\/wp\/v2\/pages\/25877\/revisions"}],"predecessor-version":[{"id":34151,"href":"https:\/\/wp.ufpel.edu.br\/progep\/wp-json\/wp\/v2\/pages\/25877\/revisions\/34151"}],"wp:attachment":[{"href":"https:\/\/wp.ufpel.edu.br\/progep\/wp-json\/wp\/v2\/media?parent=25877"}],"curies":[{"name":"wp","href":"https:\/\/api.w.org\/{rel}","templated":true}]}}