{"id":25829,"date":"2024-04-17T11:18:20","date_gmt":"2024-04-17T14:18:20","guid":{"rendered":"https:\/\/wp.ufpel.edu.br\/progep\/?page_id=25829"},"modified":"2024-05-14T11:58:01","modified_gmt":"2024-05-14T14:58:01","slug":"chamada-publica-03-2024","status":"publish","type":"page","link":"https:\/\/wp.ufpel.edu.br\/progep\/2024-2\/chamada-publica-03-2024\/","title":{"rendered":"CHAMADA P\u00daBLICA 03\/2024"},"content":{"rendered":"<p><a href=\"https:\/\/wp.ufpel.edu.br\/progep\/files\/2024\/04\/SEI_UFPel-2593841-Edital-PROGEP.pdf\">Chamada P\u00fablica de Remo\u00e7\u00e3o 03\/2024<\/a><\/p>\n<p><a href=\"https:\/\/wp.ufpel.edu.br\/progep\/files\/2024\/05\/SEI_UFPel-2605725-Edital-PROGEP.pdf\">Resultado Preliminar<\/a><\/p>\n<p><a href=\"https:\/\/wp.ufpel.edu.br\/progep\/files\/2024\/05\/edital-03-2024.pdf\">Resultado Final<\/a><\/p>\n","protected":false},"excerpt":{"rendered":"<p>Chamada P\u00fablica de Remo\u00e7\u00e3o 03\/2024 Resultado Preliminar Resultado Final<\/p>\n","protected":false},"author":52,"featured_media":0,"parent":25562,"menu_order":0,"comment_status":"closed","ping_status":"closed","template":"","meta":{"footnotes":""},"class_list":["post-25829","page","type-page","status-publish","hentry"],"_links":{"self":[{"href":"https:\/\/wp.ufpel.edu.br\/progep\/wp-json\/wp\/v2\/pages\/25829","targetHints":{"allow":["GET"]}}],"collection":[{"href":"https:\/\/wp.ufpel.edu.br\/progep\/wp-json\/wp\/v2\/pages"}],"about":[{"href":"https:\/\/wp.ufpel.edu.br\/progep\/wp-json\/wp\/v2\/types\/page"}],"author":[{"embeddable":true,"href":"https:\/\/wp.ufpel.edu.br\/progep\/wp-json\/wp\/v2\/users\/52"}],"replies":[{"embeddable":true,"href":"https:\/\/wp.ufpel.edu.br\/progep\/wp-json\/wp\/v2\/comments?post=25829"}],"version-history":[{"count":4,"href":"https:\/\/wp.ufpel.edu.br\/progep\/wp-json\/wp\/v2\/pages\/25829\/revisions"}],"predecessor-version":[{"id":25903,"href":"https:\/\/wp.ufpel.edu.br\/progep\/wp-json\/wp\/v2\/pages\/25829\/revisions\/25903"}],"up":[{"embeddable":true,"href":"https:\/\/wp.ufpel.edu.br\/progep\/wp-json\/wp\/v2\/pages\/25562"}],"wp:attachment":[{"href":"https:\/\/wp.ufpel.edu.br\/progep\/wp-json\/wp\/v2\/media?parent=25829"}],"curies":[{"name":"wp","href":"https:\/\/api.w.org\/{rel}","templated":true}]}}