{"id":25817,"date":"2024-04-18T19:22:48","date_gmt":"2024-04-18T22:22:48","guid":{"rendered":"https:\/\/wp.ufpel.edu.br\/progep\/?page_id=25817"},"modified":"2025-08-13T16:29:44","modified_gmt":"2025-08-13T19:29:44","slug":"convocacoes-edital-001-2024","status":"publish","type":"page","link":"https:\/\/wp.ufpel.edu.br\/progep\/convocacoes-edital-001-2024\/","title":{"rendered":"CONVOCA\u00c7\u00d5ES &#8211; EDITAL 001\/2024"},"content":{"rendered":"\n<div class=\"wp-block-group\"><div class=\"wp-block-group__inner-container is-layout-constrained wp-block-group-is-layout-constrained\">\n<div class=\"logoTituloModelStyle\"><img class=\"size-medium wp-image-27184 alignleft\" src=\"https:\/\/wp.ufpel.edu.br\/progep\/files\/2025\/03\/logo-progep_atualizacao-nome_AZUL.png\" style=\"padding:0\" alt=\"\" \/><\/p>\n<div style=\"padding: 2rem 0\"><strong>Convoca\u00e7\u00f5es &#8211; Edital 01\/2024<\/strong><\/div>\n<\/div>\n<hr class=\"hrModelStyle\" \/>\n<div class=\"descriptionModelStyle\">Acompanhe nesta p\u00e1gina a publica\u00e7\u00e3o dos\/as nomeados\/as para servidores\/as docentes na UFPEL.<\/div>\n<\/div><\/div>\n\n\n<div class=\"pagNomeacoesStyle\">\n<div class=\"cargosNomeConvStyle\">\n<div class=\"cargosTitleStyle\"> Cargos nesta p\u00e1gina:<\/div>\n<div class=\"tabelasRepoDoc\" style=\"color: black;text-align: center\">\n<span class=\"collapseomatic \" id=\"id69e44f8e20633\"  tabindex=\"0\" title=\"Cargos deste edital\"    >Cargos deste edital<\/span><div id=\"target-id69e44f8e20633\" class=\"collapseomatic_content \"> \n<div class=\"cargosStyle\">\n\n<p>M\u00fasica-Piano<\/p>\n\n\n<p>Violino<\/p>\n\n\n<p>F\u00edsico-Qu\u00edmica<\/p>\n\n\n<p>Turismo<\/p>\n\n\n<p>Saneamento B\u00e1sico<\/p>\n\n\n<p>Geologia<\/p>\n\n\n<p>Banco de Dados<\/p>\n\n\n<p>Matem\u00e1tica Aplicada<\/p>\n\n\n<p>Lingu\u00edstica e Ensino<\/p>\n\n\n<p>L\u00ednguas Estrangeiras Modernas \u2013 L\u00edngua Alem\u00e3<\/p>\n\n\n<p>L\u00ednguas Estrangeiras Modernas \u2013 Ingl\u00eas<\/p>\n\n\n<p>Biodin\u00e2mica<\/p>\n\n\n<p>Sistemas de Produ\u00e7\u00e3o de N\u00e3o Ruminantes<\/p>\n\n\n<p>Filosofia da Educa\u00e7\u00e3o OU Hist\u00f3ria da Educa\u00e7\u00e3o OU Sociologia da Educa\u00e7\u00e3o<\/p>\n\n\n<p>Linguagem<\/p>\n\n\n<p>Aten\u00e7\u00e3o B\u00e1sica \u00e0 Sa\u00fade<\/p>\n\n\n<p>Arqueologia Brasileira<\/p>\n\n\n<p>Ensino de Geografia<\/p>\n\n\n<p>Museologia<\/p>\n\n\n<p>Arquitetura e Urbanismo<\/p>\n\n<\/div>\n<\/div>\n\n<\/div>\n<\/div>\n<p> Confira a p\u00e1gina com as informa\u00e7\u00f5es a respeito do certame: <\/p>\n<p><a href=\"http:\/\/ces.ufpel.edu.br\/conctecadmed0001_2024\/\" target=\"_blank\">Certame do Edital 01\/2024<\/a><\/p>\n<div class=\"titleStyle\"><strong>Ampla Concorr\u00eancia<\/strong><\/div> \n\n<table id=\"tablepress-145\" class=\"tablepress tablepress-id-145\">\n<thead>\n<tr class=\"row-1\">\n\t<th class=\"column-1\">UNIDADE\/PROCESSO<\/th><th class=\"column-2\">CH<\/th><th class=\"column-3\">\u00c1REA<\/th><th class=\"column-4\">APROVADOS CLASSIFICA\u00c7\u00c3O \/ NOME \/ RESULTADO FINAL<\/th><th class=\"column-5\">SITUA\u00c7\u00c3O<\/th>\n<\/tr>\n<\/thead>\n<tbody class=\"row-striping row-hover\">\n<tr class=\"row-2\">\n\t<td class=\"column-1\"><strong>Curso de M\u00fasica \u2013 Licenciatura \u2013 CA<\/strong><br \/>\n<br \/>\n23110.047241\/2023-75<\/td><td class=\"column-2\">40h<\/td><td class=\"column-3\">M\u00fasica \u2013 Piano<\/td><td class=\"column-4\">1\u00ba CELSO LUIZ BARRUFI DOS SANTOS JUNIOR<\/td><td class=\"column-5\">Convocado em 11\/04\/2024<\/td>\n<\/tr>\n<tr class=\"row-3\">\n\t<td class=\"column-1\"><strong>Curso de M\u00fasica \u2013 Violino (Bach.) \u2013 CA<\/strong><br \/>\n<br \/>\n23110.048206\/2023-73<\/td><td class=\"column-2\">40h<\/td><td class=\"column-3\">Violino<\/td><td class=\"column-4\">1\u00ba ANDR\u00c9 ROCHA DE SOUZA BORBA<\/td><td class=\"column-5\">Convocado em 10\/04\/2024<\/td>\n<\/tr>\n<tr class=\"row-4\">\n\t<td class=\"column-1\"><\/td><td class=\"column-2\"><\/td><td class=\"column-3\"><\/td><td class=\"column-4\">2\u00ba RICARDO ALBERTO CHAC\u00d3N CASANOVA<\/td><td class=\"column-5\"><\/td>\n<\/tr>\n<tr class=\"row-5\">\n\t<td class=\"column-1\"><strong>\u00c1rea Acad\u00eamica de Qu\u00edmica \u2013 CCQFA<\/strong><br \/>\n<br \/>\n23110.036377\/2023-50<\/td><td class=\"column-2\">40h<\/td><td class=\"column-3\">F\u00edsico-Qu\u00edmica<\/td><td class=\"column-4\">1\u00ba RAFAEL FONSECA NEVES QUADRADO<\/td><td class=\"column-5\">Convocado em 10\/04\/2024<\/td>\n<\/tr>\n<tr class=\"row-6\">\n\t<td class=\"column-1\"><\/td><td class=\"column-2\"><\/td><td class=\"column-3\"><\/td><td class=\"column-4\">2\u00ba MARCELO DOURADO MONCKS<\/td><td class=\"column-5\"><\/td>\n<\/tr>\n<tr class=\"row-7\">\n\t<td class=\"column-1\"><strong>Curso de Turismo \u2013 CCSO<\/strong> 23110.047888\/2023-05<\/td><td class=\"column-2\">40h<\/td><td class=\"column-3\">Turismo<\/td><td class=\"column-4\">1\u00ba LUCIMARI ACOSTA PEREIRA*<\/td><td class=\"column-5\">Convocada pela reserva de cotas em 10\/04\/2024<\/td>\n<\/tr>\n<tr class=\"row-8\">\n\t<td class=\"column-1\"><strong>Curso de Engenharia H\u00eddrica \u2013 CDTEC<\/strong><br \/>\n<br \/>\n23110.046359\/2023-86<\/td><td class=\"column-2\">40h<\/td><td class=\"column-3\">Saneamento B\u00e1sico<\/td><td class=\"column-4\">1\u00ba TIAGO LIBERALESSO<\/td><td class=\"column-5\"><s>Convocado em 19\/04\/2024<\/s><br \/>\nDesist\u00eancia<\/td>\n<\/tr>\n<tr class=\"row-9\">\n\t<td class=\"column-1\"><strong>Curso de Engenharia Geol\u00f3gica \u2013 CENG<\/strong><br \/>\n<br \/>\n23110.045944\/2023-69<\/td><td class=\"column-2\">40h<\/td><td class=\"column-3\">Geologia<\/td><td class=\"column-4\">1\u00ba VIVIANNE ANDRADE BASTOS<\/td><td class=\"column-5\"><s>Convocada em 29\/05\/2024<\/s><br \/>\nDesist\u00eancia<\/td>\n<\/tr>\n<tr class=\"row-10\">\n\t<td class=\"column-1\"><strong>Curso de Geoprocessamento \u2013 CENG<\/strong><br \/>\n<br \/>\n23110.038499\/2023-81<\/td><td class=\"column-2\">40h<\/td><td class=\"column-3\">Banco de Dados<\/td><td class=\"column-4\">1\u00ba STEFAN DOMINGUES NACHTIGALL<\/td><td class=\"column-5\">Convocado em 10\/04\/2024<\/td>\n<\/tr>\n<tr class=\"row-11\">\n\t<td class=\"column-1\"><\/td><td class=\"column-2\"><\/td><td class=\"column-3\"><\/td><td class=\"column-4\">2\u00ba ALESSANDER OSORIO<\/td><td class=\"column-5\"><\/td>\n<\/tr>\n<tr class=\"row-12\">\n\t<td class=\"column-1\"><strong>N\u00facleo B\u00e1sico \u2013 \u200bCENG<\/strong><br \/>\n23110.029320\/2023-02<\/td><td class=\"column-2\">40h<\/td><td class=\"column-3\">Matem\u00e1tica Aplicada<\/td><td class=\"column-4\">1\u00ba CRISTIANE SCHWARTZ VENZKE<\/td><td class=\"column-5\">Convocada em 10\/04\/2024<\/td>\n<\/tr>\n<tr class=\"row-13\">\n\t<td class=\"column-1\"><\/td><td class=\"column-2\"><\/td><td class=\"column-3\"><\/td><td class=\"column-4\">2\u00ba MARIANE WEIRICH BOSENBECKER<\/td><td class=\"column-5\">Convocada em 13\/06\/2024<\/td>\n<\/tr>\n<tr class=\"row-14\">\n\t<td class=\"column-1\"><strong>Cursos de Licenciatura e Bach.em Letras e Jornalismo \u2013 CLC<\/strong><br \/>\n23110.045479\/2023-66<\/td><td class=\"column-2\">40h<\/td><td class=\"column-3\">Lingu\u00edstica e Ensino<\/td><td class=\"column-4\">1\u00ba GABRIELLA CRISTINA VAZ CAMARGO<\/td><td class=\"column-5\"><s>Convocada em 10\/04\/2024<\/s><br \/>\nDesist\u00eancia<\/td>\n<\/tr>\n<tr class=\"row-15\">\n\t<td class=\"column-1\"><\/td><td class=\"column-2\"><\/td><td class=\"column-3\"><\/td><td class=\"column-4\">2\u00ba AMANDA CANTERLE BOCHETT<\/td><td class=\"column-5\">Convocada em 11\/04\/2024<\/td>\n<\/tr>\n<tr class=\"row-16\">\n\t<td class=\"column-1\"><\/td><td class=\"column-2\"><\/td><td class=\"column-3\"><\/td><td class=\"column-4\">3\u00ba FELIPE ALVES PEREIRA AVILA<\/td><td class=\"column-5\">Convocado em 23\/05\/2024<\/td>\n<\/tr>\n<tr class=\"row-17\">\n\t<td class=\"column-1\"><strong>\u00c1rea de Alem\u00e3o\/Curso de Licenciatura em Letras Portugu\u00eas e Alem\u00e3o \u2013 CLC<\/strong><br \/>\n<br \/>\n23110.042819\/2023-05<\/td><td class=\"column-2\">40h<\/td><td class=\"column-3\">L\u00ednguas Estrangeiras Modernas \u2013<br \/>\n\u200bL\u00edngua Alem\u00e3<\/td><td class=\"column-4\">1\u00ba MATEUS KLUMB<\/td><td class=\"column-5\">Convocado em 10\/04\/2024<\/td>\n<\/tr>\n<tr class=\"row-18\">\n\t<td class=\"column-1\"><strong>Curso de Licenciatura em Letras \u2013 Portugu\u00eas e Ingl\u00eas \u2013 CLC<\/strong><br \/>\n<br \/>\n23110.045474\/2023-33<\/td><td class=\"column-2\">40h<\/td><td class=\"column-3\">L\u00ednguas Estrangeiras Modernas \u2013 Ingl\u00eas<\/td><td class=\"column-4\">1\u00ba CAMILA QUEVEDO OPPELT<\/td><td class=\"column-5\">Convocada em 11\/07\/2024<\/td>\n<\/tr>\n<tr class=\"row-19\">\n\t<td class=\"column-1\"><\/td><td class=\"column-2\"><\/td><td class=\"column-3\"><\/td><td class=\"column-4\">2\u00ba ALINE BEHLING DUARTE<\/td><td class=\"column-5\"><s>Convocada em 10\/03\/2025<\/s><br \/>\nDesist\u00eancia<\/td>\n<\/tr>\n<tr class=\"row-20\">\n\t<td class=\"column-1\"><\/td><td class=\"column-2\"><\/td><td class=\"column-3\"><\/td><td class=\"column-4\">3\u00ba GISELE MEDINA NUNES<\/td><td class=\"column-5\">Convocada em 18\/03\/2025<\/td>\n<\/tr>\n<tr class=\"row-21\">\n\t<td class=\"column-1\"><\/td><td class=\"column-2\"><\/td><td class=\"column-3\"><\/td><td class=\"column-4\">4\u00ba LET\u00cdCIA BERNEIRA CARDOZO*<\/td><td class=\"column-5\">Convocada pela reserva de cotas em 10\/04\/2024<\/td>\n<\/tr>\n<tr class=\"row-22\">\n\t<td class=\"column-1\"><strong>Departamento de Desportos \u2013 ESEF<\/strong><br \/>\n<br \/>\n23110.047023\/2023-31<\/td><td class=\"column-2\">40h<\/td><td class=\"column-3\">Biodin\u00e2mica<\/td><td class=\"column-4\">1\u00ba FERNANDO DA SILVA FIORIN<\/td><td class=\"column-5\"><s>Convocado em 10\/04\/2024<\/s><br \/>\nDesist\u00eancia<\/td>\n<\/tr>\n<tr class=\"row-23\">\n\t<td class=\"column-1\"><strong>Departamento de Zootecnia \u2013 FAEM<\/strong><br \/>\n<br \/>\n23110.043228\/2023-47<\/td><td class=\"column-2\">40h<\/td><td class=\"column-3\">Sistemas de Produ\u00e7\u00e3o de N\u00e3o Ruminantes<\/td><td class=\"column-4\">1\u00ba ALINE ARASSIANA PICCINI ROLL<\/td><td class=\"column-5\">Convocada em 10\/04\/2024<\/td>\n<\/tr>\n<tr class=\"row-24\">\n\t<td class=\"column-1\"><\/td><td class=\"column-2\"><\/td><td class=\"column-3\"><\/td><td class=\"column-4\">2\u00ba GINO LUIGI BONILLA LEMOS PIZZI<\/td><td class=\"column-5\"><s>Convocado em 20\/03\/2025<\/s><br \/>\ndesist\u00eancia<\/td>\n<\/tr>\n<tr class=\"row-25\">\n\t<td class=\"column-1\"><strong>Departamento de Fundamentos da Educa\u00e7\u00e3o \u2013 FAE<\/strong><br \/>\n<br \/>\n23110.047008\/2023-92<\/td><td class=\"column-2\">40h<\/td><td class=\"column-3\">Filosofia da Educa\u00e7\u00e3o OU<br \/>\n<br \/>\nHist\u00f3ria da Educa\u00e7\u00e3o OU<br \/>\n<br \/>\nSociologia da Educa\u00e7\u00e3o<\/td><td class=\"column-4\">1\u00ba VALDIRENE HESSLER BREDOW<\/td><td class=\"column-5\">Convocada em 10\/04\/2024<\/td>\n<\/tr>\n<tr class=\"row-26\">\n\t<td class=\"column-1\"><\/td><td class=\"column-2\"><\/td><td class=\"column-3\"><\/td><td class=\"column-4\">2\u00ba ANA GABRIELA DA SILVA VIEIRA<\/td><td class=\"column-5\">Convocada em 19\/04\/2024<\/td>\n<\/tr>\n<tr class=\"row-27\">\n\t<td class=\"column-1\"><\/td><td class=\"column-2\"><\/td><td class=\"column-3\"><\/td><td class=\"column-4\">3\u00ba JEZUINA KOHLS SCHWANZ<\/td><td class=\"column-5\">Convocada em 03\/05\/2024<\/td>\n<\/tr>\n<tr class=\"row-28\">\n\t<td class=\"column-1\"><\/td><td class=\"column-2\"><\/td><td class=\"column-3\"><\/td><td class=\"column-4\">4\u00ba SABRINA MEIRELLES MACEDO<\/td><td class=\"column-5\"><s>Convocada em 11\/06\/2025<br \/>\ndesist\u00eancia<\/td>\n<\/tr>\n<tr class=\"row-29\">\n\t<td class=\"column-1\"><\/td><td class=\"column-2\"><\/td><td class=\"column-3\"><\/td><td class=\"column-4\">5\u00ba SUSANA SCHNEID SCHERER<\/td><td class=\"column-5\">Convocada em 04\/07\/2025<\/td>\n<\/tr>\n<tr class=\"row-30\">\n\t<td class=\"column-1\"><strong>Departamento de Ensino \u2013 FAE<\/strong><br \/>\n<br \/>\n23110.047806\/2023-14<\/td><td class=\"column-2\">40h<\/td><td class=\"column-3\">Linguagem<\/td><td class=\"column-4\">1\u00ba CARMEN REGINA GON\u00c7ALVES FERREIRA<\/td><td class=\"column-5\">Convocada em 19\/04\/2024<\/td>\n<\/tr>\n<tr class=\"row-31\">\n\t<td class=\"column-1\"><\/td><td class=\"column-2\"><\/td><td class=\"column-3\"><\/td><td class=\"column-4\">2\u00ba BRUNA DA ROSA DE LOS SANTOS<\/td><td class=\"column-5\">Convocada em 03\/01\/2025<\/td>\n<\/tr>\n<tr class=\"row-32\">\n\t<td class=\"column-1\"><\/td><td class=\"column-2\"><\/td><td class=\"column-3\"><\/td><td class=\"column-4\">3\u00ba VERG\u00cdLIA SPIERING DAM\u00c9<\/td><td class=\"column-5\"><\/td>\n<\/tr>\n<tr class=\"row-33\">\n\t<td class=\"column-1\"><\/td><td class=\"column-2\"><\/td><td class=\"column-3\"><\/td><td class=\"column-4\">4\u00ba MARIANA M\u00dcLLER DE \u00c1VILA<\/td><td class=\"column-5\"><\/td>\n<\/tr>\n<tr class=\"row-34\">\n\t<td class=\"column-1\"><strong>Departamento de Medicina Social \u2013 FAMED<\/strong><br \/>\n<br \/>\n23110.025037\/2023-01<\/td><td class=\"column-2\">40h<\/td><td class=\"column-3\">Aten\u00e7\u00e3o B\u00e1sica \u00e0 Sa\u00fade\u200b<\/td><td class=\"column-4\">1\u00ba FERNANDO FERREIRA LIMA<\/td><td class=\"column-5\">Convocado em 10\/04\/2024<\/td>\n<\/tr>\n<tr class=\"row-35\">\n\t<td class=\"column-1\"><strong>Departamento de Antropologia e Arqueologia \u2013 ICH<\/strong><br \/>\n<br \/>\n23110.046088\/2023-69<\/td><td class=\"column-2\">40h<\/td><td class=\"column-3\">Arqueologia Brasileira\u200b<\/td><td class=\"column-4\">1\u00ba MARCUS VINICIUS BEBER<\/td><td class=\"column-5\">Convocado em 10\/04\/2024<\/td>\n<\/tr>\n<tr class=\"row-36\">\n\t<td class=\"column-1\"><strong>Departamento de Geografia \u2013 ICH<\/strong><br \/>\n<br \/>\n23110.046613\/2023-46<\/td><td class=\"column-2\">40h<\/td><td class=\"column-3\">Ensino de Geografia<\/td><td class=\"column-4\">1\u00ba CL\u00c1UDIO JOS\u00c9 BERTAZZO<\/td><td class=\"column-5\">Convocado em 10\/04\/2024<\/td>\n<\/tr>\n<tr class=\"row-37\">\n\t<td class=\"column-1\"><\/td><td class=\"column-2\"><\/td><td class=\"column-3\"><\/td><td class=\"column-4\">2\u00ba KELI SIQUEIRA RUAS<\/td><td class=\"column-5\">Convocada em 22\/07\/2024<\/td>\n<\/tr>\n<tr class=\"row-38\">\n\t<td class=\"column-1\"><\/td><td class=\"column-2\"><\/td><td class=\"column-3\"><\/td><td class=\"column-4\">3\u00ba DIONE DUTRA LIHTNOV<\/td><td class=\"column-5\">Convocado em 11\/03\/2026<\/td>\n<\/tr>\n<tr class=\"row-39\">\n\t<td class=\"column-1\"><strong>Departamento de Museologia, Conserva\u00e7\u00e3o e Restauro \u2013 ICH<\/strong><br \/>\n<br \/>\n23110.046528\/2023-88<\/td><td class=\"column-2\">40h<\/td><td class=\"column-3\">Museologia<\/td><td class=\"column-4\">1\u00ba JOSSANA PEIL COELHO<\/td><td class=\"column-5\">Convocada em 01\/04\/2026<\/td>\n<\/tr>\n<tr class=\"row-40\">\n\t<td class=\"column-1\"><\/td><td class=\"column-2\"><\/td><td class=\"column-3\"><\/td><td class=\"column-4\">2\u00ba HELENA THOMASSIM MEDEIROS<\/td><td class=\"column-5\"><\/td>\n<\/tr>\n<tr class=\"row-41\">\n\t<td class=\"column-1\"><\/td><td class=\"column-2\"><\/td><td class=\"column-3\"><\/td><td class=\"column-4\">3\u00ba DIEGO RABELO NONATO*<\/td><td class=\"column-5\">Convocado pela reserva de cotas em 10\/04\/2024<\/td>\n<\/tr>\n<tr class=\"row-42\">\n\t<td class=\"column-1\"><\/td><td class=\"column-2\"><\/td><td class=\"column-3\"><\/td><td class=\"column-4\">4\u00ba CAROLINA GOMES NOGUEIRA<\/td><td class=\"column-5\"><\/td>\n<\/tr>\n<tr class=\"row-43\">\n\t<td class=\"column-1\"><\/td><td class=\"column-2\"><\/td><td class=\"column-3\"><\/td><td class=\"column-4\">5\u00ba CARINA KAISER MEDEIROS DA SILVA<\/td><td class=\"column-5\"><\/td>\n<\/tr>\n<tr class=\"row-44\">\n\t<td class=\"column-1\"><strong>Departamento de Arquitetura e Urbanismo \u2013 FAURB<\/strong><br \/>\n<br \/>\n23110.046074\/2023-45<\/td><td class=\"column-2\">40h<\/td><td class=\"column-3\">Arquitetura e Urbanismo<\/td><td class=\"column-4\">1\u00ba FERNANDA TOMIELLO<\/td><td class=\"column-5\">Convocada em 08\/07\/2024<\/td>\n<\/tr>\n<tr class=\"row-45\">\n\t<td class=\"column-1\"><\/td><td class=\"column-2\"><\/td><td class=\"column-3\"><\/td><td class=\"column-4\">2\u00ba MARIA L\u00daCIA LOPES<\/td><td class=\"column-5\">Convocada em 08\/07\/2024<\/td>\n<\/tr>\n<tr class=\"row-46\">\n\t<td class=\"column-1\"><\/td><td class=\"column-2\"><\/td><td class=\"column-3\"><\/td><td class=\"column-4\">3\u00ba CAROLINA RITTER<\/td><td class=\"column-5\"><s>Convocada em 07\/02\/2025<\/s> (desist\u00eancia)<\/td>\n<\/tr>\n<tr class=\"row-47\">\n\t<td class=\"column-1\"><\/td><td class=\"column-2\"><\/td><td class=\"column-3\"><\/td><td class=\"column-4\">4\u00ba ISABELLA KHAUAM MARICATTO<\/td><td class=\"column-5\">Convocada em 10\/02\/2025<\/td>\n<\/tr>\n<tr class=\"row-48\">\n\t<td class=\"column-1\"><\/td><td class=\"column-2\"><\/td><td class=\"column-3\"><\/td><td class=\"column-4\">5\u00ba ISADORA BAPTISTA ALVES<\/td><td class=\"column-5\">Convocada em 13\/02\/2026<\/td>\n<\/tr>\n<tr class=\"row-49\">\n\t<td class=\"column-1\"><\/td><td class=\"column-2\"><\/td><td class=\"column-3\"><\/td><td class=\"column-4\">6\u00ba GABRIEL SILVA LOPES FERNANDES<\/td><td class=\"column-5\">Convocado em 20\/03\/2026<\/td>\n<\/tr>\n<tr class=\"row-50\">\n\t<td class=\"column-1\"><\/td><td class=\"column-2\"><\/td><td class=\"column-3\"><\/td><td class=\"column-4\">7\u00ba ENILTON BRAGA DA SILVA FELDMANN<\/td><td class=\"column-5\"><\/td>\n<\/tr>\n<tr class=\"row-51\">\n\t<td class=\"column-1\"><\/td><td class=\"column-2\"><\/td><td class=\"column-3\"><\/td><td class=\"column-4\">8\u00ba NATALIA TORALLES DOS SANTOS BRAGA<\/td><td class=\"column-5\"><\/td>\n<\/tr>\n<tr class=\"row-52\">\n\t<td class=\"column-1\"><\/td><td class=\"column-2\"><\/td><td class=\"column-3\"><\/td><td class=\"column-4\">9\u00ba BARBARA DE BARBARA HYPOLITO<\/td><td class=\"column-5\"><\/td>\n<\/tr>\n<\/tbody>\n<\/table>\n<!-- #tablepress-145 from cache -->\n<div class=\"titleStyle\"><strong> COTAS RACIAIS<\/strong><\/div>\n\n<table id=\"tablepress-146\" class=\"tablepress tablepress-id-146\">\n<thead>\n<tr class=\"row-1\">\n\t<th class=\"column-1\">UNIDADE\/PROCESSO<\/th><th class=\"column-2\">\u00c1REA<\/th><th class=\"column-3\">Classifica\u00e7\u00e3o\/Nome<\/th><th class=\"column-4\">Situa\u00e7\u00e3o<\/th>\n<\/tr>\n<\/thead>\n<tbody class=\"row-striping row-hover\">\n<tr class=\"row-2\">\n\t<td class=\"column-1\"><strong> Curso de Turismo \u2013 CCSO<\/strong><br \/>\n<br \/>\n23110.047888\/2023-05<\/td><td class=\"column-2\">Turismo<\/td><td class=\"column-3\">1\u00ba-LUCIMARI ACOSTA PEREIRA<\/td><td class=\"column-4\">Convocada pela reserva de cotas em 10\/04\/2024<\/td>\n<\/tr>\n<tr class=\"row-3\">\n\t<td class=\"column-1\"><strong>Departamento de Museologia, Conserva\u00e7\u00e3o e Restauro \u2013 ICH<\/strong><br \/>\n<br \/>\n23110.046528\/2023-88<\/td><td class=\"column-2\">Museologia<\/td><td class=\"column-3\">2\u00ba-DIEGO RABELO NONATO<\/td><td class=\"column-4\">Convocado pela reserva de cotas em 10\/04\/2024<\/td>\n<\/tr>\n<\/tbody>\n<\/table>\n<!-- #tablepress-146 from cache -->\n<div class=\"titleStyle\"><strong> COTAS PCD<\/strong><\/div>\n\n<table id=\"tablepress-147\" class=\"tablepress tablepress-id-147\">\n<thead>\n<tr class=\"row-1\">\n\t<th class=\"column-1\">UNIDADE\/PROCESSO<\/th><th class=\"column-2\">\u00c1REA<\/th><th class=\"column-3\">Classifica\u00e7\u00e3o\/Nome<\/th><th class=\"column-4\">Situa\u00e7\u00e3o<\/th>\n<\/tr>\n<\/thead>\n<tbody class=\"row-striping row-hover\">\n<tr class=\"row-2\">\n\t<td class=\"column-1\"><strong>Curso de Licenciatura em Letras \u2013 Portugu\u00eas e Ingl\u00eas \u2013 CLC<\/strong><br \/>\n<br \/>\n23110.045474\/2023-33<\/td><td class=\"column-2\">L\u00ednguas Estrangeiras Modernas \u2013 Ingl\u00eas<\/td><td class=\"column-3\">1\u00ba LET\u00cdCIA BERNEIRA CARDOZO<\/td><td class=\"column-4\">Convocada pela reserva de cotas em 10\/04\/2024<\/td>\n<\/tr>\n<\/tbody>\n<\/table>\n<!-- #tablepress-147 from cache -->\n<\/div>\n","protected":false},"excerpt":{"rendered":"<p>Convoca\u00e7\u00f5es &#8211; Edital 01\/2024 Acompanhe nesta p\u00e1gina a publica\u00e7\u00e3o dos\/as nomeados\/as para servidores\/as docentes na UFPEL. Cargos nesta p\u00e1gina: Confira a p\u00e1gina com as informa\u00e7\u00f5es a respeito do certame: Certame do Edital 01\/2024 Ampla Concorr\u00eancia COTAS RACIAIS COTAS PCD<\/p>\n","protected":false},"author":52,"featured_media":0,"parent":0,"menu_order":0,"comment_status":"closed","ping_status":"closed","template":"","meta":{"footnotes":""},"class_list":["post-25817","page","type-page","status-publish","hentry"],"_links":{"self":[{"href":"https:\/\/wp.ufpel.edu.br\/progep\/wp-json\/wp\/v2\/pages\/25817","targetHints":{"allow":["GET"]}}],"collection":[{"href":"https:\/\/wp.ufpel.edu.br\/progep\/wp-json\/wp\/v2\/pages"}],"about":[{"href":"https:\/\/wp.ufpel.edu.br\/progep\/wp-json\/wp\/v2\/types\/page"}],"author":[{"embeddable":true,"href":"https:\/\/wp.ufpel.edu.br\/progep\/wp-json\/wp\/v2\/users\/52"}],"replies":[{"embeddable":true,"href":"https:\/\/wp.ufpel.edu.br\/progep\/wp-json\/wp\/v2\/comments?post=25817"}],"version-history":[{"count":2,"href":"https:\/\/wp.ufpel.edu.br\/progep\/wp-json\/wp\/v2\/pages\/25817\/revisions"}],"predecessor-version":[{"id":35918,"href":"https:\/\/wp.ufpel.edu.br\/progep\/wp-json\/wp\/v2\/pages\/25817\/revisions\/35918"}],"wp:attachment":[{"href":"https:\/\/wp.ufpel.edu.br\/progep\/wp-json\/wp\/v2\/media?parent=25817"}],"curies":[{"name":"wp","href":"https:\/\/api.w.org\/{rel}","templated":true}]}}