{"id":25758,"date":"2024-03-26T17:23:04","date_gmt":"2024-03-26T20:23:04","guid":{"rendered":"https:\/\/wp.ufpel.edu.br\/progep\/?page_id=25758"},"modified":"2025-06-30T14:56:08","modified_gmt":"2025-06-30T17:56:08","slug":"programa-de-educacao-para-a-aposentadoria-evoluidade-dos-as-servidoresas-da-ufpel","status":"publish","type":"page","link":"https:\/\/wp.ufpel.edu.br\/progep\/programa-de-educacao-para-a-aposentadoria-evoluidade-dos-as-servidoresas-da-ufpel\/","title":{"rendered":"Capacita\u00e7\u00e3o: Programa de Educa\u00e7\u00e3o para a Aposentadoria\/Evoluidade dos(as) Servidores(as) da UFPel"},"content":{"rendered":"<p><strong>Ministrante: <\/strong>Maria Helena Concei\u00e7\u00e3o Silveira (Psic\u00f3loga \u2013 Coordena\u00e7\u00e3o de Sa\u00fade e Qualidade de Vida;\/ PROGEP)<\/p>\n<p><b>Modalidade:\u00a0<\/b>Presencial<\/p>\n<p><strong>Carga hor\u00e1ria: <\/strong>24 horas<\/p>\n<p class=\"v1MsoNormal\"><strong>Per\u00edodo<\/strong>: 18 de abril a 23 <span style=\"background-color: #ffffff\">de maio de 2024<\/span><\/p>\n<p><strong>Hor\u00e1rio:<\/strong> das 14h \u00e0s 18h<\/p>\n<p class=\"v1MsoNormal\"><strong>Realiza\u00e7\u00e3o<\/strong>: Campus Anglo, sala 211<\/p>\n<p><strong>Cronograma<\/strong>:<\/p>\n<ul>\n<li class=\"Texto_Justificado\"><b>18\/04 &#8211;\u00a0<\/b>Sentidos e significados do trabalho e da aposentadoria<\/li>\n<li class=\"Texto_Justificado\"><b>25\/04 &#8211;\u00a0<\/b>\u00c1reas da Vida e Mudan\u00e7a de Comportamento<\/li>\n<li class=\"Texto_Justificado\"><b>02\/05 &#8211;\u00a0<\/b>Relacionamento Social, Familiar e Afetivo na Aposentadoria<\/li>\n<li><b>09\/05 &#8211;\u00a0<\/b>Aspectos Previdenci\u00e1rios<\/li>\n<li><b>16\/05 &#8211;\u00a0<\/b>Educa\u00e7\u00e3o Financeira\u2013 Organiza\u00e7\u00e3o do or\u00e7amento pessoal e planejamento para a aposentadoria<\/li>\n<li><b>23\/05 &#8211;\u00a0<\/b>Projetos de Vida<\/li>\n<\/ul>\n<p><b><strong>Avalia\u00e7\u00e3o: <\/strong><\/b>Frequ\u00eancia m\u00ednima de 75%.<\/p>\n<p class=\"v1MsoNormal\"><strong>P\u00fablico Alvo<\/strong>: Servidores(as) docentes, TAE\u2019s e trabalhadores(as) terceirizados(as) ativos(as) da UFPel*<\/p>\n<p><strong>N\u00famero de vagas:<\/strong> 20 (limitadas por ordem de inscri\u00e7\u00e3o)**<\/p>\n<p><strong>Per\u00edodo de inscri\u00e7\u00e3o<\/strong>: 26\/03 a 15\/04\/2021<\/p>\n<p><strong>Divulga\u00e7\u00e3o das inscri\u00e7\u00f5es homologadas<\/strong>: 16\/04***, nesta p\u00e1gina.<\/p>\n<p>*Considerando a Pol\u00edtica Nacional de Desenvolvimento de Pessoas, conforme Decreto n\u00ba 9.991\/19, somente ser\u00e3o certificados os servidores p\u00fablicos pertencentes ao Quadro Efetivo da UFPel.<\/p>\n<p>**Vagas destinadas \u00e0 servidores pertencentes ao Quadro Efetivo da UFPel, preferencialmente.<\/p>\n<p>*** Quando homologadas as inscri\u00e7\u00f5es, os selecionados receber\u00e3o e-mail de confirma\u00e7\u00e3o.<\/p>\n<p><span style=\"color: #ff6600\"><strong><a style=\"color: #ff6600\" href=\"https:\/\/wp.ufpel.edu.br\/progep\/inscricoes-para-curso\/\">INSCRI\u00c7\u00d5ES AQUI!<\/a><\/strong><\/span><\/p>\n","protected":false},"excerpt":{"rendered":"<p>Ministrante: Maria Helena Concei\u00e7\u00e3o Silveira (Psic\u00f3loga \u2013 Coordena\u00e7\u00e3o de Sa\u00fade e Qualidade de Vida;\/ PROGEP) Modalidade:\u00a0Presencial Carga hor\u00e1ria: 24 horas Per\u00edodo: 18 de abril a 23 de maio de 2024 Hor\u00e1rio: das 14h \u00e0s 18h Realiza\u00e7\u00e3o: Campus Anglo, sala 211 Cronograma: 18\/04 &#8211;\u00a0Sentidos e significados do trabalho e da aposentadoria 25\/04 &#8211;\u00a0\u00c1reas da Vida e [&hellip;]<\/p>\n","protected":false},"author":21,"featured_media":0,"parent":0,"menu_order":0,"comment_status":"closed","ping_status":"closed","template":"","meta":{"footnotes":""},"class_list":["post-25758","page","type-page","status-publish","hentry"],"_links":{"self":[{"href":"https:\/\/wp.ufpel.edu.br\/progep\/wp-json\/wp\/v2\/pages\/25758","targetHints":{"allow":["GET"]}}],"collection":[{"href":"https:\/\/wp.ufpel.edu.br\/progep\/wp-json\/wp\/v2\/pages"}],"about":[{"href":"https:\/\/wp.ufpel.edu.br\/progep\/wp-json\/wp\/v2\/types\/page"}],"author":[{"embeddable":true,"href":"https:\/\/wp.ufpel.edu.br\/progep\/wp-json\/wp\/v2\/users\/21"}],"replies":[{"embeddable":true,"href":"https:\/\/wp.ufpel.edu.br\/progep\/wp-json\/wp\/v2\/comments?post=25758"}],"version-history":[{"count":6,"href":"https:\/\/wp.ufpel.edu.br\/progep\/wp-json\/wp\/v2\/pages\/25758\/revisions"}],"predecessor-version":[{"id":34149,"href":"https:\/\/wp.ufpel.edu.br\/progep\/wp-json\/wp\/v2\/pages\/25758\/revisions\/34149"}],"wp:attachment":[{"href":"https:\/\/wp.ufpel.edu.br\/progep\/wp-json\/wp\/v2\/media?parent=25758"}],"curies":[{"name":"wp","href":"https:\/\/api.w.org\/{rel}","templated":true}]}}