{"id":25740,"date":"2024-03-25T09:24:42","date_gmt":"2024-03-25T12:24:42","guid":{"rendered":"https:\/\/wp.ufpel.edu.br\/progep\/?page_id=25740"},"modified":"2025-06-30T14:56:03","modified_gmt":"2025-06-30T17:56:03","slug":"capacita-na-web-roda-de-conversa-pensando-sobre-a-aposentadoria","status":"publish","type":"page","link":"https:\/\/wp.ufpel.edu.br\/progep\/capacita-na-web-roda-de-conversa-pensando-sobre-a-aposentadoria\/","title":{"rendered":"Capacita\u00e7\u00e3o: Capacita na Web: Roda de conversa Pensando sobre a Aposentadoria"},"content":{"rendered":"<p><strong>Facilitadores:<br \/>\n<\/strong>&#8211; Rodrigo Hinz da Silva (T\u00e9cnico-Administrativo &#8211; N\u00f9cleo de Benef\u00edcios\/Coordena\u00e7\u00e3o de Administra\u00e7\u00e3o de Pessoal)<\/p>\n<p>&#8211; Maria Helena Concei\u00e7\u00e3o Silveira (Psic\u00f3loga &#8211; Coordena\u00e7\u00e3o de Sa\u00fade e Qualidade de Vida)<\/p>\n<p><strong>Data:<\/strong> 08\/04\/2024 (segunda-feira)<\/p>\n<p><strong>Hor\u00e1rio: <\/strong>das 14h \u00e0s 16h<\/p>\n<p><strong>Local:<\/strong>\u00a0plataforma Webconf da UFPel (na modalidade\u00a0<em>on-line)<\/em><\/p>\n<p><strong>Ementa:<br \/>\n<\/strong><\/p>\n<p>PREPARA\u00c7\u00c3O PARA A APOSENTADORIA:<\/p>\n<p>Procedimentos administrativos no planejamento para a aposentadoria<\/p>\n<p>Abordando aspectos legais<\/p>\n<p>CONVERSANDO SOBRE TRABALHO E APOSENTADORIA:<\/p>\n<p>Significado e representa\u00e7\u00e3o do trabalho<\/p>\n<p>Significado e representa\u00e7\u00e3o da Aposentadoria<\/p>\n<p>Desligamento do ambiente laboral<\/p>\n<p>Transi\u00e7\u00e3o para a aposentadoria: ansiedade, duvidas e receios.<\/p>\n<p class=\"Texto_Justificado\">A transforma\u00e7\u00e3o fundamental: o tempo livre<\/p>\n<p><strong>P\u00fablico Alvo<\/strong>: Servidores(as) docentes, TAE\u2019s e trabalhadores(as) terceirizados(as) ativos(as) da UFPel**<\/p>\n<p><strong>Per\u00edodo de inscri\u00e7\u00e3o<\/strong>: 25\/03 a 04\/04\/2024<\/p>\n<p><strong>Divulga\u00e7\u00e3o das inscri\u00e7\u00f5es homologadas<\/strong>: 05\/04**, nesta p\u00e1gina.<\/p>\n<p><span style=\"background-color: #ffffff\">*Considerando a Pol\u00edtica Nacional de Desenvolvimento de Pessoas, conforme Decreto n\u00ba 9.991\/19, somente ser\u00e3o certificados os servidores p\u00fablicos pertencentes ao Quadro Efetivo da UFPel.<\/span><\/p>\n<p><span style=\"background-color: #ffffff\">**Quando homologadas as inscri\u00e7\u00f5es, os selecionados receber\u00e3o e-mail com instru\u00e7\u00f5es de acesso \u00e0 sala de Webconf da UFPel.<\/span><\/p>\n<p><span style=\"text-decoration: underline\">Observa\u00e7\u00e3o<\/span>: A homologa\u00e7\u00e3o das inscri\u00e7\u00f5es dos(as) trabalhadores(as) terceirizados(as) ficar\u00e1 condicionada \u00e0 an\u00e1lise pr\u00e9via e manifesta\u00e7\u00e3o por parte do NUGEST\/PRA.<\/p>\n<p>&nbsp;<\/p>\n","protected":false},"excerpt":{"rendered":"<p>Facilitadores: &#8211; Rodrigo Hinz da Silva (T\u00e9cnico-Administrativo &#8211; N\u00f9cleo de Benef\u00edcios\/Coordena\u00e7\u00e3o de Administra\u00e7\u00e3o de Pessoal) &#8211; Maria Helena Concei\u00e7\u00e3o Silveira (Psic\u00f3loga &#8211; Coordena\u00e7\u00e3o de Sa\u00fade e Qualidade de Vida) Data: 08\/04\/2024 (segunda-feira) Hor\u00e1rio: das 14h \u00e0s 16h Local:\u00a0plataforma Webconf da UFPel (na modalidade\u00a0on-line) Ementa: PREPARA\u00c7\u00c3O PARA A APOSENTADORIA: Procedimentos administrativos no planejamento para a aposentadoria [&hellip;]<\/p>\n","protected":false},"author":21,"featured_media":0,"parent":0,"menu_order":0,"comment_status":"closed","ping_status":"closed","template":"","meta":{"footnotes":""},"class_list":["post-25740","page","type-page","status-publish","hentry"],"_links":{"self":[{"href":"https:\/\/wp.ufpel.edu.br\/progep\/wp-json\/wp\/v2\/pages\/25740","targetHints":{"allow":["GET"]}}],"collection":[{"href":"https:\/\/wp.ufpel.edu.br\/progep\/wp-json\/wp\/v2\/pages"}],"about":[{"href":"https:\/\/wp.ufpel.edu.br\/progep\/wp-json\/wp\/v2\/types\/page"}],"author":[{"embeddable":true,"href":"https:\/\/wp.ufpel.edu.br\/progep\/wp-json\/wp\/v2\/users\/21"}],"replies":[{"embeddable":true,"href":"https:\/\/wp.ufpel.edu.br\/progep\/wp-json\/wp\/v2\/comments?post=25740"}],"version-history":[{"count":10,"href":"https:\/\/wp.ufpel.edu.br\/progep\/wp-json\/wp\/v2\/pages\/25740\/revisions"}],"predecessor-version":[{"id":34148,"href":"https:\/\/wp.ufpel.edu.br\/progep\/wp-json\/wp\/v2\/pages\/25740\/revisions\/34148"}],"wp:attachment":[{"href":"https:\/\/wp.ufpel.edu.br\/progep\/wp-json\/wp\/v2\/media?parent=25740"}],"curies":[{"name":"wp","href":"https:\/\/api.w.org\/{rel}","templated":true}]}}