{"id":25726,"date":"2024-03-20T15:59:38","date_gmt":"2024-03-20T18:59:38","guid":{"rendered":"https:\/\/wp.ufpel.edu.br\/progep\/?page_id=25726"},"modified":"2025-12-16T16:45:16","modified_gmt":"2025-12-16T19:45:16","slug":"nomeacoes-edital-22-2023","status":"publish","type":"page","link":"https:\/\/wp.ufpel.edu.br\/progep\/nomeacoes-edital-22-2023\/","title":{"rendered":"Nomea\u00e7\u00f5es &#8211; Edital 22\/2023"},"content":{"rendered":"\n<div class=\"wp-block-group\" style=\"padding:0\"><div class=\"wp-block-group__inner-container is-layout-constrained wp-block-group-is-layout-constrained\">\n<div class=\"logoTituloModelStyle\" style=\"padding:0\"><img class=\"size-medium wp-image-27184 alignleft\" src=\"https:\/\/wp.ufpel.edu.br\/progep\/files\/2025\/03\/logo-progep_atualizacao-nome_AZUL.png\" style=\"padding:0\" alt=\"\" \/><\/p>\n<div style=\"padding:2rem 0.3rem\"><strong>Nomea\u00e7\u00f5es &#8211; Edital 22\/2023<\/strong><\/div>\n<\/div>\n<hr class=\"hrModelStyle\" \/>\n<div class=\"descriptionModelStyle\">Acompanhe nesta p\u00e1gina a publica\u00e7\u00e3o dos\/as nomeados\/as para cargos t\u00e9cnicos na UFPEL.<\/div>\n<\/div><\/div>\n\n\n<div class=\"pagNomeacoesStyle\">\n<div class=\"cargosNomeConvStyle\">\n<div class=\"cargosTitleStyle\"> Cargos nesta p\u00e1gina:<\/div>\n<div class=\"cargosStyle\">\n<p>Assistente em Administra\u00e7\u00e3o<\/p>\n<\/div>\n<\/div>\n<p> Confira a p\u00e1gina com as informa\u00e7\u00f5es a respeito do certame: <\/p>\n<a href=\"https:\/\/legalleconcursos.com.br\/editais\/ver\/60ee1364dd958c3aacd3e4bf93b86498\" target=\"_blank\">Certame do Edital 22\/2023<\/a>\n<div class=\"titleStyle\"><strong>Ampla Concorr\u00eancia<\/strong><\/div>\n<div class=\"titleStyle\"><strong>Cargo<\/strong>: Assistente em Administra\u00e7\u00e3o<\/div>\n\n<table id=\"tablepress-51\" class=\"tablepress tablepress-id-51\">\n<thead>\n<tr class=\"row-1\">\n\t<th class=\"column-1\">Posi\u00e7\u00e3o<\/th><th class=\"column-2\">Nome<\/th><th class=\"column-3\">Situa\u00e7\u00e3o<\/th>\n<\/tr>\n<\/thead>\n<tbody class=\"row-striping row-hover\">\n<tr class=\"row-2\">\n\t<td class=\"column-1\">1<\/td><td class=\"column-2\">Henrique Bordin Vilela<\/td><td class=\"column-3\">Nomeado(a) em 27\/03\/2024<\/td>\n<\/tr>\n<tr class=\"row-3\">\n\t<td class=\"column-1\">2<\/td><td class=\"column-2\">Sydney Dias Ferreira Junior<\/td><td class=\"column-3\">Nomeado(a) em 27\/03\/2024<\/td>\n<\/tr>\n<tr class=\"row-4\">\n\t<td class=\"column-1\">3<\/td><td class=\"column-2\">Angela Pianta Dibi<\/td><td class=\"column-3\"><s>Nomeado(a) em 27\/03\/2024<\/s><br \/>\nSolicitou reclassifica\u00e7\u00e3o<\/td>\n<\/tr>\n<tr class=\"row-5\">\n\t<td class=\"column-1\">4<\/td><td class=\"column-2\">Michael Goldas<\/td><td class=\"column-3\">Nomeado(a) em 27\/03\/2024<\/td>\n<\/tr>\n<tr class=\"row-6\">\n\t<td class=\"column-1\">5<\/td><td class=\"column-2\">Caroline Fagundes Silveira<\/td><td class=\"column-3\">Nomeado(a) em 27\/03\/2024<\/td>\n<\/tr>\n<tr class=\"row-7\">\n\t<td class=\"column-1\">6<\/td><td class=\"column-2\">Cleo Costa Morais<\/td><td class=\"column-3\">Nomeado(a) em 27\/03\/2024<\/td>\n<\/tr>\n<tr class=\"row-8\">\n\t<td class=\"column-1\">7<\/td><td class=\"column-2\">Enoque Miqueias Ramos de Oliveira<\/td><td class=\"column-3\">Nomeado(a) em 27\/03\/2024<\/td>\n<\/tr>\n<tr class=\"row-9\">\n\t<td class=\"column-1\">8<\/td><td class=\"column-2\">Amanda dos Santos Machado<\/td><td class=\"column-3\">Nomeado(a) em 27\/03\/2024<\/td>\n<\/tr>\n<tr class=\"row-10\">\n\t<td class=\"column-1\">9<\/td><td class=\"column-2\">Bruno Piedras da Silveira<\/td><td class=\"column-3\">Nomeado(a) em 27\/03\/2024<\/td>\n<\/tr>\n<tr class=\"row-11\">\n\t<td class=\"column-1\">10<\/td><td class=\"column-2\">Let\u00edcia Rosaura da Silva Maass<\/td><td class=\"column-3\">Nomeado(a) em 27\/03\/2024<\/td>\n<\/tr>\n<tr class=\"row-12\">\n\t<td class=\"column-1\">11<\/td><td class=\"column-2\">Henrique Grutzmann Furtado<\/td><td class=\"column-3\">Nomeado(a) em 27\/03\/2024<\/td>\n<\/tr>\n<tr class=\"row-13\">\n\t<td class=\"column-1\">12<\/td><td class=\"column-2\">Pedro Felipe Narciso<\/td><td class=\"column-3\">Nomeado(a) em 27\/03\/2024<\/td>\n<\/tr>\n<tr class=\"row-14\">\n\t<td class=\"column-1\">13<\/td><td class=\"column-2\">Ariadne Bassani Maciel<\/td><td class=\"column-3\">Nomeado(a) em 27\/03\/2024<\/td>\n<\/tr>\n<tr class=\"row-15\">\n\t<td class=\"column-1\">14<\/td><td class=\"column-2\">Jo\u00e3o Ricardo Ferreira Pinheiro Junior<\/td><td class=\"column-3\">Nomeado em 26\/04\/2024<\/td>\n<\/tr>\n<tr class=\"row-16\">\n\t<td class=\"column-1\">15<\/td><td class=\"column-2\">Isadora dos Santos Belmonte<\/td><td class=\"column-3\"><s>Nomeado(a) em 02\/07\/2024<\/s><br \/>\nSolicitou reclassifica\u00e7\u00e3o<\/td>\n<\/tr>\n<tr class=\"row-17\">\n\t<td class=\"column-1\">16<\/td><td class=\"column-2\">Nicholas Farias da Rosa<\/td><td class=\"column-3\">Nomeado em 23\/07\/2024<\/td>\n<\/tr>\n<tr class=\"row-18\">\n\t<td class=\"column-1\">17<\/td><td class=\"column-2\">Marnei Dalires Zorzella Spohr<\/td><td class=\"column-3\">Nomeado(a) em 26\/07\/2024<\/td>\n<\/tr>\n<tr class=\"row-19\">\n\t<td class=\"column-1\">18<\/td><td class=\"column-2\">Max Leandro Xavier Casanova<\/td><td class=\"column-3\">Nomeado em 18\/12\/2024<\/td>\n<\/tr>\n<tr class=\"row-20\">\n\t<td class=\"column-1\">19<\/td><td class=\"column-2\">Ricardo Gregianin<\/td><td class=\"column-3\">Nomeado em 18\/12\/2024<\/td>\n<\/tr>\n<tr class=\"row-21\">\n\t<td class=\"column-1\">20<\/td><td class=\"column-2\">Jonathan Lopes Minho<\/td><td class=\"column-3\">Nomeado em 07\/02\/2025<\/td>\n<\/tr>\n<tr class=\"row-22\">\n\t<td class=\"column-1\">21<\/td><td class=\"column-2\">Afonso Vaz Gon\u00e7alves<\/td><td class=\"column-3\">Nomeado em 28\/05\/2025<\/td>\n<\/tr>\n<tr class=\"row-23\">\n\t<td class=\"column-1\">22<\/td><td class=\"column-2\">Emilly Barwald Bohm<\/td><td class=\"column-3\">Nomeado em 14\/07\/2025<\/td>\n<\/tr>\n<tr class=\"row-24\">\n\t<td class=\"column-1\">23<\/td><td class=\"column-2\">Wellington Behling<\/td><td class=\"column-3\">Nomeado em 30\/07\/2025<\/td>\n<\/tr>\n<tr class=\"row-25\">\n\t<td class=\"column-1\">24<\/td><td class=\"column-2\">Micael Oliveira Rodrigues<\/td><td class=\"column-3\">Nomeado em 02\/10\/2025<\/td>\n<\/tr>\n<tr class=\"row-26\">\n\t<td class=\"column-1\">25<\/td><td class=\"column-2\">Daiane Garcia Atrib da Silva<\/td><td class=\"column-3\"><s>Nomeada em 16\/12\/2025<\/s><br \/>\nSolicitou reclassifica\u00e7\u00e3o<\/td>\n<\/tr>\n<tr class=\"row-27\">\n\t<td class=\"column-1\">26<\/td><td class=\"column-2\">Renan Schmutz Juliano<\/td><td class=\"column-3\">Nomeado em 17\/12\/2025<\/td>\n<\/tr>\n<tr class=\"row-28\">\n\t<td class=\"column-1\">27<\/td><td class=\"column-2\">Yuri Scarparo Valente<\/td><td class=\"column-3\">Nomeado em 08\/01\/2026<\/td>\n<\/tr>\n<tr class=\"row-29\">\n\t<td class=\"column-1\">28<\/td><td class=\"column-2\">Franciele Porto Vellar Vieira<\/td><td class=\"column-3\"><\/td>\n<\/tr>\n<tr class=\"row-30\">\n\t<td class=\"column-1\">29<\/td><td class=\"column-2\">Paulo Roberto Barcellos de Oliveira<\/td><td class=\"column-3\"><\/td>\n<\/tr>\n<tr class=\"row-31\">\n\t<td class=\"column-1\">30<\/td><td class=\"column-2\">Luciano Konze Ferreira<\/td><td class=\"column-3\"><\/td>\n<\/tr>\n<tr class=\"row-32\">\n\t<td class=\"column-1\">31<\/td><td class=\"column-2\">Luiza Debacco Ferrer<\/td><td class=\"column-3\"><\/td>\n<\/tr>\n<tr class=\"row-33\">\n\t<td class=\"column-1\">32<\/td><td class=\"column-2\">Guilherme Marques Ferreira<\/td><td class=\"column-3\"><\/td>\n<\/tr>\n<tr class=\"row-34\">\n\t<td class=\"column-1\">33<\/td><td class=\"column-2\">Eduardo Christmann<\/td><td class=\"column-3\"><\/td>\n<\/tr>\n<tr class=\"row-35\">\n\t<td class=\"column-1\">34<\/td><td class=\"column-2\">Robes Barcelos Pereira Rocha (inclu\u00eddo por decis\u00e3o judicial)<\/td><td class=\"column-3\"><\/td>\n<\/tr>\n<tr class=\"row-36\">\n\t<td class=\"column-1\">35<\/td><td class=\"column-2\">Caroline Leivas Moraes<\/td><td class=\"column-3\"><\/td>\n<\/tr>\n<tr class=\"row-37\">\n\t<td class=\"column-1\">36<\/td><td class=\"column-2\">Roberta Jacondino Iahnke<\/td><td class=\"column-3\"><\/td>\n<\/tr>\n<tr class=\"row-38\">\n\t<td class=\"column-1\">37<\/td><td class=\"column-2\">Viviane Kopp da Luz<\/td><td class=\"column-3\"><\/td>\n<\/tr>\n<tr class=\"row-39\">\n\t<td class=\"column-1\">38<\/td><td class=\"column-2\">Camila Farias Ferreira Pereira<\/td><td class=\"column-3\"><\/td>\n<\/tr>\n<tr class=\"row-40\">\n\t<td class=\"column-1\">39<\/td><td class=\"column-2\">Andrew Cherril dos Santos Gonzales<\/td><td class=\"column-3\"><\/td>\n<\/tr>\n<tr class=\"row-41\">\n\t<td class=\"column-1\">40<\/td><td class=\"column-2\">Diovani Peter*<\/td><td class=\"column-3\"><\/td>\n<\/tr>\n<tr class=\"row-42\">\n\t<td class=\"column-1\">41<\/td><td class=\"column-2\">Alex Sampaio Pires<\/td><td class=\"column-3\"><\/td>\n<\/tr>\n<tr class=\"row-43\">\n\t<td class=\"column-1\">42<\/td><td class=\"column-2\">Jo\u00e3o Francisco de Arruda Leal<\/td><td class=\"column-3\"><\/td>\n<\/tr>\n<tr class=\"row-44\">\n\t<td class=\"column-1\">43<\/td><td class=\"column-2\">Felipe dos Santos Madeira<\/td><td class=\"column-3\"><\/td>\n<\/tr>\n<tr class=\"row-45\">\n\t<td class=\"column-1\">44<\/td><td class=\"column-2\">Gian Moraes Silveira<\/td><td class=\"column-3\"><\/td>\n<\/tr>\n<tr class=\"row-46\">\n\t<td class=\"column-1\">45<\/td><td class=\"column-2\">Isabel Santos Pedone<\/td><td class=\"column-3\"><\/td>\n<\/tr>\n<tr class=\"row-47\">\n\t<td class=\"column-1\">46<\/td><td class=\"column-2\">Angela Pianta Dibi<\/td><td class=\"column-3\"><\/td>\n<\/tr>\n<tr class=\"row-48\">\n\t<td class=\"column-1\">47<\/td><td class=\"column-2\">Isadora dos Santos Belmonte<\/td><td class=\"column-3\"><\/td>\n<\/tr>\n<tr class=\"row-49\">\n\t<td class=\"column-1\">48<\/td><td class=\"column-2\">Daiane Garcia Atrib da Silva<\/td><td class=\"column-3\"><\/td>\n<\/tr>\n<\/tbody>\n<\/table>\n<!-- #tablepress-51 from cache -->\n<div style=\"padding: 0 2rem 0;font-size: 10pt\">\n*aprovado igualmente pela lista de cotas para PcD\n<\/div>\n<div class=\"titleStyle\"><strong>COTAS PcD<\/strong><\/div>\n\n<table id=\"tablepress-52\" class=\"tablepress tablepress-id-52\">\n<thead>\n<tr class=\"row-1\">\n\t<th class=\"column-1\">Posi\u00e7\u00e3o<\/th><th class=\"column-2\">Nome<\/th><th class=\"column-3\">Situa\u00e7\u00e3o<\/th>\n<\/tr>\n<\/thead>\n<tbody class=\"row-striping row-hover\">\n<tr class=\"row-2\">\n\t<td class=\"column-1\">1<\/td><td class=\"column-2\">Diovani Peter<\/td><td class=\"column-3\"><s>Nomeado(a) em 27\/03\/2024<\/s><br \/>\r\nSolicitou reclassifica\u00e7\u00e3o<\/td>\n<\/tr>\n<tr class=\"row-3\">\n\t<td class=\"column-1\">2<\/td><td class=\"column-2\">Patr\u00edcia de Oliveira Moitinho<\/td><td class=\"column-3\">Nomeada em 19\/04\/2024<\/td>\n<\/tr>\n<tr class=\"row-4\">\n\t<td class=\"column-1\">3<\/td><td class=\"column-2\">Gl\u00e1ucia Cardoso<\/td><td class=\"column-3\">Nomeada em 27\/09\/2024<\/td>\n<\/tr>\n<tr class=\"row-5\">\n\t<td class=\"column-1\">4<\/td><td class=\"column-2\">Diovani Peter<\/td><td class=\"column-3\"><\/td>\n<\/tr>\n<\/tbody>\n<\/table>\n<!-- #tablepress-52 from cache -->\n<div class=\"titleStyle\"><strong>COTAS RACIAIS<\/strong><\/div>\n\n<table id=\"tablepress-53\" class=\"tablepress tablepress-id-53\">\n<thead>\n<tr class=\"row-1\">\n\t<th class=\"column-1\">Posi\u00e7\u00e3o<\/th><th class=\"column-2\">Nome<\/th><th class=\"column-3\">Situa\u00e7\u00e3o<\/th>\n<\/tr>\n<\/thead>\n<tbody class=\"row-striping row-hover\">\n<tr class=\"row-2\">\n\t<td class=\"column-1\">1<\/td><td class=\"column-2\">Danuse Ribeiro Coelho<\/td><td class=\"column-3\">Nomeado(a) em 27\/03\/2024<\/td>\n<\/tr>\n<tr class=\"row-3\">\n\t<td class=\"column-1\">2<\/td><td class=\"column-2\">Humberto Campelo Silveira<\/td><td class=\"column-3\">Nomeado(a) em 27\/03\/2024<\/td>\n<\/tr>\n<tr class=\"row-4\">\n\t<td class=\"column-1\"><s>3<\/s><\/td><td class=\"column-2\">Raquel Garcia de \u00c1vila<\/td><td class=\"column-3\"><s>Nomeado(a) em 27\/03\/2024<\/s><br \/>\nTornada sem efeito (judicial)<\/td>\n<\/tr>\n<tr class=\"row-5\">\n\t<td class=\"column-1\"><s>4<\/s><\/td><td class=\"column-2\">Bruno Almeida Quevedo Rodrigues<\/td><td class=\"column-3\"><s>Nomeado(a) em 27\/03\/2024<\/s><br \/>\nTornada sem efeito (judicial)<\/td>\n<\/tr>\n<tr class=\"row-6\">\n\t<td class=\"column-1\">3<\/td><td class=\"column-2\">Giovana Luz Dias<\/td><td class=\"column-3\">Nomeado(a) em 11\/04\/2024<\/td>\n<\/tr>\n<tr class=\"row-7\">\n\t<td class=\"column-1\">4<\/td><td class=\"column-2\">Eliane Gon\u00e7alves Paes<\/td><td class=\"column-3\">Nomeado(a) em 11\/04\/2024<\/td>\n<\/tr>\n<tr class=\"row-8\">\n\t<td class=\"column-1\">5<\/td><td class=\"column-2\">Raquel Garcia de \u00c1vila<\/td><td class=\"column-3\"><s>Nomeada em 18\/12\/2024<\/s> Tornada sem efeito-Solicitou reclassifica\u00e7\u00e3o para o fim da fila<\/td>\n<\/tr>\n<tr class=\"row-9\">\n\t<td class=\"column-1\">6<\/td><td class=\"column-2\">Bruno Almeida Quevedo Rodrigues<\/td><td class=\"column-3\">Nomeado em 8\/01\/2025<\/td>\n<\/tr>\n<tr class=\"row-10\">\n\t<td class=\"column-1\">7<\/td><td class=\"column-2\">Claudeir Pereira Ferreira<\/td><td class=\"column-3\">Nomeado em 14\/07\/2025<\/td>\n<\/tr>\n<tr class=\"row-11\">\n\t<td class=\"column-1\">8<\/td><td class=\"column-2\">Ruana Dias Vieira<\/td><td class=\"column-3\">Nomeada em 24\/02\/2026<\/td>\n<\/tr>\n<tr class=\"row-12\">\n\t<td class=\"column-1\">9<\/td><td class=\"column-2\">Cristiane Duarte de Moura<\/td><td class=\"column-3\"><\/td>\n<\/tr>\n<tr class=\"row-13\">\n\t<td class=\"column-1\">10<\/td><td class=\"column-2\">Juliana Pedra Rodrigues<\/td><td class=\"column-3\"><\/td>\n<\/tr>\n<tr class=\"row-14\">\n\t<td class=\"column-1\">11<\/td><td class=\"column-2\">Adailson Garcia Domingues<\/td><td class=\"column-3\"><\/td>\n<\/tr>\n<tr class=\"row-15\">\n\t<td class=\"column-1\">12<\/td><td class=\"column-2\">Rosangila Lucas Oliveira<\/td><td class=\"column-3\"><\/td>\n<\/tr>\n<tr class=\"row-16\">\n\t<td class=\"column-1\">13<\/td><td class=\"column-2\">Raquel Garcia de \u00c1vila<\/td><td class=\"column-3\"><\/td>\n<\/tr>\n<\/tbody>\n<\/table>\n<!-- #tablepress-53 from cache -->\n<\/div>\n","protected":false},"excerpt":{"rendered":"<p>Nomea\u00e7\u00f5es &#8211; Edital 22\/2023 Acompanhe nesta p\u00e1gina a publica\u00e7\u00e3o dos\/as nomeados\/as para cargos t\u00e9cnicos na UFPEL. Cargos nesta p\u00e1gina: Assistente em Administra\u00e7\u00e3o Confira a p\u00e1gina com as informa\u00e7\u00f5es a respeito do certame: Certame do Edital 22\/2023 Ampla Concorr\u00eancia Cargo: Assistente em Administra\u00e7\u00e3o *aprovado igualmente pela lista de cotas para PcD COTAS PcD COTAS RACIAIS<\/p>\n","protected":false},"author":52,"featured_media":0,"parent":0,"menu_order":0,"comment_status":"closed","ping_status":"closed","template":"","meta":{"footnotes":""},"class_list":["post-25726","page","type-page","status-publish","hentry"],"_links":{"self":[{"href":"https:\/\/wp.ufpel.edu.br\/progep\/wp-json\/wp\/v2\/pages\/25726","targetHints":{"allow":["GET"]}}],"collection":[{"href":"https:\/\/wp.ufpel.edu.br\/progep\/wp-json\/wp\/v2\/pages"}],"about":[{"href":"https:\/\/wp.ufpel.edu.br\/progep\/wp-json\/wp\/v2\/types\/page"}],"author":[{"embeddable":true,"href":"https:\/\/wp.ufpel.edu.br\/progep\/wp-json\/wp\/v2\/users\/52"}],"replies":[{"embeddable":true,"href":"https:\/\/wp.ufpel.edu.br\/progep\/wp-json\/wp\/v2\/comments?post=25726"}],"version-history":[{"count":2,"href":"https:\/\/wp.ufpel.edu.br\/progep\/wp-json\/wp\/v2\/pages\/25726\/revisions"}],"predecessor-version":[{"id":37372,"href":"https:\/\/wp.ufpel.edu.br\/progep\/wp-json\/wp\/v2\/pages\/25726\/revisions\/37372"}],"wp:attachment":[{"href":"https:\/\/wp.ufpel.edu.br\/progep\/wp-json\/wp\/v2\/media?parent=25726"}],"curies":[{"name":"wp","href":"https:\/\/api.w.org\/{rel}","templated":true}]}}