{"id":25604,"date":"2024-03-03T19:49:56","date_gmt":"2024-03-03T22:49:56","guid":{"rendered":"https:\/\/wp.ufpel.edu.br\/progep\/?page_id=25604"},"modified":"2025-06-30T14:55:54","modified_gmt":"2025-06-30T17:55:54","slug":"roda-de-conversa-desafios-para-conciliar-maternidade-e-carreira","status":"publish","type":"page","link":"https:\/\/wp.ufpel.edu.br\/progep\/roda-de-conversa-desafios-para-conciliar-maternidade-e-carreira\/","title":{"rendered":"Capacita\u00e7\u00e3o: Roda de conversa: Desafios para conciliar maternidade e carreira"},"content":{"rendered":"<p>A Coordena\u00e7\u00e3o de Desenvolvimento de Pessoal, em colabora\u00e7\u00e3o com a Coordena\u00e7\u00e3o de Sa\u00fade e Qualidade de Vida, realizar\u00e1 a Roda de conversa &#8220;Desafios para conciliar maternidade e carreira&#8221;.<\/p>\n<p><strong>Facilitadoras:<br \/>\n<\/strong><span style=\"color: var(--cor-texto);font-family: var(--fonte-corpo)\">-Deciane Pintanela de Carvalho (Enfermeira\/ CSQV &#8211; UFPel)<\/span><\/p>\n<p>-J\u00e9ssica Silva de \u00c1vila (Assistente Social\/ CSQV &#8211; UFPel)<\/p>\n<p><strong>Data de realiza\u00e7\u00e3o:<\/strong> 27\/03\/2024 (quarta-feira)<\/p>\n<p><strong><span style=\"font-family: var(--fonte-corpo)\">Hor\u00e1rio<\/span><span style=\"font-family: var(--fonte-corpo);color: #0000ff\">:<\/span><\/strong><span style=\"color: var(--cor-texto);font-family: var(--fonte-corpo)\"> 14:30h<\/span><\/p>\n<p><strong>Carga Hor\u00e1ria:<\/strong> 3 horas<\/p>\n<p><strong>Local:<\/strong> Campus Anglo, 4\u00ba Andar sala 437<\/p>\n<p><strong>Ementa:<\/strong> Di\u00e1logos sobre desafios e experi\u00eancias do retorno ao trabalho p\u00f3s-maternidade, redes de apoio, atividades presenciais e teletrabalho e import\u00e2ncia do autocuidado.<\/p>\n<p><strong>N\u00famero de vagas:<\/strong> <span style=\"color: #0000ff\"><span style=\"color: #000000\">30 vagas<\/span><\/span><\/p>\n<p><strong>P\u00fablico Alvo<\/strong>: Servidores(as) docentes, TAE\u2019s e trabalhadores(as) terceirizados(as) ativos(as) da UFPel**<\/p>\n<p><strong>Per\u00edodo de inscri\u00e7\u00e3o<\/strong>: 04\/03 a 25\/03\/2023<\/p>\n<p><strong>Divulga\u00e7\u00e3o das inscri\u00e7\u00f5es homologadas<\/strong>: 26\/03**, nesta p\u00e1gina.<\/p>\n<p><span style=\"background-color: #ffffff\">*Vagas destinadas \u00e0 servidores(as) pertencentes ao Quadro Efetivo da UFPel, preferencialmente. Considerando a Pol\u00edtica Nacional de Desenvolvimento de Pessoas, conforme Decreto n\u00ba 9.991\/19, somente ser\u00e3o certificados(as) os(as) servidores(as) p\u00fablicos pertencentes ao Quadro Efetivo da UFPel;<\/span><br \/>\n<span style=\"background-color: #ffffff\">** Quando homologadas as inscri\u00e7\u00f5es, os(as) selecionados(as) receber\u00e3o e-mail de confirma\u00e7\u00e3o.<\/span><\/p>\n<p><span style=\"text-decoration: underline\">Observa\u00e7\u00e3o<\/span>: A homologa\u00e7\u00e3o das inscri\u00e7\u00f5es dos(as) trabalhadores(as) terceirizados(as) ficar\u00e1 condicionada \u00e0 an\u00e1lise pr\u00e9via e manifesta\u00e7\u00e3o por parte do NUGEST\/PRA.<\/p>\n<p><strong><span style=\"color: #ff6600\"><a style=\"color: #ff6600\" href=\"https:\/\/wp.ufpel.edu.br\/progep\/files\/2024\/03\/Homologados-Desafios-para-conciliar-maternidade-e-carreira.pdf\">INSCRI\u00c7\u00d5ES HOMOLOGADAS<\/a><\/span><\/strong><\/p>\n<p>&nbsp;<\/p>\n","protected":false},"excerpt":{"rendered":"<p>A Coordena\u00e7\u00e3o de Desenvolvimento de Pessoal, em colabora\u00e7\u00e3o com a Coordena\u00e7\u00e3o de Sa\u00fade e Qualidade de Vida, realizar\u00e1 a Roda de conversa &#8220;Desafios para conciliar maternidade e carreira&#8221;. Facilitadoras: -Deciane Pintanela de Carvalho (Enfermeira\/ CSQV &#8211; UFPel) -J\u00e9ssica Silva de \u00c1vila (Assistente Social\/ CSQV &#8211; UFPel) Data de realiza\u00e7\u00e3o: 27\/03\/2024 (quarta-feira) Hor\u00e1rio: 14:30h Carga Hor\u00e1ria: [&hellip;]<\/p>\n","protected":false},"author":21,"featured_media":0,"parent":0,"menu_order":0,"comment_status":"closed","ping_status":"closed","template":"","meta":{"footnotes":""},"class_list":["post-25604","page","type-page","status-publish","hentry"],"_links":{"self":[{"href":"https:\/\/wp.ufpel.edu.br\/progep\/wp-json\/wp\/v2\/pages\/25604","targetHints":{"allow":["GET"]}}],"collection":[{"href":"https:\/\/wp.ufpel.edu.br\/progep\/wp-json\/wp\/v2\/pages"}],"about":[{"href":"https:\/\/wp.ufpel.edu.br\/progep\/wp-json\/wp\/v2\/types\/page"}],"author":[{"embeddable":true,"href":"https:\/\/wp.ufpel.edu.br\/progep\/wp-json\/wp\/v2\/users\/21"}],"replies":[{"embeddable":true,"href":"https:\/\/wp.ufpel.edu.br\/progep\/wp-json\/wp\/v2\/comments?post=25604"}],"version-history":[{"count":13,"href":"https:\/\/wp.ufpel.edu.br\/progep\/wp-json\/wp\/v2\/pages\/25604\/revisions"}],"predecessor-version":[{"id":34146,"href":"https:\/\/wp.ufpel.edu.br\/progep\/wp-json\/wp\/v2\/pages\/25604\/revisions\/34146"}],"wp:attachment":[{"href":"https:\/\/wp.ufpel.edu.br\/progep\/wp-json\/wp\/v2\/media?parent=25604"}],"curies":[{"name":"wp","href":"https:\/\/api.w.org\/{rel}","templated":true}]}}