{"id":25527,"date":"2024-02-16T09:07:07","date_gmt":"2024-02-16T12:07:07","guid":{"rendered":"https:\/\/wp.ufpel.edu.br\/progep\/?page_id=25527"},"modified":"2025-05-16T09:09:35","modified_gmt":"2025-05-16T12:09:35","slug":"formacao-para-gestores-4a-edicao-gestao-com-pessoas","status":"publish","type":"page","link":"https:\/\/wp.ufpel.edu.br\/progep\/formacao-para-gestores-4a-edicao-gestao-com-pessoas\/","title":{"rendered":"Capacita\u00e7\u00e3o: 4\u00aa Edi\u00e7\u00e3o &#8211; Forma\u00e7\u00e3o para Gestores: Gest\u00e3o com Pessoas"},"content":{"rendered":"<p><strong>Ministrante<\/strong>:<br \/>\n&#8211; Francielle Molon da Silva (Professora do Centro de Ci\u00eancias S\u00f3cio-organizacionais da UFPel)<\/p>\n<p><strong>Data<\/strong>: 28\/03\/2024 (Quinta-feira)<\/p>\n<p><strong>Hor\u00e1rio<\/strong>: das 14h \u00e0s 18h<\/p>\n<p><strong>Modalidade<\/strong>: Presencial<\/p>\n<p><strong>Local<\/strong>: Audit\u00f3rio da Reitoria &#8211; Campus Anglo<\/p>\n<p><strong>Ementa<\/strong>:<br \/>\n1. Sensibiliza\u00e7\u00e3o dos gestores para as diferentes formas de trabalhar com pessoas;<br \/>\n2. Reconhecimento de Si;<br \/>\n3. Natureza Humana;<br \/>\n4. Discuss\u00f5es sobre os elementos que impactam a gest\u00e3o com pessoas.<\/p>\n<p><strong>P\u00fablico Alvo<\/strong>: Servidores(as) detentores de CD`s nas Unidades Administrativas e Chefes de N\u00facleo nas Unidades Administrativas; Diretores das Unidades Acad\u00eamicas e Chefes de N\u00facleos Administrativos.<\/p>\n<p><strong>Per\u00edodo de inscri\u00e7\u00e3o<\/strong>: 04\/03 a 25\/03\/2024<\/p>\n<p><strong>Divulga\u00e7\u00e3o das inscri\u00e7\u00f5es homologadas<\/strong>: 26\/03\/2024**, nesta p\u00e1gina.<\/p>\n<p style=\"text-align: justify\">* Vagas destinadas a servidores(as) pertencentes ao Quadro Efetivo da UFPel e a trabalhadores(as) terceirizados(as) ativos(as) na UFPel, preferencialmente; Considerando a Pol\u00edtica Nacional de Desenvolvimento de Pessoas, conforme Decreto n\u00ba 9.991\/19, somente ser\u00e3o certificados(as) servidores(as) p\u00fablicos(as) pertencentes ao Quadro Efetivo da UFPel;<br \/>\n** Quando homologadas as inscri\u00e7\u00f5es, os(as) selecionados(as) receber\u00e3o e-mail de confirma\u00e7\u00e3o com instru\u00e7\u00f5es.<\/p>\n<p><strong><span style=\"color: #ff6600\"><a style=\"color: #ff6600\" href=\"https:\/\/wp.ufpel.edu.br\/progep\/files\/2024\/03\/Homologados-Formacao-para-Gestores.pdf\">INSCRI\u00c7\u00d5ES HOMOLOGADAS<\/a><\/span><\/strong><\/p>\n<p>&nbsp;<\/p>\n<p>&nbsp;<\/p>\n","protected":false},"excerpt":{"rendered":"<p>Ministrante: &#8211; Francielle Molon da Silva (Professora do Centro de Ci\u00eancias S\u00f3cio-organizacionais da UFPel) Data: 28\/03\/2024 (Quinta-feira) Hor\u00e1rio: das 14h \u00e0s 18h Modalidade: Presencial Local: Audit\u00f3rio da Reitoria &#8211; Campus Anglo Ementa: 1. Sensibiliza\u00e7\u00e3o dos gestores para as diferentes formas de trabalhar com pessoas; 2. Reconhecimento de Si; 3. Natureza Humana; 4. Discuss\u00f5es sobre os [&hellip;]<\/p>\n","protected":false},"author":21,"featured_media":0,"parent":0,"menu_order":0,"comment_status":"closed","ping_status":"closed","template":"","meta":{"footnotes":""},"class_list":["post-25527","page","type-page","status-publish","hentry"],"_links":{"self":[{"href":"https:\/\/wp.ufpel.edu.br\/progep\/wp-json\/wp\/v2\/pages\/25527","targetHints":{"allow":["GET"]}}],"collection":[{"href":"https:\/\/wp.ufpel.edu.br\/progep\/wp-json\/wp\/v2\/pages"}],"about":[{"href":"https:\/\/wp.ufpel.edu.br\/progep\/wp-json\/wp\/v2\/types\/page"}],"author":[{"embeddable":true,"href":"https:\/\/wp.ufpel.edu.br\/progep\/wp-json\/wp\/v2\/users\/21"}],"replies":[{"embeddable":true,"href":"https:\/\/wp.ufpel.edu.br\/progep\/wp-json\/wp\/v2\/comments?post=25527"}],"version-history":[{"count":12,"href":"https:\/\/wp.ufpel.edu.br\/progep\/wp-json\/wp\/v2\/pages\/25527\/revisions"}],"predecessor-version":[{"id":32542,"href":"https:\/\/wp.ufpel.edu.br\/progep\/wp-json\/wp\/v2\/pages\/25527\/revisions\/32542"}],"wp:attachment":[{"href":"https:\/\/wp.ufpel.edu.br\/progep\/wp-json\/wp\/v2\/media?parent=25527"}],"curies":[{"name":"wp","href":"https:\/\/api.w.org\/{rel}","templated":true}]}}