{"id":25525,"date":"2024-02-16T08:50:19","date_gmt":"2024-02-16T11:50:19","guid":{"rendered":"https:\/\/wp.ufpel.edu.br\/progep\/?page_id=25525"},"modified":"2025-06-30T14:55:36","modified_gmt":"2025-06-30T17:55:36","slug":"gestao-do-tempo-produtividade-e-estrategias","status":"publish","type":"page","link":"https:\/\/wp.ufpel.edu.br\/progep\/gestao-do-tempo-produtividade-e-estrategias\/","title":{"rendered":"Capacita\u00e7\u00e3o: Capacita &#8211; Gest\u00e3o do Tempo: produtividade e estrat\u00e9gias"},"content":{"rendered":"<p><strong>Ministrante<\/strong>:<br \/>\n&#8211; Ana Paula Lemos Centeno (Professora do Centro de Ci\u00eancias S\u00f3cio-organizacionais da UFPel)<\/p>\n<p><strong>Data<\/strong>: 14\/03\/2024 (Quinta-feira)<\/p>\n<p><strong>Hor\u00e1rio<\/strong>: das 15h \u00e0s 17h<\/p>\n<p><strong>Modalidade<\/strong>: Presencial<\/p>\n<p><strong>Local<\/strong>: Audit\u00f3rio Acad\u00eamico do Campus Anglo<\/p>\n<p><strong>Ementa<\/strong>:<br \/>\n&#8211; Produtividade e Gest\u00e3o do Tempo: conceitos, contextos, elementos e ferramentas.<\/p>\n<p><strong>P\u00fablico Alvo<\/strong>: Servidores(as) docentes, TAE\u2019s e trabalhadores(as) terceirizados(as) ativos(as) da UFPel*<\/p>\n<p><strong>Per\u00edodo de inscri\u00e7\u00e3o<\/strong>: 20\/02 a 11\/03\/2024<\/p>\n<p><strong>Divulga\u00e7\u00e3o das inscri\u00e7\u00f5es homologadas<\/strong>: 12\/03\/2024**, nesta p\u00e1gina.<\/p>\n<p style=\"text-align: justify\">* Vagas destinadas a servidores(as) pertencentes ao Quadro Efetivo da UFPel e a trabalhadores(as) terceirizados(as) ativos(as) na UFPel, preferencialmente; Considerando a Pol\u00edtica Nacional de Desenvolvimento de Pessoas, conforme Decreto n\u00ba 9.991\/19, somente ser\u00e3o certificados(as) servidores(as) p\u00fablicos(as) pertencentes ao Quadro Efetivo da UFPel;<br \/>\n** Quando homologadas as inscri\u00e7\u00f5es, os(as) selecionados(as) receber\u00e3o e-mail de confirma\u00e7\u00e3o com instru\u00e7\u00f5es.<br \/>\n<span style=\"text-decoration: underline\">Observa\u00e7\u00e3o<\/span>: A homologa\u00e7\u00e3o das inscri\u00e7\u00f5es dos(as) trabalhadores(as) terceirizados(as) ficar\u00e1 condicionada \u00e0 an\u00e1lise pr\u00e9via e manifesta\u00e7\u00e3o por parte do NUGEST\/PRA.<\/p>\n<p><strong><span style=\"color: #ff6600\"><a style=\"color: #ff6600\" href=\"https:\/\/wp.ufpel.edu.br\/progep\/files\/2024\/03\/Homologacao-Gestao-do-tempo-1.pdf\">INSCRI\u00c7\u00d5ES HOMOLOGADAS<\/a><\/span><\/strong><\/p>\n<p>&nbsp;<\/p>\n","protected":false},"excerpt":{"rendered":"<p>Ministrante: &#8211; Ana Paula Lemos Centeno (Professora do Centro de Ci\u00eancias S\u00f3cio-organizacionais da UFPel) Data: 14\/03\/2024 (Quinta-feira) Hor\u00e1rio: das 15h \u00e0s 17h Modalidade: Presencial Local: Audit\u00f3rio Acad\u00eamico do Campus Anglo Ementa: &#8211; Produtividade e Gest\u00e3o do Tempo: conceitos, contextos, elementos e ferramentas. P\u00fablico Alvo: Servidores(as) docentes, TAE\u2019s e trabalhadores(as) terceirizados(as) ativos(as) da UFPel* Per\u00edodo de [&hellip;]<\/p>\n","protected":false},"author":21,"featured_media":0,"parent":0,"menu_order":0,"comment_status":"closed","ping_status":"closed","template":"","meta":{"footnotes":""},"class_list":["post-25525","page","type-page","status-publish","hentry"],"_links":{"self":[{"href":"https:\/\/wp.ufpel.edu.br\/progep\/wp-json\/wp\/v2\/pages\/25525","targetHints":{"allow":["GET"]}}],"collection":[{"href":"https:\/\/wp.ufpel.edu.br\/progep\/wp-json\/wp\/v2\/pages"}],"about":[{"href":"https:\/\/wp.ufpel.edu.br\/progep\/wp-json\/wp\/v2\/types\/page"}],"author":[{"embeddable":true,"href":"https:\/\/wp.ufpel.edu.br\/progep\/wp-json\/wp\/v2\/users\/21"}],"replies":[{"embeddable":true,"href":"https:\/\/wp.ufpel.edu.br\/progep\/wp-json\/wp\/v2\/comments?post=25525"}],"version-history":[{"count":13,"href":"https:\/\/wp.ufpel.edu.br\/progep\/wp-json\/wp\/v2\/pages\/25525\/revisions"}],"predecessor-version":[{"id":34143,"href":"https:\/\/wp.ufpel.edu.br\/progep\/wp-json\/wp\/v2\/pages\/25525\/revisions\/34143"}],"wp:attachment":[{"href":"https:\/\/wp.ufpel.edu.br\/progep\/wp-json\/wp\/v2\/media?parent=25525"}],"curies":[{"name":"wp","href":"https:\/\/api.w.org\/{rel}","templated":true}]}}