{"id":25524,"date":"2024-02-16T08:46:45","date_gmt":"2024-02-16T11:46:45","guid":{"rendered":"https:\/\/wp.ufpel.edu.br\/progep\/?page_id=25524"},"modified":"2025-06-30T14:55:30","modified_gmt":"2025-06-30T17:55:30","slug":"mulheres-lideres-relatos-de-uma-mulher-na-pesquisa-alegrias-e-desafios","status":"publish","type":"page","link":"https:\/\/wp.ufpel.edu.br\/progep\/mulheres-lideres-relatos-de-uma-mulher-na-pesquisa-alegrias-e-desafios\/","title":{"rendered":"Capacita\u00e7\u00e3o: Mulheres L\u00edderes &#8211; Relatos de uma mulher na Pesquisa: alegrias e desafios"},"content":{"rendered":"<p><strong>Facilitadora<\/strong>:\u00a0Tha\u00eds Philipsen Gr\u00fctzmann (Professora do Instituto de F\u00edsica e Matem\u00e1tica da UFPel)<\/p>\n<p><strong>Data<\/strong>: 08\/03\/2024 (Sexta-feira)<\/p>\n<p><strong>Hor\u00e1rio<\/strong>: das 14h \u00e0s 16h<\/p>\n<p><strong>Modalidade<\/strong>: Online<\/p>\n<p><strong>Local<\/strong>: Plataforma Webconf UFPel<\/p>\n<p><strong>Ementa<\/strong>:<br \/>\n1. Fam\u00edlia &amp; Universidade;<br \/>\n2. Caminhos durante a forma\u00e7\u00e3o inicial e continuada;<br \/>\n3. Orienta\u00e7\u00e3o &amp; as minhas pesquisas;<br \/>\n4. Projetos de Pesquisa, Ensino e Extens\u00e3o &amp; a rela\u00e7\u00e3o com a comunidade<\/p>\n<p><strong>P\u00fablico Alvo<\/strong>: Servidores(as) docentes, TAE\u2019s e trabalhadores(as) terceirizados(as) ativos(as) da UFPel*<\/p>\n<p><strong>Per\u00edodo de inscri\u00e7\u00e3o<\/strong>: 16\/02 a 04\/03\/2024<\/p>\n<p><strong>Divulga\u00e7\u00e3o das inscri\u00e7\u00f5es homologadas<\/strong>: 05\/03\/2024**, nesta p\u00e1gina.<\/p>\n<p style=\"text-align: justify\">* Vagas destinadas a servidores(as) pertencentes ao Quadro Efetivo da UFPel e a trabalhadores(as) terceirizados(as) ativos(as) na UFPel, preferencialmente; Considerando a Pol\u00edtica Nacional de Desenvolvimento de Pessoas, conforme Decreto n\u00ba 9.991\/19, somente ser\u00e3o certificados(as) servidores(as) p\u00fablicos(as) pertencentes ao Quadro Efetivo da UFPel;<br \/>\n** Quando homologadas as inscri\u00e7\u00f5es, os(as) selecionados(as) receber\u00e3o e-mail de confirma\u00e7\u00e3o com instru\u00e7\u00f5es.<br \/>\n<span style=\"text-decoration: underline\">Observa\u00e7\u00e3o<\/span>: A homologa\u00e7\u00e3o das inscri\u00e7\u00f5es dos trabalhadores terceirizados ficar\u00e1 condicionada \u00e0 an\u00e1lise pr\u00e9via e manifesta\u00e7\u00e3o por parte do NUGEST\/PRA.<\/p>\n<p><span style=\"color: #ff6600\"><strong><a style=\"color: #ff6600\" href=\"https:\/\/wp.ufpel.edu.br\/progep\/files\/2024\/03\/HOMOLOGACAO-INSCRICOES-Mulheres-Lideres-08-03.pdf\">INSCRI\u00c7\u00d5ES HOMOLOGADAS<\/a><\/strong><\/span><\/p>\n<p>&nbsp;<\/p>\n","protected":false},"excerpt":{"rendered":"<p>Facilitadora:\u00a0Tha\u00eds Philipsen Gr\u00fctzmann (Professora do Instituto de F\u00edsica e Matem\u00e1tica da UFPel) Data: 08\/03\/2024 (Sexta-feira) Hor\u00e1rio: das 14h \u00e0s 16h Modalidade: Online Local: Plataforma Webconf UFPel Ementa: 1. Fam\u00edlia &amp; Universidade; 2. Caminhos durante a forma\u00e7\u00e3o inicial e continuada; 3. Orienta\u00e7\u00e3o &amp; as minhas pesquisas; 4. Projetos de Pesquisa, Ensino e Extens\u00e3o &amp; a rela\u00e7\u00e3o [&hellip;]<\/p>\n","protected":false},"author":21,"featured_media":0,"parent":0,"menu_order":0,"comment_status":"closed","ping_status":"closed","template":"","meta":{"footnotes":""},"class_list":["post-25524","page","type-page","status-publish","hentry"],"_links":{"self":[{"href":"https:\/\/wp.ufpel.edu.br\/progep\/wp-json\/wp\/v2\/pages\/25524","targetHints":{"allow":["GET"]}}],"collection":[{"href":"https:\/\/wp.ufpel.edu.br\/progep\/wp-json\/wp\/v2\/pages"}],"about":[{"href":"https:\/\/wp.ufpel.edu.br\/progep\/wp-json\/wp\/v2\/types\/page"}],"author":[{"embeddable":true,"href":"https:\/\/wp.ufpel.edu.br\/progep\/wp-json\/wp\/v2\/users\/21"}],"replies":[{"embeddable":true,"href":"https:\/\/wp.ufpel.edu.br\/progep\/wp-json\/wp\/v2\/comments?post=25524"}],"version-history":[{"count":15,"href":"https:\/\/wp.ufpel.edu.br\/progep\/wp-json\/wp\/v2\/pages\/25524\/revisions"}],"predecessor-version":[{"id":34142,"href":"https:\/\/wp.ufpel.edu.br\/progep\/wp-json\/wp\/v2\/pages\/25524\/revisions\/34142"}],"wp:attachment":[{"href":"https:\/\/wp.ufpel.edu.br\/progep\/wp-json\/wp\/v2\/media?parent=25524"}],"curies":[{"name":"wp","href":"https:\/\/api.w.org\/{rel}","templated":true}]}}