{"id":25469,"date":"2024-01-24T11:11:53","date_gmt":"2024-01-24T14:11:53","guid":{"rendered":"https:\/\/wp.ufpel.edu.br\/progep\/?page_id=25469"},"modified":"2024-03-04T18:00:22","modified_gmt":"2024-03-04T21:00:22","slug":"sigepe-frequencia","status":"publish","type":"page","link":"https:\/\/wp.ufpel.edu.br\/progep\/sigepe-frequencia\/","title":{"rendered":"SIGEPE Frequ\u00eancia"},"content":{"rendered":"<p><a href=\"https:\/\/wp.ufpel.edu.br\/progep\/files\/2024\/01\/TUMB.png\"><img class=\" wp-image-25471 aligncenter\" src=\"https:\/\/wp.ufpel.edu.br\/progep\/files\/2024\/01\/TUMB-400x225.png\" alt=\"\" width=\"531\" height=\"299\" srcset=\"https:\/\/wp.ufpel.edu.br\/progep\/files\/2024\/01\/TUMB-400x225.png 400w, https:\/\/wp.ufpel.edu.br\/progep\/files\/2024\/01\/TUMB-1024x576.png 1024w, https:\/\/wp.ufpel.edu.br\/progep\/files\/2024\/01\/TUMB-768x432.png 768w, https:\/\/wp.ufpel.edu.br\/progep\/files\/2024\/01\/TUMB-1536x864.png 1536w, https:\/\/wp.ufpel.edu.br\/progep\/files\/2024\/01\/TUMB.png 1920w\" sizes=\"(max-width: 531px) 100vw, 531px\" \/><\/a><\/p>\n<p>&nbsp;<\/p>\n<p style=\"text-align: center\"><strong><a href=\"https:\/\/youtu.be\/kD2soqBIAJo\" target=\"_blank\" rel=\"noopener\">Boas Vindas<\/a><\/strong><\/p>\n<p>&nbsp;<\/p>\n<p><a href=\"https:\/\/youtu.be\/hmsUyi8a8bI\" target=\"_blank\" rel=\"noopener\">01 &#8211; Acesso ao Sistema (servidor e chefia)<\/a><\/p>\n<p><a href=\"https:\/\/youtu.be\/INdp0E1uRQk\" target=\"_blank\" rel=\"noopener\">02 &#8211; Registro de frequ\u00eancia (servidor)<\/a><\/p>\n<p><a href=\"https:\/\/youtu.be\/9GydyBdIxzU\" target=\"_blank\" rel=\"noopener\">03 &#8211; Registro de frequ\u00eancia (servidor em PGD)<\/a><\/p>\n<p><a href=\"https:\/\/youtu.be\/tlQph0RSn1U\" target=\"_blank\" rel=\"noopener\">04 &#8211; Acompanhamento de frequ\u00eancia (chefia)<\/a><\/p>\n<p><a href=\"https:\/\/youtu.be\/Y4x5vlb2Fyc\" target=\"_blank\" rel=\"noopener\">05 &#8211; Exclus\u00e3o\/Altera\u00e7\u00e3o de ocorr\u00eancias (servidor e chefia)<\/a><\/p>\n<p><a href=\"https:\/\/youtu.be\/LhkY5t7n7F8\" target=\"_blank\" rel=\"noopener\">06 &#8211; Solicita\u00e7\u00e3o de Trabalho em dia n\u00e3o \u00fatil<\/a><\/p>\n<p><a href=\"https:\/\/youtu.be\/cuvh4wg3e5A\" target=\"_blank\" rel=\"noopener\">07 &#8211; Gest\u00e3o de cr\u00e9ditos e d\u00e9bitos (servidor)<\/a><\/p>\n<p><a href=\"https:\/\/youtu.be\/ASrzFDom-kU\" target=\"_blank\" rel=\"noopener\">08 &#8211; Registro de comparecimento a consultas\/exames (servidor)<\/a><\/p>\n<p><a href=\"https:\/\/youtu.be\/VPYcZeS03QU\" target=\"_blank\" rel=\"noopener\">09 &#8211; Autoriza\u00e7\u00f5es (chefia)<\/a><\/p>\n<p><a href=\"https:\/\/youtu.be\/zkMX9UJcbJw\" target=\"_blank\" rel=\"noopener\">10 &#8211; homologa\u00e7\u00e3o de Frequ\u00eancia<\/a><\/p>\n<p>&nbsp;<\/p>\n<p class=\"Texto_Justificado_Recuo_Primeira_Linha\">\n","protected":false},"excerpt":{"rendered":"<p>&nbsp; Boas Vindas &nbsp; 01 &#8211; Acesso ao Sistema (servidor e chefia) 02 &#8211; Registro de frequ\u00eancia (servidor) 03 &#8211; Registro de frequ\u00eancia (servidor em PGD) 04 &#8211; Acompanhamento de frequ\u00eancia (chefia) 05 &#8211; Exclus\u00e3o\/Altera\u00e7\u00e3o de ocorr\u00eancias (servidor e chefia) 06 &#8211; Solicita\u00e7\u00e3o de Trabalho em dia n\u00e3o \u00fatil 07 &#8211; Gest\u00e3o de cr\u00e9ditos e [&hellip;]<\/p>\n","protected":false},"author":52,"featured_media":0,"parent":0,"menu_order":0,"comment_status":"closed","ping_status":"closed","template":"","meta":{"footnotes":""},"class_list":["post-25469","page","type-page","status-publish","hentry"],"_links":{"self":[{"href":"https:\/\/wp.ufpel.edu.br\/progep\/wp-json\/wp\/v2\/pages\/25469","targetHints":{"allow":["GET"]}}],"collection":[{"href":"https:\/\/wp.ufpel.edu.br\/progep\/wp-json\/wp\/v2\/pages"}],"about":[{"href":"https:\/\/wp.ufpel.edu.br\/progep\/wp-json\/wp\/v2\/types\/page"}],"author":[{"embeddable":true,"href":"https:\/\/wp.ufpel.edu.br\/progep\/wp-json\/wp\/v2\/users\/52"}],"replies":[{"embeddable":true,"href":"https:\/\/wp.ufpel.edu.br\/progep\/wp-json\/wp\/v2\/comments?post=25469"}],"version-history":[{"count":12,"href":"https:\/\/wp.ufpel.edu.br\/progep\/wp-json\/wp\/v2\/pages\/25469\/revisions"}],"predecessor-version":[{"id":37028,"href":"https:\/\/wp.ufpel.edu.br\/progep\/wp-json\/wp\/v2\/pages\/25469\/revisions\/37028"}],"wp:attachment":[{"href":"https:\/\/wp.ufpel.edu.br\/progep\/wp-json\/wp\/v2\/media?parent=25469"}],"curies":[{"name":"wp","href":"https:\/\/api.w.org\/{rel}","templated":true}]}}