{"id":25414,"date":"2024-01-16T09:05:47","date_gmt":"2024-01-16T12:05:47","guid":{"rendered":"https:\/\/wp.ufpel.edu.br\/progep\/?page_id=25414"},"modified":"2025-06-30T14:55:25","modified_gmt":"2025-06-30T17:55:25","slug":"roda-de-conversa-e-oficina-a-arte-de-cuidar-se","status":"publish","type":"page","link":"https:\/\/wp.ufpel.edu.br\/progep\/roda-de-conversa-e-oficina-a-arte-de-cuidar-se\/","title":{"rendered":"Capacita\u00e7\u00e3o: Roda de conversa e Oficina &#8211; A Arte de Cuidar-se"},"content":{"rendered":"<p><span style=\"font-size: 12pt\"><strong>Facilitadoras:<\/strong><\/span><br \/>\n<span style=\"font-size: 12pt\">&#8211; Ang\u00e9lica Gon\u00e7alves Peter (Psic\u00f3loga &#8211; CSQV\/PROGEP\/UFPEL)<\/span><br \/>\n<span style=\"font-size: 12pt\">&#8211; Maria Helena Concei\u00e7\u00e3o Silveira (Psic\u00f3loga &#8211; CSQV\/PROGEP\/UFPEL)<\/span><\/p>\n<p><span style=\"font-size: 12pt\"><strong>Data:<\/strong> 31\/01\/2024 (Quarta-feira)<\/span><\/p>\n<p><span style=\"font-size: 12pt\"><strong>Hor\u00e1rio: <\/strong>das 9h \u00e0s 11h<\/span><\/p>\n<p><span style=\"font-size: 12pt\"><strong>Modalidade<\/strong>: Presencial<\/span><\/p>\n<p><span style=\"font-size: 12pt\"><strong>Local de realiza\u00e7\u00e3o:<\/strong> Sala 249 &#8211; Campus Anglo<\/span><\/p>\n<p class=\"Texto_Justificado\"><span style=\"font-size: 12pt\"><strong>Ementa<\/strong>:<\/span><br \/>\n<span style=\"font-size: 12pt\">1. Valores e Escolhas;<\/span><br \/>\n<span style=\"font-size: 12pt\">2. Roda da Vida;<\/span><br \/>\n<span style=\"font-size: 12pt\">3. \u00c1reas da Vida;<\/span><br \/>\n<span style=\"font-size: 12pt\">4. Est\u00e1gios de Mudan\u00e7a de Comportamento;<\/span><br \/>\n<span style=\"font-size: 12pt\">5. Ambival\u00eancia;<\/span><br \/>\n<span style=\"font-size: 12pt\">6. Busca de Equil\u00edbrio e Bem Estar.<\/span><\/p>\n<p><span style=\"font-size: 12pt\"><strong>Vagas<\/strong>: 25 vagas*<\/span><\/p>\n<p><span style=\"font-size: 12pt\"><strong>P\u00fablico Alvo<\/strong>: Servidores docentes e TAE\u2019s ativos da UFPel**<\/span><\/p>\n<p><span style=\"font-size: 12pt\"><strong>Per\u00edodo de inscri\u00e7\u00e3o<\/strong>: 16\/01 a 28\/01\/2024<\/span><\/p>\n<p><span style=\"font-size: 12pt\"><strong>Divulga\u00e7\u00e3o das inscri\u00e7\u00f5es homologadas<\/strong>: 29\/01\/2024***, nesta p\u00e1gina.<\/span><\/p>\n<div><span style=\"font-size: 12pt\">*Vagas destinadas a servidores pertencentes ao Quadro Efetivo da UFPel, preferencialmente;<\/span><\/div>\n<div><span style=\"font-size: 12pt\">**Considerando a Pol\u00edtica Nacional de Desenvolvimento de Pessoas, conforme Decreto n\u00ba 9.991\/19, somente ser\u00e3o certificados os servidores p\u00fablicos pertencentes ao Quadro Efetivo da UFPel;<\/span><\/div>\n<div><span style=\"font-size: 12pt\">** Quando homologadas as inscri\u00e7\u00f5es, os selecionados receber\u00e3o e-mail de confirma\u00e7\u00e3o com instru\u00e7\u00f5es.<\/span><\/div>\n<div><\/div>\n<p><span style=\"color: #ff6600\"><strong><a style=\"color: #ff6600\" href=\"https:\/\/wp.ufpel.edu.br\/progep\/files\/2024\/01\/02_Homologados-Roda-de-conversa-e-Oficina-\u2013-A-Arte-de-Cuidar-se-31_01_2024.pdf\" target=\"_blank\" rel=\"noopener\">INSCRI\u00c7\u00d5ES HOMOLOGADAS<\/a><\/strong><\/span><\/p>\n<p>&nbsp;<\/p>\n","protected":false},"excerpt":{"rendered":"<p>Facilitadoras: &#8211; Ang\u00e9lica Gon\u00e7alves Peter (Psic\u00f3loga &#8211; CSQV\/PROGEP\/UFPEL) &#8211; Maria Helena Concei\u00e7\u00e3o Silveira (Psic\u00f3loga &#8211; CSQV\/PROGEP\/UFPEL) Data: 31\/01\/2024 (Quarta-feira) Hor\u00e1rio: das 9h \u00e0s 11h Modalidade: Presencial Local de realiza\u00e7\u00e3o: Sala 249 &#8211; Campus Anglo Ementa: 1. Valores e Escolhas; 2. Roda da Vida; 3. \u00c1reas da Vida; 4. Est\u00e1gios de Mudan\u00e7a de Comportamento; 5. Ambival\u00eancia; [&hellip;]<\/p>\n","protected":false},"author":21,"featured_media":0,"parent":0,"menu_order":0,"comment_status":"closed","ping_status":"closed","template":"","meta":{"footnotes":""},"class_list":["post-25414","page","type-page","status-publish","hentry"],"_links":{"self":[{"href":"https:\/\/wp.ufpel.edu.br\/progep\/wp-json\/wp\/v2\/pages\/25414","targetHints":{"allow":["GET"]}}],"collection":[{"href":"https:\/\/wp.ufpel.edu.br\/progep\/wp-json\/wp\/v2\/pages"}],"about":[{"href":"https:\/\/wp.ufpel.edu.br\/progep\/wp-json\/wp\/v2\/types\/page"}],"author":[{"embeddable":true,"href":"https:\/\/wp.ufpel.edu.br\/progep\/wp-json\/wp\/v2\/users\/21"}],"replies":[{"embeddable":true,"href":"https:\/\/wp.ufpel.edu.br\/progep\/wp-json\/wp\/v2\/comments?post=25414"}],"version-history":[{"count":6,"href":"https:\/\/wp.ufpel.edu.br\/progep\/wp-json\/wp\/v2\/pages\/25414\/revisions"}],"predecessor-version":[{"id":34141,"href":"https:\/\/wp.ufpel.edu.br\/progep\/wp-json\/wp\/v2\/pages\/25414\/revisions\/34141"}],"wp:attachment":[{"href":"https:\/\/wp.ufpel.edu.br\/progep\/wp-json\/wp\/v2\/media?parent=25414"}],"curies":[{"name":"wp","href":"https:\/\/api.w.org\/{rel}","templated":true}]}}