{"id":25253,"date":"2023-11-27T17:36:41","date_gmt":"2023-11-27T20:36:41","guid":{"rendered":"https:\/\/wp.ufpel.edu.br\/progep\/?page_id=25253"},"modified":"2025-05-16T09:36:36","modified_gmt":"2025-05-16T12:36:36","slug":"aromaterapia-no-tratamento-dos-transtornos-de-ansiedade","status":"publish","type":"page","link":"https:\/\/wp.ufpel.edu.br\/progep\/aromaterapia-no-tratamento-dos-transtornos-de-ansiedade\/","title":{"rendered":"Capacita\u00e7\u00e3o: Aromaterapia no tratamento dos transtornos de ansiedade"},"content":{"rendered":"<p><strong>Facilitadora: <\/strong>Renata Cunha da Silva (Enfermeira &#8211; Ambulat\u00f3rio Central da Faculdade de Medicina\/ UFPel)<\/p>\n<p><strong>Data:<\/strong> 13\/12\/23 (Quarta-feira)<\/p>\n<p><strong>Hor\u00e1rio: <\/strong>das 14h \u00e0s 17h<\/p>\n<p><strong>Local de realiza\u00e7\u00e3o:<\/strong> Sala 440, 4\u00ba andar do Campus Anglo<\/p>\n<p><strong>Ementa:<br \/>\n<\/strong>1. Breve Hist\u00f3rico;<br \/>\n2. Subst\u00e2ncias Arom\u00e1ticas (\u00d3leos essenciais, \u00d3leos vegetais, Ess\u00eancias, Hidrolatos);<br \/>\n3. Formas de uso dos \u00f3leos essenciais;<br \/>\n4. \u00d3leos essenciais que atuam nos transtornos de ansiedade (Lavanda, Laranja doce, Vetiver, Bergamota, Camomila Romana).<\/p>\n<p><strong>P\u00fablico Alvo<\/strong>: Servidores docentes e TAE\u2019s ativos*<\/p>\n<p><strong>Per\u00edodo de inscri\u00e7\u00e3o<\/strong>: 27\/11 a 10\/12\/2023<\/p>\n<p><strong>Divulga\u00e7\u00e3o das inscri\u00e7\u00f5es homologadas<\/strong>: 11\/12**, nesta p\u00e1gina.<\/p>\n<p><span style=\"background-color: #ffffff\">*Vagas destinadas \u00e0 servidores pertencentes ao Quadro Efetivo da UFPel, preferencialmente. Considerando a Pol\u00edtica Nacional de Desenvolvimento de Pessoas, conforme Decreto n\u00ba 9.991\/19, somente ser\u00e3o certificados os servidores p\u00fablicos pertencentes ao Quadro Efetivo da UFPel;<\/span><br \/>\n<span style=\"background-color: #ffffff\">** Quando homologadas as inscri\u00e7\u00f5es, os selecionados receber\u00e3o e-mail de confirma\u00e7\u00e3o com instru\u00e7\u00f5es.<\/span><\/p>\n<p><span style=\"color: #ff6600\"><strong><a style=\"color: #ff6600\" href=\"https:\/\/wp.ufpel.edu.br\/progep\/files\/2023\/12\/Homologados-Aromaterapia-no-tratamento-dos-transtornos-de-ansiedade-13-12-2023.pdf\" target=\"_blank\" rel=\"noopener\">INSCRI\u00c7\u00d5ES HOMOLOGADAS<\/a><\/strong><\/span><\/p>\n","protected":false},"excerpt":{"rendered":"<p>Facilitadora: Renata Cunha da Silva (Enfermeira &#8211; Ambulat\u00f3rio Central da Faculdade de Medicina\/ UFPel) Data: 13\/12\/23 (Quarta-feira) Hor\u00e1rio: das 14h \u00e0s 17h Local de realiza\u00e7\u00e3o: Sala 440, 4\u00ba andar do Campus Anglo Ementa: 1. Breve Hist\u00f3rico; 2. Subst\u00e2ncias Arom\u00e1ticas (\u00d3leos essenciais, \u00d3leos vegetais, Ess\u00eancias, Hidrolatos); 3. Formas de uso dos \u00f3leos essenciais; 4. \u00d3leos essenciais [&hellip;]<\/p>\n","protected":false},"author":21,"featured_media":0,"parent":0,"menu_order":0,"comment_status":"closed","ping_status":"closed","template":"","meta":{"footnotes":""},"class_list":["post-25253","page","type-page","status-publish","hentry"],"_links":{"self":[{"href":"https:\/\/wp.ufpel.edu.br\/progep\/wp-json\/wp\/v2\/pages\/25253","targetHints":{"allow":["GET"]}}],"collection":[{"href":"https:\/\/wp.ufpel.edu.br\/progep\/wp-json\/wp\/v2\/pages"}],"about":[{"href":"https:\/\/wp.ufpel.edu.br\/progep\/wp-json\/wp\/v2\/types\/page"}],"author":[{"embeddable":true,"href":"https:\/\/wp.ufpel.edu.br\/progep\/wp-json\/wp\/v2\/users\/21"}],"replies":[{"embeddable":true,"href":"https:\/\/wp.ufpel.edu.br\/progep\/wp-json\/wp\/v2\/comments?post=25253"}],"version-history":[{"count":8,"href":"https:\/\/wp.ufpel.edu.br\/progep\/wp-json\/wp\/v2\/pages\/25253\/revisions"}],"predecessor-version":[{"id":32557,"href":"https:\/\/wp.ufpel.edu.br\/progep\/wp-json\/wp\/v2\/pages\/25253\/revisions\/32557"}],"wp:attachment":[{"href":"https:\/\/wp.ufpel.edu.br\/progep\/wp-json\/wp\/v2\/media?parent=25253"}],"curies":[{"name":"wp","href":"https:\/\/api.w.org\/{rel}","templated":true}]}}