{"id":25224,"date":"2023-11-27T09:15:06","date_gmt":"2023-11-27T12:15:06","guid":{"rendered":"https:\/\/wp.ufpel.edu.br\/progep\/?page_id=25224"},"modified":"2025-06-30T14:55:07","modified_gmt":"2025-06-30T17:55:07","slug":"estrategias-para-acessibilidade-e-inclusao-na-universidade","status":"publish","type":"page","link":"https:\/\/wp.ufpel.edu.br\/progep\/estrategias-para-acessibilidade-e-inclusao-na-universidade\/","title":{"rendered":"Capacita\u00e7\u00e3o: Estrat\u00e9gias para Acessibilidade e Inclus\u00e3o na Universidade"},"content":{"rendered":"<p><strong>Facilitadoras:<br \/>\n<\/strong>Renata Cristina Rocha da Silva (Docente do Curso de Terapia Ocupacional e Chefe do N\u00facleo de Acessibilidade e Inclus\u00e3o &#8211; UFPel)<br \/>\nP\u00e2mela Renata Ara\u00fajo \u00a0(Psicopedagoga do N\u00facleo de Acessibilidade e Inclus\u00e3o &#8211; UFPel)<br \/>\nAline Nunes da Cunha de Medeiros (T\u00e9cnica em Assuntos Educacionais do N\u00facleo de Acessibilidade e Inclus\u00e3o &#8211; UFPel))<\/p>\n<p><strong>Data:<\/strong> 11\/12\/2023 (segunda-feira)<\/p>\n<p><strong>Hor\u00e1rio: <\/strong>das 16h30 \u00e0s 18h<\/p>\n<p><strong>Realiza\u00e7\u00e3o: <\/strong>Audit\u00f3rio Acad\u00eamico do Campus Anglo UFPel<\/p>\n<p><strong>Ementa: <\/strong>Tipos de Acessibilidade,\u00a0Barreiras da Inclus\u00e3o,\u00a0Instrumentaliza\u00e7\u00e3o para Acessibilidade<\/p>\n<p><strong>P\u00fablico Alvo<\/strong>: Servidores docentes e TAE\u2019s ativos*<\/p>\n<p><strong>Per\u00edodo de inscri\u00e7\u00e3o<\/strong>: 27\/11 a 07\/12\/2023<\/p>\n<p><strong>Divulga\u00e7\u00e3o das inscri\u00e7\u00f5es homologadas<\/strong>: 08\/12**, nesta p\u00e1gina.<\/p>\n<p><span style=\"background-color: #ffffff\">*Vagas destinadas \u00e0 servidores pertencentes ao Quadro Efetivo da UFPel, preferencialmente. Considerando a Pol\u00edtica Nacional de Desenvolvimento de Pessoas, conforme Decreto n\u00ba 9.991\/19, somente ser\u00e3o certificados os servidores p\u00fablicos pertencentes ao Quadro Efetivo da UFPel;<\/span><br \/>\n<span style=\"background-color: #ffffff\">** Quando homologadas as inscri\u00e7\u00f5es, os selecionados receber\u00e3o e-mail de confirma\u00e7\u00e3o de sua inscri\u00e7\u00e3o.<\/span><\/p>\n<p><span style=\"color: #ff6600\"><strong><a style=\"color: #ff6600\" href=\"https:\/\/wp.ufpel.edu.br\/progep\/files\/2023\/12\/Homologados-Estrategias-para-Acessibilidade-e-Inclusao-na-Universidade-11-12-2023.pdf\" target=\"_blank\" rel=\"noopener\">INSCRI\u00c7\u00d5ES HOMOLOGADAS<\/a><\/strong><\/span><\/p>\n","protected":false},"excerpt":{"rendered":"<p>Facilitadoras: Renata Cristina Rocha da Silva (Docente do Curso de Terapia Ocupacional e Chefe do N\u00facleo de Acessibilidade e Inclus\u00e3o &#8211; UFPel) P\u00e2mela Renata Ara\u00fajo \u00a0(Psicopedagoga do N\u00facleo de Acessibilidade e Inclus\u00e3o &#8211; UFPel) Aline Nunes da Cunha de Medeiros (T\u00e9cnica em Assuntos Educacionais do N\u00facleo de Acessibilidade e Inclus\u00e3o &#8211; UFPel)) Data: 11\/12\/2023 (segunda-feira) [&hellip;]<\/p>\n","protected":false},"author":21,"featured_media":0,"parent":0,"menu_order":0,"comment_status":"closed","ping_status":"closed","template":"","meta":{"footnotes":""},"class_list":["post-25224","page","type-page","status-publish","hentry"],"_links":{"self":[{"href":"https:\/\/wp.ufpel.edu.br\/progep\/wp-json\/wp\/v2\/pages\/25224","targetHints":{"allow":["GET"]}}],"collection":[{"href":"https:\/\/wp.ufpel.edu.br\/progep\/wp-json\/wp\/v2\/pages"}],"about":[{"href":"https:\/\/wp.ufpel.edu.br\/progep\/wp-json\/wp\/v2\/types\/page"}],"author":[{"embeddable":true,"href":"https:\/\/wp.ufpel.edu.br\/progep\/wp-json\/wp\/v2\/users\/21"}],"replies":[{"embeddable":true,"href":"https:\/\/wp.ufpel.edu.br\/progep\/wp-json\/wp\/v2\/comments?post=25224"}],"version-history":[{"count":9,"href":"https:\/\/wp.ufpel.edu.br\/progep\/wp-json\/wp\/v2\/pages\/25224\/revisions"}],"predecessor-version":[{"id":34138,"href":"https:\/\/wp.ufpel.edu.br\/progep\/wp-json\/wp\/v2\/pages\/25224\/revisions\/34138"}],"wp:attachment":[{"href":"https:\/\/wp.ufpel.edu.br\/progep\/wp-json\/wp\/v2\/media?parent=25224"}],"curies":[{"name":"wp","href":"https:\/\/api.w.org\/{rel}","templated":true}]}}