{"id":25149,"date":"2023-11-13T10:37:03","date_gmt":"2023-11-13T13:37:03","guid":{"rendered":"https:\/\/wp.ufpel.edu.br\/progep\/?page_id=25149"},"modified":"2025-06-30T14:54:56","modified_gmt":"2025-06-30T17:54:56","slug":"formacao-para-gestores-3a-edicao-palestra-encerramento-vieses-cognitivos-e-tomada-de-decisao-conhecendo-a-mente-para-liderar-melhor","status":"publish","type":"page","link":"https:\/\/wp.ufpel.edu.br\/progep\/formacao-para-gestores-3a-edicao-palestra-encerramento-vieses-cognitivos-e-tomada-de-decisao-conhecendo-a-mente-para-liderar-melhor\/","title":{"rendered":"Capacita\u00e7\u00e3o: Forma\u00e7\u00e3o para Gestores 3\u00aa Edi\u00e7\u00e3o \u2013 M\u00f3dulo Final &#8211; Palestra: Vieses cognitivos e tomada de decis\u00e3o: conhecendo a mente para liderar melhor"},"content":{"rendered":"<p><strong>Ministrante: <\/strong>Ricardo Lins Horta (Secretaria de Gest\u00e3o de Pessoas e de Rela\u00e7\u00f5es de Trabalho, do Minist\u00e9rio da Gest\u00e3o e da Inova\u00e7\u00e3o em Servi\u00e7os P\u00fablicos)<\/p>\n<p><strong>Data de realiza\u00e7\u00e3o:<\/strong> 24\/11\/2023 (sexta-feira)<\/p>\n<p><strong>Modalidade:\u00a0<\/strong>Online<\/p>\n<p><strong>Realiza\u00e7\u00e3o<\/strong>: Plataforma Webconf da UFPel<\/p>\n<p><strong>Hor\u00e1rio: <\/strong>08h30 \u00e0s 10h30<\/p>\n<p><strong>Ementa:\u00a0<\/strong>Nas \u00faltimas d\u00e9cadas, as ci\u00eancias comportamentais v\u00eam mostrando como a tomada de decis\u00e3o humana \u00e9 fortemente influenciada por h\u00e1bitos, atalhos mentais e emo\u00e7\u00f5es. Conhecer quais s\u00e3o essas influ\u00eancias \u00e9 importante n\u00e3o s\u00f3 para o autoconhecimento, mas tamb\u00e9m para aprender a organizar equipes de forma mais efetiva. Nesta sess\u00e3o, faremos um breve panorama de como as pesquisas t\u00eam mostrado que a racionalidade humana opera de formas previs\u00edveis, mas nem sempre \u00f3bvias, e que podem afetar nosso desempenho no trabalho.<\/p>\n<p><strong>P\u00fablico Alvo<\/strong>: Chefes de N\u00facleo das Unidades Administrativas da UFPel*<\/p>\n<p><strong>Inscri\u00e7\u00f5es<\/strong>: at\u00e9 22\/11\/2023<\/p>\n<p><strong>Divulga\u00e7\u00e3o das inscri\u00e7\u00f5es homologadas<\/strong>: 23\/11**, nesta p\u00e1gina.<\/p>\n<p>*Considerando a Pol\u00edtica Nacional de Desenvolvimento de Pessoas, conforme Decreto n\u00ba 9.991\/19, somente ser\u00e3o certificados os servidores p\u00fablicos pertencentes ao Quadro Efetivo da UFPel.<\/p>\n<p>**Quando homologadas as inscri\u00e7\u00f5es, os selecionados receber\u00e3o e-mail de confirma\u00e7\u00e3o com instru\u00e7\u00f5es.<\/p>\n<p><span style=\"color: #ff6600\"><strong><a style=\"color: #ff6600\" href=\"https:\/\/wp.ufpel.edu.br\/progep\/files\/2023\/11\/Homologados-Formacao-para-Gestores-3a-Edicao-Modulo-Final-24-11-2023.pdf\" target=\"_blank\" rel=\"noopener\">INSCRI\u00c7\u00d5ES HOMOLOGADAS<\/a><\/strong><\/span><\/p>\n","protected":false},"excerpt":{"rendered":"<p>Ministrante: Ricardo Lins Horta (Secretaria de Gest\u00e3o de Pessoas e de Rela\u00e7\u00f5es de Trabalho, do Minist\u00e9rio da Gest\u00e3o e da Inova\u00e7\u00e3o em Servi\u00e7os P\u00fablicos) Data de realiza\u00e7\u00e3o: 24\/11\/2023 (sexta-feira) Modalidade:\u00a0Online Realiza\u00e7\u00e3o: Plataforma Webconf da UFPel Hor\u00e1rio: 08h30 \u00e0s 10h30 Ementa:\u00a0Nas \u00faltimas d\u00e9cadas, as ci\u00eancias comportamentais v\u00eam mostrando como a tomada de decis\u00e3o humana \u00e9 fortemente [&hellip;]<\/p>\n","protected":false},"author":21,"featured_media":0,"parent":0,"menu_order":0,"comment_status":"closed","ping_status":"closed","template":"","meta":{"footnotes":""},"class_list":["post-25149","page","type-page","status-publish","hentry"],"_links":{"self":[{"href":"https:\/\/wp.ufpel.edu.br\/progep\/wp-json\/wp\/v2\/pages\/25149","targetHints":{"allow":["GET"]}}],"collection":[{"href":"https:\/\/wp.ufpel.edu.br\/progep\/wp-json\/wp\/v2\/pages"}],"about":[{"href":"https:\/\/wp.ufpel.edu.br\/progep\/wp-json\/wp\/v2\/types\/page"}],"author":[{"embeddable":true,"href":"https:\/\/wp.ufpel.edu.br\/progep\/wp-json\/wp\/v2\/users\/21"}],"replies":[{"embeddable":true,"href":"https:\/\/wp.ufpel.edu.br\/progep\/wp-json\/wp\/v2\/comments?post=25149"}],"version-history":[{"count":9,"href":"https:\/\/wp.ufpel.edu.br\/progep\/wp-json\/wp\/v2\/pages\/25149\/revisions"}],"predecessor-version":[{"id":34136,"href":"https:\/\/wp.ufpel.edu.br\/progep\/wp-json\/wp\/v2\/pages\/25149\/revisions\/34136"}],"wp:attachment":[{"href":"https:\/\/wp.ufpel.edu.br\/progep\/wp-json\/wp\/v2\/media?parent=25149"}],"curies":[{"name":"wp","href":"https:\/\/api.w.org\/{rel}","templated":true}]}}