{"id":25122,"date":"2023-11-07T09:08:26","date_gmt":"2023-11-07T12:08:26","guid":{"rendered":"https:\/\/wp.ufpel.edu.br\/progep\/?page_id=25122"},"modified":"2025-06-30T14:54:52","modified_gmt":"2025-06-30T17:54:52","slug":"formacao-de-secretarios-de-colegiado-de-graduacao-2","status":"publish","type":"page","link":"https:\/\/wp.ufpel.edu.br\/progep\/formacao-de-secretarios-de-colegiado-de-graduacao-2\/","title":{"rendered":"Capacita\u00e7\u00e3o: Forma\u00e7\u00e3o de Secret\u00e1rios de Colegiados dos Cursos de Gradua\u00e7\u00e3o"},"content":{"rendered":"<table style=\"border-collapse: collapse;width: 100%\" border=\"1\">\n<tbody>\n<tr>\n<td style=\"width: 100%;background-color: #f5f5f5;text-align: justify\">Aten\u00e7\u00e3o: O primeiro encontro foi transferido para o dia <span style=\"color: #ff0000\">05\/12\/2023<\/span>. O novo hor\u00e1rio e local ser\u00e3o informados nesta p\u00e1gina e por e-mail aos inscritos. Nos demais dias, seguem normalmente.<\/td>\n<\/tr>\n<\/tbody>\n<\/table>\n<p>A Coordena\u00e7\u00e3o de Desenvolvimento de Pessoal, da PROGEP, em parceria com a Pr\u00f3-Reitoria de Ensino (PRE), realizar\u00e1 a Forma\u00e7\u00e3o de Secret\u00e1rios de Colegiados dos Cursos de Gradua\u00e7\u00e3o no intuito de ampliar os conhecimentos sobre as rotinas administrativas. O curso visa ampliar o conhecimento sobre as rotinas administrativas com \u00eanfase nas secretarias dos colegiados. A capacita\u00e7\u00e3o ainda pretende aprofundar os conhecimentos acerca dos procedimentos e atribui\u00e7\u00f5es das secretarias e proporcionar um espa\u00e7o de esclarecimento de d\u00favidas existentes e de troca de experi\u00eancias entre as secretarias.<\/p>\n<p><strong>Ministrantes:<br \/>\n<\/strong>29\/11 &#8211; <strong>PRAE<\/strong>: Lisandra Berni Os\u00f3rio (Pr\u00f3-Reitoria de Assuntos Estudantis -PRAE)<br \/>\n30\/11 e 01\/12 &#8211; <strong>CRA<\/strong>: Emileni Tessmer (Coordena\u00e7\u00e3o de Registros Acad\u00eamicos &#8211; CRA)<br \/>\n05\/12 &#8211; <strong>SGTIC<\/strong>:\u00a0Julio Balzano de Mattos, Henrique Vianna (Superintend\u00eancia de Gest\u00e3o de Tecnologia da Informa\u00e7\u00e3o e Comunica\u00e7\u00e3o -SGTIC)<br \/>\nHenrique Avila Vianna<br \/>\nDi\u00f3rgenes Yuri Leal da Rosa<br \/>\nEduardo Maro\u00f1as Monks<\/p>\n<p><b>Modalidade: <\/b>Presencial<\/p>\n<p><strong>Local de realiza\u00e7\u00e3o:<\/strong><br \/>\n<span style=\"background-color: #ffffff\">Dias <strong><del>\u00a028 <\/del>,<\/strong>\u00a0<strong>29, 30\/11- <\/strong>Audit\u00f3rio Acad\u00eamico do Campus Anglo, 4\u00ba andar, <span style=\"color: #ff0000\">(A aula do dia 28 foi transferida para <strong>05\/12\/2023<\/strong>)<\/span><br \/>\nDia <strong>1\u00ba\/12\u00a0<\/strong>&#8211; Sala 434 do Campus Anglo<\/span><\/p>\n<p><strong>Carga hor\u00e1ria:<\/strong> 20 horas<\/p>\n<p class=\"v1MsoNormal\"><strong>Per\u00edodo<\/strong>: 28 de novembro a 1\u00ba <span style=\"background-color: #ffffff\">de dezembro, nos seguintes dias e hor\u00e1rios:<\/span><\/p>\n<p class=\"v1MsoNormal\"><span style=\"color: #999999\"><span style=\"color: #808080\"><del><strong>28\/11 <\/strong><\/del><\/span>(<\/span><span style=\"background-color: #ffffff\">ter\u00e7a-feira): das 08h30 \u00e0s 12h &#8211; <span style=\"color: #ff0000\">remarcada para 05\/12<\/span><br \/>\n<\/span><span style=\"background-color: #ffffff\"><strong>29\/11 <\/strong>(quarta-feira): das 08h30 \u00e0s 12h<br \/>\n<\/span><span style=\"background-color: #ffffff\"><strong>30\/11 <\/strong>(quinta-feira): das 08h \u00e0s 12h<br \/>\n<strong>1\u00ba\/12 <\/strong>(sexta-feira): das 08h \u00e0s 12h<\/span><\/p>\n<p><strong>S\u00famula<\/strong>:<\/p>\n<p><strong><u>PRAE:<\/u><\/strong><\/p>\n<p>Gesto a.colheDOR: raz\u00f5es e sensibilidades nos encontros da vida na Universidade. Quando os afetos pedem passagem; raz\u00f5es e sensibilidades de uma sa\u00fade na universidade;<\/p>\n<p>&nbsp;<\/p>\n<p><strong><u>CRA<\/u><\/strong><\/p>\n<ul>\n<li>Documentos\/legisla\u00e7\u00f5es\/portarias\/decretos que influenciam nas atividades acad\u00eamico-administrativas;<\/li>\n<li>Matr\u00edcula (matr\u00edcula de ingressantes, aproveitamento de ingressantes, listagem dos ingressantes, corre\u00e7\u00e3o de matr\u00edcula, matr\u00edcula especial), atividades isoladas (o que s\u00e3o, como proceder);<\/li>\n<li>Aproveitamento de estudos (quem deve preencher qual formul\u00e1rio, quais documentos necess\u00e1rios, para onde enviar); Equival\u00eancia e aproveitamento (quais as diferen\u00e7as entre os dois, quais procedimentos realizar) \u2013 Ap\u00f3s resultados, melhor maneira de divulgar ao aluno (encaminhar email pelo processo para ficar o registro);<\/li>\n<li>Ofertas de disciplinas (como criar, inserir hor\u00e1rios e professores, solicita\u00e7\u00e3o de oferta a outras unidades, banco universal);<\/li>\n<li>N\u00famero de vagas nas ofertas de disciplinas (m\u00ednimo de vagas, apontar para o Regulamento do Ensino de Gradua\u00e7\u00e3o);<\/li>\n<li>Cadastro das cargas-hor\u00e1rias dos professores (regente\/respons\u00e1vel da\/pela turma, divis\u00e3o da carga hor\u00e1ria de uma turma entre v\u00e1rios professores);<\/li>\n<li>Disciplinas\/caracteriza\u00e7\u00f5es (quais documentos seguir, quando realizar o preenchimento das caracteriza\u00e7\u00f5es, como realizar mudan\u00e7as nas caracteriza\u00e7\u00f5es);<\/li>\n<li>Relat\u00f3rios poss\u00edveis de gerar pelo Cobalto e que informa\u00e7\u00f5es trazem;<\/li>\n<li>Est\u00e1gio obrigat\u00f3rio e n\u00e3o obrigat\u00f3rio (quais documentos s\u00e3o necess\u00e1rios, onde encontrar esses documentos, para quem encaminhar, onde registrar); Seguro de est\u00e1gio; PRE<\/li>\n<li>Atestados m\u00e9dicos e processos da per\u00edcia m\u00e9dica de discentes (procedimentos e encaminhamentos); CSQV<\/li>\n<li>RED &#8211; Regime exerc\u00edcio domiciliar (como proceder quando receber o processo); CSQV<\/li>\n<li>Trabalho de conclus\u00e3o de curso (documentos necess\u00e1rios, ficha de registro de entrega dos volumes, para onde enviar o arquivo digital do TCC, recomenda\u00e7\u00f5es); CEC<\/li>\n<li>Formaturas (como cadastrar, que orienta\u00e7\u00f5es dar aos alunos, quem deve fazer o que, encargos do secret\u00e1rio e do coordenador); PRAE\/CCS<\/li>\n<\/ul>\n<p>&nbsp;<\/p>\n<p><strong><u>SGTIC<br \/>\n<\/u><\/strong>Sistema SEI: cria\u00e7\u00e3o de processos, acompanhamento especial;\u00a0Wordpress e portal institucional<\/p>\n<p>&nbsp;<\/p>\n<p><b><strong>Avalia\u00e7\u00e3o: <\/strong><\/b>Frequ\u00eancia m\u00ednima de 75%.<\/p>\n<p class=\"v1MsoNormal\"><strong>P\u00fablico Alvo<\/strong>: Secret\u00e1rios de Colegiados dos cursos de Gradua\u00e7\u00e3o*<\/p>\n<p><strong>Per\u00edodo de inscri\u00e7\u00e3o<\/strong>: 10\/11 a 23\/11\/2023<\/p>\n<p><strong>Divulga\u00e7\u00e3o das inscri\u00e7\u00f5es homologadas<\/strong>: 24\/11**, nesta p\u00e1gina no per\u00edodo da tarde.<\/p>\n<p>*Considerando a Pol\u00edtica Nacional de Desenvolvimento de Pessoas, conforme Decreto n\u00ba 9.991\/19, somente ser\u00e3o certificados os servidores p\u00fablicos pertencentes ao Quadro Efetivo da UFPel.<\/p>\n<p>** Quando homologadas as inscri\u00e7\u00f5es, os selecionados receber\u00e3o e-mail de confirma\u00e7\u00e3o.<\/p>\n<p><span style=\"color: #ff6600\"><strong><a style=\"color: #ff6600\" href=\"https:\/\/wp.ufpel.edu.br\/progep\/files\/2023\/11\/Homologados-Formacao-de-Secretarios-de-Colegiados-dos-Cursos-de-Graduacao.pdf\" target=\"_blank\" rel=\"noopener\">INSCRI\u00c7\u00d5ES HOMOLOGADAS<\/a><\/strong><\/span><\/p>\n","protected":false},"excerpt":{"rendered":"<p>Aten\u00e7\u00e3o: O primeiro encontro foi transferido para o dia 05\/12\/2023. O novo hor\u00e1rio e local ser\u00e3o informados nesta p\u00e1gina e por e-mail aos inscritos. Nos demais dias, seguem normalmente. A Coordena\u00e7\u00e3o de Desenvolvimento de Pessoal, da PROGEP, em parceria com a Pr\u00f3-Reitoria de Ensino (PRE), realizar\u00e1 a Forma\u00e7\u00e3o de Secret\u00e1rios de Colegiados dos Cursos de [&hellip;]<\/p>\n","protected":false},"author":21,"featured_media":0,"parent":0,"menu_order":0,"comment_status":"closed","ping_status":"closed","template":"","meta":{"footnotes":""},"class_list":["post-25122","page","type-page","status-publish","hentry"],"_links":{"self":[{"href":"https:\/\/wp.ufpel.edu.br\/progep\/wp-json\/wp\/v2\/pages\/25122","targetHints":{"allow":["GET"]}}],"collection":[{"href":"https:\/\/wp.ufpel.edu.br\/progep\/wp-json\/wp\/v2\/pages"}],"about":[{"href":"https:\/\/wp.ufpel.edu.br\/progep\/wp-json\/wp\/v2\/types\/page"}],"author":[{"embeddable":true,"href":"https:\/\/wp.ufpel.edu.br\/progep\/wp-json\/wp\/v2\/users\/21"}],"replies":[{"embeddable":true,"href":"https:\/\/wp.ufpel.edu.br\/progep\/wp-json\/wp\/v2\/comments?post=25122"}],"version-history":[{"count":25,"href":"https:\/\/wp.ufpel.edu.br\/progep\/wp-json\/wp\/v2\/pages\/25122\/revisions"}],"predecessor-version":[{"id":34135,"href":"https:\/\/wp.ufpel.edu.br\/progep\/wp-json\/wp\/v2\/pages\/25122\/revisions\/34135"}],"wp:attachment":[{"href":"https:\/\/wp.ufpel.edu.br\/progep\/wp-json\/wp\/v2\/media?parent=25122"}],"curies":[{"name":"wp","href":"https:\/\/api.w.org\/{rel}","templated":true}]}}