{"id":25096,"date":"2023-11-22T15:34:49","date_gmt":"2023-11-22T18:34:49","guid":{"rendered":"https:\/\/wp.ufpel.edu.br\/progep\/?page_id=25096"},"modified":"2025-06-30T14:55:02","modified_gmt":"2025-06-30T17:55:02","slug":"capacita-o-uso-do-chatgpt-no-escopo-da-universidade","status":"publish","type":"page","link":"https:\/\/wp.ufpel.edu.br\/progep\/capacita-o-uso-do-chatgpt-no-escopo-da-universidade\/","title":{"rendered":"Capacita\u00e7\u00e3o: Capacita: O uso do ChatGPT no escopo da Universidade"},"content":{"rendered":"<p><strong>Facilitador<\/strong>: Paulo Roberto Ferreira Jr (Docente no CDTEC\/UFPel e Pr\u00f3-Reitor de Planejamento e Desenvolvimento\/PROPLAN &#8211; UFPel)<\/p>\n<p><span style=\"font-size: 12pt\"><strong>Data de realiza\u00e7\u00e3o:<\/strong> 14\/12\/2023 (quinta-feira)<\/span><\/p>\n<p><strong>Hor\u00e1rio<\/strong>: das 14h \u00e0s 16h<\/p>\n<p><span style=\"font-size: 12pt\"><strong>Modalidade:<\/strong> presencial<\/span><\/p>\n<p><strong>Local<\/strong>: Audit\u00f3rio da Reitoria, campus Anglo da UFPel.<\/p>\n<p><strong>Ementa:<\/strong><br \/>\n1. Introdu\u00e7\u00e3o &#8211; Defini\u00e7\u00e3o do ChatGPT e Contextualiza\u00e7\u00e3o da intelig\u00eancia artificial;<br \/>\n2. Aplica\u00e7\u00f5es do ChatGPT na Universidade &#8211; Suporte acad\u00eamico e administrativo;<br \/>\n3. Desafios e Oportunidades &#8211; \u00c9tica e uso respons\u00e1vel;<br \/>\n4. Discuss\u00e3o &#8211; Compartilhamento de experi\u00eancias e insights.<\/p>\n<p><span style=\"font-size: 12pt\"><strong>P\u00fablico Alvo<\/strong>: Servidores docentes e TAEs ativos da UFPel*<\/span><\/p>\n<p><span style=\"font-size: 12pt\"><strong>Inscri\u00e7\u00f5es<\/strong>: at\u00e9 o dia 11\/12\/2023**<\/span><\/p>\n<p><strong style=\"color: var(--cor-texto);font-family: var(--fonte-corpo)\">Divulga\u00e7\u00e3o das inscri\u00e7\u00f5es homologadas<\/strong><span style=\"color: var(--cor-texto);font-family: var(--fonte-corpo)\">: 12\/12\/2023, nesta p\u00e1gina***<\/span><\/p>\n<p>*Considerando a Pol\u00edtica Nacional de Desenvolvimento de Pessoas, conforme Decreto n\u00ba 9.991\/19, somente ser\u00e3o certificados os servidores p\u00fablicos pertencentes ao Quadro Efetivo da UFPel;<br \/>\n**Vagas destinadas \u00e0 servidores pertencentes ao Quadro Efetivo da UFPel, preferencialmente;<br \/>\n*** Quando homologadas as inscri\u00e7\u00f5es, os selecionados receber\u00e3o e-mail de confirma\u00e7\u00e3o com instru\u00e7\u00f5es.<\/p>\n<p><span style=\"color: #ff6600\"><strong><a style=\"color: #ff6600\" href=\"https:\/\/wp.ufpel.edu.br\/progep\/files\/2023\/12\/Homologados-O-uso-do-ChatGPT-no-escopo-da-Universidade-14_12_2023.pdf\" target=\"_blank\" rel=\"noopener\">INSCRI\u00c7\u00d5ES HOMOLOGADAS<\/a><\/strong><\/span><\/p>\n","protected":false},"excerpt":{"rendered":"<p>Facilitador: Paulo Roberto Ferreira Jr (Docente no CDTEC\/UFPel e Pr\u00f3-Reitor de Planejamento e Desenvolvimento\/PROPLAN &#8211; UFPel) Data de realiza\u00e7\u00e3o: 14\/12\/2023 (quinta-feira) Hor\u00e1rio: das 14h \u00e0s 16h Modalidade: presencial Local: Audit\u00f3rio da Reitoria, campus Anglo da UFPel. Ementa: 1. Introdu\u00e7\u00e3o &#8211; Defini\u00e7\u00e3o do ChatGPT e Contextualiza\u00e7\u00e3o da intelig\u00eancia artificial; 2. Aplica\u00e7\u00f5es do ChatGPT na Universidade &#8211; [&hellip;]<\/p>\n","protected":false},"author":21,"featured_media":0,"parent":0,"menu_order":0,"comment_status":"closed","ping_status":"closed","template":"","meta":{"footnotes":""},"class_list":["post-25096","page","type-page","status-publish","hentry"],"_links":{"self":[{"href":"https:\/\/wp.ufpel.edu.br\/progep\/wp-json\/wp\/v2\/pages\/25096","targetHints":{"allow":["GET"]}}],"collection":[{"href":"https:\/\/wp.ufpel.edu.br\/progep\/wp-json\/wp\/v2\/pages"}],"about":[{"href":"https:\/\/wp.ufpel.edu.br\/progep\/wp-json\/wp\/v2\/types\/page"}],"author":[{"embeddable":true,"href":"https:\/\/wp.ufpel.edu.br\/progep\/wp-json\/wp\/v2\/users\/21"}],"replies":[{"embeddable":true,"href":"https:\/\/wp.ufpel.edu.br\/progep\/wp-json\/wp\/v2\/comments?post=25096"}],"version-history":[{"count":13,"href":"https:\/\/wp.ufpel.edu.br\/progep\/wp-json\/wp\/v2\/pages\/25096\/revisions"}],"predecessor-version":[{"id":34137,"href":"https:\/\/wp.ufpel.edu.br\/progep\/wp-json\/wp\/v2\/pages\/25096\/revisions\/34137"}],"wp:attachment":[{"href":"https:\/\/wp.ufpel.edu.br\/progep\/wp-json\/wp\/v2\/media?parent=25096"}],"curies":[{"name":"wp","href":"https:\/\/api.w.org\/{rel}","templated":true}]}}