{"id":25073,"date":"2023-10-30T12:34:16","date_gmt":"2023-10-30T15:34:16","guid":{"rendered":"https:\/\/wp.ufpel.edu.br\/progep\/?page_id=25073"},"modified":"2025-07-30T16:39:07","modified_gmt":"2025-07-30T19:39:07","slug":"convocacoes-edital-16-2023","status":"publish","type":"page","link":"https:\/\/wp.ufpel.edu.br\/progep\/convocacoes-edital-16-2023\/","title":{"rendered":"CONVOCA\u00c7\u00d5ES \u2013 EDITAL 16\/2023"},"content":{"rendered":"\n<div class=\"wp-block-group\"><div class=\"wp-block-group__inner-container is-layout-constrained wp-block-group-is-layout-constrained\">\n<div class=\"logoTituloModelStyle\"><img class=\"size-medium wp-image-27184 alignleft\" src=\"https:\/\/wp.ufpel.edu.br\/progep\/files\/2025\/03\/logo-progep_atualizacao-nome_AZUL.png\" style=\"padding:0\" alt=\"\" \/><\/p>\n<div style=\"padding: 2rem 0\"><strong>Convoca\u00e7\u00f5es &#8211; Edital 16\/2023<\/strong><\/div>\n<\/div>\n<hr class=\"hrModelStyle\" \/>\n<div class=\"descriptionModelStyle\">Acompanhe nesta p\u00e1gina a publica\u00e7\u00e3o dos\/as nomeados\/as para servidores\/as docentes na UFPEL.<\/div>\n<\/div><\/div>\n\n\n<div class=\"pagNomeacoesStyle\">\n<div class=\"cargosNomeConvStyle\">\n<div class=\"cargosTitleStyle\"> Cargos nesta p\u00e1gina:<\/div>\n<div class=\"tabelasRepoDoc\" style=\"color: black;text-align: center\">\n<span class=\"collapseomatic \" id=\"id69e73b8e6b114\"  tabindex=\"0\" title=\"Cargos deste edital\"    >Cargos deste edital<\/span><div id=\"target-id69e73b8e6b114\" class=\"collapseomatic_content \"> \n<div class=\"cargosStyle\">\n\n<p>Turismo<\/p>\n\n\n<p>Matem\u00e1tica Aplicada<\/p>\n\n\n<p>Cirurgia Proctol\u00f3gica<\/p>\n\n\n<p>Dent\u00edstica<\/p>\n\n\n<p>Fisiologia Humana<\/p>\n\n\n<p>Microbiologia Oral e Imunologia<\/p>\n\n\n<p>Engenharia de Petr\u00f3leo<\/p>\n\n\n<p>Terapia Ocupacional na Educa\u00e7\u00e3o e Cultura<\/p>\n\n<\/div>\n<\/div>\n\n<\/div>\n<\/div>\n<p> Confira a p\u00e1gina com as informa\u00e7\u00f5es a respeito do certame: <\/p>\n<p><a href=\"http:\/\/ces.ufpel.edu.br\/conctecadmed0016_2023\/\" target=\"_blank\">Certame do Edital 16\/2023<\/a><\/p>\n<div class=\"titleStyle\"><strong>Ampla Concorr\u00eancia<\/strong><\/div> \n\n<table id=\"tablepress-150\" class=\"tablepress tablepress-id-150\">\n<thead>\n<tr class=\"row-1\">\n\t<th class=\"column-1\">UNIDADE\/PROCESSO<\/th><th class=\"column-2\">CH<\/th><th class=\"column-3\">\u00c1REA<\/th><th class=\"column-4\">APROVADOS<br \/>\nCLASSIFICA\u00c7\u00c3O \/ NOME \/ <br \/>\nRESULTADO FINAL<\/th><th class=\"column-5\">SITUA\u00c7\u00c3O<\/th>\n<\/tr>\n<\/thead>\n<tbody class=\"row-striping row-hover\">\n<tr class=\"row-2\">\n\t<td class=\"column-1\"><strong>Centro de Ci\u00eancias S\u00f3cio-organizacionais \u2013 CCSO<\/strong><br \/>\n23110.029335\/2023-62<\/td><td class=\"column-2\">40h<\/td><td class=\"column-3\">Turismo<\/td><td class=\"column-4\">1\u00ba MAICON GULARTE MOREIRA<\/td><td class=\"column-5\">Convocado em 30\/10\/2023<\/td>\n<\/tr>\n<tr class=\"row-3\">\n\t<td class=\"column-1\"><strong>Centro de Engenharias \u2013 CENG<\/strong><br \/>\n23110.029320\/2023-02<\/td><td class=\"column-2\">40h\t<\/td><td class=\"column-3\">Matem\u00e1tica Aplicada<\/td><td class=\"column-4\">1\u00ba DANIELA DALLA CHIESA<\/td><td class=\"column-5\">Desist\u00eancia<\/td>\n<\/tr>\n<tr class=\"row-4\">\n\t<td class=\"column-1\"><strong>Faculdade de Medicina \u2013<br \/>\nFAMED<\/strong><br \/>\n23110.029220\/2023-78<\/td><td class=\"column-2\">40h<\/td><td class=\"column-3\">Cirurgia Proctol\u00f3gica<\/td><td class=\"column-4\">1\u00ba MARCELO ALEXANDRE PINTO DE BRITTO<\/td><td class=\"column-5\">Desist\u00eancia<\/td>\n<\/tr>\n<tr class=\"row-5\">\n\t<td class=\"column-1\"><strong>Faculdade de Odontologia \u2013 FO<\/strong><br \/>\n23110.029245\/2023-71<\/td><td class=\"column-2\">40h<\/td><td class=\"column-3\">Dent\u00edstica<\/td><td class=\"column-4\">1\u00ba LISIA LOREA VALENTE<\/td><td class=\"column-5\">Convocada em 01\/11\/2023<\/td>\n<\/tr>\n<tr class=\"row-6\">\n\t<td class=\"column-1\"><\/td><td class=\"column-2\"><\/td><td class=\"column-3\"><\/td><td class=\"column-4\">2\u00ba CAMILA GON\u00c7ALVES DUARTE<\/td><td class=\"column-5\"><s>Convocada em 11\/07\/2024<\/s><br \/>\nDesist\u00eancia<\/td>\n<\/tr>\n<tr class=\"row-7\">\n\t<td class=\"column-1\"><\/td><td class=\"column-2\"><\/td><td class=\"column-3\"><\/td><td class=\"column-4\">3\u00ba ANALICE DA CUNHA ROCHA MIRANDA<\/td><td class=\"column-5\">Convocada em 26\/07\/2024<\/td>\n<\/tr>\n<tr class=\"row-8\">\n\t<td class=\"column-1\"><strong>Instituto de Biologia \u2013 IB<\/strong><br \/>\n23110.024795\/2023-02<\/td><td class=\"column-2\">40h<\/td><td class=\"column-3\">Fisiologia Humana<\/td><td class=\"column-4\">1\u00ba JULIANA DA SILVA FONSECA<\/td><td class=\"column-5\">Convocada em 01\/11\/2023<\/td>\n<\/tr>\n<tr class=\"row-9\">\n\t<td class=\"column-1\"><\/td><td class=\"column-2\"><\/td><td class=\"column-3\"><\/td><td class=\"column-4\">2\u00ba WELLINGTON DE ALMEIDA<\/td><td class=\"column-5\"><\/td>\n<\/tr>\n<tr class=\"row-10\">\n\t<td class=\"column-1\"><\/td><td class=\"column-2\"><\/td><td class=\"column-3\"><\/td><td class=\"column-4\">3\u00ba MARIANA DA FONTOURA MARTINS<\/td><td class=\"column-5\"><\/td>\n<\/tr>\n<tr class=\"row-11\">\n\t<td class=\"column-1\"><\/td><td class=\"column-2\"><\/td><td class=\"column-3\"><\/td><td class=\"column-4\">4\u00ba ANA PAULA DA SILVA FERREIRA<\/td><td class=\"column-5\"><\/td>\n<\/tr>\n<tr class=\"row-12\">\n\t<td class=\"column-1\"><\/td><td class=\"column-2\"><\/td><td class=\"column-3\"><\/td><td class=\"column-4\">5\u00ba GLAUCO DA SILVA CAON<\/td><td class=\"column-5\"><\/td>\n<\/tr>\n<tr class=\"row-13\">\n\t<td class=\"column-1\"><strong>Instituto de Biologia \u2013 IB<\/strong><br \/>\n23110.029319\/2023-70<\/td><td class=\"column-2\">40h<\/td><td class=\"column-3\">Microbiologia Oral e<br \/>\nImunologia<\/td><td class=\"column-4\">1\u00ba NEIDA LUCIA CONRAD<\/td><td class=\"column-5\"><\/td>\n<\/tr>\n<tr class=\"row-14\">\n\t<td class=\"column-1\"><\/td><td class=\"column-2\"><\/td><td class=\"column-3\"><\/td><td class=\"column-4\">2\u00ba PALOMA TABORDA BIRMANN<\/td><td class=\"column-5\"><\/td>\n<\/tr>\n<tr class=\"row-15\">\n\t<td class=\"column-1\"><\/td><td class=\"column-2\"><\/td><td class=\"column-3\"><\/td><td class=\"column-4\">3\u00ba KAMILA FURTADO DA CUNHA<\/td><td class=\"column-5\"><\/td>\n<\/tr>\n<tr class=\"row-16\">\n\t<td class=\"column-1\"><\/td><td class=\"column-2\"><\/td><td class=\"column-3\"><\/td><td class=\"column-4\">4\u00ba DEBORA RODRIGUES SILVEIRA<\/td><td class=\"column-5\"><\/td>\n<\/tr>\n<tr class=\"row-17\">\n\t<td class=\"column-1\"><\/td><td class=\"column-2\"><\/td><td class=\"column-3\"><\/td><td class=\"column-4\">5\u00ba ROBERTA GIORGI SILVEIRA<\/td><td class=\"column-5\">Convocada pela reserva de cotas em 01\/11\/2023<\/td>\n<\/tr>\n<tr class=\"row-18\">\n\t<td class=\"column-1\"><strong>Centro de Engenharias \u2013 CENG<\/strong><br \/>\n23110.026218\/2023-47<\/td><td class=\"column-2\">40h<\/td><td class=\"column-3\">Engenharia de Petr\u00f3leo<\/td><td class=\"column-4\">1\u00ba ROSBERGUER DE<br \/>\nALMEIDA CAMARGO<\/td><td class=\"column-5\">Convocado pela reserva de cotas em 01\/11\/2023<\/td>\n<\/tr>\n<tr class=\"row-19\">\n\t<td class=\"column-1\"><\/td><td class=\"column-2\"><\/td><td class=\"column-3\"><\/td><td class=\"column-4\">2\u00ba ALESSANDRA BRITO LEAL<\/td><td class=\"column-5\"><\/td>\n<\/tr>\n<tr class=\"row-20\">\n\t<td class=\"column-1\"><strong>Faculdade de Medicina \u2013<br \/>\nFAMED\/ <\/strong><br \/>\n23110.026186\/2023-80<\/td><td class=\"column-2\">40h<\/td><td class=\"column-3\">Terapia Ocupacional na Educa\u00e7\u00e3o e Cultura<\/td><td class=\"column-4\">1\u00ba CASSANDRA DA SILVA FONSECA<\/td><td class=\"column-5\">Desist\u00eancia<\/td>\n<\/tr>\n<\/tbody>\n<\/table>\n\n<div class=\"titleStyle\"><strong> COTAS RACIAIS<\/strong><\/div>\n\n<table id=\"tablepress-151\" class=\"tablepress tablepress-id-151\">\n<thead>\n<tr class=\"row-1\">\n\t<th class=\"column-1\">UNIDADE\/PROCESSO<\/th><th class=\"column-2\">CH<\/th><th class=\"column-3\">\u00c1REA<\/th><th class=\"column-4\">APROVADOS<br \/>\n<br \/>\nCLASSIFICA\u00c7\u00c3O \/ NOME \/<br \/>\n<br \/>\nRESULTADO FINAL<\/th><th class=\"column-5\">SITUA\u00c7\u00c3O<\/th>\n<\/tr>\n<\/thead>\n<tbody class=\"row-striping row-hover\">\n<tr class=\"row-2\">\n\t<td class=\"column-1\"><strong>Centro de Engenharias \u2013 CENG<\/strong><br \/>\n23110.026218\/2023-47\t<\/td><td class=\"column-2\">40h<\/td><td class=\"column-3\">Engenharia de Petr\u00f3leo<\/td><td class=\"column-4\">1\u00ba ROSBERGUER DE<br \/>\nALMEIDA CAMARGO<\/td><td class=\"column-5\">Convocado pela reserva de cotas em 01\/11\/2023 <\/td>\n<\/tr>\n<\/tbody>\n<\/table>\n\n<div class=\"titleStyle\"><strong> COTAS PCD<\/strong><\/div>\n\n<table id=\"tablepress-152\" class=\"tablepress tablepress-id-152\">\n<thead>\n<tr class=\"row-1\">\n\t<th class=\"column-1\">UNIDADE\/PROCESSO<\/th><th class=\"column-2\">CH<\/th><th class=\"column-3\">\u00c1REA<\/th><th class=\"column-4\">APROVADOS<br \/>\n<br \/>\nCLASSIFICA\u00c7\u00c3O \/ NOME \/<br \/>\n<br \/>\nRESULTADO FINAL<\/th><th class=\"column-5\">SITUA\u00c7\u00c3O<\/th>\n<\/tr>\n<\/thead>\n<tbody class=\"row-striping row-hover\">\n<tr class=\"row-2\">\n\t<td class=\"column-1\"><strong>Instituto de Biologia \u2013 IB<\/strong><br \/>\n23110.029319\/2023-70<\/td><td class=\"column-2\">40h<\/td><td class=\"column-3\">Microbiologia Oral e<br \/>\nImunologia<\/td><td class=\"column-4\">1\u00ba ROBERTA GIORGI<br \/>\nSILVEIRA<\/td><td class=\"column-5\">Convocada pela reserva de cotas em 01\/11\/2023<\/td>\n<\/tr>\n<\/tbody>\n<\/table>\n\n<\/div>\n\n","protected":false},"excerpt":{"rendered":"<p>Convoca\u00e7\u00f5es &#8211; Edital 16\/2023 Acompanhe nesta p\u00e1gina a publica\u00e7\u00e3o dos\/as nomeados\/as para servidores\/as docentes na UFPEL. Cargos nesta p\u00e1gina: Confira a p\u00e1gina com as informa\u00e7\u00f5es a respeito do certame: Certame do Edital 16\/2023 Ampla Concorr\u00eancia COTAS RACIAIS COTAS PCD<\/p>\n","protected":false},"author":52,"featured_media":0,"parent":0,"menu_order":0,"comment_status":"closed","ping_status":"closed","template":"","meta":{"footnotes":""},"class_list":["post-25073","page","type-page","status-publish","hentry"],"_links":{"self":[{"href":"https:\/\/wp.ufpel.edu.br\/progep\/wp-json\/wp\/v2\/pages\/25073","targetHints":{"allow":["GET"]}}],"collection":[{"href":"https:\/\/wp.ufpel.edu.br\/progep\/wp-json\/wp\/v2\/pages"}],"about":[{"href":"https:\/\/wp.ufpel.edu.br\/progep\/wp-json\/wp\/v2\/types\/page"}],"author":[{"embeddable":true,"href":"https:\/\/wp.ufpel.edu.br\/progep\/wp-json\/wp\/v2\/users\/52"}],"replies":[{"embeddable":true,"href":"https:\/\/wp.ufpel.edu.br\/progep\/wp-json\/wp\/v2\/comments?post=25073"}],"version-history":[{"count":13,"href":"https:\/\/wp.ufpel.edu.br\/progep\/wp-json\/wp\/v2\/pages\/25073\/revisions"}],"predecessor-version":[{"id":35631,"href":"https:\/\/wp.ufpel.edu.br\/progep\/wp-json\/wp\/v2\/pages\/25073\/revisions\/35631"}],"wp:attachment":[{"href":"https:\/\/wp.ufpel.edu.br\/progep\/wp-json\/wp\/v2\/media?parent=25073"}],"curies":[{"name":"wp","href":"https:\/\/api.w.org\/{rel}","templated":true}]}}