{"id":24999,"date":"2023-10-23T11:00:20","date_gmt":"2023-10-23T14:00:20","guid":{"rendered":"https:\/\/wp.ufpel.edu.br\/progep\/?page_id=24999"},"modified":"2025-05-16T11:02:08","modified_gmt":"2025-05-16T14:02:08","slug":"ciclo-de-atividades-de-educacao-antirracista-da-ufpel-historia-e-ancestralidade-acoes-para-uma-pratica-antirracista","status":"publish","type":"page","link":"https:\/\/wp.ufpel.edu.br\/progep\/ciclo-de-atividades-de-educacao-antirracista-da-ufpel-historia-e-ancestralidade-acoes-para-uma-pratica-antirracista\/","title":{"rendered":"Capacita\u00e7\u00e3o: Ciclo de Atividades de Educa\u00e7\u00e3o Antirracista da UFPel &#8211; Hist\u00f3ria e Ancestralidade: a\u00e7\u00f5es para uma pr\u00e1tica antirracista"},"content":{"rendered":"<p style=\"text-align: left\"><strong>Data: <\/strong>31 de outubro de 2023 (ter\u00e7a-feira)<\/p>\n<p style=\"text-align: left\"><strong>Modalidade:<\/strong> Presencial<\/p>\n<p>\u2022 <strong>Atividade 1<\/strong> &#8211; Hist\u00f3ria e Ancestralidade: a\u00e7\u00f5es para uma pr\u00e1tica antirracista<br \/>\n<strong>&#8211; <\/strong><span style=\"text-decoration: underline\"><strong>Palestrante<\/strong><\/span>: Ma. Ledeci Lessa Coutinho<br \/>\n<strong>&#8211; <\/strong><span style=\"text-decoration: underline\"><strong>Hor\u00e1rio<\/strong><\/span>: 14h<\/p>\n<p>\u2022 <strong>Atividade 2<\/strong> &#8211; Pol\u00edticas e Po\u00e9ticas: a\u00e7\u00f5es para uma pr\u00e1tica antirracista<br \/>\n<strong>&#8211; <\/strong><span style=\"text-decoration: underline\"><strong>Palestrante<\/strong><\/span>: Dra. Marielda Barcellos Medeiros<br \/>\n<strong>&#8211; <\/strong><span style=\"text-decoration: underline\"><strong>Hor\u00e1rio<\/strong><\/span>: 16h<\/p>\n<p><strong>Local:<\/strong> Audit\u00f3rio Acad\u00eamico, campus Anglo &#8211; UFPel<\/p>\n<p><strong>P\u00fablico Alvo<\/strong>: Servidores docentes e TAEs ativos*<\/p>\n<p><strong>Inscri\u00e7\u00f5es<\/strong>: at\u00e9 29\/10\/2023<\/p>\n<p><strong>Divulga\u00e7\u00e3o das inscri\u00e7\u00f5es homologadas<\/strong>: 30\/10**, nesta p\u00e1gina.<\/p>\n<p>*Considerando a Pol\u00edtica Nacional de Desenvolvimento de Pessoas, conforme Decreto n\u00ba 9.991\/19, somente ser\u00e3o certificados os servidores p\u00fablicos pertencentes ao Quadro Efetivo da UFPel;<br \/>\n**Vagas destinadas \u00e0 servidores pertencentes ao Quadro Efetivo da UFPel, preferencialmente;<br \/>\n*** Quando homologadas as inscri\u00e7\u00f5es, os selecionados receber\u00e3o e-mail de confirma\u00e7\u00e3o com instru\u00e7\u00f5es.<\/p>\n<p><strong style=\"color: #ff6600;font-family: var(--fonte-corpo)\"><span style=\"color: #ff6600\"><a style=\"color: #ff6600\" href=\"https:\/\/wp.ufpel.edu.br\/progep\/files\/2023\/10\/Homologados-Ciclo-de-Atividades-de-Educacao-Antirracista-da-UFPel-Historia-e-Ancestralidade-31-10-2023.pdf\" target=\"_blank\" rel=\"noopener\">INSCRI\u00c7\u00d5ES HOMOLOGADAS<\/a><\/span><\/strong><\/p>\n","protected":false},"excerpt":{"rendered":"<p>Data: 31 de outubro de 2023 (ter\u00e7a-feira) Modalidade: Presencial \u2022 Atividade 1 &#8211; Hist\u00f3ria e Ancestralidade: a\u00e7\u00f5es para uma pr\u00e1tica antirracista &#8211; Palestrante: Ma. Ledeci Lessa Coutinho &#8211; Hor\u00e1rio: 14h \u2022 Atividade 2 &#8211; Pol\u00edticas e Po\u00e9ticas: a\u00e7\u00f5es para uma pr\u00e1tica antirracista &#8211; Palestrante: Dra. Marielda Barcellos Medeiros &#8211; Hor\u00e1rio: 16h Local: Audit\u00f3rio Acad\u00eamico, campus [&hellip;]<\/p>\n","protected":false},"author":21,"featured_media":0,"parent":0,"menu_order":0,"comment_status":"closed","ping_status":"closed","template":"","meta":{"footnotes":""},"class_list":["post-24999","page","type-page","status-publish","hentry"],"_links":{"self":[{"href":"https:\/\/wp.ufpel.edu.br\/progep\/wp-json\/wp\/v2\/pages\/24999","targetHints":{"allow":["GET"]}}],"collection":[{"href":"https:\/\/wp.ufpel.edu.br\/progep\/wp-json\/wp\/v2\/pages"}],"about":[{"href":"https:\/\/wp.ufpel.edu.br\/progep\/wp-json\/wp\/v2\/types\/page"}],"author":[{"embeddable":true,"href":"https:\/\/wp.ufpel.edu.br\/progep\/wp-json\/wp\/v2\/users\/21"}],"replies":[{"embeddable":true,"href":"https:\/\/wp.ufpel.edu.br\/progep\/wp-json\/wp\/v2\/comments?post=24999"}],"version-history":[{"count":16,"href":"https:\/\/wp.ufpel.edu.br\/progep\/wp-json\/wp\/v2\/pages\/24999\/revisions"}],"predecessor-version":[{"id":32610,"href":"https:\/\/wp.ufpel.edu.br\/progep\/wp-json\/wp\/v2\/pages\/24999\/revisions\/32610"}],"wp:attachment":[{"href":"https:\/\/wp.ufpel.edu.br\/progep\/wp-json\/wp\/v2\/media?parent=24999"}],"curies":[{"name":"wp","href":"https:\/\/api.w.org\/{rel}","templated":true}]}}