{"id":2495,"date":"2011-08-23T10:10:50","date_gmt":"2011-08-23T13:10:50","guid":{"rendered":"https:\/\/wp.ufpel.edu.br\/prgrh\/"},"modified":"2022-01-03T08:51:23","modified_gmt":"2022-01-03T11:51:23","slug":"jornadadetrabalho","status":"publish","type":"page","link":"https:\/\/wp.ufpel.edu.br\/progep\/administracao-de-pessoal\/jornadadetrabalho\/","title":{"rendered":"Jornada de Trabalho"},"content":{"rendered":"<p><strong>Frequ\u00eancia<\/strong><\/p>\n<p>\u00c9 de responsabilidade da Chefia imediata, o acompanhamento da frequ\u00eancia do servidor.<\/p>\n<p>O servidor dever\u00e1 registrar seu hor\u00e1rio de entrada e sa\u00edda de cada expediente de trabalho, bem como a entrada e a sa\u00edda do hor\u00e1rio de intervalo intrajornada.<\/p>\n<p>Prazo de entrega: 5\u00ba dia dia \u00fatil do m\u00eas subsequente.<\/p>\n<p>Perguntas e respostas:<br \/>\n<strong>1)<\/strong> Quem dever\u00e1 registrar o seu hor\u00e1rio de trabalho?<br \/>\nTodos os servidores, exceto os ocupantes de cargo de dire\u00e7\u00e3o de n\u00edvel CD-3 ou superior e os Professores da Carreira do Magist\u00e9rio Superior, bem como os servidores participantes do programa de gest\u00e3o, de que trata o \u00a7 6\u00ba do art. 6\u00ba do Decreto n\u00ba 1.590, de 10 de agosto de 1995.\u00a0 <span style=\"color: #808080\">(Art. 8\u00ba, IN 2\/2018)<\/span><\/p>\n<p><strong>2)<\/strong> De quanto tempo deve ser o intervalo para refei\u00e7\u00e3o?<br \/>\nO intervalo para refei\u00e7\u00e3o deve ser de no m\u00ednimo 1(uma) hora e no m\u00e1ximo 3(tr\u00eas) horas. <span style=\"color: #808080\">(Art. 5\u00ba, IN 2\/2018)<\/span><\/p>\n<p><strong>3)<\/strong> Qual o limite de horas o servidor poder\u00e1 ser dispensado de compensa\u00e7\u00e3o pela sua chefia para exames e consultas pr\u00f3prios ou de seus familiares\/dependentes?<br \/>\nI &#8211; 44 (quarenta e quatro) horas no ano, para os servidores p\u00fablicos submetidos \u00e0 jornada de trabalho de 8 (oito) horas di\u00e1rias;<br \/>\nII &#8211; 33 (trinta e tr\u00eas) horas no ano, para os servidores p\u00fablicos submetidos \u00e0 jornada de trabalho de 6 (seis) horas di\u00e1rias; e<br \/>\nIII &#8211; 22 (vinte e duas) horas no ano, para os servidores p\u00fablicos submetidos \u00e0 jornada de trabalho de 4 (quatro) horas di\u00e1rias. <span style=\"color: #808080\">(Art. 13, IN 2\/2018)<\/span><\/p>\n<p><span style=\"color: #ff0000\"><strong>Ambientes de Produ\u00e7\u00e3o SISREF:<\/strong><\/span><br \/>\nServidor &#8211; <a href=\"http:\/\/sisref.sigepe.gov.br\/sisref\/entrada.php\">http:\/\/sisref.sigepe.gov.br\/sisref\/entrada.php<\/a><br \/>\nChefia &#8211; <a href=\"http:\/\/sisref.sigepe.gov.br\/sisref\/chefia.php\">http:\/\/sisref.sigepe.gov.br\/sisref\/chefia.php<\/a><\/p>\n<p>Manual Operacional:<br \/>\n<a href=\"https:\/\/sisref.sigepe.gov.br\/sisref\/manual\/Manual_operacional_do_perfil_SERVIDOR_v5.4.pdf\">Servidor<\/a><br \/>\n<a href=\"https:\/\/sisref.sigepe.gov.br\/sisref\/manual\/Manual_operacional_do_perfil_CHEFIA_v5.4.pdf\">Chefia<\/a><\/p>\n<p><a href=\"https:\/\/wp.ufpel.edu.br\/progep\/administracao-de-pessoal\/jornadadetrabalho\/faq-sisref\/\"><strong>FAQ-SISREF<\/strong><\/a><\/p>\n<p><strong>Altera\u00e7\u00e3o de jornada<br \/>\n<\/strong>O servidor poder\u00e1 solicitar altera\u00e7\u00e3o de jornada com remunera\u00e7\u00e3o proporcional, a qual poder\u00e1 ser concedida ou revertida, a qualquer tempo, por conveni\u00eancia e oportunidade da administra\u00e7\u00e3o.<\/p>\n<p>N\u00e3o \u00e9 permitido o exerc\u00edcio de jornada reduzida por servidor que esteja investido em Cargo de Dire\u00e7\u00e3o ou percebendo Fun\u00e7\u00e3o Gratificada.<\/p>\n<p>O servidor que requerer a altera\u00e7\u00e3o da jornada de trabalho dever\u00e1 permanecer submetido \u00e0 jornada a que esteja atualmente sujeito at\u00e9 a data definida pela Portaria assinada pela autoridade m\u00e1xima da institui\u00e7\u00e3o.<\/p>\n<p><strong>Ac\u00famulo de cargos<\/strong><br \/>\n<a href=\"https:\/\/wp.ufpel.edu.br\/progep\/files\/2021\/07\/Oficio-Circular-Acumulacao-acima-de-60h.pdf\">Of\u00edcio Circular SEI n\u00ba 1\/2019\/CGCAR ASSES\/CGCAR\/DESEN\/SGP\/SEDGG-ME<\/a><\/p>\n<p><strong>Legisla\u00e7\u00e3o aplicada<br \/>\n<\/strong><a href=\"https:\/\/www.in.gov.br\/materia\/-\/asset_publisher\/Kujrw0TZC2Mb\/content\/id\/40731752\/do1-2018-09-13-instrucao-normativa-n-2-de-12-de-setembro-de-2018-40731584\">Instru\u00e7\u00e3o Normativa n\u00ba 2, de 12 de setembro de 2018<\/a><br \/>\n<a href=\"https:\/\/www.in.gov.br\/en\/web\/dou\/-\/instrucao-normativa-n-109-de-29-de-outubro-de-2020-285756030\">Instru\u00e7\u00e3o Normativa n\u00ba 109, de 29 de outubro de 2020<\/a><br \/>\n<a href=\"https:\/\/www.in.gov.br\/en\/web\/dou\/-\/instrucao-normativa-sgp\/sedgg\/me-n-125-de-3-de-dezembro-de-2020-294325234\">Instru\u00e7\u00e3o Normativa n\u00ba 125, de 03 de dezembro de 2020<\/a><\/p>\n","protected":false},"excerpt":{"rendered":"<p>Frequ\u00eancia \u00c9 de responsabilidade da Chefia imediata, o acompanhamento da frequ\u00eancia do servidor. O servidor dever\u00e1 registrar seu hor\u00e1rio de entrada e sa\u00edda de cada expediente de trabalho, bem como a entrada e a sa\u00edda do hor\u00e1rio de intervalo intrajornada. Prazo de entrega: 5\u00ba dia dia \u00fatil do m\u00eas subsequente. Perguntas e respostas: 1) Quem [&hellip;]<\/p>\n","protected":false},"author":52,"featured_media":0,"parent":308,"menu_order":0,"comment_status":"closed","ping_status":"closed","template":"","meta":{"footnotes":""},"class_list":["post-2495","page","type-page","status-publish","hentry"],"_links":{"self":[{"href":"https:\/\/wp.ufpel.edu.br\/progep\/wp-json\/wp\/v2\/pages\/2495","targetHints":{"allow":["GET"]}}],"collection":[{"href":"https:\/\/wp.ufpel.edu.br\/progep\/wp-json\/wp\/v2\/pages"}],"about":[{"href":"https:\/\/wp.ufpel.edu.br\/progep\/wp-json\/wp\/v2\/types\/page"}],"author":[{"embeddable":true,"href":"https:\/\/wp.ufpel.edu.br\/progep\/wp-json\/wp\/v2\/users\/52"}],"replies":[{"embeddable":true,"href":"https:\/\/wp.ufpel.edu.br\/progep\/wp-json\/wp\/v2\/comments?post=2495"}],"version-history":[{"count":30,"href":"https:\/\/wp.ufpel.edu.br\/progep\/wp-json\/wp\/v2\/pages\/2495\/revisions"}],"predecessor-version":[{"id":27575,"href":"https:\/\/wp.ufpel.edu.br\/progep\/wp-json\/wp\/v2\/pages\/2495\/revisions\/27575"}],"up":[{"embeddable":true,"href":"https:\/\/wp.ufpel.edu.br\/progep\/wp-json\/wp\/v2\/pages\/308"}],"wp:attachment":[{"href":"https:\/\/wp.ufpel.edu.br\/progep\/wp-json\/wp\/v2\/media?parent=2495"}],"curies":[{"name":"wp","href":"https:\/\/api.w.org\/{rel}","templated":true}]}}