{"id":24904,"date":"2023-10-17T09:21:41","date_gmt":"2023-10-17T12:21:41","guid":{"rendered":"https:\/\/wp.ufpel.edu.br\/progep\/?page_id=24904"},"modified":"2025-06-30T14:52:05","modified_gmt":"2025-06-30T17:52:05","slug":"sustentabilidade-nas-universidades-acoes-executadas-na-ufpel","status":"publish","type":"page","link":"https:\/\/wp.ufpel.edu.br\/progep\/sustentabilidade-nas-universidades-acoes-executadas-na-ufpel\/","title":{"rendered":"Capacita\u00e7\u00e3o: Sustentabilidade nas Universidades: A\u00e7\u00f5es executadas na UFPel"},"content":{"rendered":"<p><strong>Facilitadoras:<\/strong><br \/>\n&#8211; Rosaura Esp\u00edrito Santo da Silva (Docente do Curso de Gest\u00e3o Ambiental Bacharelado &#8211; UFPel)<br \/>\n&#8211; Tatiane Lotufo Leite (Chefe do N\u00facleo de Planejamento Ambiental &#8211; UFPel)<\/p>\n<p><b>Modalidade: <\/b>Online<\/p>\n<p><b>Data: <\/b>31\/10\/2023 (ter\u00e7a-feira)<\/p>\n<p><strong>Hor\u00e1rio<\/strong>: das 09h \u00e0s 11h<\/p>\n<p><strong>Realiza\u00e7\u00e3o: <\/strong>Plataforma Webconf &#8211; UFPel<\/p>\n<p><strong>Ementa<\/strong>:<br \/>\n1. Compromisso das universidades com o desenvolvimento sustent\u00e1vel no ensino, pesquisa e extens\u00e3o e na constitui\u00e7\u00e3o do cidad\u00e3o;<br \/>\n2. A responsabilidade com o desenvolvimento sustent\u00e1vel nas IES: escolha \u00e9tica e necessidade pr\u00e1tica;<br \/>\n3. A\u00e7\u00f5es sustent\u00e1veis na UFPel &#8211; Atua\u00e7\u00e3o do N\u00facleo de Planejamento Ambiental.<\/p>\n<p><strong>P\u00fablico Alvo<\/strong>: Servidores docentes e TAEs ativos*<\/p>\n<p><strong>Inscri\u00e7\u00f5es<\/strong>: at\u00e9 29\/10\/2023<\/p>\n<p><strong>Divulga\u00e7\u00e3o das inscri\u00e7\u00f5es homologadas<\/strong>: 30\/10\/2023***, nesta p\u00e1gina.<\/p>\n<p>*Considerando a Pol\u00edtica Nacional de Desenvolvimento de Pessoas, conforme Decreto n\u00ba 9.991\/19, somente ser\u00e3o certificados os servidores p\u00fablicos pertencentes ao Quadro Efetivo da UFPel.<br \/>\n**Vagas destinadas \u00e0 servidores pertencentes ao Quadro Efetivo da UFPel, preferencialmente.<br \/>\n***Quando homologadas as inscri\u00e7\u00f5es, os selecionados receber\u00e3o e-mail com mais informa\u00e7\u00f5es e instru\u00e7\u00f5es de acesso.<\/p>\n<p><span style=\"color: #ff0000\">Capacita\u00e7\u00e3o cancelada<\/span>.<\/p>\n","protected":false},"excerpt":{"rendered":"<p>Facilitadoras: &#8211; Rosaura Esp\u00edrito Santo da Silva (Docente do Curso de Gest\u00e3o Ambiental Bacharelado &#8211; UFPel) &#8211; Tatiane Lotufo Leite (Chefe do N\u00facleo de Planejamento Ambiental &#8211; UFPel) Modalidade: Online Data: 31\/10\/2023 (ter\u00e7a-feira) Hor\u00e1rio: das 09h \u00e0s 11h Realiza\u00e7\u00e3o: Plataforma Webconf &#8211; UFPel Ementa: 1. Compromisso das universidades com o desenvolvimento sustent\u00e1vel no ensino, pesquisa [&hellip;]<\/p>\n","protected":false},"author":21,"featured_media":0,"parent":0,"menu_order":0,"comment_status":"closed","ping_status":"closed","template":"","meta":{"footnotes":""},"class_list":["post-24904","page","type-page","status-publish","hentry"],"_links":{"self":[{"href":"https:\/\/wp.ufpel.edu.br\/progep\/wp-json\/wp\/v2\/pages\/24904","targetHints":{"allow":["GET"]}}],"collection":[{"href":"https:\/\/wp.ufpel.edu.br\/progep\/wp-json\/wp\/v2\/pages"}],"about":[{"href":"https:\/\/wp.ufpel.edu.br\/progep\/wp-json\/wp\/v2\/types\/page"}],"author":[{"embeddable":true,"href":"https:\/\/wp.ufpel.edu.br\/progep\/wp-json\/wp\/v2\/users\/21"}],"replies":[{"embeddable":true,"href":"https:\/\/wp.ufpel.edu.br\/progep\/wp-json\/wp\/v2\/comments?post=24904"}],"version-history":[{"count":8,"href":"https:\/\/wp.ufpel.edu.br\/progep\/wp-json\/wp\/v2\/pages\/24904\/revisions"}],"predecessor-version":[{"id":34131,"href":"https:\/\/wp.ufpel.edu.br\/progep\/wp-json\/wp\/v2\/pages\/24904\/revisions\/34131"}],"wp:attachment":[{"href":"https:\/\/wp.ufpel.edu.br\/progep\/wp-json\/wp\/v2\/media?parent=24904"}],"curies":[{"name":"wp","href":"https:\/\/api.w.org\/{rel}","templated":true}]}}