{"id":24892,"date":"2023-10-16T11:52:10","date_gmt":"2023-10-16T14:52:10","guid":{"rendered":"https:\/\/wp.ufpel.edu.br\/progep\/?page_id=24892"},"modified":"2025-08-14T15:13:24","modified_gmt":"2025-08-14T18:13:24","slug":"convocacoes-edital-14-2023","status":"publish","type":"page","link":"https:\/\/wp.ufpel.edu.br\/progep\/convocacoes-edital-14-2023\/","title":{"rendered":"Convoca\u00e7\u00f5es &#8211; Edital 14\/2023"},"content":{"rendered":"\n<div class=\"wp-block-group\"><div class=\"wp-block-group__inner-container is-layout-constrained wp-block-group-is-layout-constrained\">\n<div class=\"logoTituloModelStyle\"><img class=\"size-medium wp-image-27184 alignleft\" src=\"https:\/\/wp.ufpel.edu.br\/progep\/files\/2025\/03\/logo-progep_atualizacao-nome_AZUL.png\" alt=\"\" \/><\/p>\n<div style=\"padding: 2rem 0\"><strong>Convoca\u00e7\u00f5es &#8211; Edital 14\/2023<\/strong><\/div>\n<\/div>\n<hr class=\"hrModelStyle\" \/>\n<div class=\"descriptionModelStyle\">Acompanhe nesta p\u00e1gina a publica\u00e7\u00e3o dos\/as nomeados\/as para servidores\/as docentes na UFPEL.<\/div>\n<\/div><\/div>\n\n\n<div class=\"pagNomeacoesStyle\">\n<div class=\"cargosNomeConvStyle\">\n<div class=\"cargosTitleStyle\"> Cargos nesta p\u00e1gina:<\/div>\n<div class=\"tabelasRepoDoc\" style=\"color: black;text-align: center\">\n<span class=\"collapseomatic \" id=\"id69e75081c753c\"  tabindex=\"0\" title=\"Cargos deste edital\"    >Cargos deste edital<\/span><div id=\"target-id69e75081c753c\" class=\"collapseomatic_content \"> \n<div class=\"cargosStyle\">\n\n<p>Fotografia<\/p>\n\n\n<p>Fundamentos da Linguagem Visual e Dire\u00e7\u00e3o de Arte<\/p>\n\n\n<p>Qu\u00edmica Geral e Inorg\u00e2nica<\/p>\n\n\n<p>Farm\u00e1cia<\/p>\n\n\n<p>Controle e Matem\u00e1tica<\/p>\n\n\n<p>Direito Ambiental e Ci\u00eancias Ambientais<\/p>\n\n\n<p>Fisioterapia Hospitalar e Neurofuncional<\/p>\n\n\n<p>Tecnologia de Produtos de Origem Animal<\/p>\n\n\n<p>Herbologia<\/p>\n\n\n<p>Nutri\u00e7\u00e3o<\/p>\n\n\n<p>Teoria Antropol\u00f3gica<\/p>\n\n\n<p>Cartografia B\u00e1sica<\/p>\n\n\n<p>Ci\u00eancia Pol\u00edtica<\/p>\n\n\n<p>Rela\u00e7\u00f5es Internacionais<\/p>\n\n\n<p>Educa\u00e7\u00e3o Matem\u00e1tica<\/p>\n\n<\/div>\n<\/div>\n\n<\/div>\n<\/div>\n<p> Confira a p\u00e1gina com as informa\u00e7\u00f5es a respeito do certame: <\/p>\n<p><a href=\"http:\/\/ces.ufpel.edu.br\/conctecadmed0014_2023\/\" target=\"_blank\">Certame do Edital 14\/2023<\/a><\/p>\n<div class=\"titleStyle\"><strong>Ampla Concorr\u00eancia<\/strong><\/div> \n\n<table id=\"tablepress-153\" class=\"tablepress tablepress-id-153\">\n<thead>\n<tr class=\"row-1\">\n\t<th class=\"column-1\">UNIDADE\/PROCESSO<\/th><th class=\"column-2\">CH<\/th><th class=\"column-3\">\u00c1REA<\/th><th class=\"column-4\">APROVADOS<br \/>\n<br \/>\nCLASSIFICA\u00c7\u00c3O \/ NOME \/<br \/>\n<br \/>\nRESULTADO FINAL<\/th><th class=\"column-5\">SITUA\u00c7\u00c3O<\/th>\n<\/tr>\n<\/thead>\n<tbody class=\"row-striping row-hover\">\n<tr class=\"row-2\">\n\t<td class=\"column-1\"><strong>Centro de Artes \u2013 CA<\/strong><br \/>\n23110.003108\/2023-15<\/td><td class=\"column-2\">40h<\/td><td class=\"column-3\">Fotografia<\/td><td class=\"column-4\">1\u00ba J\u00c9SSICA FERNANDES DA PORCI\u00daNCULA<\/td><td class=\"column-5\">Convocada em 16\/10\/2023<\/td>\n<\/tr>\n<tr class=\"row-3\">\n\t<td class=\"column-1\"><\/td><td class=\"column-2\"><\/td><td class=\"column-3\"><\/td><td class=\"column-4\">2\u00ba PEDRO ELIAS PARENTE DA SILVEIRA<\/td><td class=\"column-5\">Convocado em 22\/07\/2024<\/td>\n<\/tr>\n<tr class=\"row-4\">\n\t<td class=\"column-1\"><\/td><td class=\"column-2\"><\/td><td class=\"column-3\"><\/td><td class=\"column-4\">3\u00ba. MATEUS BRUM DE ARMAS<\/td><td class=\"column-5\">Convocado em 17\/10\/2025<\/td>\n<\/tr>\n<tr class=\"row-5\">\n\t<td class=\"column-1\"><\/td><td class=\"column-2\"><\/td><td class=\"column-3\"><\/td><td class=\"column-4\">4\u00ba JULIA PETIZ PORTO<\/td><td class=\"column-5\"><\/td>\n<\/tr>\n<tr class=\"row-6\">\n\t<td class=\"column-1\"><strong>Centro de Artes \u2013 CA<\/strong><br \/>\n23110.025741\/2023-56<\/td><td class=\"column-2\">40h<\/td><td class=\"column-3\">Fundamentos da Linguagem Visual e Dire\u00e7\u00e3o de Arte<\/td><td class=\"column-4\">1\u00ba IGOR ARAUJO PORTO<\/td><td class=\"column-5\">Convocado em 08\/11\/2023<\/td>\n<\/tr>\n<tr class=\"row-7\">\n\t<td class=\"column-1\"><strong>Centro de Ci\u00eancias Qu\u00edmicas, Farmac\u00eauticas e de Alimentos \u2013 CCQFA<\/strong><br \/>\n23110.024760\/2023-65<\/td><td class=\"column-2\">40h<\/td><td class=\"column-3\">Qu\u00edmica Geral e Inorg\u00e2nica<\/td><td class=\"column-4\">1\u00ba FILIPE SOARES RONDAN<\/td><td class=\"column-5\">Convocado em 16\/10\/2023<\/td>\n<\/tr>\n<tr class=\"row-8\">\n\t<td class=\"column-1\"><\/td><td class=\"column-2\"><\/td><td class=\"column-3\"><\/td><td class=\"column-4\">2\u00ba BIANCA BARRETO MARTINS<\/td><td class=\"column-5\">Convocada em 21\/11\/2023<\/td>\n<\/tr>\n<tr class=\"row-9\">\n\t<td class=\"column-1\"><\/td><td class=\"column-2\"><\/td><td class=\"column-3\"><\/td><td class=\"column-4\">3\u00ba MARIA EDUARDA CONTREIRA<\/td><td class=\"column-5\">Convocada em 11\/12\/2023<\/td>\n<\/tr>\n<tr class=\"row-10\">\n\t<td class=\"column-1\"><strong>Centro de Ci\u00eancias Qu\u00edmicas,<br \/>\nFarmac\u00eauticas e de Alimentos \u2013<br \/>\nCCQFA<\/strong><br \/>\n23110.026833\/2023-53<\/td><td class=\"column-2\">40h<\/td><td class=\"column-3\">Farm\u00e1cia<\/td><td class=\"column-4\">1\u00ba FERNANDA SEVERO SABEDRA DE SOUSA<\/td><td class=\"column-5\">Convocada em 16\/10\/2023<\/td>\n<\/tr>\n<tr class=\"row-11\">\n\t<td class=\"column-1\"><strong>Centro de Engenharias \u2013 CENG<\/strong><br \/>\n23110.001799\/2023-12<\/td><td class=\"column-2\">40h<\/td><td class=\"column-3\">Controle e Matem\u00e1tica<\/td><td class=\"column-4\">1\u00ba MAUR\u00cdCIO FELIPE BEMFICA DE OLIVEIRA<\/td><td class=\"column-5\">Desist\u00eancia<\/td>\n<\/tr>\n<tr class=\"row-12\">\n\t<td class=\"column-1\"><strong>Centro de Integra\u00e7\u00e3o do Mercosul<br \/>\n\u2013 CIM<\/strong><br \/>\n23110.016876\/2023-21<\/td><td class=\"column-2\">40h<\/td><td class=\"column-3\">Direito Ambiental ou<br \/>\nCi\u00eancias Ambientais<\/td><td class=\"column-4\">1\u00ba BRUNO COZZA<br \/>\nSARAIVA<\/td><td class=\"column-5\">Convocado em 16\/10\/2023<\/td>\n<\/tr>\n<tr class=\"row-13\">\n\t<td class=\"column-1\"><strong>Escola Superior de Educa\u00e7\u00e3o<br \/>\nF\u00edsica \u2013 ESEF<\/strong><br \/>\n23110.022907\/2023-82<\/td><td class=\"column-2\">40h<\/td><td class=\"column-3\">Fisioterapia Hospitalar e<br \/>\nNeurofuncional<\/td><td class=\"column-4\">1\u00ba LUIZ ALBERTO FORGIARINI JUNIOR<\/td><td class=\"column-5\">Convocado em 16\/10\/2023<\/td>\n<\/tr>\n<tr class=\"row-14\">\n\t<td class=\"column-1\"><\/td><td class=\"column-2\"><\/td><td class=\"column-3\"><\/td><td class=\"column-4\">2\u00ba THAMIRES LORENZET CUNHA SEUS<\/td><td class=\"column-5\">Convocada em 07\/11\/2023<\/td>\n<\/tr>\n<tr class=\"row-15\">\n\t<td class=\"column-1\"><\/td><td class=\"column-2\"><\/td><td class=\"column-3\"><\/td><td class=\"column-4\">3\u00ba ELISA LETNNIN KAMINSKI<\/td><td class=\"column-5\">Convocada em 16\/02\/2024<\/td>\n<\/tr>\n<tr class=\"row-16\">\n\t<td class=\"column-1\"><strong>Faculdade de Agronomia Eliseu<br \/>\nMaciel \u2013 FAEM<\/strong><br \/>\n23110.026360\/2023-94<\/td><td class=\"column-2\">40h<\/td><td class=\"column-3\">Tecnologia de Produtos de<br \/>\nOrigem Animal<\/td><td class=\"column-4\">1\u00ba ROSANE LOPES CRIZEL<\/td><td class=\"column-5\">Convocada em 16\/10\/2023<\/td>\n<\/tr>\n<tr class=\"row-17\">\n\t<td class=\"column-1\"><\/td><td class=\"column-2\"><\/td><td class=\"column-3\"><\/td><td class=\"column-4\">2\u00ba ISABELA SCHNEID KRONING<\/td><td class=\"column-5\">Convocada em 18\/10\/2023<\/td>\n<\/tr>\n<tr class=\"row-18\">\n\t<td class=\"column-1\"><\/td><td class=\"column-2\"><\/td><td class=\"column-3\"><\/td><td class=\"column-4\">3\u00ba SILVIA LET\u00cdCIA RIVERO MEZA<\/td><td class=\"column-5\">Convocada em 02\/01\/2024<\/td>\n<\/tr>\n<tr class=\"row-19\">\n\t<td class=\"column-1\"><\/td><td class=\"column-2\"><\/td><td class=\"column-3\"><\/td><td class=\"column-4\">4\u00ba PATR\u00cdCIA BRUGNEROTTO<\/td><td class=\"column-5\">Convocada em 09\/02\/2024<\/td>\n<\/tr>\n<tr class=\"row-20\">\n\t<td class=\"column-1\"><\/td><td class=\"column-2\"><\/td><td class=\"column-3\"><\/td><td class=\"column-4\">5\u00ba MARIANA COSTA FERRAZ<\/td><td class=\"column-5\">Convocada em 10\/12\/2024<\/td>\n<\/tr>\n<tr class=\"row-21\">\n\t<td class=\"column-1\"><strong>Faculdade de Agronomia Eliseu<br \/>\nMaciel \u2013 FAEM<\/strong><br \/>\n23110.002128\/2023-61<\/td><td class=\"column-2\">40h<\/td><td class=\"column-3\">Herbologia<\/td><td class=\"column-4\">1\u00ba MARCUS VINICIUS FIPKE<\/td><td class=\"column-5\">Convocado em 16\/10\/2023<\/td>\n<\/tr>\n<tr class=\"row-22\">\n\t<td class=\"column-1\"><strong>Faculdade de Nutri\u00e7\u00e3o \u2013 FN<\/strong><br \/>\n23110.025999\/2023-52<\/td><td class=\"column-2\">40h<\/td><td class=\"column-3\">Nutri\u00e7\u00e3o<\/td><td class=\"column-4\">1\u00ba BIANCA DEL PONTE DA SILVA<\/td><td class=\"column-5\">Convocada em 16\/10\/2023<\/td>\n<\/tr>\n<tr class=\"row-23\">\n\t<td class=\"column-1\"><\/td><td class=\"column-2\"><\/td><td class=\"column-3\"><\/td><td class=\"column-4\">2\u00ba KARLA PEREIRA MACHADO<\/td><td class=\"column-5\">Convocada em 23\/10\/2024<\/td>\n<\/tr>\n<tr class=\"row-24\">\n\t<td class=\"column-1\"><\/td><td class=\"column-2\"><\/td><td class=\"column-3\"><\/td><td class=\"column-4\">3\u00ba VANUSA BELARMINO<\/td><td class=\"column-5\"><s>Convocada em 30\/12\/2024<\/s><br \/>\n(Desist\u00eancia)<\/td>\n<\/tr>\n<tr class=\"row-25\">\n\t<td class=\"column-1\"><strong>Instituto de Ci\u00eancias Humanas \u2013<br \/>\nICH<\/strong><br \/>\n23110.028074\/2023-63<\/td><td class=\"column-2\">40h<\/td><td class=\"column-3\">Teoria Antropol\u00f3gica<\/td><td class=\"column-4\">1\u00ba GUILLERMO STEFANO ROSA GOMEZ<\/td><td class=\"column-5\">Convocado em 16\/10\/2023<\/td>\n<\/tr>\n<tr class=\"row-26\">\n\t<td class=\"column-1\"><\/td><td class=\"column-2\"><\/td><td class=\"column-3\"><\/td><td class=\"column-4\">2\u00ba VINICIUS TEIXEIRA PINTO<\/td><td class=\"column-5\">Convocado em 16\/10\/2023<\/td>\n<\/tr>\n<tr class=\"row-27\">\n\t<td class=\"column-1\"><\/td><td class=\"column-2\"><\/td><td class=\"column-3\"><\/td><td class=\"column-4\">3\u00ba PATRICIA POSTALI CRUZ<\/td><td class=\"column-5\">Convocada em 15\/08\/2025<\/td>\n<\/tr>\n<tr class=\"row-28\">\n\t<td class=\"column-1\"><\/td><td class=\"column-2\"><\/td><td class=\"column-3\"><\/td><td class=\"column-4\">4\u00ba ERIC SILVEIRA BATISTA BARRETO<\/td><td class=\"column-5\">Convocado em 19\/08\/2025<\/td>\n<\/tr>\n<tr class=\"row-29\">\n\t<td class=\"column-1\"><strong>Instituto de Ci\u00eancias Humanas \u2013<br \/>\nICH<\/strong><br \/>\n23110.026407\/2023-10<\/td><td class=\"column-2\">40h<\/td><td class=\"column-3\">Cartografia B\u00e1sica<\/td><td class=\"column-4\">1\u00ba DOMITILA THEIL RADTKE<\/td><td class=\"column-5\">Convocada em 16\/10\/2023<\/td>\n<\/tr>\n<tr class=\"row-30\">\n\t<td class=\"column-1\"><\/td><td class=\"column-2\"><\/td><td class=\"column-3\"><\/td><td class=\"column-4\">2\u00ba HENRIQUE NOGUEZ DA CUNHA<\/td><td class=\"column-5\">Convocado em 18\/01\/2024<\/td>\n<\/tr>\n<tr class=\"row-31\">\n\t<td class=\"column-1\"><strong>Instituto de Filosofia, Sociologia e<br \/>\nPol\u00edtica \u2013 IFISP<\/strong><br \/>\n23110.024578\/2023-12<\/td><td class=\"column-2\">40h<\/td><td class=\"column-3\">Ci\u00eancia Pol\u00edtica<\/td><td class=\"column-4\">1\u00ba CAROLINE BIANCA GRAEFF<\/td><td class=\"column-5\">Convocada em 16\/10\/2023<\/td>\n<\/tr>\n<tr class=\"row-32\">\n\t<td class=\"column-1\"><\/td><td class=\"column-2\"><\/td><td class=\"column-3\"><\/td><td class=\"column-4\">2\u00ba LETICIA BARON<\/td><td class=\"column-5\">Convocada em 07\/02\/2025<\/td>\n<\/tr>\n<tr class=\"row-33\">\n\t<td class=\"column-1\"><\/td><td class=\"column-2\"><\/td><td class=\"column-3\"><\/td><td class=\"column-4\">3\u00ba KAREN ELENA COSTA DAL CASTEL<\/td><td class=\"column-5\"><\/td>\n<\/tr>\n<tr class=\"row-34\">\n\t<td class=\"column-1\"><\/td><td class=\"column-2\"><\/td><td class=\"column-3\"><\/td><td class=\"column-4\">4\u00ba RODRIGO ENRICH DE CASTRO<\/td><td class=\"column-5\"><\/td>\n<\/tr>\n<tr class=\"row-35\">\n\t<td class=\"column-1\"><\/td><td class=\"column-2\"><\/td><td class=\"column-3\"><\/td><td class=\"column-4\">5\u00ba MARINA DOS SANTOS LANDA<\/td><td class=\"column-5\"><\/td>\n<\/tr>\n<tr class=\"row-36\">\n\t<td class=\"column-1\"><strong>Instituto de Filosofia, Sociologia e<br \/>\nPol\u00edtica \u2013 IFISP<\/strong><br \/>\n23110.025567\/2023-41<\/td><td class=\"column-2\">40h<\/td><td class=\"column-3\">Rela\u00e7\u00f5es Internacionais<\/td><td class=\"column-4\">1\u00ba LEONARDO AGRELLO MADRUGA<\/td><td class=\"column-5\">Convocado em 16\/10\/2023<\/td>\n<\/tr>\n<tr class=\"row-37\">\n\t<td class=\"column-1\"><\/td><td class=\"column-2\"><\/td><td class=\"column-3\"><\/td><td class=\"column-4\">2\u00ba BERNARDO BOUCINHA BERNARDI<\/td><td class=\"column-5\">Convocado em 22\/04\/2024<\/td>\n<\/tr>\n<tr class=\"row-38\">\n\t<td class=\"column-1\"><\/td><td class=\"column-2\"><\/td><td class=\"column-3\"><\/td><td class=\"column-4\">3\u00ba GABRIEL GARCIA<\/td><td class=\"column-5\">Convocado em 11\/03\/2025<\/td>\n<\/tr>\n<tr class=\"row-39\">\n\t<td class=\"column-1\"><strong>Instituto de F\u00edsica e Matem\u00e1tica \u2013<br \/>\nIFM<\/strong><br \/>\n23110.025961\/2023-80<\/td><td class=\"column-2\">40h<\/td><td class=\"column-3\">Educa\u00e7\u00e3o Matem\u00e1tica<\/td><td class=\"column-4\">1\u00ba K\u00c1TIA APARECIDA POLUCA PROEN\u00c7A<\/td><td class=\"column-5\">Convocada em 16\/10\/2023<\/td>\n<\/tr>\n<\/tbody>\n<\/table>\n\n<div class=\"titleStyle\"><strong>Cotas PCD<\/strong><\/div>\n<div class=\"naoHouveClassApro\">N\u00c3O HOUVE CLASSIFICADOS\/APROVADOS<\/div>\n<div class=\"titleStyle\"><strong>Cotas Raciais<\/strong><\/div>\n<div class=\"naoHouveClassApro\">N\u00c3O HOUVE CLASSIFICADOS\/APROVADOS<\/div>\n<\/div>\n\n\n","protected":false},"excerpt":{"rendered":"<p>Convoca\u00e7\u00f5es &#8211; Edital 14\/2023 Acompanhe nesta p\u00e1gina a publica\u00e7\u00e3o dos\/as nomeados\/as para servidores\/as docentes na UFPEL. Cargos nesta p\u00e1gina: Confira a p\u00e1gina com as informa\u00e7\u00f5es a respeito do certame: Certame do Edital 14\/2023 Ampla Concorr\u00eancia Cotas PCD N\u00c3O HOUVE CLASSIFICADOS\/APROVADOS Cotas Raciais N\u00c3O HOUVE CLASSIFICADOS\/APROVADOS<\/p>\n","protected":false},"author":52,"featured_media":0,"parent":0,"menu_order":0,"comment_status":"closed","ping_status":"closed","template":"","meta":{"footnotes":""},"class_list":["post-24892","page","type-page","status-publish","hentry"],"_links":{"self":[{"href":"https:\/\/wp.ufpel.edu.br\/progep\/wp-json\/wp\/v2\/pages\/24892","targetHints":{"allow":["GET"]}}],"collection":[{"href":"https:\/\/wp.ufpel.edu.br\/progep\/wp-json\/wp\/v2\/pages"}],"about":[{"href":"https:\/\/wp.ufpel.edu.br\/progep\/wp-json\/wp\/v2\/types\/page"}],"author":[{"embeddable":true,"href":"https:\/\/wp.ufpel.edu.br\/progep\/wp-json\/wp\/v2\/users\/52"}],"replies":[{"embeddable":true,"href":"https:\/\/wp.ufpel.edu.br\/progep\/wp-json\/wp\/v2\/comments?post=24892"}],"version-history":[{"count":4,"href":"https:\/\/wp.ufpel.edu.br\/progep\/wp-json\/wp\/v2\/pages\/24892\/revisions"}],"predecessor-version":[{"id":35925,"href":"https:\/\/wp.ufpel.edu.br\/progep\/wp-json\/wp\/v2\/pages\/24892\/revisions\/35925"}],"wp:attachment":[{"href":"https:\/\/wp.ufpel.edu.br\/progep\/wp-json\/wp\/v2\/media?parent=24892"}],"curies":[{"name":"wp","href":"https:\/\/api.w.org\/{rel}","templated":true}]}}