{"id":24858,"date":"2023-10-11T17:04:07","date_gmt":"2023-10-11T20:04:07","guid":{"rendered":"https:\/\/wp.ufpel.edu.br\/progep\/?page_id=24858"},"modified":"2025-06-30T14:51:59","modified_gmt":"2025-06-30T17:51:59","slug":"passeio-pelo-patrimonio-cultural-edificado-da-ufpel","status":"publish","type":"page","link":"https:\/\/wp.ufpel.edu.br\/progep\/passeio-pelo-patrimonio-cultural-edificado-da-ufpel\/","title":{"rendered":"Capacita\u00e7\u00e3o: Passeio pelo Patrim\u00f4nio Cultural Edificado da UFPel"},"content":{"rendered":"<p><strong>Facilitadora: <\/strong>Dalila M\u00fcller (Docente do Centro de Ci\u00eancias Socio-Organizacionais\/ UFPEL)<\/p>\n<p><strong>Data<\/strong>: 23\/10\/2023 (segunda-feira)<\/p>\n<p><strong>Hor\u00e1rio da atividade<\/strong>: das 13h30min \u00e0s 17h30min<\/p>\n<p><strong>Hor\u00e1rio de sa\u00edda do transporte<\/strong>: 13h30min (Campus Anglo, em frente ao Restaurante Universit\u00e1rio)<\/p>\n<p><strong>Hor\u00e1rio de retorno do transporte<\/strong>: 17h30min<\/p>\n<p><strong>Ementa<\/strong>: O passeio pelo Patrim\u00f4nio Cultural Edificado da UFPel, contar\u00e1 com suporte do Transporte da institui\u00e7\u00e3o, realizando o deslocamento entre os v\u00e1rios pr\u00e9dios e campis da UFPel.<br \/>\nNo roteiro est\u00e3o previstos passeios pelo Centro Hist\u00f3rico (conhecendo os tr\u00eas museus, o Grande Hotel e o Mercosul), seguindo pelo Conservat\u00f3rio de M\u00fasica, Escola de Belas Artes, Laneira, Faculdade de Medicina, Campus Cap\u00e3o do Le\u00e3o, Faculdade de Odontologia, Faculdade de Direito, Instituto de Ci\u00eancias Humanas (ICH), Faculdade de Arquitetura, Centro de Artes, Cotada e Editora.<\/p>\n<p><strong>P\u00fablico Alvo<\/strong>: Servidores(as) Docentes e T\u00e9cnicos-Administrativos em Educa\u00e7\u00e3o ativos da UFPel*<\/p>\n<p><strong>Vagas<\/strong>:\u00a030 vagas, por ordem de inscri\u00e7\u00e3o**<\/p>\n<p><strong>Inscri\u00e7\u00f5es<\/strong>: at\u00e9 18\/10\/2023<\/p>\n<p><strong>Divulga\u00e7\u00e3o das inscri\u00e7\u00f5es homologadas<\/strong>: 19\/10\/2023***, nesta p\u00e1gina.<\/p>\n<p>*Considerando a Pol\u00edtica Nacional de Desenvolvimento de Pessoas, conforme Decreto n\u00ba 9.991\/19, somente ser\u00e3o certificados os servidores p\u00fablicos pertencentes ao Quadro Efetivo da UFPel.<br \/>\n**Vagas destinadas \u00e0 servidores(as) pertencentes ao Quadro Efetivo da UFPel, preferencialmente.<br \/>\n***Quando homologadas as inscri\u00e7\u00f5es, os(as) selecionados(as) receber\u00e3o e-mail de confirma\u00e7\u00e3o com instru\u00e7\u00f5es.<\/p>\n<p>&nbsp;<\/p>\n<p><span style=\"color: #ff6600\"><strong><a style=\"color: #ff6600\" href=\"https:\/\/wp.ufpel.edu.br\/progep\/files\/2023\/10\/Inscricoes-homologadas-Passeio-Patrimonio-Cultural-23-10-2023.pdf\" target=\"_blank\" rel=\"noopener\">INSCRI\u00c7\u00d5ES HOMOLOGADAS<\/a><\/strong><\/span><\/p>\n<p>&nbsp;<\/p>\n","protected":false},"excerpt":{"rendered":"<p>Facilitadora: Dalila M\u00fcller (Docente do Centro de Ci\u00eancias Socio-Organizacionais\/ UFPEL) Data: 23\/10\/2023 (segunda-feira) Hor\u00e1rio da atividade: das 13h30min \u00e0s 17h30min Hor\u00e1rio de sa\u00edda do transporte: 13h30min (Campus Anglo, em frente ao Restaurante Universit\u00e1rio) Hor\u00e1rio de retorno do transporte: 17h30min Ementa: O passeio pelo Patrim\u00f4nio Cultural Edificado da UFPel, contar\u00e1 com suporte do Transporte da institui\u00e7\u00e3o, [&hellip;]<\/p>\n","protected":false},"author":21,"featured_media":0,"parent":0,"menu_order":0,"comment_status":"closed","ping_status":"closed","template":"","meta":{"footnotes":""},"class_list":["post-24858","page","type-page","status-publish","hentry"],"_links":{"self":[{"href":"https:\/\/wp.ufpel.edu.br\/progep\/wp-json\/wp\/v2\/pages\/24858","targetHints":{"allow":["GET"]}}],"collection":[{"href":"https:\/\/wp.ufpel.edu.br\/progep\/wp-json\/wp\/v2\/pages"}],"about":[{"href":"https:\/\/wp.ufpel.edu.br\/progep\/wp-json\/wp\/v2\/types\/page"}],"author":[{"embeddable":true,"href":"https:\/\/wp.ufpel.edu.br\/progep\/wp-json\/wp\/v2\/users\/21"}],"replies":[{"embeddable":true,"href":"https:\/\/wp.ufpel.edu.br\/progep\/wp-json\/wp\/v2\/comments?post=24858"}],"version-history":[{"count":17,"href":"https:\/\/wp.ufpel.edu.br\/progep\/wp-json\/wp\/v2\/pages\/24858\/revisions"}],"predecessor-version":[{"id":34130,"href":"https:\/\/wp.ufpel.edu.br\/progep\/wp-json\/wp\/v2\/pages\/24858\/revisions\/34130"}],"wp:attachment":[{"href":"https:\/\/wp.ufpel.edu.br\/progep\/wp-json\/wp\/v2\/media?parent=24858"}],"curies":[{"name":"wp","href":"https:\/\/api.w.org\/{rel}","templated":true}]}}