{"id":24835,"date":"2023-10-10T09:46:10","date_gmt":"2023-10-10T12:46:10","guid":{"rendered":"https:\/\/wp.ufpel.edu.br\/progep\/?page_id=24835"},"modified":"2025-06-30T14:51:49","modified_gmt":"2025-06-30T17:51:49","slug":"tecnicas-de-autogerenciamento-para-administracao-publica","status":"publish","type":"page","link":"https:\/\/wp.ufpel.edu.br\/progep\/tecnicas-de-autogerenciamento-para-administracao-publica\/","title":{"rendered":"Capacita\u00e7\u00e3o: T\u00e9cnicas de Autogerenciamento para Administra\u00e7\u00e3o P\u00fablica"},"content":{"rendered":"<table style=\"border-collapse: collapse;width: 100%\" border=\"1\">\n<tbody>\n<tr>\n<td style=\"width: 100%;background-color: #edefff;text-align: center\"><strong>Aten\u00e7\u00e3o: A data de realiza\u00e7\u00e3o da capacita\u00e7\u00e3o foi alterada<\/strong><br \/>\n<strong>para 21 de <span style=\"color: #ff6600\">Novembro<\/span> de 2023 (ter\u00e7a-feira), das 15h \u00e0s 17h.<\/strong><\/td>\n<\/tr>\n<\/tbody>\n<\/table>\n<p><strong>Facilitador:<\/strong> Thiago Dias Costa (Universidade Federal do Par\u00e1 &#8211; UFPA)<\/p>\n<p><b>Modalidade: <\/b>Online<\/p>\n<p><span style=\"color: #999999\"><del><b>Data: <\/b>18\/10\/2023 (quarta-feira)<\/del><\/span><br \/>\n<span style=\"color: #999999\"><del><strong>Hor\u00e1rio<\/strong>: 09:00 \u00e0s 11:00<\/del><\/span><\/p>\n<p><span style=\"color: #ff6600\"><strong>Nova data<\/strong>: 21\/11\/2023 (ter\u00e7a-feira)<\/span><br \/>\n<span style=\"color: #ff6600\"><strong>Novo hor\u00e1rio<\/strong>: 15h \u00e0s 17h<\/span><\/p>\n<p><strong>Local: <\/strong>Plataforma Webconf &#8211; UFPel<\/p>\n<p><strong>Ementa:<\/strong> Defini\u00e7\u00e3o de Autogerenciamento, rela\u00e7\u00e3o com o tempo, t\u00e9cnicas de prioriza\u00e7\u00e3o, t\u00e9cnicas de escolha, mapa temporal.<strong><br \/>\n<\/strong><\/p>\n<p><strong style=\"color: var(--cor-texto);font-family: var(--fonte-corpo)\">P\u00fablico Alvo<\/strong><span style=\"color: var(--cor-texto);font-family: var(--fonte-corpo)\">: Servidores docentes e TAEs ativos*<\/span><\/p>\n<p><span style=\"color: #999999\"><del><strong>Inscri\u00e7\u00f5es<\/strong>: at\u00e9 16\/10\/2023<\/del><\/span><br \/>\n<span style=\"color: #ff6600\"><strong>Inscri\u00e7\u00f5es<\/strong>: at\u00e9 16\/11\/2023<\/span><\/p>\n<p><strong>Divulga\u00e7\u00e3o das inscri\u00e7\u00f5es homologadas<\/strong>: 17\/11\/2023***, nesta p\u00e1gina.<\/p>\n<p>*Considerando a Pol\u00edtica Nacional de Desenvolvimento de Pessoas, conforme Decreto n\u00ba 9.991\/19, somente ser\u00e3o certificados os servidores p\u00fablicos pertencentes ao Quadro Efetivo da UFPel.<\/p>\n<p>**Vagas destinadas \u00e0 servidores pertencentes ao Quadro Efetivo da UFPel, preferencialmente.<\/p>\n<p>***Quando homologadas as inscri\u00e7\u00f5es, os selecionados receber\u00e3o e-mail com instru\u00e7\u00f5es de acesso ao Webconf.<\/p>\n<p><strong><span style=\"color: #ff6600\"><a style=\"color: #ff6600\" href=\"https:\/\/wp.ufpel.edu.br\/progep\/files\/2023\/11\/HOMOLOGACAO-Tecnicas-de-Autogerenciamento-para-Administracao-Publica.pdf\">INSCRI\u00c7\u00d5ES HOMOLOGADAS<\/a><\/span><\/strong><\/p>\n<p>&nbsp;<\/p>\n","protected":false},"excerpt":{"rendered":"<p>Aten\u00e7\u00e3o: A data de realiza\u00e7\u00e3o da capacita\u00e7\u00e3o foi alterada para 21 de Novembro de 2023 (ter\u00e7a-feira), das 15h \u00e0s 17h. Facilitador: Thiago Dias Costa (Universidade Federal do Par\u00e1 &#8211; UFPA) Modalidade: Online Data: 18\/10\/2023 (quarta-feira) Hor\u00e1rio: 09:00 \u00e0s 11:00 Nova data: 21\/11\/2023 (ter\u00e7a-feira) Novo hor\u00e1rio: 15h \u00e0s 17h Local: Plataforma Webconf &#8211; UFPel Ementa: Defini\u00e7\u00e3o [&hellip;]<\/p>\n","protected":false},"author":21,"featured_media":0,"parent":0,"menu_order":0,"comment_status":"closed","ping_status":"closed","template":"","meta":{"footnotes":""},"class_list":["post-24835","page","type-page","status-publish","hentry"],"_links":{"self":[{"href":"https:\/\/wp.ufpel.edu.br\/progep\/wp-json\/wp\/v2\/pages\/24835","targetHints":{"allow":["GET"]}}],"collection":[{"href":"https:\/\/wp.ufpel.edu.br\/progep\/wp-json\/wp\/v2\/pages"}],"about":[{"href":"https:\/\/wp.ufpel.edu.br\/progep\/wp-json\/wp\/v2\/types\/page"}],"author":[{"embeddable":true,"href":"https:\/\/wp.ufpel.edu.br\/progep\/wp-json\/wp\/v2\/users\/21"}],"replies":[{"embeddable":true,"href":"https:\/\/wp.ufpel.edu.br\/progep\/wp-json\/wp\/v2\/comments?post=24835"}],"version-history":[{"count":9,"href":"https:\/\/wp.ufpel.edu.br\/progep\/wp-json\/wp\/v2\/pages\/24835\/revisions"}],"predecessor-version":[{"id":34128,"href":"https:\/\/wp.ufpel.edu.br\/progep\/wp-json\/wp\/v2\/pages\/24835\/revisions\/34128"}],"wp:attachment":[{"href":"https:\/\/wp.ufpel.edu.br\/progep\/wp-json\/wp\/v2\/media?parent=24835"}],"curies":[{"name":"wp","href":"https:\/\/api.w.org\/{rel}","templated":true}]}}