{"id":24775,"date":"2023-10-06T18:31:10","date_gmt":"2023-10-06T21:31:10","guid":{"rendered":"https:\/\/wp.ufpel.edu.br\/progep\/?page_id=24775"},"modified":"2025-06-30T14:51:39","modified_gmt":"2025-06-30T17:51:39","slug":"canvas-desenvolvimento-de-projetos","status":"publish","type":"page","link":"https:\/\/wp.ufpel.edu.br\/progep\/canvas-desenvolvimento-de-projetos\/","title":{"rendered":"Capacita\u00e7\u00e3o: Canvas: Desenvolvimento de Projetos"},"content":{"rendered":"<p><strong>Facilitadora: <\/strong>Ana Paula Lemos Centeno (Docente &#8211; Centro de Ci\u00eancias Socio-Organizacionais &#8211; CCSO\/UFPel)<\/p>\n<p><b>Modalidade: <\/b>Presencial<\/p>\n<p><b>Data: <\/b>27\/10\/2023 (sexta-feira)<\/p>\n<p><strong>Hor\u00e1rio<\/strong>: 14:00 \u00e0s 16:00<\/p>\n<p><strong>Local: <\/strong>Audit\u00f3rio Acad\u00eamico, Campus Anglo<\/p>\n<p><strong>Ementa: <\/strong>Hist\u00f3rico, Defini\u00e7\u00e3o, Aplicabilidade e Estrutura\u00e7\u00e3o b\u00e1sica de um projeto com o Business Model Canvas<\/p>\n<p><strong>P\u00fablico Alvo<\/strong>: Servidores docentes e TAEs ativos*<\/p>\n<p><strong>Inscri\u00e7\u00f5es<\/strong>: at\u00e9 24\/10\/2023<\/p>\n<p><strong>Divulga\u00e7\u00e3o das inscri\u00e7\u00f5es homologadas<\/strong>: 25\/10\/2023***, nesta p\u00e1gina.<\/p>\n<p>*Considerando a Pol\u00edtica Nacional de Desenvolvimento de Pessoas, conforme Decreto n\u00ba 9.991\/19, somente ser\u00e3o certificados os servidores p\u00fablicos pertencentes ao Quadro Efetivo da UFPel.<\/p>\n<p>**Vagas destinadas \u00e0 servidores pertencentes ao Quadro Efetivo da UFPel, preferencialmente.<\/p>\n<p>***Quando homologadas as inscri\u00e7\u00f5es, os selecionados receber\u00e3o e-mail com instru\u00e7\u00f5es.<\/p>\n<p><span style=\"color: #ff6600\"><strong><a style=\"color: #ff6600\" href=\"https:\/\/wp.ufpel.edu.br\/progep\/files\/2023\/10\/Homologados-Canvas-Desenvolvimento-de-Projetos-27-10-2023.pdf\" target=\"_blank\" rel=\"noopener\">INSCRI\u00c7\u00d5ES HOMOLOGADAS<\/a><\/strong><\/span><\/p>\n","protected":false},"excerpt":{"rendered":"<p>Facilitadora: Ana Paula Lemos Centeno (Docente &#8211; Centro de Ci\u00eancias Socio-Organizacionais &#8211; CCSO\/UFPel) Modalidade: Presencial Data: 27\/10\/2023 (sexta-feira) Hor\u00e1rio: 14:00 \u00e0s 16:00 Local: Audit\u00f3rio Acad\u00eamico, Campus Anglo Ementa: Hist\u00f3rico, Defini\u00e7\u00e3o, Aplicabilidade e Estrutura\u00e7\u00e3o b\u00e1sica de um projeto com o Business Model Canvas P\u00fablico Alvo: Servidores docentes e TAEs ativos* Inscri\u00e7\u00f5es: at\u00e9 24\/10\/2023 Divulga\u00e7\u00e3o das inscri\u00e7\u00f5es [&hellip;]<\/p>\n","protected":false},"author":21,"featured_media":0,"parent":0,"menu_order":0,"comment_status":"closed","ping_status":"closed","template":"","meta":{"footnotes":""},"class_list":["post-24775","page","type-page","status-publish","hentry"],"_links":{"self":[{"href":"https:\/\/wp.ufpel.edu.br\/progep\/wp-json\/wp\/v2\/pages\/24775","targetHints":{"allow":["GET"]}}],"collection":[{"href":"https:\/\/wp.ufpel.edu.br\/progep\/wp-json\/wp\/v2\/pages"}],"about":[{"href":"https:\/\/wp.ufpel.edu.br\/progep\/wp-json\/wp\/v2\/types\/page"}],"author":[{"embeddable":true,"href":"https:\/\/wp.ufpel.edu.br\/progep\/wp-json\/wp\/v2\/users\/21"}],"replies":[{"embeddable":true,"href":"https:\/\/wp.ufpel.edu.br\/progep\/wp-json\/wp\/v2\/comments?post=24775"}],"version-history":[{"count":5,"href":"https:\/\/wp.ufpel.edu.br\/progep\/wp-json\/wp\/v2\/pages\/24775\/revisions"}],"predecessor-version":[{"id":34127,"href":"https:\/\/wp.ufpel.edu.br\/progep\/wp-json\/wp\/v2\/pages\/24775\/revisions\/34127"}],"wp:attachment":[{"href":"https:\/\/wp.ufpel.edu.br\/progep\/wp-json\/wp\/v2\/media?parent=24775"}],"curies":[{"name":"wp","href":"https:\/\/api.w.org\/{rel}","templated":true}]}}