{"id":24744,"date":"2023-10-06T10:30:39","date_gmt":"2023-10-06T13:30:39","guid":{"rendered":"https:\/\/wp.ufpel.edu.br\/progep\/?page_id=24744"},"modified":"2025-06-30T14:51:21","modified_gmt":"2025-06-30T17:51:21","slug":"oficina-decoupagem-de-tecido-em-vidros-reaproveitados","status":"publish","type":"page","link":"https:\/\/wp.ufpel.edu.br\/progep\/oficina-decoupagem-de-tecido-em-vidros-reaproveitados\/","title":{"rendered":"Capacita\u00e7\u00e3o: Oficina &#8211; Decoupagem de tecido em vidros reaproveitados"},"content":{"rendered":"<p><strong>Facilitadora:<\/strong> Faili Tomsen (Servidora T\u00e9cnico-Administrativa &#8211; Centro de Engenharias &#8211; CENG\/UFPEL)<\/p>\n<p><b>Modalidade: <\/b>Presencial<\/p>\n<p><b>Data:\u00a0<\/b>18\/10\/2023 (quarta-feira)<\/p>\n<p><strong>Hor\u00e1rio<\/strong>: 14:00 as 18:00<\/p>\n<p><strong>Local:<\/strong> Sala de aula do novo pr\u00e9dio da Engenharia Industrial Madeireira (Centro de Engenharias &#8211; CENG\/UFPel) &#8211; Rua Conde de Porto Alegre, 793 \u2013 Centro, Pelotas.<\/p>\n<p><strong>Ementa: <\/strong>A arte ser\u00e1 desenvolvida em vidros de conservas, Nescaf\u00e9, e outros com imagens recortadas de tecidos com motivos natalinos, colados com cola branca. Ap\u00f3s breve secagem, ser\u00e1 passada uma dem\u00e3o de verniz brilhante e finalizado com glitter.<\/p>\n<p><strong>P\u00fablico Alvo<\/strong>: Servidores docentes e TAEs ativos*<\/p>\n<p><strong>N\u00famero de vagas:<\/strong> at\u00e9 <span style=\"color: #ff6600\"><strong>10 vagas<\/strong><\/span> (limitadas por ordem de inscri\u00e7\u00e3o)**<\/p>\n<p><strong>Inscri\u00e7\u00f5es<\/strong>: at\u00e9 15\/10\/2023<\/p>\n<p><strong>Divulga\u00e7\u00e3o das inscri\u00e7\u00f5es homologadas<\/strong>: 16\/10\/2023***, nesta p\u00e1gina.<\/p>\n<p>*Considerando a Pol\u00edtica Nacional de Desenvolvimento de Pessoas, conforme Decreto n\u00ba 9.991\/19, somente ser\u00e3o certificados os servidores p\u00fablicos pertencentes ao Quadro Efetivo da UFPel.<\/p>\n<p>**Vagas destinadas \u00e0 servidores pertencentes ao Quadro Efetivo da UFPel, preferencialmente.<\/p>\n<p>***Quando homologadas as inscri\u00e7\u00f5es, os selecionados receber\u00e3o e-mail com instru\u00e7\u00f5es de acesso \u00e0 sala de Webconf da UFPel.<\/p>\n<p><span style=\"color: #ff6600\"><strong><a style=\"color: #ff6600\" href=\"https:\/\/wp.ufpel.edu.br\/progep\/files\/2023\/10\/Homologados-Oficina-Decoupagem-de-tecido-em-vidros-reaproveitados-18-10-2023.pdf\" target=\"_blank\" rel=\"noopener\">INSCRI\u00c7\u00d5ES HOMOLOGADAS<\/a><\/strong><\/span><\/p>\n<p>&nbsp;<\/p>\n","protected":false},"excerpt":{"rendered":"<p>Facilitadora: Faili Tomsen (Servidora T\u00e9cnico-Administrativa &#8211; Centro de Engenharias &#8211; CENG\/UFPEL) Modalidade: Presencial Data:\u00a018\/10\/2023 (quarta-feira) Hor\u00e1rio: 14:00 as 18:00 Local: Sala de aula do novo pr\u00e9dio da Engenharia Industrial Madeireira (Centro de Engenharias &#8211; CENG\/UFPel) &#8211; Rua Conde de Porto Alegre, 793 \u2013 Centro, Pelotas. Ementa: A arte ser\u00e1 desenvolvida em vidros de conservas, Nescaf\u00e9, [&hellip;]<\/p>\n","protected":false},"author":21,"featured_media":0,"parent":0,"menu_order":0,"comment_status":"closed","ping_status":"closed","template":"","meta":{"footnotes":""},"class_list":["post-24744","page","type-page","status-publish","hentry"],"_links":{"self":[{"href":"https:\/\/wp.ufpel.edu.br\/progep\/wp-json\/wp\/v2\/pages\/24744","targetHints":{"allow":["GET"]}}],"collection":[{"href":"https:\/\/wp.ufpel.edu.br\/progep\/wp-json\/wp\/v2\/pages"}],"about":[{"href":"https:\/\/wp.ufpel.edu.br\/progep\/wp-json\/wp\/v2\/types\/page"}],"author":[{"embeddable":true,"href":"https:\/\/wp.ufpel.edu.br\/progep\/wp-json\/wp\/v2\/users\/21"}],"replies":[{"embeddable":true,"href":"https:\/\/wp.ufpel.edu.br\/progep\/wp-json\/wp\/v2\/comments?post=24744"}],"version-history":[{"count":12,"href":"https:\/\/wp.ufpel.edu.br\/progep\/wp-json\/wp\/v2\/pages\/24744\/revisions"}],"predecessor-version":[{"id":34125,"href":"https:\/\/wp.ufpel.edu.br\/progep\/wp-json\/wp\/v2\/pages\/24744\/revisions\/34125"}],"wp:attachment":[{"href":"https:\/\/wp.ufpel.edu.br\/progep\/wp-json\/wp\/v2\/media?parent=24744"}],"curies":[{"name":"wp","href":"https:\/\/api.w.org\/{rel}","templated":true}]}}