{"id":24729,"date":"2023-10-06T15:58:18","date_gmt":"2023-10-06T18:58:18","guid":{"rendered":"https:\/\/wp.ufpel.edu.br\/progep\/?page_id=24729"},"modified":"2025-06-30T14:51:34","modified_gmt":"2025-06-30T17:51:34","slug":"trilha-na-fazenda-da-palma","status":"publish","type":"page","link":"https:\/\/wp.ufpel.edu.br\/progep\/trilha-na-fazenda-da-palma\/","title":{"rendered":"Capacita\u00e7\u00e3o: Trilha na Fazenda da Palma"},"content":{"rendered":"<p><strong>Facilitador<\/strong>:\u00a0Clovis Nei Silva da Costa (Gerente do Centro Agropecu\u00e1rio da Palma\/UFPEL)<\/p>\n<p><strong>Data<\/strong>: 30\/10\/2023 (segunda-feira)<\/p>\n<p><strong>Hor\u00e1rio da atividade<\/strong>:\u00a0das 9h \u00e0s 10h30min<\/p>\n<p><strong>Local<\/strong>: Centro Agropecu\u00e1rio da Palma (CAP)<br \/>\n\u21d2 Ser\u00e1 disponibilizado um micro-\u00f4nibus, com sa\u00edda do Campus Anglo, passando pela FAMED, com destino ao Centro Agropecu\u00e1rio da Palma (CAP). O retorno est\u00e1 previsto para 11h30min.<\/p>\n<p><strong>Hor\u00e1rio de sa\u00edda do transporte<\/strong>: <strong><span style=\"color: #ff6600\">8 horas <\/span><\/strong>(sa\u00edda do campus Anglo)<\/p>\n<p><strong>Hor\u00e1rio de retorno do transporte<\/strong>: <span style=\"color: #ff6600\"><strong>11h30<\/strong><\/span><\/p>\n<p><strong>Ementa<\/strong>:\u00a0Os participantes poder\u00e3o apreciar grutas, pedreiras desativadas, a\u00e7udes e uma infinidade de outras coisas. O percurso se dar\u00e1 em meio a mata nativa com dura\u00e7\u00e3o de uma hora e meia e ser\u00e1 conduzido por um guia, servidor do Centro Agropecu\u00e1rio da Palma (CAP\/UFPel).<\/p>\n<p><strong>P\u00fablico Alvo<\/strong>: Servidores Docentes e T\u00e9cnicos-Administrativos em Educa\u00e7\u00e3o ativos da UFPel*<\/p>\n<p><strong>Vagas<\/strong>: <span style=\"color: #ff6600\"><strong>30 vagas<\/strong><\/span>, por ordem de inscri\u00e7\u00e3o**<\/p>\n<table style=\"border-collapse: collapse;width: 100%\" border=\"1\">\n<tbody>\n<tr>\n<td style=\"width: 100%;background-color: #edf6ff\"><strong><span style=\"text-decoration: underline\">Informa\u00e7\u00f5es importantes<\/span><\/strong>:<br \/>\n\u2022 O participante deve dar prefer\u00eancia a <span style=\"text-decoration: underline\">roupas e cal\u00e7ados confort\u00e1veis<\/span> para a atividade e <span style=\"text-decoration: underline\">levar garrafa com \u00e1gua<\/span> para consumo pr\u00f3prio;<br \/>\n\u2022 Ao t\u00e9rmino da trilha, prop\u00f5e-se um lanche comunit\u00e1rio, para o qual cada participante poder\u00e1 levar uma caneca (a bebida \u00e9 individual) e sua contribui\u00e7\u00e3o de lanche (compartilhado);<br \/>\n\u2022 Em caso de chuva, a atividade ser\u00e1 remarcada;<br \/>\n\u2022 Caso a trilha esteja escorregadia ou molhada em raz\u00e3o de chuva nas v\u00e9speras, ocorrer\u00e1 um passeio para os participantes conhecerem a estrutura do CAP.<\/td>\n<\/tr>\n<\/tbody>\n<\/table>\n<p><strong>Inscri\u00e7\u00f5es<\/strong>: at\u00e9 24\/10\/2023<\/p>\n<p><strong>Divulga\u00e7\u00e3o das inscri\u00e7\u00f5es homologadas<\/strong>: 25\/10\/2023***, nesta p\u00e1gina.<\/p>\n<p>*Considerando a Pol\u00edtica Nacional de Desenvolvimento de Pessoas, conforme Decreto n\u00ba 9.991\/19, somente ser\u00e3o certificados os servidores p\u00fablicos pertencentes ao Quadro Efetivo da UFPel.<br \/>\n**Vagas destinadas \u00e0 servidores pertencentes ao Quadro Efetivo da UFPel, preferencialmente.<br \/>\n***Quando homologadas as inscri\u00e7\u00f5es, os selecionados receber\u00e3o e-mail de confirma\u00e7\u00e3o com instru\u00e7\u00f5es.<\/p>\n<p><span style=\"color: #ff6600\"><strong><a style=\"color: #ff6600\" href=\"https:\/\/wp.ufpel.edu.br\/progep\/files\/2023\/10\/Homologados-Trilha-na-Fazenda-da-Palma-atualiz-30-10-2023-1630.pdf\" target=\"_blank\" rel=\"noopener\">INSCRI\u00c7\u00d5ES HOMOLOGADAS<\/a><\/strong><\/span> <span style=\"color: #ff6600\"><span style=\"font-size: 10pt\">&#8211; Lista atualizada em 26\/10\/2023 &#8211; 16:30<\/span><\/span><\/p>\n","protected":false},"excerpt":{"rendered":"<p>Facilitador:\u00a0Clovis Nei Silva da Costa (Gerente do Centro Agropecu\u00e1rio da Palma\/UFPEL) Data: 30\/10\/2023 (segunda-feira) Hor\u00e1rio da atividade:\u00a0das 9h \u00e0s 10h30min Local: Centro Agropecu\u00e1rio da Palma (CAP) \u21d2 Ser\u00e1 disponibilizado um micro-\u00f4nibus, com sa\u00edda do Campus Anglo, passando pela FAMED, com destino ao Centro Agropecu\u00e1rio da Palma (CAP). O retorno est\u00e1 previsto para 11h30min. Hor\u00e1rio de [&hellip;]<\/p>\n","protected":false},"author":21,"featured_media":0,"parent":0,"menu_order":0,"comment_status":"closed","ping_status":"closed","template":"","meta":{"footnotes":""},"class_list":["post-24729","page","type-page","status-publish","hentry"],"_links":{"self":[{"href":"https:\/\/wp.ufpel.edu.br\/progep\/wp-json\/wp\/v2\/pages\/24729","targetHints":{"allow":["GET"]}}],"collection":[{"href":"https:\/\/wp.ufpel.edu.br\/progep\/wp-json\/wp\/v2\/pages"}],"about":[{"href":"https:\/\/wp.ufpel.edu.br\/progep\/wp-json\/wp\/v2\/types\/page"}],"author":[{"embeddable":true,"href":"https:\/\/wp.ufpel.edu.br\/progep\/wp-json\/wp\/v2\/users\/21"}],"replies":[{"embeddable":true,"href":"https:\/\/wp.ufpel.edu.br\/progep\/wp-json\/wp\/v2\/comments?post=24729"}],"version-history":[{"count":18,"href":"https:\/\/wp.ufpel.edu.br\/progep\/wp-json\/wp\/v2\/pages\/24729\/revisions"}],"predecessor-version":[{"id":34126,"href":"https:\/\/wp.ufpel.edu.br\/progep\/wp-json\/wp\/v2\/pages\/24729\/revisions\/34126"}],"wp:attachment":[{"href":"https:\/\/wp.ufpel.edu.br\/progep\/wp-json\/wp\/v2\/media?parent=24729"}],"curies":[{"name":"wp","href":"https:\/\/api.w.org\/{rel}","templated":true}]}}