{"id":24725,"date":"2023-10-17T11:23:18","date_gmt":"2023-10-17T14:23:18","guid":{"rendered":"https:\/\/wp.ufpel.edu.br\/progep\/?page_id=24725"},"modified":"2025-06-30T14:52:11","modified_gmt":"2025-06-30T17:52:11","slug":"capacita-na-web-operacionalizacao-do-sistema-helios-voting-na-ufpel-para-chefes-de-nucleos-administrativos-da-ufpel","status":"publish","type":"page","link":"https:\/\/wp.ufpel.edu.br\/progep\/capacita-na-web-operacionalizacao-do-sistema-helios-voting-na-ufpel-para-chefes-de-nucleos-administrativos-da-ufpel\/","title":{"rendered":"Capacita\u00e7\u00e3o: Capacita na Web &#8211; Operacionaliza\u00e7\u00e3o do Sistema Helios Voting na UFPel para Chefes de N\u00facleos Administrativos da UFPel"},"content":{"rendered":"<p><strong>Facilitadores<\/strong>:<br \/>\n&#8211; Rodrigo Costa de Moura (Assistente em Administra\u00e7\u00e3o &#8211; PROPLAN)<br \/>\n&#8211; Claiton Leoneti Lencina (Coordenador de Desenvolvimento Institucional Participativo &#8211; PROPLAN)<br \/>\n&#8211; Renata Vieira R. Severo (Assistente em Administra\u00e7\u00e3o &#8211; Chefe do N\u00facleo de Participa\u00e7\u00e3o Comunit\u00e1ria &#8211; PROPLAN)<\/p>\n<p><strong>Data<\/strong>: 06 de novembro de 2023 (segunda-feira)<\/p>\n<p><strong>Hor\u00e1rio<\/strong>: das 14h \u00e0s 17h<\/p>\n<p><strong>Realiza\u00e7\u00e3o<\/strong>:\u00a0plataforma Webconf da UFPel (na modalidade\u00a0online)<\/p>\n<p><strong>Ementa<\/strong>:<br \/>\n&#8211; Breve abordagem sobre democracia e participa\u00e7\u00e3o nas universidades;<br \/>\n&#8211; Sobre a ferramenta eletr\u00f4nica Helios Voting;<br \/>\n&#8211; Como operar o sistema Helios Voting.<\/p>\n<p><strong>P\u00fablico Alvo<\/strong>: as vagas s\u00e3o espec\u00edficas para os Chefes de N\u00facleos Administrativos de Unidades Acad\u00eamicas da UFPel<\/p>\n<p><strong>Vagas<\/strong>: 22 vagas<\/p>\n<p><strong>Inscri\u00e7\u00f5es<\/strong>: at\u00e9 31\/10\/2023<\/p>\n<p><strong>Divulga\u00e7\u00e3o das inscri\u00e7\u00f5es homologadas<\/strong>: 01\/11***, nesta p\u00e1gina.<\/p>\n<p>*Considerando a Pol\u00edtica Nacional de Desenvolvimento de Pessoas, conforme Decreto n\u00ba 9.991\/19, somente ser\u00e3o certificados os servidores p\u00fablicos pertencentes ao Quadro Efetivo da UFPel.<br \/>\n**Vagas destinadas \u00e0 servidores pertencentes ao Quadro Efetivo da UFPel, preferencialmente.<br \/>\n***Quando homologadas as inscri\u00e7\u00f5es, os selecionados receber\u00e3o e-mail com instru\u00e7\u00f5es de acesso \u00e0 sala de Webconf da UFPel.<\/p>\n<p><span style=\"color: #ff6600\"><strong><a style=\"color: #ff6600\" href=\"https:\/\/wp.ufpel.edu.br\/progep\/files\/2023\/11\/Homologados-Operacionalizacao-do-Sistema-Helios-Voting-na-UFPel-para-Chefes-de-Nucleos-Administrativos-da-UFPel-06-11-2023.pdf\" target=\"_blank\" rel=\"noopener\">INSCRI\u00c7\u00d5ES HOMOLOGADAS<\/a><\/strong><\/span><\/p>\n","protected":false},"excerpt":{"rendered":"<p>Facilitadores: &#8211; Rodrigo Costa de Moura (Assistente em Administra\u00e7\u00e3o &#8211; PROPLAN) &#8211; Claiton Leoneti Lencina (Coordenador de Desenvolvimento Institucional Participativo &#8211; PROPLAN) &#8211; Renata Vieira R. Severo (Assistente em Administra\u00e7\u00e3o &#8211; Chefe do N\u00facleo de Participa\u00e7\u00e3o Comunit\u00e1ria &#8211; PROPLAN) Data: 06 de novembro de 2023 (segunda-feira) Hor\u00e1rio: das 14h \u00e0s 17h Realiza\u00e7\u00e3o:\u00a0plataforma Webconf da UFPel [&hellip;]<\/p>\n","protected":false},"author":21,"featured_media":0,"parent":0,"menu_order":0,"comment_status":"closed","ping_status":"closed","template":"","meta":{"footnotes":""},"class_list":["post-24725","page","type-page","status-publish","hentry"],"_links":{"self":[{"href":"https:\/\/wp.ufpel.edu.br\/progep\/wp-json\/wp\/v2\/pages\/24725","targetHints":{"allow":["GET"]}}],"collection":[{"href":"https:\/\/wp.ufpel.edu.br\/progep\/wp-json\/wp\/v2\/pages"}],"about":[{"href":"https:\/\/wp.ufpel.edu.br\/progep\/wp-json\/wp\/v2\/types\/page"}],"author":[{"embeddable":true,"href":"https:\/\/wp.ufpel.edu.br\/progep\/wp-json\/wp\/v2\/users\/21"}],"replies":[{"embeddable":true,"href":"https:\/\/wp.ufpel.edu.br\/progep\/wp-json\/wp\/v2\/comments?post=24725"}],"version-history":[{"count":8,"href":"https:\/\/wp.ufpel.edu.br\/progep\/wp-json\/wp\/v2\/pages\/24725\/revisions"}],"predecessor-version":[{"id":34132,"href":"https:\/\/wp.ufpel.edu.br\/progep\/wp-json\/wp\/v2\/pages\/24725\/revisions\/34132"}],"wp:attachment":[{"href":"https:\/\/wp.ufpel.edu.br\/progep\/wp-json\/wp\/v2\/media?parent=24725"}],"curies":[{"name":"wp","href":"https:\/\/api.w.org\/{rel}","templated":true}]}}