{"id":24678,"date":"2023-09-29T10:33:06","date_gmt":"2023-09-29T13:33:06","guid":{"rendered":"https:\/\/wp.ufpel.edu.br\/progep\/?page_id=24678"},"modified":"2025-06-11T09:49:56","modified_gmt":"2025-06-11T12:49:56","slug":"nomeacoes-edital-09-2023","status":"publish","type":"page","link":"https:\/\/wp.ufpel.edu.br\/progep\/nomeacoes-edital-09-2023\/","title":{"rendered":"NOMEA\u00c7\u00d5ES \u2013 EDITAL 09\/2023"},"content":{"rendered":"\n<div class=\"wp-block-group\" style=\"padding:0\"><div class=\"wp-block-group__inner-container is-layout-constrained wp-block-group-is-layout-constrained\">\n<div class=\"logoTituloModelStyle\" style=\"padding:0\"><img class=\"size-medium wp-image-27184 alignleft\" src=\"https:\/\/wp.ufpel.edu.br\/progep\/files\/2025\/03\/logo-progep_atualizacao-nome_AZUL.png\" style=\"padding:0\" alt=\"\" \/><\/p>\n<div style=\"padding:2rem 0.3rem\"><strong>Nomea\u00e7\u00f5es &#8211; Edital 09\/2023<\/strong><\/div>\n<\/div>\n<hr class=\"hrModelStyle\" \/>\n<div class=\"descriptionModelStyle\">Acompanhe nesta p\u00e1gina a publica\u00e7\u00e3o dos\/as nomeados\/as para cargos t\u00e9cnicos na UFPEL.<\/div>\n<\/div><\/div>\n\n\n<div class=\"pagNomeacoesStyle\">\n<div class=\"cargosNomeConvStyle\">\n<div class=\"cargosTitleStyle\"> Cargos nesta p\u00e1gina:<\/div>\n<div class=\"cargosStyle\">\n<p>Analista de Tecnologia da Informa\u00e7\u00e3o<\/p>\n<p>T\u00e9cnico em Assuntos Educacionais<\/p>\n<\/div>\n<\/div>\n<p> Confira a p\u00e1gina com as informa\u00e7\u00f5es a respeito do certame: <\/p>\n<a href=\"https:\/\/legalleconcursos.com.br\/editais\/ver\/061fb7a521e88a99c06b65ddf1039ba9\" target=\"_blank\">Certame do Edital 09\/2023<\/a>\n<div class=\"titleStyle\"><strong>Ampla Concorr\u00eancia<\/strong><\/div>\n<div class=\"titleStyle\"><strong>Cargo<\/strong>: Analista de Tecnologia da Informa\u00e7\u00e3o<\/div>\n\n<table id=\"tablepress-54\" class=\"tablepress tablepress-id-54\">\n<thead>\n<tr class=\"row-1\">\n\t<th class=\"column-1\">Posi\u00e7\u00e3o<\/th><th class=\"column-2\">Nome<\/th><th class=\"column-3\">Situa\u00e7\u00e3o<\/th>\n<\/tr>\n<\/thead>\n<tbody class=\"row-striping row-hover\">\n<tr class=\"row-2\">\n\t<td class=\"column-1\">1<\/td><td class=\"column-2\">Huberto Vargas Madalena<\/td><td class=\"column-3\"><s>Nomeado em 27\/10\/2023<\/s><br \/>\nTornada sem efeito p\/ desist\u00eancia do candidato<\/td>\n<\/tr>\n<tr class=\"row-3\">\n\t<td class=\"column-1\">2<\/td><td class=\"column-2\">Leandro Sidnei Immich<\/td><td class=\"column-3\"><s>Nomeado em 27\/10\/2023<\/s> Solicitou reclassifica\u00e7\u00e3o ao final da fila<\/td>\n<\/tr>\n<tr class=\"row-4\">\n\t<td class=\"column-1\">3<\/td><td class=\"column-2\">Alisson Tavares de Souza<\/td><td class=\"column-3\">Nomeado em 03\/11\/2023<\/td>\n<\/tr>\n<tr class=\"row-5\">\n\t<td class=\"column-1\">4<\/td><td class=\"column-2\">Lucas Freitas Cordeiro<\/td><td class=\"column-3\">Nomeado em 20\/11\/2023<\/td>\n<\/tr>\n<tr class=\"row-6\">\n\t<td class=\"column-1\">5<\/td><td class=\"column-2\">Marcos Ceron Goncalves<\/td><td class=\"column-3\"><s>Nomeado em 29\/09\/2024<\/s> -Solicitou reclassifica\u00e7\u00e3o ao final da fila<\/td>\n<\/tr>\n<tr class=\"row-7\">\n\t<td class=\"column-1\">6<\/td><td class=\"column-2\">Rodrigo Costa de Moura<\/td><td class=\"column-3\">Nomeado em 25\/09\/2024<\/td>\n<\/tr>\n<tr class=\"row-8\">\n\t<td class=\"column-1\">7<\/td><td class=\"column-2\">Guilherme Rego Rockembach<\/td><td class=\"column-3\">Aproveitamento pela UNIPAMPA<br \/>\nNomeado em 27\/01\/2025<\/td>\n<\/tr>\n<tr class=\"row-9\">\n\t<td class=\"column-1\">8<\/td><td class=\"column-2\">Vinicius Silva Conedera<\/td><td class=\"column-3\">Nomeado em 14\/04\/2025<\/td>\n<\/tr>\n<tr class=\"row-10\">\n\t<td class=\"column-1\">9<\/td><td class=\"column-2\">Virginia Ortiz Andersson Vianna<\/td><td class=\"column-3\">Nomeada em 03\/09\/2025<\/td>\n<\/tr>\n<tr class=\"row-11\">\n\t<td class=\"column-1\">10<\/td><td class=\"column-2\">Cristiano Fialho Marques<\/td><td class=\"column-3\"><s>Nomeado em 03\/09\/2025<\/s> Solicitou reclassifica\u00e7\u00e3o ao final da fila<\/td>\n<\/tr>\n<tr class=\"row-12\">\n\t<td class=\"column-1\">11<\/td><td class=\"column-2\">Leandro Sidnei Immich<\/td><td class=\"column-3\"><s>Nomeado em 08\/09\/2025<\/s> Tornada sem efeito p\/ desist\u00eancia do candidato <\/td>\n<\/tr>\n<tr class=\"row-13\">\n\t<td class=\"column-1\">12<\/td><td class=\"column-2\">Marcos Ceron Goncalves<\/td><td class=\"column-3\">Nomeado em 15\/09\/2025<\/s> Tornada sem efeito p\/ desist\u00eancia do candidato<\/td>\n<\/tr>\n<tr class=\"row-14\">\n\t<td class=\"column-1\">13<\/td><td class=\"column-2\">Cristiano Fialho Marques<\/td><td class=\"column-3\">Nomeado em 02\/10\/2025<\/td>\n<\/tr>\n<\/tbody>\n<\/table>\n\n<div class=\"titleStyle\"><strong>Cargo<\/strong>: T\u00e9cnico em Assuntos Educacionais<\/div>\n\n<table id=\"tablepress-55\" class=\"tablepress tablepress-id-55\">\n<thead>\n<tr class=\"row-1\">\n\t<th class=\"column-1\">Posi\u00e7\u00e3o<\/th><th class=\"column-2\">Nome<\/th><th class=\"column-3\">Situa\u00e7\u00e3o<\/th>\n<\/tr>\n<\/thead>\n<tbody class=\"row-striping row-hover\">\n<tr class=\"row-2\">\n\t<td class=\"column-1\">1<\/td><td class=\"column-2\">Regis Leonardo Gusmao Barcelos<\/td><td class=\"column-3\">Nomeado em 27\/10\/2023<\/td>\n<\/tr>\n<tr class=\"row-3\">\n\t<td class=\"column-1\">2<\/td><td class=\"column-2\">Pedro Antonio Ourique<\/td><td class=\"column-3\">Nomeado em 27\/10\/2023<\/td>\n<\/tr>\n<tr class=\"row-4\">\n\t<td class=\"column-1\">3<\/td><td class=\"column-2\">Ana Paula Rodrigues<\/td><td class=\"column-3\">Nomeada em 07\/03\/2024<\/td>\n<\/tr>\n<tr class=\"row-5\">\n\t<td class=\"column-1\">4<\/td><td class=\"column-2\">Carlos Guilherme Madeira<\/td><td class=\"column-3\">Nomeado em 07\/03\/2024<\/td>\n<\/tr>\n<tr class=\"row-6\">\n\t<td class=\"column-1\">5<\/td><td class=\"column-2\">Amelia Teresinha Brum da Cunha<\/td><td class=\"column-3\">Nomeada em 07\/03\/2024<\/td>\n<\/tr>\n<tr class=\"row-7\">\n\t<td class=\"column-1\">6<\/td><td class=\"column-2\">Luis Fernando Lacerda Lence<\/td><td class=\"column-3\">Nomeado em 07\/03\/2024<\/td>\n<\/tr>\n<tr class=\"row-8\">\n\t<td class=\"column-1\">7<\/td><td class=\"column-2\">Luciele Santa Barbara Soares<\/td><td class=\"column-3\">Nomeada em 07\/03\/2024<\/td>\n<\/tr>\n<tr class=\"row-9\">\n\t<td class=\"column-1\">8<\/td><td class=\"column-2\">Michelle Coitinho de Oliveira<\/td><td class=\"column-3\">Nomeada 02\/10\/2024<\/td>\n<\/tr>\n<tr class=\"row-10\">\n\t<td class=\"column-1\">9<\/td><td class=\"column-2\">Natalia Ferreira da Cunha<\/td><td class=\"column-3\">Nomeada em 24\/02\/2026<\/td>\n<\/tr>\n<tr class=\"row-11\">\n\t<td class=\"column-1\">10<\/td><td class=\"column-2\">Rafael Vieira Levandovski<\/td><td class=\"column-3\"><\/td>\n<\/tr>\n<\/tbody>\n<\/table>\n\n<div class=\"titleStyle\"><strong>COTAS PcD<\/strong><\/div>\n\n<table id=\"tablepress-56\" class=\"tablepress tablepress-id-56\">\n<thead>\n<tr class=\"row-1\">\n\t<th class=\"column-1\">Posi\u00e7\u00e3o<\/th><th class=\"column-2\">Nome<\/th><th class=\"column-3\">Cargo<\/th><th class=\"column-4\">Situa\u00e7\u00e3o<\/th>\n<\/tr>\n<\/thead>\n<tbody class=\"row-striping row-hover\">\n<tr class=\"row-2\">\n\t<td class=\"column-1\">1<\/td><td class=\"column-2\">Pedro Antonio Ourique<\/td><td class=\"column-3\">T\u00e9cnico em Assuntos Educacionais<\/td><td class=\"column-4\">Nomeado em 27\/10\/2023        (ampla concorr\u00eancia)<\/td>\n<\/tr>\n<tr class=\"row-3\">\n\t<td class=\"column-1\">2<\/td><td class=\"column-2\">Rafael Lopes dos Santos<\/td><td class=\"column-3\">Analista de Tecnologia da Informa\u00e7\u00e3o<\/td><td class=\"column-4\">Nomeado em 27\/10\/2023<\/td>\n<\/tr>\n<\/tbody>\n<\/table>\n\n<div class=\"titleStyle\"><strong>COTAS RACIAIS<\/strong><\/div>\n\n<table id=\"tablepress-57\" class=\"tablepress tablepress-id-57\">\n<thead>\n<tr class=\"row-1\">\n\t<th class=\"column-1\">Posi\u00e7\u00e3o<\/th><th class=\"column-2\">Nome<\/th><th class=\"column-3\">Cargo<\/th><th class=\"column-4\">Situa\u00e7\u00e3o<\/th>\n<\/tr>\n<\/thead>\n<tbody class=\"row-striping row-hover\">\n<tr class=\"row-2\">\n\t<td class=\"column-1\">1<\/td><td class=\"column-2\">Claudia Daiane Garcia Molet<\/td><td class=\"column-3\">T\u00e9cnico em Assuntos Educacionais<\/td><td class=\"column-4\">Nomeada em 27\/10\/2023<\/td>\n<\/tr>\n<tr class=\"row-3\">\n\t<td class=\"column-1\">2<\/td><td class=\"column-2\">Caroline Coi Rosa<\/td><td class=\"column-3\">T\u00e9cnico em Assuntos Educacionais<\/td><td class=\"column-4\">Nomeada em 07\/03\/2024<\/td>\n<\/tr>\n<tr class=\"row-4\">\n\t<td class=\"column-1\">3<\/td><td class=\"column-2\">Erivelton de Lima da Cruz<\/td><td class=\"column-3\">T\u00e9cnico em Assuntos Educacionais<\/td><td class=\"column-4\">Nomeado em 07\/03\/2024<\/td>\n<\/tr>\n<tr class=\"row-5\">\n\t<td class=\"column-1\">4<\/td><td class=\"column-2\">Pedro Thiago do Nascimento Moreira Roque<\/td><td class=\"column-3\">Analista de Tecnologia da Informa\u00e7\u00e3o<\/td><td class=\"column-4\">Nomeado em 22\/05\/2025<\/td>\n<\/tr>\n<tr class=\"row-6\">\n\t<td class=\"column-1\">5<\/td><td class=\"column-2\">Augusto da Rosa Muniz<\/td><td class=\"column-3\">Analista de Tecnologia da Informa\u00e7\u00e3o<\/td><td class=\"column-4\"><\/td>\n<\/tr>\n<tr class=\"row-7\">\n\t<td class=\"column-1\">6<\/td><td class=\"column-2\">Alexandre Meireles Oliveira<\/td><td class=\"column-3\">Analista de Tecnologia da Informa\u00e7\u00e3o<\/td><td class=\"column-4\"><\/td>\n<\/tr>\n<\/tbody>\n<\/table>\n\n<\/div>\n","protected":false},"excerpt":{"rendered":"<p>Nomea\u00e7\u00f5es &#8211; Edital 09\/2023 Acompanhe nesta p\u00e1gina a publica\u00e7\u00e3o dos\/as nomeados\/as para cargos t\u00e9cnicos na UFPEL. Cargos nesta p\u00e1gina: Analista de Tecnologia da Informa\u00e7\u00e3o T\u00e9cnico em Assuntos Educacionais Confira a p\u00e1gina com as informa\u00e7\u00f5es a respeito do certame: Certame do Edital 09\/2023 Ampla Concorr\u00eancia Cargo: Analista de Tecnologia da Informa\u00e7\u00e3o Cargo: T\u00e9cnico em Assuntos Educacionais [&hellip;]<\/p>\n","protected":false},"author":52,"featured_media":0,"parent":0,"menu_order":0,"comment_status":"closed","ping_status":"closed","template":"","meta":{"footnotes":""},"class_list":["post-24678","page","type-page","status-publish","hentry"],"_links":{"self":[{"href":"https:\/\/wp.ufpel.edu.br\/progep\/wp-json\/wp\/v2\/pages\/24678","targetHints":{"allow":["GET"]}}],"collection":[{"href":"https:\/\/wp.ufpel.edu.br\/progep\/wp-json\/wp\/v2\/pages"}],"about":[{"href":"https:\/\/wp.ufpel.edu.br\/progep\/wp-json\/wp\/v2\/types\/page"}],"author":[{"embeddable":true,"href":"https:\/\/wp.ufpel.edu.br\/progep\/wp-json\/wp\/v2\/users\/52"}],"replies":[{"embeddable":true,"href":"https:\/\/wp.ufpel.edu.br\/progep\/wp-json\/wp\/v2\/comments?post=24678"}],"version-history":[{"count":17,"href":"https:\/\/wp.ufpel.edu.br\/progep\/wp-json\/wp\/v2\/pages\/24678\/revisions"}],"predecessor-version":[{"id":33073,"href":"https:\/\/wp.ufpel.edu.br\/progep\/wp-json\/wp\/v2\/pages\/24678\/revisions\/33073"}],"wp:attachment":[{"href":"https:\/\/wp.ufpel.edu.br\/progep\/wp-json\/wp\/v2\/media?parent=24678"}],"curies":[{"name":"wp","href":"https:\/\/api.w.org\/{rel}","templated":true}]}}