{"id":24612,"date":"2023-09-25T11:34:40","date_gmt":"2023-09-25T14:34:40","guid":{"rendered":"https:\/\/wp.ufpel.edu.br\/progep\/?page_id=24612"},"modified":"2025-06-30T14:50:15","modified_gmt":"2025-06-30T17:50:15","slug":"oficina-criacao-de-marcadores-de-livro-bordados-e-escuta-de-poemas","status":"publish","type":"page","link":"https:\/\/wp.ufpel.edu.br\/progep\/oficina-criacao-de-marcadores-de-livro-bordados-e-escuta-de-poemas\/","title":{"rendered":"Capacita\u00e7\u00e3o: Oficina: Cria\u00e7\u00e3o de marcadores de livro, bordados e escuta de poemas"},"content":{"rendered":"<table style=\"border-collapse: collapse;width: 100%\" border=\"1\">\n<tbody>\n<tr>\n<td style=\"width: 100%;background-color: #f5f9ff;text-align: center\"><span style=\"color: #ff6600\"><span style=\"font-size: 12pt\">A oficina foi remarcada para o dia 19\/10.<\/span><\/span><\/td>\n<\/tr>\n<\/tbody>\n<\/table>\n<p><strong>Facilitadoras: <\/strong>C\u00edntia Vieira Essinger (Arquiteta e Urbanista da Pr\u00f3-Reitoria de Planejamento &#8211; UFPEL) e Beatriz Helena da Rosa Pereira (Mediadora de Clubes de Leitura)<\/p>\n<p><b>Modalidade: <\/b>Presencial<\/p>\n<p><del><b>Data:\u00a0<\/b>05\/10\/2023 (quinta-feira)<\/del><\/p>\n<p><span style=\"color: #ff6600\"><b>Nova data:<\/b> 19\/10\/2023 (quinta-feira)<\/span><\/p>\n<p><strong>Hor\u00e1rio:<\/strong> 14h \u00e0s 18h<\/p>\n<p><strong>Local: <\/strong>N\u00facleo de Editora e Livraria da UFPel (NELU), localizado na Rua Benjamin Constant, 1071<\/p>\n<p><strong>Ementa:<br \/>\n<\/strong>&#8211; Aprender a t\u00e9cnica do bordado em papel<br \/>\n&#8211; Exercitar a sensibilidade e a inspira\u00e7\u00e3o atrav\u00e9s da escuta de poemas e trechos de obras liter\u00e1rias<strong><br \/>\n<\/strong><\/p>\n<p><strong>M\u00e9todo:<\/strong><br \/>\n&#8211; Recep\u00e7\u00e3o dos inscritos com leitura de poema<br \/>\n&#8211; Apresenta\u00e7\u00e3o de alguns marcadores de livro bordados e de outras pe\u00e7as poss\u00edveis (cart\u00e3o, foto, outro modelo de marcador)<br \/>\n&#8211; Escolha individual do tipo de bordado que ser\u00e1 feito, a partir de consulta ao Or\u00e1culo Liter\u00e1rio<br \/>\n&#8211; Apresenta\u00e7\u00e3o dos tipos de ponto a serem empregados (ponto reto e n\u00f3 franc\u00eas)<br \/>\n&#8211; Realiza\u00e7\u00e3o dos marcadores com acompanhamento e leitura de trechos de livros durante o trabalho<br \/>\n&#8211; Fechamento com leitura de poema com mensagem final<\/p>\n<p><strong>Recursos:<\/strong><br \/>\nMateriais que <span class=\"v1ContentPasted3\">os inscritos homologados dever\u00e3o levar para a atividade<\/span>:<\/p>\n<ul>\n<li>Linha de meada (2 cores livre escolha)<\/li>\n<li>2 agulhas de costura (n\u00ba 7 ou 8)<\/li>\n<li>1 rolha<\/li>\n<li>Tesourinha<\/li>\n<li>Fita adesiva Washi Tape ou fita crepe estreita<\/li>\n<li>1 peda\u00e7o de EVA grosso de A4 no m\u00e1ximo<\/li>\n<li>1 folha de papel vegetal<\/li>\n<li>1 l\u00e1pis<\/li>\n<\/ul>\n<p><strong>P\u00fablico Alvo<\/strong>: Servidores docentes e TAE\u2019s ativos*<\/p>\n<p><strong>N\u00famero de vagas:<\/strong> 12 (limitadas por ordem de inscri\u00e7\u00e3o)**<\/p>\n<p><strong>Inscri\u00e7\u00f5es<\/strong>: <del><span style=\"color: #999999\">at\u00e9<\/span> 03\/10\/2023<\/del> &#8211; <span style=\"color: #ff6600\">at\u00e9 18\/10\/2023, 12h<\/span><\/p>\n<p><strong>Divulga\u00e7\u00e3o das inscri\u00e7\u00f5es homologadas<\/strong>: <span style=\"color: #ff6600\">18\/10\/2023<\/span>***, nesta p\u00e1gina.<\/p>\n<p>*Considerando a Pol\u00edtica Nacional de Desenvolvimento de Pessoas, conforme Decreto n\u00ba 9.991\/19, somente ser\u00e3o certificados os servidores p\u00fablicos pertencentes ao Quadro Efetivo da UFPel.<\/p>\n<p>**Vagas destinadas \u00e0 servidores pertencentes ao Quadro Efetivo da UFPel, preferencialmente.<\/p>\n<p>***Quando homologadas as inscri\u00e7\u00f5es, os selecionados receber\u00e3o e-mail de confirma\u00e7\u00e3o com instru\u00e7\u00f5es.<\/p>\n<p><span style=\"text-decoration: underline\">Observa\u00e7\u00e3o<\/span>: Os inscritos homologados no dia 05\/10 (que foi adiada) ter\u00e3o prioridade no preenchimento das vagas para o dia 19\/10. Se houver desist\u00eancias ou aumento do n\u00famero de vagas, os inscritos da lista de suplentes ser\u00e3o homologados, por ordem de inscri\u00e7\u00e3o, at\u00e9 atingir o limite de vagas.<\/p>\n<p><strong><span style=\"color: #ff6600\"><a style=\"color: #ff6600\" href=\"https:\/\/wp.ufpel.edu.br\/progep\/files\/2023\/10\/Homologados-Oficina-Criacao-de-marcadores-de-livro-bordados-e-escuta-de-poemas-19-10-2023.pdf\" target=\"_blank\" rel=\"noopener\">INSCRI\u00c7\u00d5ES HOMOLOGADAS<\/a>\u00a0<\/span><\/strong><span style=\"color: #ff6600\">&#8211; 19\/10\/2023<\/span><\/p>\n","protected":false},"excerpt":{"rendered":"<p>A oficina foi remarcada para o dia 19\/10. Facilitadoras: C\u00edntia Vieira Essinger (Arquiteta e Urbanista da Pr\u00f3-Reitoria de Planejamento &#8211; UFPEL) e Beatriz Helena da Rosa Pereira (Mediadora de Clubes de Leitura) Modalidade: Presencial Data:\u00a005\/10\/2023 (quinta-feira) Nova data: 19\/10\/2023 (quinta-feira) Hor\u00e1rio: 14h \u00e0s 18h Local: N\u00facleo de Editora e Livraria da UFPel (NELU), localizado na [&hellip;]<\/p>\n","protected":false},"author":21,"featured_media":0,"parent":0,"menu_order":0,"comment_status":"closed","ping_status":"closed","template":"","meta":{"footnotes":""},"class_list":["post-24612","page","type-page","status-publish","hentry"],"_links":{"self":[{"href":"https:\/\/wp.ufpel.edu.br\/progep\/wp-json\/wp\/v2\/pages\/24612","targetHints":{"allow":["GET"]}}],"collection":[{"href":"https:\/\/wp.ufpel.edu.br\/progep\/wp-json\/wp\/v2\/pages"}],"about":[{"href":"https:\/\/wp.ufpel.edu.br\/progep\/wp-json\/wp\/v2\/types\/page"}],"author":[{"embeddable":true,"href":"https:\/\/wp.ufpel.edu.br\/progep\/wp-json\/wp\/v2\/users\/21"}],"replies":[{"embeddable":true,"href":"https:\/\/wp.ufpel.edu.br\/progep\/wp-json\/wp\/v2\/comments?post=24612"}],"version-history":[{"count":20,"href":"https:\/\/wp.ufpel.edu.br\/progep\/wp-json\/wp\/v2\/pages\/24612\/revisions"}],"predecessor-version":[{"id":34120,"href":"https:\/\/wp.ufpel.edu.br\/progep\/wp-json\/wp\/v2\/pages\/24612\/revisions\/34120"}],"wp:attachment":[{"href":"https:\/\/wp.ufpel.edu.br\/progep\/wp-json\/wp\/v2\/media?parent=24612"}],"curies":[{"name":"wp","href":"https:\/\/api.w.org\/{rel}","templated":true}]}}