{"id":24576,"date":"2023-09-25T15:52:47","date_gmt":"2023-09-25T18:52:47","guid":{"rendered":"https:\/\/wp.ufpel.edu.br\/progep\/?page_id=24576"},"modified":"2025-06-30T14:50:45","modified_gmt":"2025-06-30T17:50:45","slug":"mes-doa-servidora-da-ufpel","status":"publish","type":"page","link":"https:\/\/wp.ufpel.edu.br\/progep\/mes-doa-servidora-da-ufpel\/","title":{"rendered":"Capacita\u00e7\u00e3o: M\u00eas do(a) Servidor(a) da UFPEL 2023"},"content":{"rendered":"<p>&nbsp;<\/p>\n<p>&nbsp;<\/p>\n<p><a href=\"https:\/\/wp.ufpel.edu.br\/progep\/files\/2023\/09\/Imagem-Wordpress_Mes-do-Servidor-2023_rev00.png\"><img class=\"aligncenter wp-image-24623\" src=\"https:\/\/wp.ufpel.edu.br\/progep\/files\/2023\/09\/Imagem-Wordpress_Mes-do-Servidor-2023_rev00-400x154.png\" alt=\"\" width=\"647\" height=\"249\" srcset=\"https:\/\/wp.ufpel.edu.br\/progep\/files\/2023\/09\/Imagem-Wordpress_Mes-do-Servidor-2023_rev00-400x154.png 400w, https:\/\/wp.ufpel.edu.br\/progep\/files\/2023\/09\/Imagem-Wordpress_Mes-do-Servidor-2023_rev00-768x295.png 768w, https:\/\/wp.ufpel.edu.br\/progep\/files\/2023\/09\/Imagem-Wordpress_Mes-do-Servidor-2023_rev00.png 780w\" sizes=\"(max-width: 647px) 100vw, 647px\" \/><\/a><\/p>\n<p>&nbsp;<\/p>\n<p style=\"text-align: center\"><span style=\"color: #0000ff;font-size: 14pt\"><strong>M\u00caS DO(A) SERVIDOR(A) DA UFPEL<\/strong><\/span><\/p>\n<p>Para celebrar o\u00a0<strong>M\u00eas do(a) Servidor(a) P\u00fablico<\/strong>, comemorado no dia 28 de outubro, a Coordena\u00e7\u00e3o de Desenvolvimento de Pessoal, da PROGEP, oferecer\u00e1 diversas atividades, conforme cronograma abaixo:<\/p>\n<p style=\"text-align: center\"><span style=\"color: #0000ff\"><strong>PROGRAMA\u00c7\u00c3O<\/strong><\/span><\/p>\n<p><strong>\u203a 03\/10 <\/strong>Ter\u00e7a-feira<strong><br \/>\n<\/strong><span style=\"color: #0000ff\"><a style=\"color: #0000ff\" href=\"https:\/\/wp.ufpel.edu.br\/progep\/o-caminho-do-meio-atraves-do-yoga\/\" target=\"_blank\" rel=\"noopener\"><strong style=\"font-family: var(--fonte-corpo)\">O Caminho do Meio atrav\u00e9s do Yoga (Campus Anglo)<\/strong><\/a><\/span><\/p>\n<p><strong>\u203a 04\/10 <\/strong>Quarta-feira<br \/>\n<span style=\"color: #0000ff\"><a style=\"color: #0000ff\" href=\"https:\/\/wp.ufpel.edu.br\/progep\/aula-show-cafe-do-grao-a-bebida-conhecendo-cafes-e-seus-metodos-de-preparo\/\" target=\"_blank\" rel=\"noopener\"><strong>Aula Show Caf\u00e9 &#8211; Do gr\u00e3o \u00e0 bebida: conhecendo caf\u00e9s e seus m\u00e9todos de preparo<\/strong><\/a><\/span><\/p>\n<p><strong>\u203a 09\/10 <\/strong>Segunda-feira<strong><br \/>\n<\/strong><span style=\"color: #0000ff\"><a style=\"color: #0000ff\" href=\"https:\/\/wp.ufpel.edu.br\/progep\/o-caminho-do-meio-atraves-do-yoga\/\" target=\"_blank\" rel=\"noopener\"><strong style=\"font-family: var(--fonte-corpo)\">O Caminho do Meio atrav\u00e9s do Yoga (ESEF)<\/strong><\/a><span style=\"color: #ff0000\"> (atividade cancelada)<\/span><\/span><\/p>\n<p><strong>\u203a 10\/10 <\/strong>Ter\u00e7a-feira<br \/>\n<span style=\"color: #0000ff\"><strong><a style=\"color: #0000ff\" href=\"https:\/\/wp.ufpel.edu.br\/progep\/oficina-de-doces-de-pelotas-receitas-tradicionais-quindim-e-panelinha-de-coco\/\" target=\"_blank\" rel=\"noopener\">Oficina de Doces de Pelotas &#8211; Receitas tradicionais: Quindim e panelinha de coco\u00a0<\/a><\/strong><\/span><\/p>\n<p><strong>\u203a 11\/10 <\/strong>Quarta-feira<strong><br \/>\n<\/strong><span style=\"color: #0000ff\"><a style=\"color: #0000ff\" href=\"https:\/\/wp.ufpel.edu.br\/progep\/o-caminho-do-meio-atraves-do-yoga\/\" target=\"_blank\" rel=\"noopener\"><strong style=\"font-family: var(--fonte-corpo)\">O Caminho do Meio atrav\u00e9s do Yoga (Campus Cap\u00e3o do Le\u00e3o)<\/strong><\/a><\/span><\/p>\n<p><strong>\u203a 16\/10 Segunda-feira<\/strong><strong><br \/>\n<a href=\"https:\/\/ccs2.ufpel.edu.br\/wp\/2023\/09\/28\/blitz-do-outubro-rosa-serao-realizadas-no-anglo-e-no-capao-do-leao\/\" target=\"_blank\" rel=\"noopener\"><span style=\"color: #0000ff\">Blitz Outubro Rosa &#8211; Campus Anglo<\/span><\/a>\u00a0<\/strong>&#8211; Orienta\u00e7\u00f5es sobre preven\u00e7\u00e3o e detec\u00e7\u00e3o precoce do c\u00e2ncer de mama<strong><br \/>\n<\/strong><\/p>\n<p><strong>\u203a 17\/10 Ter\u00e7a-feira<\/strong><strong><br \/>\n<a href=\"https:\/\/ccs2.ufpel.edu.br\/wp\/2023\/09\/28\/blitz-do-outubro-rosa-serao-realizadas-no-anglo-e-no-capao-do-leao\/\" target=\"_blank\" rel=\"noopener\"><span style=\"color: #0000ff\">Blitz Outubro Rosa &#8211; Campus Cap\u00e3o do Le\u00e3o<\/span><\/a>\u00a0<\/strong>&#8211; Orienta\u00e7\u00f5es sobre preven\u00e7\u00e3o e detec\u00e7\u00e3o precoce do c\u00e2ncer de mama<\/p>\n<p><strong>\u203a 17\/10 <\/strong>Ter\u00e7a-feira<strong><br \/>\n<a href=\"https:\/\/wp.ufpel.edu.br\/progep\/dietas-da-moda-tendencias-vs-ciencia-nutricional\/\" target=\"_blank\" rel=\"noopener\"><span style=\"color: #0000ff\">Dietas da Moda: Tend\u00eancias vs. Ci\u00eancia Nutricional<\/span><\/a><\/strong><\/p>\n<p><span style=\"color: #999999\">\u203a <del><strong>18\/10<\/strong><\/del> Quarta-feira<\/span><br \/>\n<span style=\"color: #0000ff\"><a style=\"color: #0000ff\" href=\"https:\/\/wp.ufpel.edu.br\/progep\/tecnicas-de-autogerenciamento-para-administracao-publica\/\" target=\"_blank\" rel=\"noopener\"><strong>T\u00e9cnicas de Autogerenciamento para Administra\u00e7\u00e3o P\u00fablica<\/strong><\/a> <span style=\"color: #ff0000\">(<\/span><\/span><span style=\"color: #ff0000\">remarcada para 21\/11\/2023)<\/span><\/p>\n<p>\u203a <strong>18\/10<\/strong> Quarta-feira<br \/>\n<span style=\"color: #0000ff\"><a style=\"color: #0000ff\" href=\"https:\/\/wp.ufpel.edu.br\/progep\/oficina-decoupagem-de-tecido-em-vidros-reaproveitados\/\" target=\"_blank\" rel=\"noopener\"><strong>Oficina &#8211; Decoupagem de tecido em vidros reaproveitados<\/strong><\/a><\/span><\/p>\n<p><strong>\u203a 19\/10 <\/strong>Quinta-feira<br \/>\n<span style=\"color: #0000ff\"><a style=\"color: #0000ff\" href=\"https:\/\/wp.ufpel.edu.br\/progep\/oficina-criacao-de-marcadores-de-livro-bordados-e-escuta-de-poemas\/\" target=\"_blank\" rel=\"noopener\"><strong>Oficina: Cria\u00e7\u00e3o de marcadores de livro, bordados e escuta de poemas<\/strong><\/a><\/span><\/p>\n<p>\u203a <strong>23\/10<\/strong> Segunda-feira<br \/>\n<strong><span style=\"color: #0000ff\"><a style=\"color: #0000ff\" href=\"https:\/\/wp.ufpel.edu.br\/progep\/passeio-pelo-patrimonio-cultural-edificado-da-ufpel\/\">Passeio pelo Patrim\u00f4nio Cultural Edificado da UFPel<\/a><\/span><\/strong><\/p>\n<p>\u203a <strong>27\/10<\/strong> Sexta-feira<br \/>\n<span style=\"color: #0000ff\"><a style=\"color: #0000ff\" href=\"https:\/\/wp.ufpel.edu.br\/progep\/canvas-desenvolvimento-de-projetos\/\" target=\"_blank\" rel=\"noopener\"><strong>Canvas: Desenvolvimento de Projetos<\/strong><\/a><\/span><\/p>\n<p><strong>\u203a 28\/10 <\/strong>S\u00e1bado<strong><br \/>\n<a href=\"https:\/\/ccs2.ufpel.edu.br\/wp\/2023\/10\/09\/ufpel-realiza-torneio-de-volei-para-marcar-acoes-do-outubro-rosa-e-novembro-azul\/\" target=\"_blank\" rel=\"noopener\"><span style=\"color: #0000ff\">Mova-se pela sua sa\u00fade: Torneio Amistoso de V\u00f4lei<\/span><\/a><\/strong><\/p>\n<p>\u203a <strong>30\/10<\/strong> Segunda-feira<br \/>\n<span style=\"color: #0000ff\"><a style=\"color: #0000ff\" href=\"https:\/\/wp.ufpel.edu.br\/progep\/trilha-na-fazenda-da-palma\/\" target=\"_blank\" rel=\"noopener\"><strong>Trilha na Fazenda da Palma<\/strong><\/a><\/span><\/p>\n<p>\u203a <strong>31\/10<\/strong> Ter\u00e7a-feira<br \/>\n<span style=\"color: #0000ff\"><a style=\"color: #0000ff\" href=\"https:\/\/wp.ufpel.edu.br\/progep\/sustentabilidade-nas-universidades-acoes-executadas-na-ufpel\/\" target=\"_blank\" rel=\"noopener\"><strong>Sustentabilidade nas Universidades: A\u00e7\u00f5es executadas na UFPel<\/strong><\/a> <span style=\"color: #ff0000\">(cancelada<\/span><span style=\"color: #ff0000\">)<\/span><\/span><\/p>\n<p>&nbsp;<\/p>\n<p style=\"text-align: center\"><span style=\"font-size: 12pt\"><strong><span style=\"color: #0000ff\">ATIVIDADE CULTURAL<\/span><\/strong><\/span><\/p>\n<p style=\"text-align: center\"><strong><span style=\"font-size: 14pt\">Vamos conhecer o Patrim\u00f4nio Cultural da UFPel? Te convidamos para acompanhar um Tour sobre a hist\u00f3ria de nossos pr\u00e9dios e uma visita sobre as mem\u00f3rias do Museu do Doce.<\/span><\/strong><\/p>\n<p style=\"text-align: center\"><span style=\"background-color: #ff6600;color: #ff6600\"><span style=\"background-color: #ffffff\">Acesse <\/span><span style=\"background-color: #ffffff\">o link:<\/span><\/span>\u00a0<span style=\"color: #0000ff\"><a style=\"color: #0000ff\" href=\"https:\/\/wp.ufpel.edu.br\/progep\/?page_id=18929\">https:\/\/wp.ufpel.edu.br\/progep\/?page_id=18929<\/a><\/span><\/p>\n","protected":false},"excerpt":{"rendered":"<p>&nbsp; &nbsp; &nbsp; M\u00caS DO(A) SERVIDOR(A) DA UFPEL Para celebrar o\u00a0M\u00eas do(a) Servidor(a) P\u00fablico, comemorado no dia 28 de outubro, a Coordena\u00e7\u00e3o de Desenvolvimento de Pessoal, da PROGEP, oferecer\u00e1 diversas atividades, conforme cronograma abaixo: PROGRAMA\u00c7\u00c3O \u203a 03\/10 Ter\u00e7a-feira O Caminho do Meio atrav\u00e9s do Yoga (Campus Anglo) \u203a 04\/10 Quarta-feira Aula Show Caf\u00e9 &#8211; Do [&hellip;]<\/p>\n","protected":false},"author":21,"featured_media":0,"parent":0,"menu_order":0,"comment_status":"closed","ping_status":"closed","template":"","meta":{"footnotes":""},"class_list":["post-24576","page","type-page","status-publish","hentry"],"_links":{"self":[{"href":"https:\/\/wp.ufpel.edu.br\/progep\/wp-json\/wp\/v2\/pages\/24576","targetHints":{"allow":["GET"]}}],"collection":[{"href":"https:\/\/wp.ufpel.edu.br\/progep\/wp-json\/wp\/v2\/pages"}],"about":[{"href":"https:\/\/wp.ufpel.edu.br\/progep\/wp-json\/wp\/v2\/types\/page"}],"author":[{"embeddable":true,"href":"https:\/\/wp.ufpel.edu.br\/progep\/wp-json\/wp\/v2\/users\/21"}],"replies":[{"embeddable":true,"href":"https:\/\/wp.ufpel.edu.br\/progep\/wp-json\/wp\/v2\/comments?post=24576"}],"version-history":[{"count":39,"href":"https:\/\/wp.ufpel.edu.br\/progep\/wp-json\/wp\/v2\/pages\/24576\/revisions"}],"predecessor-version":[{"id":34121,"href":"https:\/\/wp.ufpel.edu.br\/progep\/wp-json\/wp\/v2\/pages\/24576\/revisions\/34121"}],"wp:attachment":[{"href":"https:\/\/wp.ufpel.edu.br\/progep\/wp-json\/wp\/v2\/media?parent=24576"}],"curies":[{"name":"wp","href":"https:\/\/api.w.org\/{rel}","templated":true}]}}