{"id":24492,"date":"2023-09-05T10:44:28","date_gmt":"2023-09-05T13:44:28","guid":{"rendered":"https:\/\/wp.ufpel.edu.br\/progep\/?page_id=24492"},"modified":"2023-09-13T11:29:05","modified_gmt":"2023-09-13T14:29:05","slug":"chamada-publica-no-04","status":"publish","type":"page","link":"https:\/\/wp.ufpel.edu.br\/progep\/chamada-publica-no-04\/","title":{"rendered":"CHAMADA P\u00daBLICA 04\/2023"},"content":{"rendered":"<p><a href=\"https:\/\/wp.ufpel.edu.br\/progep\/files\/2023\/09\/SEI_UFPel-2334185-Edital-PROGEP.pdf\">Chamada P\u00fablica de Remo\u00e7\u00e3o 04\/2023<\/a><\/p>\n<p><a href=\"https:\/\/wp.ufpel.edu.br\/progep\/files\/2023\/09\/retificacao.pdf\">Chamada P\u00fablica de Remo\u00e7\u00e3o 04\/2023 &#8211; RETIFICA\u00c7\u00c3O<\/a><\/p>\n<p><a href=\"https:\/\/wp.ufpel.edu.br\/progep\/files\/2023\/09\/SEI_UFPel-2343179-Edital-PROGEP.pdf\">Resultado Final<\/a><\/p>\n","protected":false},"excerpt":{"rendered":"<p>Chamada P\u00fablica de Remo\u00e7\u00e3o 04\/2023 Chamada P\u00fablica de Remo\u00e7\u00e3o 04\/2023 &#8211; RETIFICA\u00c7\u00c3O Resultado Final<\/p>\n","protected":false},"author":52,"featured_media":0,"parent":0,"menu_order":0,"comment_status":"closed","ping_status":"closed","template":"","meta":{"footnotes":""},"class_list":["post-24492","page","type-page","status-publish","hentry"],"_links":{"self":[{"href":"https:\/\/wp.ufpel.edu.br\/progep\/wp-json\/wp\/v2\/pages\/24492","targetHints":{"allow":["GET"]}}],"collection":[{"href":"https:\/\/wp.ufpel.edu.br\/progep\/wp-json\/wp\/v2\/pages"}],"about":[{"href":"https:\/\/wp.ufpel.edu.br\/progep\/wp-json\/wp\/v2\/types\/page"}],"author":[{"embeddable":true,"href":"https:\/\/wp.ufpel.edu.br\/progep\/wp-json\/wp\/v2\/users\/52"}],"replies":[{"embeddable":true,"href":"https:\/\/wp.ufpel.edu.br\/progep\/wp-json\/wp\/v2\/comments?post=24492"}],"version-history":[{"count":5,"href":"https:\/\/wp.ufpel.edu.br\/progep\/wp-json\/wp\/v2\/pages\/24492\/revisions"}],"predecessor-version":[{"id":24521,"href":"https:\/\/wp.ufpel.edu.br\/progep\/wp-json\/wp\/v2\/pages\/24492\/revisions\/24521"}],"wp:attachment":[{"href":"https:\/\/wp.ufpel.edu.br\/progep\/wp-json\/wp\/v2\/media?parent=24492"}],"curies":[{"name":"wp","href":"https:\/\/api.w.org\/{rel}","templated":true}]}}