{"id":24485,"date":"2023-10-09T18:22:45","date_gmt":"2023-10-09T21:22:45","guid":{"rendered":"https:\/\/wp.ufpel.edu.br\/progep\/?page_id=24485"},"modified":"2025-05-16T09:15:31","modified_gmt":"2025-05-16T12:15:31","slug":"acessibilidade-visual-em-bibliotecas-praticas-e-inovacoes","status":"publish","type":"page","link":"https:\/\/wp.ufpel.edu.br\/progep\/acessibilidade-visual-em-bibliotecas-praticas-e-inovacoes\/","title":{"rendered":"Capacita\u00e7\u00e3o: Acessibilidade Visual em Bibliotecas: Pr\u00e1ticas e Inova\u00e7\u00f5es"},"content":{"rendered":"<p><strong>Facilitadora<\/strong>: Marisa Helena Degasperi (Docente \u2013 Centro de Letras e Comunica\u00e7\u00e3o \u2013 CLC\/UFPel)<\/p>\n<p><span style=\"font-size: 12pt\"><strong>Data de realiza\u00e7\u00e3o:<\/strong> 29\/09\/2023<\/span><\/p>\n<p><span style=\"font-size: 12pt\"><strong>Hor\u00e1rio:<\/strong> das 14h \u00e0s 17h<\/span><\/p>\n<p><strong style=\"font-size: 12pt;color: var(--cor-texto);font-family: var(--fonte-corpo)\">Realiza\u00e7\u00e3o:<\/strong><span style=\"font-size: 12pt;color: var(--cor-texto);font-family: var(--fonte-corpo)\"> presencial<\/span><\/p>\n<p><span style=\"font-size: 12pt;color: var(--cor-texto);font-family: var(--fonte-corpo)\"><strong>Local<\/strong>: Sala 217 &#8211; campus Anglo da UFPel<\/span><\/p>\n<p><span style=\"font-size: 12pt\"><strong>Ementa:\u00a0<\/strong><\/span><br \/>\n1. Reflex\u00e3o sobre acessibilidade nos campus da UFPel;<br \/>\n2. Acessibilidade e desenho universal;<br \/>\n3. A acessibilidade visual;<br \/>\n4. O usu\u00e1rio e o consultor com defici\u00eancia visual na biblioteca: \u201cNada para n\u00f3s, sem n\u00f3s.\u201d;<br \/>\n5. Equipamentos e processos de acessibilidade visual em biblioteca;<br \/>\n6. A audiodescri\u00e7\u00e3o (AD) como recurso assistivo;<br \/>\n7. Legendas para surdos e ensurdecidos (LSE) em materiais audiovisuais;<br \/>\n8. Implementa\u00e7\u00e3o da acessibilidade visual em bibliotecas.<\/p>\n<p><span style=\"font-size: 12pt\"><strong>P\u00fablico Alvo<\/strong>: Servidores das bibliotecas da UFPel*<\/span><\/p>\n<p><span style=\"font-size: 12pt\"><strong>Per\u00edodo de inscri\u00e7\u00e3o<\/strong>: de 19\/09 a 26\/09<\/span><\/p>\n<p><strong style=\"font-size: 12pt;color: var(--cor-texto);font-family: var(--fonte-corpo)\">Divulga\u00e7\u00e3o das inscri\u00e7\u00f5es homologadas<\/strong><span style=\"font-size: 12pt;color: var(--cor-texto);font-family: var(--fonte-corpo)\">: <\/span>27\/09\/2023<span style=\"font-size: 12pt;font-family: var(--fonte-corpo)\">***<\/span><span style=\"font-size: 12pt;color: var(--cor-texto);font-family: var(--fonte-corpo)\">.<\/span><\/p>\n<p><span style=\"font-size: 12pt\">*Considerando a Pol\u00edtica Nacional de Desenvolvimento de Pessoas, conforme Decreto n\u00ba 9.991\/19, somente ser\u00e3o certificados os servidores p\u00fablicos pertencentes ao Quadro Efetivo da UFPel.<\/span><br \/>\n<span style=\"font-size: 12pt\">** Quando homologadas as inscri\u00e7\u00f5es, os selecionados receber\u00e3o e-mail de confirma\u00e7\u00e3o.<\/span><\/p>\n","protected":false},"excerpt":{"rendered":"<p>Facilitadora: Marisa Helena Degasperi (Docente \u2013 Centro de Letras e Comunica\u00e7\u00e3o \u2013 CLC\/UFPel) Data de realiza\u00e7\u00e3o: 29\/09\/2023 Hor\u00e1rio: das 14h \u00e0s 17h Realiza\u00e7\u00e3o: presencial Local: Sala 217 &#8211; campus Anglo da UFPel Ementa:\u00a0 1. Reflex\u00e3o sobre acessibilidade nos campus da UFPel; 2. Acessibilidade e desenho universal; 3. A acessibilidade visual; 4. O usu\u00e1rio e o [&hellip;]<\/p>\n","protected":false},"author":21,"featured_media":0,"parent":0,"menu_order":0,"comment_status":"closed","ping_status":"closed","template":"","meta":{"footnotes":""},"class_list":["post-24485","page","type-page","status-publish","hentry"],"_links":{"self":[{"href":"https:\/\/wp.ufpel.edu.br\/progep\/wp-json\/wp\/v2\/pages\/24485","targetHints":{"allow":["GET"]}}],"collection":[{"href":"https:\/\/wp.ufpel.edu.br\/progep\/wp-json\/wp\/v2\/pages"}],"about":[{"href":"https:\/\/wp.ufpel.edu.br\/progep\/wp-json\/wp\/v2\/types\/page"}],"author":[{"embeddable":true,"href":"https:\/\/wp.ufpel.edu.br\/progep\/wp-json\/wp\/v2\/users\/21"}],"replies":[{"embeddable":true,"href":"https:\/\/wp.ufpel.edu.br\/progep\/wp-json\/wp\/v2\/comments?post=24485"}],"version-history":[{"count":10,"href":"https:\/\/wp.ufpel.edu.br\/progep\/wp-json\/wp\/v2\/pages\/24485\/revisions"}],"predecessor-version":[{"id":32547,"href":"https:\/\/wp.ufpel.edu.br\/progep\/wp-json\/wp\/v2\/pages\/24485\/revisions\/32547"}],"wp:attachment":[{"href":"https:\/\/wp.ufpel.edu.br\/progep\/wp-json\/wp\/v2\/media?parent=24485"}],"curies":[{"name":"wp","href":"https:\/\/api.w.org\/{rel}","templated":true}]}}