{"id":24433,"date":"2023-08-28T16:44:18","date_gmt":"2023-08-28T19:44:18","guid":{"rendered":"https:\/\/wp.ufpel.edu.br\/progep\/?page_id=24433"},"modified":"2025-06-30T14:48:50","modified_gmt":"2025-06-30T17:48:50","slug":"oficina-teorico-pratica-reflexoes-sobre-avaliacao-do-ensino-aprendizagem-a-partir-do-plano-de-ensino","status":"publish","type":"page","link":"https:\/\/wp.ufpel.edu.br\/progep\/oficina-teorico-pratica-reflexoes-sobre-avaliacao-do-ensino-aprendizagem-a-partir-do-plano-de-ensino\/","title":{"rendered":"Capacita\u00e7\u00e3o: Oficina te\u00f3rico-pr\u00e1tica: Reflex\u00f5es sobre avalia\u00e7\u00e3o do ensino-aprendizagem a partir do plano de ensino"},"content":{"rendered":"<p><strong>Ministrante: <\/strong>Fl\u00e1via Marchi Nascimento (Docente do Centro de Artes\/ UFPel)<\/p>\n<p><strong>Data de realiza\u00e7\u00e3o: <\/strong>15\/09\/2023 (sexta-feira)<\/p>\n<p><strong>Hor\u00e1rio: <\/strong>14h \u00e0s 17h<\/p>\n<p><b>Modalidade: <\/b>Presencial<\/p>\n<p class=\"v1MsoNormal\"><strong>Local:<\/strong>\u00a0Sala 217, 2\u00b0 andar, Campus Anglo<\/p>\n<p><strong>Ementa<\/strong>:<\/p>\n<p class=\"Texto_Justificado\">Compreens\u00e3o das pr\u00e1ticas avaliativas a partir do plano de ensino; Reflex\u00f5es sobre as concep\u00e7\u00f5es de avalia\u00e7\u00e3o e suas implica\u00e7\u00f5es no fazer docente.<\/p>\n<p><strong>Material necess\u00e1rio para a oficina:<\/strong> Levar impresso um plano de ensino para ser analisado.<\/p>\n<p class=\"v1MsoNormal\"><strong>P\u00fablico Alvo<\/strong>: Servidores docentes e TAE\u2019s ativos*<\/p>\n<p><strong>N\u00famero de vagas:<\/strong> 30 (limitadas por ordem de inscri\u00e7\u00e3o)**<\/p>\n<p><strong>Per\u00edodo de inscri\u00e7\u00e3o<\/strong>: 29\/08 a 12\/09\/2023<\/p>\n<p><strong>Divulga\u00e7\u00e3o das inscri\u00e7\u00f5es homologadas<\/strong>: 13\/09***, nesta p\u00e1gina.<\/p>\n<p>*Considerando a Pol\u00edtica Nacional de Desenvolvimento de Pessoas, conforme Decreto n\u00ba 9.991\/19, somente ser\u00e3o certificados os servidores p\u00fablicos pertencentes ao Quadro Efetivo da UFPel.<\/p>\n<p>**Vagas destinadas \u00e0 servidores pertencentes ao Quadro Efetivo da UFPel, preferencialmente.<\/p>\n<p>*** Quando homologadas as inscri\u00e7\u00f5es, os selecionados receber\u00e3o e-mail de confirma\u00e7\u00e3o com instru\u00e7\u00f5es.<\/p>\n<p><span style=\"color: #ff6600\"><strong><a style=\"color: #ff6600\" href=\"https:\/\/wp.ufpel.edu.br\/progep\/files\/2023\/09\/Homologados-Oficina-teorico-pratica-Reflexoes-sobre-avaliacao-do-ensino-aprendizagem-a-partir-do-plano-de-ensino-15-09-2023.pdf\" target=\"_blank\" rel=\"noopener\">INSCRI\u00c7\u00d5ES HOMOLOGADAS<\/a><\/strong><\/span><\/p>\n","protected":false},"excerpt":{"rendered":"<p>Ministrante: Fl\u00e1via Marchi Nascimento (Docente do Centro de Artes\/ UFPel) Data de realiza\u00e7\u00e3o: 15\/09\/2023 (sexta-feira) Hor\u00e1rio: 14h \u00e0s 17h Modalidade: Presencial Local:\u00a0Sala 217, 2\u00b0 andar, Campus Anglo Ementa: Compreens\u00e3o das pr\u00e1ticas avaliativas a partir do plano de ensino; Reflex\u00f5es sobre as concep\u00e7\u00f5es de avalia\u00e7\u00e3o e suas implica\u00e7\u00f5es no fazer docente. Material necess\u00e1rio para a oficina: [&hellip;]<\/p>\n","protected":false},"author":21,"featured_media":0,"parent":0,"menu_order":0,"comment_status":"closed","ping_status":"closed","template":"","meta":{"footnotes":""},"class_list":["post-24433","page","type-page","status-publish","hentry"],"_links":{"self":[{"href":"https:\/\/wp.ufpel.edu.br\/progep\/wp-json\/wp\/v2\/pages\/24433","targetHints":{"allow":["GET"]}}],"collection":[{"href":"https:\/\/wp.ufpel.edu.br\/progep\/wp-json\/wp\/v2\/pages"}],"about":[{"href":"https:\/\/wp.ufpel.edu.br\/progep\/wp-json\/wp\/v2\/types\/page"}],"author":[{"embeddable":true,"href":"https:\/\/wp.ufpel.edu.br\/progep\/wp-json\/wp\/v2\/users\/21"}],"replies":[{"embeddable":true,"href":"https:\/\/wp.ufpel.edu.br\/progep\/wp-json\/wp\/v2\/comments?post=24433"}],"version-history":[{"count":13,"href":"https:\/\/wp.ufpel.edu.br\/progep\/wp-json\/wp\/v2\/pages\/24433\/revisions"}],"predecessor-version":[{"id":34115,"href":"https:\/\/wp.ufpel.edu.br\/progep\/wp-json\/wp\/v2\/pages\/24433\/revisions\/34115"}],"wp:attachment":[{"href":"https:\/\/wp.ufpel.edu.br\/progep\/wp-json\/wp\/v2\/media?parent=24433"}],"curies":[{"name":"wp","href":"https:\/\/api.w.org\/{rel}","templated":true}]}}