{"id":24415,"date":"2023-08-22T10:22:08","date_gmt":"2023-08-22T13:22:08","guid":{"rendered":"https:\/\/wp.ufpel.edu.br\/progep\/?page_id=24415"},"modified":"2025-06-30T14:48:46","modified_gmt":"2025-06-30T17:48:46","slug":"trilhas-de-formacao-integridade-somos-todos-nos-2","status":"publish","type":"page","link":"https:\/\/wp.ufpel.edu.br\/progep\/trilhas-de-formacao-integridade-somos-todos-nos-2\/","title":{"rendered":"Capacita\u00e7\u00e3o: Trilhas de Forma\u00e7\u00e3o &#8211; Integridade Somos Todos N\u00f3s"},"content":{"rendered":"<p><span style=\"font-size: 12pt\"><strong>Facilitadores:<\/strong>\u00a0Equipe do <a href=\"https:\/\/wp.ufpel.edu.br\/ngc\/governanca\/estrutura-de-governanca\/\" target=\"_blank\" rel=\"noopener\"><span style=\"color: #0000ff\">Comit\u00ea de Gest\u00e3o de Integridade &#8211; CGINT<\/span><\/a>\/UFPel:<\/span><\/p>\n<p style=\"padding-left: 12px\">\u2022 Alfredo Luiz da Costa Tillmann<br \/>\n\u2022 Aline Ribeiro Paliga<br \/>\n\u2022 Biolange Oliveira Piegas<br \/>\n\u2022 Ot\u00e1vio Augusto Zanin Delevedove<br \/>\n\u2022 Paulo de Almeida Afonso<br \/>\n\u2022 Renato Fabr\u00edcio de Andrade Waldemarin<\/p>\n<p><span style=\"font-size: 12pt\"><strong>Data de realiza\u00e7\u00e3o<\/strong>:<span style=\"color: #000000\"> 15\/09\/2023 (sexta-feira)<\/span><\/span><\/p>\n<p><span style=\"font-size: 12pt\"><strong>Hor\u00e1rio<\/strong>: 10h \u00e0s 12h<\/span><\/p>\n<p><span style=\"font-size: 12pt\"><strong>Modalidade<\/strong>: Online, plataforma Webconf &#8211; UFPel<\/span><\/p>\n<p><span style=\"font-size: 12pt\"><strong>Ementa<\/strong>:<\/span><\/p>\n<p style=\"padding-left: 12px\"><span style=\"font-size: 12pt\">No\u00e7\u00f5es b\u00e1sicas<\/span><br \/>\n<span style=\"font-size: 12pt\">1. Integridade<\/span><br \/>\n<span style=\"font-size: 12pt\">2. Lei de Acesso \u00e0 Informa\u00e7\u00e3o<\/span><br \/>\n<span style=\"font-size: 12pt\">3. Ouvidoria<\/span><br \/>\n<span style=\"font-size: 12pt\">4. \u00c9tica<\/span><br \/>\n<span style=\"font-size: 12pt\">5. Respostas aos \u00f3rg\u00e3os de controle<\/span><br \/>\n<span style=\"font-size: 12pt\">6. Processos administrativos disciplinares.<\/span><\/p>\n<p class=\"v1MsoNormal\"><span style=\"font-size: 12pt\"><strong>P\u00fablico Alvo<\/strong>: Servidores Docentes e TAEs ativos da UFPel*<\/span><\/p>\n<p><span style=\"font-size: 12pt\"><strong>Per\u00edodo de inscri\u00e7\u00e3o<\/strong>: 18\/07 a 12\/09\/2023<\/span><\/p>\n<p><span style=\"font-size: 12pt\"><strong>Divulga\u00e7\u00e3o das inscri\u00e7\u00f5es homologadas<\/strong>: <span style=\"color: #000000\"><strong>13\/09\/2023<\/strong><\/span>**, nesta p\u00e1gina.<\/span><\/p>\n<p><span style=\"font-size: 12pt\">*Considerando a Pol\u00edtica Nacional de Desenvolvimento de Pessoas, conforme Decreto n\u00ba 9.991\/19, somente ser\u00e3o certificados os servidores p\u00fablicos pertencentes ao Quadro Efetivo da UFPel.<\/span><\/p>\n<p><span style=\"font-size: 12pt\">**Quando homologadas as inscri\u00e7\u00f5es, os selecionados receber\u00e3o e-mail de confirma\u00e7\u00e3o com instru\u00e7\u00f5es.<\/span><\/p>\n<p>&nbsp;<\/p>\n<p><span style=\"font-size: 12pt;color: #ff6600\"><strong><a style=\"color: #ff6600\" href=\"https:\/\/wp.ufpel.edu.br\/progep\/files\/2023\/09\/Homologados-Trilhas-de-Formacao-Integridade-Somos-Todos-Nos-15-09-2023_1.pdf\" target=\"_blank\" rel=\"noopener\">INSCRI\u00c7\u00d5ES HOMOLOGADAS<\/a><\/strong><\/span><\/p>\n","protected":false},"excerpt":{"rendered":"<p>Facilitadores:\u00a0Equipe do Comit\u00ea de Gest\u00e3o de Integridade &#8211; CGINT\/UFPel: \u2022 Alfredo Luiz da Costa Tillmann \u2022 Aline Ribeiro Paliga \u2022 Biolange Oliveira Piegas \u2022 Ot\u00e1vio Augusto Zanin Delevedove \u2022 Paulo de Almeida Afonso \u2022 Renato Fabr\u00edcio de Andrade Waldemarin Data de realiza\u00e7\u00e3o: 15\/09\/2023 (sexta-feira) Hor\u00e1rio: 10h \u00e0s 12h Modalidade: Online, plataforma Webconf &#8211; UFPel Ementa: [&hellip;]<\/p>\n","protected":false},"author":21,"featured_media":0,"parent":0,"menu_order":0,"comment_status":"closed","ping_status":"closed","template":"","meta":{"footnotes":""},"class_list":["post-24415","page","type-page","status-publish","hentry"],"_links":{"self":[{"href":"https:\/\/wp.ufpel.edu.br\/progep\/wp-json\/wp\/v2\/pages\/24415","targetHints":{"allow":["GET"]}}],"collection":[{"href":"https:\/\/wp.ufpel.edu.br\/progep\/wp-json\/wp\/v2\/pages"}],"about":[{"href":"https:\/\/wp.ufpel.edu.br\/progep\/wp-json\/wp\/v2\/types\/page"}],"author":[{"embeddable":true,"href":"https:\/\/wp.ufpel.edu.br\/progep\/wp-json\/wp\/v2\/users\/21"}],"replies":[{"embeddable":true,"href":"https:\/\/wp.ufpel.edu.br\/progep\/wp-json\/wp\/v2\/comments?post=24415"}],"version-history":[{"count":8,"href":"https:\/\/wp.ufpel.edu.br\/progep\/wp-json\/wp\/v2\/pages\/24415\/revisions"}],"predecessor-version":[{"id":34114,"href":"https:\/\/wp.ufpel.edu.br\/progep\/wp-json\/wp\/v2\/pages\/24415\/revisions\/34114"}],"wp:attachment":[{"href":"https:\/\/wp.ufpel.edu.br\/progep\/wp-json\/wp\/v2\/media?parent=24415"}],"curies":[{"name":"wp","href":"https:\/\/api.w.org\/{rel}","templated":true}]}}