{"id":24386,"date":"2023-08-17T11:51:48","date_gmt":"2023-08-17T14:51:48","guid":{"rendered":"https:\/\/wp.ufpel.edu.br\/progep\/?page_id=24386"},"modified":"2025-06-30T14:48:40","modified_gmt":"2025-06-30T17:48:40","slug":"ufpel-sempre-acolhedora-saude-mental-e-trabalho-lidando-com-a-sobrecarga-em-nosso-mundo-acelerado","status":"publish","type":"page","link":"https:\/\/wp.ufpel.edu.br\/progep\/ufpel-sempre-acolhedora-saude-mental-e-trabalho-lidando-com-a-sobrecarga-em-nosso-mundo-acelerado\/","title":{"rendered":"Capacita\u00e7\u00e3o: UFPel Sempre Acolhedora \u2013 Sa\u00fade Mental e Trabalho: Lidando com a sobrecarga em nosso mundo acelerado"},"content":{"rendered":"<p><strong>Facilitadora: <\/strong>J\u00e9ssica Silva de \u00c1vila ( Assistente Social da Coordena\u00e7\u00e3o de Sa\u00fade e Qualidade de Vida\/PROGEP)<\/p>\n<p><strong>Realiza\u00e7\u00e3o:<\/strong> Presencial<\/p>\n<p><strong>Data\/ hor\u00e1rio:<br \/>\n<span style=\"color: #ff6600\">Turma Campus Cap\u00e3o do Le\u00e3o:<span style=\"color: #000000\"> 31\/08<\/span><\/span> <\/strong>(Quinta-feira), das<strong> 14h30min \u00e0s 17h30min<br \/>\n<span style=\"color: #ff6600\">Turma Campus Anglo:<\/span> <span style=\"color: #000000\">01\/09 <\/span><\/strong>(Sexta-feira), das<strong> 09h \u00e0s 11h<\/strong><\/p>\n<p><strong>Local de realiza\u00e7\u00e3o:<br \/>\n<span style=\"color: #ff6600\">Campus Cap\u00e3o do Le\u00e3o:<\/span><\/strong><span style=\"color: #ff6600\"><span style=\"color: #000000\"> Espa\u00e7o Viva Bem (localizado no Centro de Conviv\u00eancia do Campus, ao lado do restaurante)<\/span><\/span><strong><br \/>\n<span style=\"color: #ff6600\">Campus Anglo: <\/span><\/strong>Audit\u00f3rio da Reitoria, 4\u00ba andar, <span style=\"color: #000000\">Campus Anglo<\/span><strong><br \/>\n<\/strong><\/p>\n<p><strong>Ementa:<br \/>\n<\/strong>&#8211; As transforma\u00e7\u00f5es no mundo do trabalho e o impacto na sa\u00fade dos trabalhadores;<br \/>\n&#8211; O capitalismo e a promo\u00e7\u00e3o de valores individuais;<br \/>\n&#8211; Sobrecarga de trabalho<br \/>\n&#8211; Estrat\u00e9gias coletivas de enfrentamento s\u00e3o poss\u00edveis?\u00a0<strong><br \/>\n<\/strong><\/p>\n<p><strong>P\u00fablico Alvo<\/strong>: Servidores docentes e TAE\u2019s ativos*<\/p>\n<p><strong>Per\u00edodo de inscri\u00e7\u00e3o<\/strong>: 18\/08 a 29\/08\/2023<\/p>\n<p><strong>Divulga\u00e7\u00e3o das inscri\u00e7\u00f5es homologadas<\/strong>: 30\/08**, nesta p\u00e1gina.<\/p>\n<p>*Considerando a Pol\u00edtica Nacional de Desenvolvimento de Pessoas, conforme Decreto n\u00ba 9.991\/19, somente ser\u00e3o certificados os servidores p\u00fablicos pertencentes ao Quadro Efetivo da UFPel.<\/p>\n<p>**Quando homologadas as inscri\u00e7\u00f5es, os selecionados receber\u00e3o e-mail de confirma\u00e7\u00e3o com instru\u00e7\u00f5es.<\/p>\n<p><span style=\"color: #ff6600\"><strong><a style=\"color: #ff6600\" href=\"https:\/\/wp.ufpel.edu.br\/progep\/files\/2023\/08\/Homologados-31_08-Capao-do-Leao-UFPel-Sempre-Acolhedora-Saude-Mental-e-Trabalho.pdf\" target=\"_blank\" rel=\"noopener\">INSCRI\u00c7\u00d5ES HOMOLOGADAS<\/a> &#8211; Campus Cap\u00e3o do Le\u00e3o &#8211; 31\/08<\/strong><\/span><\/p>\n<p><span style=\"color: #ff6600\"><strong><a style=\"color: #ff6600\" href=\"https:\/\/wp.ufpel.edu.br\/progep\/files\/2023\/08\/Homologados-01_09-Anglo-UFPel-Sempre-Acolhedora-Saude-Mental-e-Trabalho.pdf\" target=\"_blank\" rel=\"noopener\">INSCRI\u00c7\u00d5ES HOMOLOGADAS<\/a> &#8211; Campus Anglo &#8211; 01\/09<\/strong><\/span><\/p>\n<p>&nbsp;<\/p>\n","protected":false},"excerpt":{"rendered":"<p>Facilitadora: J\u00e9ssica Silva de \u00c1vila ( Assistente Social da Coordena\u00e7\u00e3o de Sa\u00fade e Qualidade de Vida\/PROGEP) Realiza\u00e7\u00e3o: Presencial Data\/ hor\u00e1rio: Turma Campus Cap\u00e3o do Le\u00e3o: 31\/08 (Quinta-feira), das 14h30min \u00e0s 17h30min Turma Campus Anglo: 01\/09 (Sexta-feira), das 09h \u00e0s 11h Local de realiza\u00e7\u00e3o: Campus Cap\u00e3o do Le\u00e3o: Espa\u00e7o Viva Bem (localizado no Centro de Conviv\u00eancia [&hellip;]<\/p>\n","protected":false},"author":21,"featured_media":0,"parent":0,"menu_order":0,"comment_status":"closed","ping_status":"closed","template":"","meta":{"footnotes":""},"class_list":["post-24386","page","type-page","status-publish","hentry"],"_links":{"self":[{"href":"https:\/\/wp.ufpel.edu.br\/progep\/wp-json\/wp\/v2\/pages\/24386","targetHints":{"allow":["GET"]}}],"collection":[{"href":"https:\/\/wp.ufpel.edu.br\/progep\/wp-json\/wp\/v2\/pages"}],"about":[{"href":"https:\/\/wp.ufpel.edu.br\/progep\/wp-json\/wp\/v2\/types\/page"}],"author":[{"embeddable":true,"href":"https:\/\/wp.ufpel.edu.br\/progep\/wp-json\/wp\/v2\/users\/21"}],"replies":[{"embeddable":true,"href":"https:\/\/wp.ufpel.edu.br\/progep\/wp-json\/wp\/v2\/comments?post=24386"}],"version-history":[{"count":19,"href":"https:\/\/wp.ufpel.edu.br\/progep\/wp-json\/wp\/v2\/pages\/24386\/revisions"}],"predecessor-version":[{"id":34113,"href":"https:\/\/wp.ufpel.edu.br\/progep\/wp-json\/wp\/v2\/pages\/24386\/revisions\/34113"}],"wp:attachment":[{"href":"https:\/\/wp.ufpel.edu.br\/progep\/wp-json\/wp\/v2\/media?parent=24386"}],"curies":[{"name":"wp","href":"https:\/\/api.w.org\/{rel}","templated":true}]}}