{"id":24239,"date":"2023-07-31T18:24:33","date_gmt":"2023-07-31T21:24:33","guid":{"rendered":"https:\/\/wp.ufpel.edu.br\/progep\/?page_id=24239"},"modified":"2025-06-30T14:48:14","modified_gmt":"2025-06-30T17:48:14","slug":"formacao-para-gestores-3a-edicao-modulo-6-dialogos-sobre-assedio","status":"publish","type":"page","link":"https:\/\/wp.ufpel.edu.br\/progep\/formacao-para-gestores-3a-edicao-modulo-6-dialogos-sobre-assedio\/","title":{"rendered":"Capacita\u00e7\u00e3o: Forma\u00e7\u00e3o para Gestores 3\u00aa Edi\u00e7\u00e3o \u2013 M\u00f3dulo 6: Di\u00e1logos sobre ass\u00e9dio"},"content":{"rendered":"<p><span style=\"font-size: 12pt\"><strong>Ministrantes:<\/strong><br \/>\n\u2022 Carolina Andersson Bunde (Coordena\u00e7\u00e3o de Sa\u00fade e Qualidade de Vida &#8211; CSQV\/PROGEP &#8211; UFPel)<br \/>\n\u2022 Maria Helena Concei\u00e7\u00e3o Silveira (Coordena\u00e7\u00e3o de Sa\u00fade e Qualidade de Vida &#8211; CSQV\/PROGEP &#8211; UFPel)<br \/>\n\u2022 Janaize Batalha Neves (Faculdade de Medicina &#8211; FAMED &#8211; UFPEL)<\/span><\/p>\n<p><span style=\"font-size: 12pt\"><strong>Data de realiza\u00e7\u00e3o<\/strong>: 17 de agosto de 2023 (Quinta-feira)<\/span><\/p>\n<p><span style=\"font-size: 12pt\"><strong>Hor\u00e1rio<\/strong>: 14h \u00e0s 18h<\/span><\/p>\n<p><span style=\"font-size: 12pt\"><strong>Modalidade<\/strong>: Presencial<\/span><\/p>\n<p><span style=\"font-size: 12pt\"><strong>Local<\/strong>: Audit\u00f3rio da Reitoria, 4\u00ba andar, campus Anglo da UFPel.<\/span><\/p>\n<p><strong>Ementa:<\/strong><br \/>\n\u2022 O que define;<br \/>\n\u2022 Elementos que identificam;<br \/>\n\u2022 Ass\u00e9dio moral no Servi\u00e7o P\u00fablico;<br \/>\n\u2022 Como ocorre o Ass\u00e9dio;<br \/>\n\u2022 Situa\u00e7\u00f5es que caracterizam;<br \/>\n\u2022 O que n\u00e3o \u00e9 considerado ass\u00e9dio;<br \/>\n\u2022 Causas;<br \/>\n\u2022 Consequ\u00eancias;<br \/>\n\u2022 Preven\u00e7\u00e3o;<br \/>\n\u2022 O qu\u00ea fazer.<\/p>\n<p class=\"v1MsoNormal\"><span style=\"font-size: 12pt\"><strong>P\u00fablico Alvo<\/strong>: Chefes de N\u00facleo das Unidades Administrativas da UFPel*<\/span><\/p>\n<p><strong>N\u00famero de vagas<\/strong>: 25 vagas**<\/p>\n<p><span style=\"font-size: 12pt\"><strong>Per\u00edodo de inscri\u00e7\u00e3o<\/strong>: 31\/07 a 14\/08\/2023<\/span><\/p>\n<p><span style=\"font-size: 12pt\"><strong>Divulga\u00e7\u00e3o das inscri\u00e7\u00f5es homologadas<\/strong>: 15\/08\/2023***, nesta p\u00e1gina.<\/span><\/p>\n<p>*Considerando a Pol\u00edtica Nacional de Desenvolvimento de Pessoas, conforme Decreto n\u00ba 9.991\/19, somente ser\u00e3o certificados os servidores p\u00fablicos pertencentes ao Quadro Efetivo da UFPel.<br \/>\n**Vagas destinadas \u00e0 servidores pertencentes ao Quadro Efetivo da UFPel, preferencialmente.<br \/>\n***Quando homologadas as inscri\u00e7\u00f5es, os selecionados receber\u00e3o e-mail de confirma\u00e7\u00e3o com instru\u00e7\u00f5es.<\/p>\n<p><strong><span style=\"color: #ff6600\"><a style=\"color: #ff6600\" href=\"https:\/\/wp.ufpel.edu.br\/progep\/files\/2023\/08\/Homologados-Formacao-para-Gestores-3a-Edicao-\u2013-Modulo-6-Dialogos-sobre-assedio-1.pdf\">INSCRI\u00c7\u00d5ES HOMOLOGADAS<\/a><\/span><\/strong><\/p>\n","protected":false},"excerpt":{"rendered":"<p>Ministrantes: \u2022 Carolina Andersson Bunde (Coordena\u00e7\u00e3o de Sa\u00fade e Qualidade de Vida &#8211; CSQV\/PROGEP &#8211; UFPel) \u2022 Maria Helena Concei\u00e7\u00e3o Silveira (Coordena\u00e7\u00e3o de Sa\u00fade e Qualidade de Vida &#8211; CSQV\/PROGEP &#8211; UFPel) \u2022 Janaize Batalha Neves (Faculdade de Medicina &#8211; FAMED &#8211; UFPEL) Data de realiza\u00e7\u00e3o: 17 de agosto de 2023 (Quinta-feira) Hor\u00e1rio: 14h \u00e0s [&hellip;]<\/p>\n","protected":false},"author":21,"featured_media":0,"parent":0,"menu_order":0,"comment_status":"closed","ping_status":"closed","template":"","meta":{"footnotes":""},"class_list":["post-24239","page","type-page","status-publish","hentry"],"_links":{"self":[{"href":"https:\/\/wp.ufpel.edu.br\/progep\/wp-json\/wp\/v2\/pages\/24239","targetHints":{"allow":["GET"]}}],"collection":[{"href":"https:\/\/wp.ufpel.edu.br\/progep\/wp-json\/wp\/v2\/pages"}],"about":[{"href":"https:\/\/wp.ufpel.edu.br\/progep\/wp-json\/wp\/v2\/types\/page"}],"author":[{"embeddable":true,"href":"https:\/\/wp.ufpel.edu.br\/progep\/wp-json\/wp\/v2\/users\/21"}],"replies":[{"embeddable":true,"href":"https:\/\/wp.ufpel.edu.br\/progep\/wp-json\/wp\/v2\/comments?post=24239"}],"version-history":[{"count":9,"href":"https:\/\/wp.ufpel.edu.br\/progep\/wp-json\/wp\/v2\/pages\/24239\/revisions"}],"predecessor-version":[{"id":34109,"href":"https:\/\/wp.ufpel.edu.br\/progep\/wp-json\/wp\/v2\/pages\/24239\/revisions\/34109"}],"wp:attachment":[{"href":"https:\/\/wp.ufpel.edu.br\/progep\/wp-json\/wp\/v2\/media?parent=24239"}],"curies":[{"name":"wp","href":"https:\/\/api.w.org\/{rel}","templated":true}]}}