{"id":24188,"date":"2023-07-28T17:14:13","date_gmt":"2023-07-28T20:14:13","guid":{"rendered":"https:\/\/wp.ufpel.edu.br\/progep\/?page_id=24188"},"modified":"2025-06-30T14:48:00","modified_gmt":"2025-06-30T17:48:00","slug":"capacita-na-web-formacao-em-praticas-restaurativas-a-conducao-de-conflitos-de-forma-positiva","status":"publish","type":"page","link":"https:\/\/wp.ufpel.edu.br\/progep\/capacita-na-web-formacao-em-praticas-restaurativas-a-conducao-de-conflitos-de-forma-positiva\/","title":{"rendered":"Capacita\u00e7\u00e3o: Capacita na Web &#8211; Forma\u00e7\u00e3o em Pr\u00e1ticas Restaurativas: A condu\u00e7\u00e3o de conflitos de forma positiva"},"content":{"rendered":"<p><span style=\"font-size: 12pt\"><strong>Facilitadores:<\/strong> Equipe do N\u00facleo de Media\u00e7\u00e3o de Conflitos e Pr\u00e1ticas Restaurativas (CONVIVA), da Universidade Federal do Rio Grande &#8211; FURG.<\/span><\/p>\n<p><span style=\"font-size: 12pt\"><strong>Datas\/hor\u00e1rios:<\/strong><\/span><br \/>\n<span style=\"font-size: 12pt\">\u2022 23\/08 (Quarta-feira) das 14h \u00e0s 17h &#8211; M\u00f3dulo I &#8211; Entendendo o conflito e as bases da Comunica\u00e7\u00e3o n\u00e3o violenta (CNV)<\/span><br \/>\n<span style=\"font-size: 12pt\">\u2022 30\/08 (Quarta-feira) das 14h \u00e0s 17h &#8211; M\u00f3dulo II &#8211; Ferramentas de Comunica\u00e7\u00e3o n\u00e3o violenta (CNV) e media\u00e7\u00e3o para o cotidiano<\/span><\/p>\n<p><span style=\"font-size: 12pt\"><strong>Realiza\u00e7\u00e3o:<\/strong>\u00a0plataforma Webconf da UFPel (na modalidade\u00a0<em>online)<\/em><\/span><\/p>\n<p><span style=\"font-size: 12pt\"><strong>Ementa:\u00a0<\/strong><\/span><br \/>\n<span style=\"font-size: 12pt\">M\u00f3dulo I &#8211; Entendendo o conflito e as bases da Comunica\u00e7\u00e3o N\u00e3o Violenta (CNV)<\/span><br \/>\n<span style=\"font-size: 12pt\">1. Vis\u00e3o do conflito (positiva x negativa);<\/span><br \/>\n<span style=\"font-size: 12pt\">2. Conflito x confronto;<\/span><br \/>\n<span style=\"font-size: 12pt\">3. Tr\u00eas dimens\u00f5es do conflito;<\/span><br \/>\n<span style=\"font-size: 12pt\">4. Vis\u00e3o positiva do conflito<\/span><br \/>\n<span style=\"font-size: 12pt\">5. Vis\u00e3o sist\u00eamica do conflito (vis\u00e3o integral);<\/span><br \/>\n<span style=\"font-size: 12pt\">6. Comunica\u00e7\u00e3o;<\/span><br \/>\n<span style=\"font-size: 12pt\">7. Quatro elementos da CNV;<\/span><br \/>\n<span style=\"font-size: 12pt\">8. Julgamentos x Sentimentos;<\/span><br \/>\n<span style=\"font-size: 12pt\">9. Necessidades;<\/span><br \/>\n<span style=\"font-size: 12pt\">10. Linguagem chacal x girafa.<\/span><\/p>\n<p><span style=\"font-size: 12pt\">M\u00f3dulo II &#8211; Ferramentas de Comunica\u00e7\u00e3o n\u00e3o violenta (CNV) e media\u00e7\u00e3o para o cotidiano<\/span><br \/>\n<span style=\"font-size: 12pt\">1. Escutat\u00f3ria;<\/span><br \/>\n<span style=\"font-size: 12pt\">2. Simpatia X Empatia;<\/span><br \/>\n<span style=\"font-size: 12pt\">3. Di\u00e1logo x Debate;<\/span><br \/>\n<span style=\"font-size: 12pt\">4. Ferramentas para o cotidiano (recontextualiza\u00e7\u00e3o, afago, invers\u00e3o de pap\u00e9is, normaliza\u00e7\u00e3o, enfoque prospectivo, teste de realidade, valida\u00e7\u00e3o de sentimentos)<\/span><\/p>\n<p><span style=\"font-size: 12pt\"><strong>P\u00fablico Alvo<\/strong>: Servidores docentes e TAEs ativos da UFPel*<\/span><\/p>\n<p><span style=\"font-size: 12pt\"><strong>Per\u00edodo de inscri\u00e7\u00e3o<\/strong>: 03\/08 a 20\/08\/2023<\/span><\/p>\n<p><span style=\"font-size: 12pt\"><strong>Divulga\u00e7\u00e3o das inscri\u00e7\u00f5es homologadas<\/strong>: 21\/08\/2023**, nesta p\u00e1gina.<\/span><\/p>\n<p><span style=\"font-size: 12pt\">*Considerando a Pol\u00edtica Nacional de Desenvolvimento de Pessoas, conforme Decreto n\u00ba 9.991\/19, somente ser\u00e3o certificados os servidores p\u00fablicos pertencentes ao Quadro Efetivo da UFPel.<\/span><\/p>\n<p><span style=\"font-size: 12pt\">**Quando homologadas as inscri\u00e7\u00f5es, os selecionados receber\u00e3o e-mail com instru\u00e7\u00f5es de acesso \u00e0 sala de Webconf da UFPel.<\/span><\/p>\n<p><strong><span style=\"color: #ff6600\"><a style=\"color: #ff6600\" href=\"https:\/\/wp.ufpel.edu.br\/progep\/files\/2023\/08\/Homologacao-Formacao-em-Praticas-Restaurativas-A-conducao-de-conflitos-de-forma-positiva.pdf\">INSCRI\u00c7\u00d5ES HOMOLOGADAS<\/a><\/span><\/strong><\/p>\n<p>&nbsp;<\/p>\n","protected":false},"excerpt":{"rendered":"<p>Facilitadores: Equipe do N\u00facleo de Media\u00e7\u00e3o de Conflitos e Pr\u00e1ticas Restaurativas (CONVIVA), da Universidade Federal do Rio Grande &#8211; FURG. Datas\/hor\u00e1rios: \u2022 23\/08 (Quarta-feira) das 14h \u00e0s 17h &#8211; M\u00f3dulo I &#8211; Entendendo o conflito e as bases da Comunica\u00e7\u00e3o n\u00e3o violenta (CNV) \u2022 30\/08 (Quarta-feira) das 14h \u00e0s 17h &#8211; M\u00f3dulo II &#8211; Ferramentas [&hellip;]<\/p>\n","protected":false},"author":21,"featured_media":0,"parent":0,"menu_order":0,"comment_status":"closed","ping_status":"closed","template":"","meta":{"footnotes":""},"class_list":["post-24188","page","type-page","status-publish","hentry"],"_links":{"self":[{"href":"https:\/\/wp.ufpel.edu.br\/progep\/wp-json\/wp\/v2\/pages\/24188","targetHints":{"allow":["GET"]}}],"collection":[{"href":"https:\/\/wp.ufpel.edu.br\/progep\/wp-json\/wp\/v2\/pages"}],"about":[{"href":"https:\/\/wp.ufpel.edu.br\/progep\/wp-json\/wp\/v2\/types\/page"}],"author":[{"embeddable":true,"href":"https:\/\/wp.ufpel.edu.br\/progep\/wp-json\/wp\/v2\/users\/21"}],"replies":[{"embeddable":true,"href":"https:\/\/wp.ufpel.edu.br\/progep\/wp-json\/wp\/v2\/comments?post=24188"}],"version-history":[{"count":10,"href":"https:\/\/wp.ufpel.edu.br\/progep\/wp-json\/wp\/v2\/pages\/24188\/revisions"}],"predecessor-version":[{"id":34108,"href":"https:\/\/wp.ufpel.edu.br\/progep\/wp-json\/wp\/v2\/pages\/24188\/revisions\/34108"}],"wp:attachment":[{"href":"https:\/\/wp.ufpel.edu.br\/progep\/wp-json\/wp\/v2\/media?parent=24188"}],"curies":[{"name":"wp","href":"https:\/\/api.w.org\/{rel}","templated":true}]}}