{"id":24185,"date":"2023-07-27T11:01:48","date_gmt":"2023-07-27T14:01:48","guid":{"rendered":"https:\/\/wp.ufpel.edu.br\/progep\/?page_id=24185"},"modified":"2025-06-30T14:47:55","modified_gmt":"2025-06-30T17:47:55","slug":"curso-libras-para-servidores","status":"publish","type":"page","link":"https:\/\/wp.ufpel.edu.br\/progep\/curso-libras-para-servidores\/","title":{"rendered":"Capacita\u00e7\u00e3o: Curso Libras para Servidores"},"content":{"rendered":"<p><span style=\"font-size: 12pt\"><strong>Ministrante(s): <\/strong>Rogers Rocha (Docente do Centro de Letras e Comunica\u00e7\u00e3o &#8211; CLC)<\/span><\/p>\n<p><span style=\"font-size: 12pt\"><b>Modalidade:\u00a0<\/b>Presencial<\/span><\/p>\n<p><span style=\"font-size: 12pt\"><strong>Carga hor\u00e1ria: <\/strong>32 horas e 30 minutos<\/span><\/p>\n<p class=\"v1MsoNormal\"><span style=\"font-size: 12pt\"><strong>Per\u00edodo de realiza\u00e7\u00e3o<\/strong>: 17 de agosto a 14 <span style=\"background-color: #ffffff\">de dezembro de 2023<\/span><\/span><\/p>\n<p><strong>Dias de realiza\u00e7\u00e3o:<\/strong> \u00a0Quintas-feiras<\/p>\n<p><strong>Hor\u00e1rio:<\/strong> das 14h \u00e0s 16h30min<\/p>\n<p class=\"v1MsoNormal\"><span style=\"font-size: 12pt\"><strong>Local<\/strong>: CCHS Campus II Audit\u00f3rio<span style=\"color: var(--cor-texto);font-family: var(--fonte-corpo)\"> \u2013\u00a0 Rua Almirante Barroso, 1202 &#8211; 3\u00ba Andar<\/span><\/span><\/p>\n<p><span style=\"font-size: 12pt\"><strong>S\u00famula<\/strong>:<\/span><\/p>\n<p class=\"Texto_Justificado\"><span style=\"font-size: 12pt\">&#8211; Soletra\u00e7\u00e3o manual;<\/span><\/p>\n<p class=\"Texto_Justificado\"><span style=\"font-size: 12pt\">-Apresenta\u00e7\u00e3o de si de outra pessoa;<\/span><\/p>\n<p class=\"Texto_Justificado\"><span style=\"font-size: 12pt\">-Conversa\u00e7\u00e3o para o desenvolvimento de vocabul\u00e1rios b\u00e1sicos relacionados ao contexto de trabalho;<\/span><\/p>\n<p class=\"Texto_Justificado\"><span style=\"font-size: 12pt\">&#8211; Uso de classificadores;<\/span><\/p>\n<p class=\"Texto_Justificado\"><span style=\"font-size: 12pt\">-Desenvolvimento de tipologia textuais\u00a0(descri\u00e7\u00e3o, narra\u00e7\u00e3o, injuntivos, expositivos e argumentativos)<\/span><\/p>\n<p class=\"Texto_Justificado\"><span style=\"font-size: 12pt\">&#8211; Desenvolvimento de g\u00eaneros discursivos como (v\u00eddeos em whats app, v\u00eddeos para orienta\u00e7\u00f5es, anota\u00e7\u00f5es, contos, piadas, conversas informais)<\/span><\/p>\n<p><span style=\"font-size: 12pt\"><b><strong>Avalia\u00e7\u00e3o: <\/strong><\/b>Frequ\u00eancia m\u00ednima de 75% e avalia\u00e7\u00e3o processual.<\/span><\/p>\n<p class=\"v1MsoNormal\"><span style=\"font-size: 12pt\"><strong>P\u00fablico Alvo<\/strong>: Servidores docentes e TAE\u2019s ativos*<\/span><\/p>\n<p><span style=\"font-size: 12pt\"><strong>N\u00famero de vagas:<\/strong> 30 (limitadas por ordem de inscri\u00e7\u00e3o)**<\/span><\/p>\n<p><span style=\"font-size: 12pt\"><strong>Per\u00edodo de inscri\u00e7\u00e3o<\/strong>: 27\/07 a 14\/08\/2023<\/span><\/p>\n<p><span style=\"font-size: 12pt\"><strong>Divulga\u00e7\u00e3o das inscri\u00e7\u00f5es homologadas<\/strong>: 15\/08***, nesta p\u00e1gina.<\/span><\/p>\n<p><span style=\"font-size: 12pt\">*Considerando a Pol\u00edtica Nacional de Desenvolvimento de Pessoas, conforme Decreto n\u00ba 9.991\/19, somente ser\u00e3o certificados os servidores p\u00fablicos pertencentes ao Quadro Efetivo da UFPel.<\/span><\/p>\n<p><span style=\"font-size: 12pt\">**Vagas destinadas \u00e0 servidores(as) pertencentes ao Quadro Efetivo da UFPel, preferencialmente.<\/span><\/p>\n<p><span style=\"font-size: 12pt\">*** Quando homologadas as inscri\u00e7\u00f5es, os(as) selecionados(as) receber\u00e3o e-mail com orienta\u00e7\u00f5es.<\/span><\/p>\n<p><strong><span style=\"color: #ff6600\"><a style=\"color: #ff6600\" href=\"https:\/\/wp.ufpel.edu.br\/progep\/files\/2023\/08\/Curso-de-Libras-1.pdf\">INSCRI\u00c7\u00d5ES HOMOLOGADAS<\/a><\/span><\/strong><\/p>\n","protected":false},"excerpt":{"rendered":"<p>Ministrante(s): Rogers Rocha (Docente do Centro de Letras e Comunica\u00e7\u00e3o &#8211; CLC) Modalidade:\u00a0Presencial Carga hor\u00e1ria: 32 horas e 30 minutos Per\u00edodo de realiza\u00e7\u00e3o: 17 de agosto a 14 de dezembro de 2023 Dias de realiza\u00e7\u00e3o: \u00a0Quintas-feiras Hor\u00e1rio: das 14h \u00e0s 16h30min Local: CCHS Campus II Audit\u00f3rio \u2013\u00a0 Rua Almirante Barroso, 1202 &#8211; 3\u00ba Andar S\u00famula: [&hellip;]<\/p>\n","protected":false},"author":21,"featured_media":0,"parent":0,"menu_order":0,"comment_status":"closed","ping_status":"closed","template":"","meta":{"footnotes":""},"class_list":["post-24185","page","type-page","status-publish","hentry"],"_links":{"self":[{"href":"https:\/\/wp.ufpel.edu.br\/progep\/wp-json\/wp\/v2\/pages\/24185","targetHints":{"allow":["GET"]}}],"collection":[{"href":"https:\/\/wp.ufpel.edu.br\/progep\/wp-json\/wp\/v2\/pages"}],"about":[{"href":"https:\/\/wp.ufpel.edu.br\/progep\/wp-json\/wp\/v2\/types\/page"}],"author":[{"embeddable":true,"href":"https:\/\/wp.ufpel.edu.br\/progep\/wp-json\/wp\/v2\/users\/21"}],"replies":[{"embeddable":true,"href":"https:\/\/wp.ufpel.edu.br\/progep\/wp-json\/wp\/v2\/comments?post=24185"}],"version-history":[{"count":13,"href":"https:\/\/wp.ufpel.edu.br\/progep\/wp-json\/wp\/v2\/pages\/24185\/revisions"}],"predecessor-version":[{"id":34107,"href":"https:\/\/wp.ufpel.edu.br\/progep\/wp-json\/wp\/v2\/pages\/24185\/revisions\/34107"}],"wp:attachment":[{"href":"https:\/\/wp.ufpel.edu.br\/progep\/wp-json\/wp\/v2\/media?parent=24185"}],"curies":[{"name":"wp","href":"https:\/\/api.w.org\/{rel}","templated":true}]}}