{"id":24164,"date":"2023-07-25T14:53:13","date_gmt":"2023-07-25T17:53:13","guid":{"rendered":"https:\/\/wp.ufpel.edu.br\/progep\/?page_id=24164"},"modified":"2025-06-30T14:47:44","modified_gmt":"2025-06-30T17:47:44","slug":"capacita-na-web-amamentacao-e-retorno-ao-trabalho-o-que-os-pais-deveriam-saber","status":"publish","type":"page","link":"https:\/\/wp.ufpel.edu.br\/progep\/capacita-na-web-amamentacao-e-retorno-ao-trabalho-o-que-os-pais-deveriam-saber\/","title":{"rendered":"Capacita\u00e7\u00e3o: Capacita na Web &#8211; Amamenta\u00e7\u00e3o e retorno ao trabalho: o que os pais deveriam saber?"},"content":{"rendered":"<p><span style=\"font-size: 12pt\"><strong>Facilitadora:<\/strong> Jamila Vasquez (Faculdade de Medicina &#8211; UFPel)<\/span><\/p>\n<p><span style=\"font-size: 12pt\"><strong>Data:<\/strong> 10\/08\/2023 (quinta-feira)<\/span><\/p>\n<p><span style=\"font-size: 12pt\"><strong>Hor\u00e1rio: <\/strong>das 10h \u00e0s 12h<\/span><\/p>\n<p><span style=\"font-size: 12pt\"><strong>Realiza\u00e7\u00e3o:<\/strong>\u00a0plataforma Webconf da UFPel (na modalidade\u00a0<em>online)<\/em><\/span><\/p>\n<p><span style=\"font-size: 12pt\"><strong>Ementa:\u00a0<\/strong><\/span><br \/>\n<span style=\"font-size: 12pt\">&#8211; Contextualiza\u00e7\u00e3o da Semana Mundial do Aleitamento Materno<\/span><br \/>\n<span style=\"font-size: 12pt\">&#8211; Import\u00e2ncia da amamenta\u00e7\u00e3o<\/span><br \/>\n<span style=\"font-size: 12pt\">&#8211; Import\u00e2ncia da amamenta\u00e7\u00e3o no contexto do retorno ao trabalho<\/span><br \/>\n<span style=\"font-size: 12pt\">&#8211; Direitos das servidoras federais<\/span><br \/>\n<span style=\"font-size: 12pt\">&#8211; Como os pais devem se preparar para retornar ao trabalho<\/span><br \/>\n<span style=\"font-size: 12pt\">&#8211; Como realizar um estoque de leite para o retorno ao trabalho<\/span><br \/>\n<span style=\"font-size: 12pt\">&#8211; Como armazenar, aquecer e ofertar o leite ordenhado<\/span><br \/>\n<span style=\"font-size: 12pt\">&#8211; Como organizar um ambiente no trabalho que propicie a manuten\u00e7\u00e3o do aleitamento materno.<\/span><\/p>\n<p><span style=\"font-size: 12pt\"><strong>P\u00fablico Alvo<\/strong>: Servidores docentes e TAE\u2019s ativos*<\/span><\/p>\n<p><span style=\"font-size: 12pt\"><strong>Per\u00edodo de inscri\u00e7\u00e3o<\/strong>: 25\/07 a 07\/08\/2023<\/span><\/p>\n<p><span style=\"font-size: 12pt\"><strong>Divulga\u00e7\u00e3o das inscri\u00e7\u00f5es homologadas<\/strong>: 08\/08\/2023**, nesta p\u00e1gina.<\/span><\/p>\n<p><span style=\"font-size: 12pt\">*Considerando a Pol\u00edtica Nacional de Desenvolvimento de Pessoas, conforme Decreto n\u00ba 9.991\/19, somente ser\u00e3o certificados os servidores p\u00fablicos pertencentes ao Quadro Efetivo da UFPel.<\/span><\/p>\n<p><span style=\"font-size: 12pt\">**Quando homologadas as inscri\u00e7\u00f5es, os selecionados receber\u00e3o e-mail com instru\u00e7\u00f5es de acesso \u00e0 sala de Webconf da UFPel.<\/span><\/p>\n<p><a href=\"https:\/\/wp.ufpel.edu.br\/progep\/files\/2023\/08\/Homologados-Capacita-na-Web-Amamentacao-e-retorno-ao-trabalho_o-que-os-pais-deveriam-saber-10-08-2023.pdf\" target=\"_blank\" rel=\"noopener\"><span style=\"color: #ff6600\"><strong>INSCRI\u00c7\u00d5ES HOMOLOGADAS<\/strong><\/span><\/a><\/p>\n","protected":false},"excerpt":{"rendered":"<p>Facilitadora: Jamila Vasquez (Faculdade de Medicina &#8211; UFPel) Data: 10\/08\/2023 (quinta-feira) Hor\u00e1rio: das 10h \u00e0s 12h Realiza\u00e7\u00e3o:\u00a0plataforma Webconf da UFPel (na modalidade\u00a0online) Ementa:\u00a0 &#8211; Contextualiza\u00e7\u00e3o da Semana Mundial do Aleitamento Materno &#8211; Import\u00e2ncia da amamenta\u00e7\u00e3o &#8211; Import\u00e2ncia da amamenta\u00e7\u00e3o no contexto do retorno ao trabalho &#8211; Direitos das servidoras federais &#8211; Como os pais devem [&hellip;]<\/p>\n","protected":false},"author":21,"featured_media":0,"parent":0,"menu_order":0,"comment_status":"closed","ping_status":"closed","template":"","meta":{"footnotes":""},"class_list":["post-24164","page","type-page","status-publish","hentry"],"_links":{"self":[{"href":"https:\/\/wp.ufpel.edu.br\/progep\/wp-json\/wp\/v2\/pages\/24164","targetHints":{"allow":["GET"]}}],"collection":[{"href":"https:\/\/wp.ufpel.edu.br\/progep\/wp-json\/wp\/v2\/pages"}],"about":[{"href":"https:\/\/wp.ufpel.edu.br\/progep\/wp-json\/wp\/v2\/types\/page"}],"author":[{"embeddable":true,"href":"https:\/\/wp.ufpel.edu.br\/progep\/wp-json\/wp\/v2\/users\/21"}],"replies":[{"embeddable":true,"href":"https:\/\/wp.ufpel.edu.br\/progep\/wp-json\/wp\/v2\/comments?post=24164"}],"version-history":[{"count":6,"href":"https:\/\/wp.ufpel.edu.br\/progep\/wp-json\/wp\/v2\/pages\/24164\/revisions"}],"predecessor-version":[{"id":34105,"href":"https:\/\/wp.ufpel.edu.br\/progep\/wp-json\/wp\/v2\/pages\/24164\/revisions\/34105"}],"wp:attachment":[{"href":"https:\/\/wp.ufpel.edu.br\/progep\/wp-json\/wp\/v2\/media?parent=24164"}],"curies":[{"name":"wp","href":"https:\/\/api.w.org\/{rel}","templated":true}]}}