{"id":23985,"date":"2023-07-07T18:19:27","date_gmt":"2023-07-07T21:19:27","guid":{"rendered":"https:\/\/wp.ufpel.edu.br\/progep\/?page_id=23985"},"modified":"2025-06-30T14:47:25","modified_gmt":"2025-06-30T17:47:25","slug":"ufpel-sempre-acolhedora-saude-mental-e-trabalho-a-importancia-da-autoconsciencia-emocional","status":"publish","type":"page","link":"https:\/\/wp.ufpel.edu.br\/progep\/ufpel-sempre-acolhedora-saude-mental-e-trabalho-a-importancia-da-autoconsciencia-emocional\/","title":{"rendered":"Capacita\u00e7\u00e3o: UFPEL Sempre Acolhedora &#8211; Sa\u00fade Mental e Trabalho: a import\u00e2ncia da autoconsci\u00eancia emocional"},"content":{"rendered":"<p><span style=\"font-size: 12pt\"><strong>Facilitadores:<\/strong> Equipe da Coordena\u00e7\u00e3o de Sa\u00fade e Qualidade de Vida &#8211; CSQV\/PROGEP &#8211; UFPel<\/span><\/p>\n<p><span style=\"font-size: 12pt\"><strong>Realiza\u00e7\u00e3o:<\/strong> Presencial<\/span><\/p>\n<p><span style=\"font-size: 12pt\"><strong>Data\/hor\u00e1rio<\/strong>:<\/span><br \/>\n<span style=\"font-size: 12pt\">\u2022 <strong><span style=\"color: #ff6600\">27\/07\/2023<\/span><\/strong> (Quinta-feira), das <strong>09h \u00e0s 11h<\/strong> &#8211; <span style=\"color: #ff6600\"><strong>Turma Cap\u00e3o do Le\u00e3o<\/strong><\/span><\/span><br \/>\n<span style=\"font-size: 12pt\">\u2022 <strong><span style=\"color: #ff6600\">28\/07\/2023<\/span><\/strong> (Sexta-feira), das <strong>09h \u00e0s 11h<\/strong> &#8211; <span style=\"color: #ff6600\"><strong><del>Turma Centro de Artes<\/del><span style=\"color: #ff0000\"> NOVO LOCAL: Anglo<\/span><\/strong><\/span><\/span><\/p>\n<p><span style=\"font-size: 12pt\"><strong>Local<\/strong>:<\/span><br \/>\n<span style=\"font-size: 12pt\">\u2022 <strong>27\/07<\/strong> &#8211; Campus Cap\u00e3o do Le\u00e3o da UFPel: Espa\u00e7o Viva Bem (localizado no Centro de Conviv\u00eancia do Campus, ao lado do restaurante)<\/span><br \/>\n<span style=\"font-size: 12pt\"><del>\u2022 <strong>28\/07<\/strong> &#8211; Centro de Artes: Audit\u00f3rio 1<\/del> <span style=\"color: #ff0000\">(local foi alterado)<\/span><\/span><br \/>\n<span style=\"font-size: 12pt\"><strong>\u2022 28\/07<\/strong> &#8211; <span style=\"color: #ff0000\">NOVO LOCAL: Audit\u00f3rio da Reitoria &#8211; Campus Anglo<\/span><\/span><\/p>\n<p><span style=\"font-size: 12pt\"><strong style=\"color: var(--cor-texto);font-family: var(--fonte-corpo)\">Ementa:<br \/>\n<\/strong>&#8211; Qual a import\u00e2ncia de reconhecermos nossas emo\u00e7\u00f5es?<\/span><br \/>\n<span style=\"font-size: 12pt\">&#8211; Como melhorar o processamento das emo\u00e7\u00f5es?<\/span><br \/>\n<span style=\"font-size: 12pt\">&#8211; Como a (des)regula\u00e7\u00e3o das emo\u00e7\u00f5es pode impactar no ambiente de trabalho?<\/span><br \/>\n<span style=\"font-size: 12pt\">&#8211; Como podemos nos conectar melhor com os sentimentos de outras pessoas?<\/span><\/p>\n<p><span style=\"font-size: 12pt\"><strong style=\"color: var(--cor-texto);font-family: var(--fonte-corpo)\">P\u00fablico Alvo<\/strong><span style=\"color: var(--cor-texto);font-family: var(--fonte-corpo)\">: Servidores Docentes e TAEs ativos<strong>*<\/strong><\/span><\/span><\/p>\n<p><span style=\"font-size: 12pt\"><strong>Vagas<\/strong>: 25 por turma\/local<strong>**<\/strong><\/span><\/p>\n<p><span style=\"font-size: 12pt\"><strong>Per\u00edodo de inscri\u00e7\u00e3o<\/strong>: 07 a 24\/07\/2023<\/span><\/p>\n<p><span style=\"font-size: 12pt\"><strong>Divulga\u00e7\u00e3o das inscri\u00e7\u00f5es homologadas<\/strong>: 25\/07\/2023<strong>***<\/strong>, nesta p\u00e1gina.<\/span><\/p>\n<p><span style=\"font-size: 12pt\">*Considerando a Pol\u00edtica Nacional de Desenvolvimento de Pessoas, conforme Decreto n\u00ba 9.991\/19, somente ser\u00e3o certificados os servidores p\u00fablicos pertencentes ao Quadro Efetivo da UFPel.<\/span><br \/>\n<span style=\"font-size: 12pt\">**Vagas destinadas \u00e0 servidores pertencentes ao Quadro Efetivo da UFPel, preferencialmente.<\/span><br \/>\n<span style=\"font-size: 12pt\">*** Quando homologadas as inscri\u00e7\u00f5es, os selecionados receber\u00e3o e-mail de confirma\u00e7\u00e3o de sua inscri\u00e7\u00e3o.<\/span><\/p>\n<p>&nbsp;<\/p>\n<p><span style=\"font-size: 12pt\"><span style=\"color: #ff6600\"><a style=\"color: #ff6600\" href=\"https:\/\/wp.ufpel.edu.br\/progep\/files\/2023\/07\/Homologados-27_07-Capao-do-Leao-UFPel-Sempre-Acolhedora.pdf\" target=\"_blank\" rel=\"noopener\"><strong>INSCRI\u00c7\u00d5ES HOMOLOGADAS<\/strong><\/a><\/span><strong> &#8211; Cap\u00e3o do Le\u00e3o (27\/07)<\/strong><\/span><\/p>\n<p><span style=\"font-size: 12pt\"><span style=\"color: #ff6600\"><a style=\"color: #ff6600\" href=\"https:\/\/wp.ufpel.edu.br\/progep\/files\/2023\/07\/Homologados-28_07-Anglo-UFPel-Sempre-Acolhedora.pdf\" target=\"_blank\" rel=\"noopener\"><strong>INSCRI\u00c7\u00d5ES HOMOLOGADAS<\/strong><\/a><\/span><strong> &#8211; Anglo (28\/07)<\/strong><\/span><\/p>\n<p>&nbsp;<\/p>\n","protected":false},"excerpt":{"rendered":"<p>Facilitadores: Equipe da Coordena\u00e7\u00e3o de Sa\u00fade e Qualidade de Vida &#8211; CSQV\/PROGEP &#8211; UFPel Realiza\u00e7\u00e3o: Presencial Data\/hor\u00e1rio: \u2022 27\/07\/2023 (Quinta-feira), das 09h \u00e0s 11h &#8211; Turma Cap\u00e3o do Le\u00e3o \u2022 28\/07\/2023 (Sexta-feira), das 09h \u00e0s 11h &#8211; Turma Centro de Artes NOVO LOCAL: Anglo Local: \u2022 27\/07 &#8211; Campus Cap\u00e3o do Le\u00e3o da UFPel: Espa\u00e7o [&hellip;]<\/p>\n","protected":false},"author":21,"featured_media":0,"parent":0,"menu_order":0,"comment_status":"closed","ping_status":"closed","template":"","meta":{"footnotes":""},"class_list":["post-23985","page","type-page","status-publish","hentry"],"_links":{"self":[{"href":"https:\/\/wp.ufpel.edu.br\/progep\/wp-json\/wp\/v2\/pages\/23985","targetHints":{"allow":["GET"]}}],"collection":[{"href":"https:\/\/wp.ufpel.edu.br\/progep\/wp-json\/wp\/v2\/pages"}],"about":[{"href":"https:\/\/wp.ufpel.edu.br\/progep\/wp-json\/wp\/v2\/types\/page"}],"author":[{"embeddable":true,"href":"https:\/\/wp.ufpel.edu.br\/progep\/wp-json\/wp\/v2\/users\/21"}],"replies":[{"embeddable":true,"href":"https:\/\/wp.ufpel.edu.br\/progep\/wp-json\/wp\/v2\/comments?post=23985"}],"version-history":[{"count":19,"href":"https:\/\/wp.ufpel.edu.br\/progep\/wp-json\/wp\/v2\/pages\/23985\/revisions"}],"predecessor-version":[{"id":34102,"href":"https:\/\/wp.ufpel.edu.br\/progep\/wp-json\/wp\/v2\/pages\/23985\/revisions\/34102"}],"wp:attachment":[{"href":"https:\/\/wp.ufpel.edu.br\/progep\/wp-json\/wp\/v2\/media?parent=23985"}],"curies":[{"name":"wp","href":"https:\/\/api.w.org\/{rel}","templated":true}]}}