{"id":23978,"date":"2023-10-18T11:52:55","date_gmt":"2023-10-18T14:52:55","guid":{"rendered":"https:\/\/wp.ufpel.edu.br\/progep\/?page_id=23978"},"modified":"2025-06-30T14:52:15","modified_gmt":"2025-06-30T17:52:15","slug":"curso-processo-administrativo-2","status":"publish","type":"page","link":"https:\/\/wp.ufpel.edu.br\/progep\/curso-processo-administrativo-2\/","title":{"rendered":"Capacita\u00e7\u00e3o: Curso: Processo Administrativo"},"content":{"rendered":"<p><span style=\"font-size: 12pt\"><strong>Ministrante<\/strong>: Eduardo Botti Abbade (Docente &#8211; Universidade Federal de Santa Maria \u2013 UFSM)<\/span><\/p>\n<p><span style=\"font-size: 12pt\"><strong>Data:<\/strong> de 06 a 10 de novembro de 2023 (Segunda a Sexta-feira)<\/span><\/p>\n<p><span style=\"font-size: 12pt\"><strong>Hor\u00e1rio: <\/strong>das 08:00 \u00e0s 12:00<\/span><\/p>\n<p><strong>Carga hor\u00e1ria<\/strong>: 20 horas<\/p>\n<p><span style=\"font-size: 12pt\"><strong>Realiza\u00e7\u00e3o<\/strong>: Plataforma E-projeto da UFPel (na modalidade <em>online<\/em>)<\/span><\/p>\n<p><span style=\"font-size: 12pt\"><strong style=\"color: var(--cor-texto);font-family: var(--fonte-corpo)\">Ementa:<br \/>\n<\/strong>&#8211; No\u00e7\u00f5es b\u00e1sicas sobre Direito Administrativo e seus princ\u00edpios;<\/span><br \/>\n<span style=\"font-size: 12pt\">&#8211; No\u00e7\u00f5es b\u00e1sicas sobre a processualidade administrativa;<\/span><br \/>\n<span style=\"font-size: 12pt\">&#8211; O processo administrativo na constitui\u00e7\u00e3o federal e a Lei 9.784\/99;<\/span><br \/>\n<span style=\"font-size: 12pt\">&#8211; Esp\u00e9cies de Processos Administrativos;<\/span><br \/>\n<span style=\"font-size: 12pt\">&#8211; Processos Eletr\u00f4nicos.<\/span><\/p>\n<p><span style=\"font-size: 12pt\"><strong>P\u00fablico Alvo<\/strong><span style=\"color: var(--cor-texto);font-family: var(--fonte-corpo)\">: Servidores docentes e TAEs ativos*<\/span><\/span><\/p>\n<p><span style=\"font-size: 12pt\"><strong>N\u00famero de vagas<\/strong>: 40 vagas (limitadas por ordem de inscri\u00e7\u00e3o)**<\/span><\/p>\n<p class=\"Texto_Justificado\"><span style=\"font-size: 12pt\"><b><strong>Avalia\u00e7\u00e3o:<\/strong><\/b>\u00a0Frequ\u00eancia m\u00ednima de 75% e participa\u00e7\u00e3o\/envolvimento do aluno nas aulas e atividades participativas promovidas durante o curso.<\/span><\/p>\n<p><span style=\"font-size: 12pt\"><strong>Inscri\u00e7\u00f5es<\/strong>: at\u00e9 31\/10\/2023<\/span><\/p>\n<p><span style=\"font-size: 12pt\"><strong>Divulga\u00e7\u00e3o das inscri\u00e7\u00f5es homologadas<\/strong>: 01\/11\/2023***, nesta p\u00e1gina.<\/span><\/p>\n<p><span style=\"font-size: 12pt\">*Considerando a Pol\u00edtica Nacional de Desenvolvimento de Pessoas, conforme Decreto n\u00ba 9.991\/19, somente ser\u00e3o certificados os servidores p\u00fablicos pertencentes ao Quadro Efetivo da UFPel.<\/span><br \/>\n<span style=\"font-size: 12pt\">**Vagas destinadas \u00e0 servidores pertencentes ao Quadro Efetivo da UFPel, preferencialmente.<\/span><br \/>\n<span style=\"font-size: 12pt\">***Quando homologadas as inscri\u00e7\u00f5es, os selecionados receber\u00e3o e-mail com instru\u00e7\u00f5es de acesso \u00e0 sala virtual.<\/span><\/p>\n<p><span style=\"color: #ff6600\"><strong><a style=\"color: #ff6600\" href=\"https:\/\/wp.ufpel.edu.br\/progep\/files\/2023\/11\/Homologados-Curso-Processo-Administrativo-06-a-10-11-2023.pdf\" target=\"_blank\" rel=\"noopener\">INSCRI\u00c7\u00d5ES HOMOLOGADAS<\/a><\/strong><\/span><\/p>\n","protected":false},"excerpt":{"rendered":"<p>Ministrante: Eduardo Botti Abbade (Docente &#8211; Universidade Federal de Santa Maria \u2013 UFSM) Data: de 06 a 10 de novembro de 2023 (Segunda a Sexta-feira) Hor\u00e1rio: das 08:00 \u00e0s 12:00 Carga hor\u00e1ria: 20 horas Realiza\u00e7\u00e3o: Plataforma E-projeto da UFPel (na modalidade online) Ementa: &#8211; No\u00e7\u00f5es b\u00e1sicas sobre Direito Administrativo e seus princ\u00edpios; &#8211; No\u00e7\u00f5es b\u00e1sicas [&hellip;]<\/p>\n","protected":false},"author":21,"featured_media":0,"parent":0,"menu_order":0,"comment_status":"closed","ping_status":"closed","template":"","meta":{"footnotes":""},"class_list":["post-23978","page","type-page","status-publish","hentry"],"_links":{"self":[{"href":"https:\/\/wp.ufpel.edu.br\/progep\/wp-json\/wp\/v2\/pages\/23978","targetHints":{"allow":["GET"]}}],"collection":[{"href":"https:\/\/wp.ufpel.edu.br\/progep\/wp-json\/wp\/v2\/pages"}],"about":[{"href":"https:\/\/wp.ufpel.edu.br\/progep\/wp-json\/wp\/v2\/types\/page"}],"author":[{"embeddable":true,"href":"https:\/\/wp.ufpel.edu.br\/progep\/wp-json\/wp\/v2\/users\/21"}],"replies":[{"embeddable":true,"href":"https:\/\/wp.ufpel.edu.br\/progep\/wp-json\/wp\/v2\/comments?post=23978"}],"version-history":[{"count":11,"href":"https:\/\/wp.ufpel.edu.br\/progep\/wp-json\/wp\/v2\/pages\/23978\/revisions"}],"predecessor-version":[{"id":34133,"href":"https:\/\/wp.ufpel.edu.br\/progep\/wp-json\/wp\/v2\/pages\/23978\/revisions\/34133"}],"wp:attachment":[{"href":"https:\/\/wp.ufpel.edu.br\/progep\/wp-json\/wp\/v2\/media?parent=23978"}],"curies":[{"name":"wp","href":"https:\/\/api.w.org\/{rel}","templated":true}]}}