{"id":23972,"date":"2023-07-07T17:46:18","date_gmt":"2023-07-07T20:46:18","guid":{"rendered":"https:\/\/wp.ufpel.edu.br\/progep\/?page_id=23972"},"modified":"2025-06-30T14:47:12","modified_gmt":"2025-06-30T17:47:12","slug":"capacita-na-web-acessibilidade-boas-praticas-alem-do-papel","status":"publish","type":"page","link":"https:\/\/wp.ufpel.edu.br\/progep\/capacita-na-web-acessibilidade-boas-praticas-alem-do-papel\/","title":{"rendered":"Capacita\u00e7\u00e3o: Capacita na Web &#8211; Acessibilidade: boas pr\u00e1ticas al\u00e9m do papel"},"content":{"rendered":"<p><span style=\"font-size: 12pt\"><strong>Facilitadora: <\/strong>Marisa Helena Degasperi (Docente &#8211; Centro de Letras e Comunica\u00e7\u00e3o &#8211; CLC\/UFPel)<\/span><\/p>\n<p><span style=\"font-size: 12pt\"><strong>Modalidade<\/strong>: Online <strong>(houve mudan\u00e7a na modalidade de realiza\u00e7\u00e3o da a\u00e7\u00e3o)<\/strong><\/span><\/p>\n<p><span style=\"font-size: 12pt\"><strong>Carga hor\u00e1ria:<\/strong> 3 horas<\/span><\/p>\n<p class=\"v1MsoNormal\"><span style=\"font-size: 12pt\"><strong>Data<\/strong>: 16\/08\/<span style=\"background-color: #ffffff\">2023 (Quarta-feira)<\/span><\/span><\/p>\n<p><span style=\"font-size: 12pt\"><strong>Hor\u00e1rio<\/strong>: <span style=\"background-color: #ffffff\">14:00 \u00e0s 17:00<\/span><\/span><\/p>\n<p class=\"v1MsoNormal\"><span style=\"font-size: 12pt\"><strong>Local<\/strong>: Plataforma Webconf &#8211; UFPel<\/span><\/p>\n<p><span style=\"font-size: 12pt\"><strong>Ementa<\/strong>:<\/span><br \/>\n<span style=\"font-size: 12pt\">&#8211; No\u00e7\u00f5es de acessibilidade universal<\/span><br \/>\n<span style=\"font-size: 12pt\">&#8211; Acessibilidade visual: Tipos, materiais, metodologias de acesso visual, recursos tecnol\u00f3gicos<\/span><br \/>\n<span style=\"font-size: 12pt\">&#8211; A audiodescri\u00e7\u00e3o como recurso assistivo: no\u00e7\u00f5es gerais<\/span><br \/>\n<span style=\"font-size: 12pt\">&#8211; Acessibilidade no meio virtual<\/span><br \/>\n<span style=\"font-size: 12pt\">&#8211; Efetiva\u00e7\u00e3o das boas pr\u00e1ticas na UFPel<\/span><\/p>\n<p class=\"v1MsoNormal\"><span style=\"font-size: 12pt\"><strong>P\u00fablico Alvo<\/strong>: Servidores Docentes e TAEs da UFPel<strong>*<\/strong><\/span><\/p>\n<p><span style=\"font-size: 12pt\"><strong>Per\u00edodo de inscri\u00e7\u00e3o<\/strong>: 19\/07 a 13\/08\/2023<\/span><\/p>\n<p><span style=\"font-size: 12pt\"><strong>Divulga\u00e7\u00e3o das inscri\u00e7\u00f5es homologadas<\/strong>: 14\/08\/2023<strong>**<\/strong>, nesta p\u00e1gina.<\/span><\/p>\n<p><span style=\"font-size: 12pt\"><strong>*<\/strong>Considerando a Pol\u00edtica Nacional de Desenvolvimento de Pessoas, conforme Decreto n\u00ba 9.991\/19, somente ser\u00e3o certificados os servidores p\u00fablicos pertencentes ao Quadro Efetivo da UFPel.<\/span><br \/>\n<span style=\"font-size: 12pt\"><strong>**<\/strong> Quando homologadas as inscri\u00e7\u00f5es, os selecionados receber\u00e3o e-mail de confirma\u00e7\u00e3o de sua inscri\u00e7\u00e3o.<\/span><\/p>\n<p><strong><span style=\"color: #ff6600\"><a style=\"color: #ff6600\" href=\"https:\/\/wp.ufpel.edu.br\/progep\/files\/2023\/08\/HOMOLOGACAO-Acessibilidade.pdf\">INSCRI\u00c7\u00d5ES HOMOLOGADAS<\/a><\/span><\/strong><\/p>\n","protected":false},"excerpt":{"rendered":"<p>Facilitadora: Marisa Helena Degasperi (Docente &#8211; Centro de Letras e Comunica\u00e7\u00e3o &#8211; CLC\/UFPel) Modalidade: Online (houve mudan\u00e7a na modalidade de realiza\u00e7\u00e3o da a\u00e7\u00e3o) Carga hor\u00e1ria: 3 horas Data: 16\/08\/2023 (Quarta-feira) Hor\u00e1rio: 14:00 \u00e0s 17:00 Local: Plataforma Webconf &#8211; UFPel Ementa: &#8211; No\u00e7\u00f5es de acessibilidade universal &#8211; Acessibilidade visual: Tipos, materiais, metodologias de acesso visual, recursos [&hellip;]<\/p>\n","protected":false},"author":21,"featured_media":0,"parent":0,"menu_order":0,"comment_status":"closed","ping_status":"closed","template":"","meta":{"footnotes":""},"class_list":["post-23972","page","type-page","status-publish","hentry"],"_links":{"self":[{"href":"https:\/\/wp.ufpel.edu.br\/progep\/wp-json\/wp\/v2\/pages\/23972","targetHints":{"allow":["GET"]}}],"collection":[{"href":"https:\/\/wp.ufpel.edu.br\/progep\/wp-json\/wp\/v2\/pages"}],"about":[{"href":"https:\/\/wp.ufpel.edu.br\/progep\/wp-json\/wp\/v2\/types\/page"}],"author":[{"embeddable":true,"href":"https:\/\/wp.ufpel.edu.br\/progep\/wp-json\/wp\/v2\/users\/21"}],"replies":[{"embeddable":true,"href":"https:\/\/wp.ufpel.edu.br\/progep\/wp-json\/wp\/v2\/comments?post=23972"}],"version-history":[{"count":19,"href":"https:\/\/wp.ufpel.edu.br\/progep\/wp-json\/wp\/v2\/pages\/23972\/revisions"}],"predecessor-version":[{"id":34101,"href":"https:\/\/wp.ufpel.edu.br\/progep\/wp-json\/wp\/v2\/pages\/23972\/revisions\/34101"}],"wp:attachment":[{"href":"https:\/\/wp.ufpel.edu.br\/progep\/wp-json\/wp\/v2\/media?parent=23972"}],"curies":[{"name":"wp","href":"https:\/\/api.w.org\/{rel}","templated":true}]}}