{"id":23915,"date":"2023-07-06T17:39:02","date_gmt":"2023-07-06T20:39:02","guid":{"rendered":"https:\/\/wp.ufpel.edu.br\/progep\/?page_id=23915"},"modified":"2025-06-30T14:47:06","modified_gmt":"2025-06-30T17:47:06","slug":"ii-oficina-de-capacitacao-em-planejamento-estrategico-para-programas-de-pos-graduacao-da-ufpel","status":"publish","type":"page","link":"https:\/\/wp.ufpel.edu.br\/progep\/ii-oficina-de-capacitacao-em-planejamento-estrategico-para-programas-de-pos-graduacao-da-ufpel\/","title":{"rendered":"Capacita\u00e7\u00e3o: II Oficina de Capacita\u00e7\u00e3o em Planejamento Estrat\u00e9gico para Programas de P\u00f3s-Gradua\u00e7\u00e3o da UFPel"},"content":{"rendered":"<p style=\"text-align: left\"><span style=\"font-size: 12pt\"><strong>Ministrantes:<br \/>\n\u2022 <\/strong>Gustavo Maia Souza (Chefe do N\u00facleo de Interdisciplinaridade, Avalia\u00e7\u00e3o e Planejamento da P\u00f3s-Gradua\u00e7\u00e3o &#8211; NIAPP\/PRPPG &#8211; UFPel)<strong><br \/>\n\u2022<\/strong> Claiton Leoneti Lencina (Coordenador da Coordena\u00e7\u00e3o para o Desenvolvimento Institucional Participativo &#8211; CDIP\/PROPLAN &#8211; UFPel)<\/span><\/p>\n<p><span style=\"font-size: 12pt\"><strong>Modalidade<\/strong>: Presencial<\/span><\/p>\n<p><span style=\"font-size: 12pt\"><strong>Datas\/hor\u00e1rios<\/strong>:<\/span><br \/>\n<span style=\"font-size: 12pt\">\u2022 <span style=\"text-decoration: underline\">Turma 1<\/span>: Programas de P\u00f3s-Gradua\u00e7\u00e3o <span style=\"color: #ff6600\"><strong>N\u00edveis 3 e 4<\/strong><\/span><\/span><br \/>\n<span style=\"font-size: 12pt\">&#8211; 11\/08 (Sexta-feira) &#8211; 14:00 \u00e0s 16:00<\/span><br \/>\n<span style=\"font-size: 12pt\">&#8211; 18\/08 (Sexta-feira) &#8211; 14:00 \u00e0s 16:00<\/span><\/p>\n<p><span style=\"font-size: 12pt\">\u2022 <span style=\"text-decoration: underline\">Turma 2<\/span>: Programas de P\u00f3s-Gradua\u00e7\u00e3o <span style=\"color: #ff6600\"><strong>N\u00edveis 5, 6 e 7<\/strong><\/span><\/span><br \/>\n<span style=\"font-size: 12pt\">&#8211; 25\/08 (Sexta-feira) &#8211; 14:00 \u00e0s 16:00<\/span><br \/>\n<span style=\"font-size: 12pt\">&#8211; 01\/09 (Sexta-feira) &#8211; 14:00 \u00e0s 16:00<\/span><\/p>\n<p><span style=\"font-size: 12pt\"><strong>Carga hor\u00e1ria:<\/strong> 4 horas (por turma)<\/span><\/p>\n<p><span style=\"font-size: 12pt\"><strong>Local: <\/strong>Audit\u00f3rio da Reitoria \u2013 4\u00ba andar &#8211; Campus Anglo\/UFPel<\/span><\/p>\n<p style=\"text-align: left\"><span style=\"font-size: 12pt\"><strong>Ementa:<\/strong><\/span><br \/>\n<span style=\"font-size: 12pt\">1 &#8211; Discuss\u00e3o sobre a import\u00e2ncia de se planejar e como a UFPel est\u00e1\u0301 estruturando seu planejamento institucional atrav\u00e9s de seus documentos norteadores, e a apresenta\u00e7\u00e3o e discuss\u00e3o de uma proposta geral de estrutura de um PEP, com seus itens e subitens;<\/span><br \/>\n<span style=\"font-size: 12pt\">2 &#8211; Apresenta\u00e7\u00e3o e treinamento de uma ferramenta de diagn\u00f3stico situacional, o jogo da FOFA, com a inten\u00e7\u00e3o de capacitar os representantes dos PPGs a aplicarem a din\u00e2mica em seus pr\u00f3prios programas;<\/span><br \/>\n<span style=\"font-size: 12pt\">3 &#8211; Trabalho de elabora\u00e7\u00e3o de um esbo\u00e7o inicial do PEP por cada um dos PPGs participantes;<\/span><br \/>\n<span style=\"font-size: 12pt\">4 &#8211; Apresenta\u00e7\u00f5es dos esbo\u00e7os elaborados pelos PPGs.<\/span><\/p>\n<p><span style=\"font-size: 12pt\"><strong>P\u00fablico Alvo:<\/strong> Docentes e T\u00e9cnicos-Administrativos da UFPel*<\/span><\/p>\n<p><span style=\"font-size: 12pt\"><strong>Forma de Avalia\u00e7\u00e3o<\/strong>: Frequ\u00eancia m\u00ednima de 75%.<\/span><\/p>\n<p><span style=\"font-size: 12pt\"><strong>Vagas<\/strong>: 100 vagas<\/span><\/p>\n<p><span style=\"font-size: 12pt\"><strong>Per\u00edodo de inscri\u00e7\u00e3o<\/strong>: 07\/07 a 07\/08\/2023<\/span><\/p>\n<p><span style=\"font-size: 12pt\"><strong style=\"color: var(--cor-texto);font-family: var(--fonte-corpo)\">Divulga\u00e7\u00e3o das inscri\u00e7\u00f5es homologadas<\/strong><span style=\"color: var(--cor-texto);font-family: var(--fonte-corpo)\">: 08\/08\/2023**, nesta p\u00e1gina.<\/span><\/span><\/p>\n<p><span style=\"font-size: 12pt\">*Considerando a Pol\u00edtica Nacional de Desenvolvimento de Pessoas, conforme Decreto n\u00ba 9.991\/19, somente ser\u00e3o certificados os servidores p\u00fablicos pertencentes ao Quadro Efetivo da UFPel.<\/span><\/p>\n<p><span style=\"font-size: 12pt\">**Quando homologadas as inscri\u00e7\u00f5es, os selecionados receber\u00e3o e-mail de confirma\u00e7\u00e3o com mais informa\u00e7\u00f5es.<\/span><\/p>\n<hr \/>\n<p><span style=\"color: #ff6600\"><strong><a style=\"color: #ff6600\" href=\"https:\/\/wp.ufpel.edu.br\/progep\/files\/2023\/08\/Homologados-II-Oficina-de-Capacitacao-em-Planejamento-Estrategico-para-Programas-de-Pos-Graduacao-da-UFPel.pdf\" target=\"_blank\" rel=\"noopener\">INSCRI\u00c7\u00d5ES HOMOLOGADAS<\/a><\/strong><\/span><\/p>\n","protected":false},"excerpt":{"rendered":"<p>Ministrantes: \u2022 Gustavo Maia Souza (Chefe do N\u00facleo de Interdisciplinaridade, Avalia\u00e7\u00e3o e Planejamento da P\u00f3s-Gradua\u00e7\u00e3o &#8211; NIAPP\/PRPPG &#8211; UFPel) \u2022 Claiton Leoneti Lencina (Coordenador da Coordena\u00e7\u00e3o para o Desenvolvimento Institucional Participativo &#8211; CDIP\/PROPLAN &#8211; UFPel) Modalidade: Presencial Datas\/hor\u00e1rios: \u2022 Turma 1: Programas de P\u00f3s-Gradua\u00e7\u00e3o N\u00edveis 3 e 4 &#8211; 11\/08 (Sexta-feira) &#8211; 14:00 \u00e0s 16:00 [&hellip;]<\/p>\n","protected":false},"author":21,"featured_media":0,"parent":0,"menu_order":0,"comment_status":"closed","ping_status":"closed","template":"","meta":{"footnotes":""},"class_list":["post-23915","page","type-page","status-publish","hentry"],"_links":{"self":[{"href":"https:\/\/wp.ufpel.edu.br\/progep\/wp-json\/wp\/v2\/pages\/23915","targetHints":{"allow":["GET"]}}],"collection":[{"href":"https:\/\/wp.ufpel.edu.br\/progep\/wp-json\/wp\/v2\/pages"}],"about":[{"href":"https:\/\/wp.ufpel.edu.br\/progep\/wp-json\/wp\/v2\/types\/page"}],"author":[{"embeddable":true,"href":"https:\/\/wp.ufpel.edu.br\/progep\/wp-json\/wp\/v2\/users\/21"}],"replies":[{"embeddable":true,"href":"https:\/\/wp.ufpel.edu.br\/progep\/wp-json\/wp\/v2\/comments?post=23915"}],"version-history":[{"count":13,"href":"https:\/\/wp.ufpel.edu.br\/progep\/wp-json\/wp\/v2\/pages\/23915\/revisions"}],"predecessor-version":[{"id":34100,"href":"https:\/\/wp.ufpel.edu.br\/progep\/wp-json\/wp\/v2\/pages\/23915\/revisions\/34100"}],"wp:attachment":[{"href":"https:\/\/wp.ufpel.edu.br\/progep\/wp-json\/wp\/v2\/media?parent=23915"}],"curies":[{"name":"wp","href":"https:\/\/api.w.org\/{rel}","templated":true}]}}