{"id":23759,"date":"2023-06-28T10:30:32","date_gmt":"2023-06-28T13:30:32","guid":{"rendered":"https:\/\/wp.ufpel.edu.br\/progep\/?page_id=23759"},"modified":"2025-05-16T11:14:56","modified_gmt":"2025-05-16T14:14:56","slug":"curso-procedimentos-de-aquisicoes-contratacoes-a-luz-da-lei-n-14-133-2021-no-ambito-da-ufpel","status":"publish","type":"page","link":"https:\/\/wp.ufpel.edu.br\/progep\/curso-procedimentos-de-aquisicoes-contratacoes-a-luz-da-lei-n-14-133-2021-no-ambito-da-ufpel\/","title":{"rendered":"Capacita\u00e7\u00e3o: Curso &#8211; Procedimentos de aquisi\u00e7\u00f5es\/contrata\u00e7\u00f5es \u00e0 luz da Lei n\u00b0 14.133\/2021 no \u00e2mbito da UFPel"},"content":{"rendered":"<table style=\"border-collapse: collapse;width: 100%\" border=\"1\">\n<tbody>\n<tr>\n<td style=\"width: 100%;text-align: justify;background-color: #f5f9ff\"><span style=\"font-size: 12pt;color: #000080\">A <span style=\"text-decoration: underline;color: #0000ff\"><a style=\"color: #0000ff;text-decoration: underline\" href=\"https:\/\/www.planalto.gov.br\/ccivil_03\/_ato2019-2022\/2021\/lei\/l14133.htm\" target=\"_blank\" rel=\"noopener\">Lei n\u00ba 14.133, de 2021<\/a><\/span>, \u00e9 a nova Lei de Licita\u00e7\u00f5es, que estabelece normas gerais de licita\u00e7\u00e3o e contrata\u00e7\u00e3o para as Administra\u00e7\u00f5es P\u00fablicas diretas, Aut\u00e1rquicas e Fundacionais da Uni\u00e3o, dos Estados, do Distrito Federal e dos Munic\u00edpios.<\/span><\/td>\n<\/tr>\n<\/tbody>\n<\/table>\n<p style=\"text-align: justify\"><span style=\"font-size: 12pt\"><strong>Ministrantes:<\/strong><\/span><br \/>\n<span style=\"font-size: 12pt\">\u2022 <a href=\"https:\/\/institucional.ufpel.edu.br\/servidores\/id\/28282\" target=\"_blank\" rel=\"noopener\">Andr\u00e9ia Xavier Farias<\/a> (Chefe do N\u00facleo de Material &#8211; Coordena\u00e7\u00e3o de Material e Patrim\u00f4nio &#8211; PRA\/UFPel)<\/span><br \/>\n<span style=\"font-size: 12pt\">\u2022 <a href=\"https:\/\/institucional.ufpel.edu.br\/servidores\/id\/37079\" target=\"_blank\" rel=\"noopener\">Eliara Santos da Silva<\/a> (Coordenadora de Material e Patrim\u00f4nio \u2013 PRA\/UFPel)<\/span><\/p>\n<p><span style=\"font-size: 12pt\"><b>Modalidade:<\/b> Online e presencial<\/span><\/p>\n<p><span style=\"font-size: 12pt\"><strong>Carga hor\u00e1ria do curso:<\/strong> 8 horas<\/span><\/p>\n<p><span style=\"font-size: 12pt\"><strong>Per\u00edodo de realiza\u00e7\u00e3o<\/strong>:<\/span><br \/>\n<span style=\"font-size: 12pt\">\u2022 Aula 1 (online): 12\/07\/2023 (Quarta-feira), das 14h \u00e0s 17h (carga hor\u00e1ria 3 horas)<\/span><br \/>\n<span style=\"font-size: 12pt\">\u2022 <del>Aula 2 (online): 13\/07\/2023 (Quinta-feira), das 14h \u00e0s 17h (carga hor\u00e1ria 3 horas)<\/del><span style=\"color: #ff0000\"> data remarcada<\/span><\/span><br \/>\n<span style=\"font-size: 12pt\">\u2022 <del>Aula 2 (online): 17\/07\/2023 (Segunda-feira), das 14h \u00e0s 17h (carga hor\u00e1ria 3 horas)<\/del><span style=\"color: #ff0000\"> data remarcada<\/span><\/span><br \/>\n<span style=\"font-size: 12pt\"><del>\u2022 Aula 3 (presencial tira-d\u00favidas): 14\/07\/2023 (Sexta-feira), das 09h \u00e0s 11h (carga hor\u00e1ria 2 horas)<\/del> <span style=\"color: #ff0000\">data remarcada<\/span><\/span><\/p>\n<p><span style=\"font-size: 12pt\"><strong><span style=\"color: #ff6600\">&#8211; Aula 2 (online Webconf) &#8211; 19\/07 (Quarta-feira), das 14h \u00e0s 17h<\/span><\/strong><\/span><br \/>\n<span style=\"font-size: 12pt\"><strong><span style=\"color: #ff6600\">&#8211; Aula 3 (PRESENCIAL) &#8211; 20\/07 (Quinta-feira), das\u00a008:30 \u00e0s 10:30\u00a0no Audit\u00f3rio da Reitoria (4\u00ba andar, campus Anglo da UFPel)<\/span><\/strong><\/span><\/p>\n<p><span style=\"font-size: 12pt\"><strong>Local<\/strong>:<br \/>\n\u2022 Aula 1 (online): Webconf UFPel<br \/>\n\u2022 Aula 2 (online): Webconf UFPel<br \/>\n<strong><span style=\"color: #ff6600\">\u2022 Aula 3 (presencial tira-d\u00favidas): Audit\u00f3rio da Reitoria &#8211; situado no 4\u00ba andar, campus Anglo da UFPel.<\/span><\/strong><\/span><\/p>\n<p><span style=\"font-size: 12pt\"><strong>S\u00famula<\/strong>:<\/span><\/p>\n<p style=\"padding-left: 12px;text-align: justify\"><span style=\"font-size: 12pt\">\u2022 Introdu\u00e7\u00e3o;<\/span><br \/>\n<span style=\"font-size: 12pt\">\u2022 Principais altera\u00e7\u00f5es trazidas pela Lei 14.133\/2021;<\/span><br \/>\n<span style=\"font-size: 12pt\">\u2022 Agenda de Compras da UFPel;<\/span><br \/>\n<span style=\"font-size: 12pt\">\u2022 Rotinas que devem preceder uma solicita\u00e7\u00e3o de aquisi\u00e7\u00e3o\/contrata\u00e7\u00e3o na UFPel;<\/span><br \/>\n<span style=\"font-size: 12pt\">\u2022 Material de Consumo x Material Permanente;<\/span><br \/>\n<span style=\"font-size: 12pt\">\u2022 Planejamento e Gerenciamento de Contrata\u00e7\u00f5es &#8211; PGC;<\/span><br \/>\n<span style=\"font-size: 12pt\">\u2022 Estudo T\u00e9cnico Preliminar &#8211; ETP;<\/span><br \/>\n<span style=\"font-size: 12pt\">\u2022 Disponibilidade Or\u00e7ament\u00e1ria;<\/span><br \/>\n<span style=\"font-size: 12pt\">\u2022 Consulta e Solicita\u00e7\u00e3o de Material em Estoque no Almoxarifado;<\/span><br \/>\n<span style=\"font-size: 12pt\">\u2022 Solicita\u00e7\u00e3o de item de preg\u00e3o SRP;<\/span><br \/>\n<span style=\"font-size: 12pt\">\u2022 Termo de Refer\u00eancia (IN 081\/2022 SEGES, Campos a serem preenchidos, Justificativa e Descri\u00e7\u00e3o do objeto);<\/span><br \/>\n<span style=\"font-size: 12pt\">\u2022 An\u00e1lises e Estudos a serem realizados de forma preliminar ao processo de aquisi\u00e7\u00e3o\/contrata\u00e7\u00e3o (Modelos de descri\u00e7\u00e3o do objeto, estimativa da quantidade, PGC, lote, amostras, an\u00e1lise de riscos, crit\u00e9rios de sustentabilidade);<\/span><br \/>\n<span style=\"font-size: 12pt\">\u2022 Forma\u00e7\u00e3o do pre\u00e7o m\u00e9dio;<\/span><\/p>\n<p style=\"padding-left: 12px;text-align: justify\"><span style=\"font-size: 12pt\">\u2022 Solicita\u00e7\u00e3o de aquisi\u00e7\u00e3o\/contrata\u00e7\u00e3o novo preg\u00e3o;<\/span><br \/>\n<span style=\"font-size: 12pt\">\u2022 Solicita\u00e7\u00e3o de aquisi\u00e7\u00e3o\/contrata\u00e7\u00e3o por inexigibilidade de licita\u00e7\u00e3o;<\/span><br \/>\n<span style=\"font-size: 12pt\">\u2022 Solicita\u00e7\u00e3o de aquisi\u00e7\u00e3o\/contrata\u00e7\u00e3o por dispensa de licita\u00e7\u00e3o;<\/span><br \/>\n<span style=\"font-size: 12pt\">\u2022 Solicita\u00e7\u00e3o de aquisi\u00e7\u00e3o\/contrata\u00e7\u00e3o de produtos para a pesquisa;<\/span><br \/>\n<span style=\"font-size: 12pt\">\u2022 Solicita\u00e7\u00e3o de aquisi\u00e7\u00e3o\/contrata\u00e7\u00e3o na modalidade carona;<\/span><br \/>\n<span style=\"font-size: 12pt\">\u2022 Nota de Empenho;<\/span><br \/>\n<span style=\"font-size: 12pt\">\u2022 Acompanhamento da entrega material\/presta\u00e7\u00e3o do servi\u00e7o;<\/span><br \/>\n<span style=\"font-size: 12pt\">\u2022 Reconhecimento de passivo &#8211; despesa sem empenho pr\u00e9vio;<\/span><br \/>\n<span style=\"font-size: 12pt\">\u2022 Material laboratorial de uso controlado pela PF;<\/span><br \/>\n<span style=\"font-size: 12pt\">\u2022 Sistema de Compras Contrata\u00e7\u00f5es na UFPel;<\/span><br \/>\n<span style=\"font-size: 12pt\">\u2022 Tutoriais;<\/span><br \/>\n<span style=\"font-size: 12pt\">\u2022 Legisla\u00e7\u00e3o;<\/span><\/p>\n<p style=\"padding-left: 12px;text-align: justify\"><span style=\"font-size: 12pt\">\u2022 Roda de conversa, tira d\u00favidas (presencial).<\/span><\/p>\n<p class=\"Texto_Justificado\"><span style=\"font-size: 12pt\"><strong>Avalia\u00e7\u00e3o<\/strong>: Frequ\u00eancia m\u00ednima de 75%.<\/span><\/p>\n<p class=\"Texto_Justificado\"><span style=\"font-size: 12pt\"><strong>P\u00fablico Alvo<\/strong>: <span style=\"color: #ff6600\"><strong>Todos os servidores que atuam em processos de compras e contrata\u00e7\u00f5es na UFPel<\/strong><\/span>*<\/span><\/p>\n<p><span style=\"font-size: 12pt\"><strong>N\u00famero de vagas:<\/strong> 50 vagas (limitadas por ordem de inscri\u00e7\u00e3o)**<\/span><\/p>\n<p><span style=\"font-size: 12pt\"><strong>Per\u00edodo de inscri\u00e7\u00e3o<\/strong>: 28\/06 a 09\/07\/2023<\/span><\/p>\n<p><span style=\"font-size: 12pt\"><strong>Divulga\u00e7\u00e3o das inscri\u00e7\u00f5es homologadas<\/strong>: 10\/07\/2023***, nesta p\u00e1gina.<\/span><\/p>\n<p><span style=\"font-size: 12pt\">*Considerando a Pol\u00edtica Nacional de Desenvolvimento de Pessoas, conforme Decreto n\u00ba 9.991\/19, somente ser\u00e3o certificados os servidores p\u00fablicos pertencentes ao Quadro Efetivo da UFPel.<\/span><\/p>\n<p><span style=\"font-size: 12pt\">**Vagas destinadas \u00e0 servidores pertencentes ao Quadro Efetivo da UFPel, preferencialmente.<\/span><\/p>\n<p><span style=\"font-size: 12pt\">***Quando homologadas as inscri\u00e7\u00f5es, os selecionados receber\u00e3o e-mail de confirma\u00e7\u00e3o com instru\u00e7\u00f5es.<\/span><\/p>\n<p><span style=\"color: #ff6600;font-size: 12pt\"><strong><a style=\"color: #ff6600\" href=\"https:\/\/wp.ufpel.edu.br\/progep\/files\/2023\/07\/Homologados-Curso-Procedimentos-de-aquisicoes-contratacoes-a-luz-da-Lei-n\u00b0-14.133_2021-no-ambito-da-UFPel-12-a-14-07-2023.pdf\" target=\"_blank\" rel=\"noopener\">INSCRI\u00c7\u00d5ES HOMOLOGADAS<\/a><\/strong><\/span><\/p>\n","protected":false},"excerpt":{"rendered":"<p>A Lei n\u00ba 14.133, de 2021, \u00e9 a nova Lei de Licita\u00e7\u00f5es, que estabelece normas gerais de licita\u00e7\u00e3o e contrata\u00e7\u00e3o para as Administra\u00e7\u00f5es P\u00fablicas diretas, Aut\u00e1rquicas e Fundacionais da Uni\u00e3o, dos Estados, do Distrito Federal e dos Munic\u00edpios. Ministrantes: \u2022 Andr\u00e9ia Xavier Farias (Chefe do N\u00facleo de Material &#8211; Coordena\u00e7\u00e3o de Material e Patrim\u00f4nio &#8211; [&hellip;]<\/p>\n","protected":false},"author":21,"featured_media":0,"parent":0,"menu_order":0,"comment_status":"closed","ping_status":"closed","template":"","meta":{"footnotes":""},"class_list":["post-23759","page","type-page","status-publish","hentry"],"_links":{"self":[{"href":"https:\/\/wp.ufpel.edu.br\/progep\/wp-json\/wp\/v2\/pages\/23759","targetHints":{"allow":["GET"]}}],"collection":[{"href":"https:\/\/wp.ufpel.edu.br\/progep\/wp-json\/wp\/v2\/pages"}],"about":[{"href":"https:\/\/wp.ufpel.edu.br\/progep\/wp-json\/wp\/v2\/types\/page"}],"author":[{"embeddable":true,"href":"https:\/\/wp.ufpel.edu.br\/progep\/wp-json\/wp\/v2\/users\/21"}],"replies":[{"embeddable":true,"href":"https:\/\/wp.ufpel.edu.br\/progep\/wp-json\/wp\/v2\/comments?post=23759"}],"version-history":[{"count":27,"href":"https:\/\/wp.ufpel.edu.br\/progep\/wp-json\/wp\/v2\/pages\/23759\/revisions"}],"predecessor-version":[{"id":32629,"href":"https:\/\/wp.ufpel.edu.br\/progep\/wp-json\/wp\/v2\/pages\/23759\/revisions\/32629"}],"wp:attachment":[{"href":"https:\/\/wp.ufpel.edu.br\/progep\/wp-json\/wp\/v2\/media?parent=23759"}],"curies":[{"name":"wp","href":"https:\/\/api.w.org\/{rel}","templated":true}]}}