{"id":23736,"date":"2023-06-28T12:06:01","date_gmt":"2023-06-28T15:06:01","guid":{"rendered":"https:\/\/wp.ufpel.edu.br\/progep\/?page_id=23736"},"modified":"2025-06-30T14:46:13","modified_gmt":"2025-06-30T17:46:13","slug":"formacao-para-gestores-3a-edicao-modulo-5-integridade-somos-todos-nos","status":"publish","type":"page","link":"https:\/\/wp.ufpel.edu.br\/progep\/formacao-para-gestores-3a-edicao-modulo-5-integridade-somos-todos-nos\/","title":{"rendered":"Capacita\u00e7\u00e3o: Forma\u00e7\u00e3o para Gestores 3\u00aa Edi\u00e7\u00e3o \u2013 M\u00f3dulo 5: Integridade Somos Todos N\u00f3s"},"content":{"rendered":"<p><span style=\"font-size: 12pt\"><strong>Ministrantes:<\/strong>\u00a0Equipe do <a href=\"https:\/\/wp.ufpel.edu.br\/ngc\/governanca\/estrutura-de-governanca\/\" target=\"_blank\" rel=\"noopener\"><span style=\"color: #0000ff\">Comit\u00ea de Gest\u00e3o de Integridade &#8211; CGINT<\/span><\/a>\/UFPel:<\/span><\/p>\n<p style=\"padding-left: 11px\"><span style=\"font-size: 12pt\">\u2022 Aline Ribeiro Paliga;<\/span><br \/>\n<span style=\"font-size: 12pt\">\u2022 Biolange Oliveira Piegas;<\/span><br \/>\n<span style=\"font-size: 12pt\">\u2022 J\u00falio C\u00e9sar Emboava Span\u00f3;<\/span><br \/>\n<span style=\"font-size: 12pt\">\u2022 Ot\u00e1vio Augusto Zanin Delevedove;<\/span><br \/>\n<span style=\"font-size: 12pt\">\u2022 Paulo de Almeida Afonso.<\/span><\/p>\n<p><span style=\"font-size: 12pt\"><strong>Data de realiza\u00e7\u00e3o<\/strong>: 21 de julho de 2023<\/span><\/p>\n<p><span style=\"font-size: 12pt\"><strong>Hor\u00e1rio<\/strong>: 08h \u00e0s 12h<\/span><\/p>\n<p><span style=\"font-size: 12pt\"><strong>Modalidade<\/strong>: Presencial<\/span><\/p>\n<p><span style=\"font-size: 12pt\"><strong>Local<\/strong>: Audit\u00f3rio da Reitoria, 4\u00ba andar, campus Anglo da UFPel.<\/span><\/p>\n<p><span style=\"font-size: 12pt\"><strong>Ementa<\/strong>:<\/span><\/p>\n<p style=\"padding-left: 12px\"><span style=\"font-size: 12pt\">No\u00e7\u00f5es b\u00e1sicas:<\/span><br \/>\n<span style=\"font-size: 12pt\">1. Integridade<\/span><br \/>\n<span style=\"font-size: 12pt\">2. Lei de Acesso \u00e0 Informa\u00e7\u00e3o<\/span><br \/>\n<span style=\"font-size: 12pt\">3. Ouvidoria<\/span><br \/>\n<span style=\"font-size: 12pt\">4. \u00c9tica<\/span><br \/>\n<span style=\"font-size: 12pt\">5. Respostas aos \u00f3rg\u00e3os de controle<\/span><br \/>\n<span style=\"font-size: 12pt\">6. Processos administrativos disciplinares.<\/span><\/p>\n<p class=\"v1MsoNormal\"><span style=\"font-size: 12pt\"><strong>P\u00fablico Alvo<\/strong>: Chefes de N\u00facleo das Unidades Administrativas da UFPel*<\/span><\/p>\n<p><span style=\"font-size: 12pt\"><strong>Per\u00edodo de inscri\u00e7\u00e3o<\/strong>: 28\/06 a 18\/07\/2023<\/span><\/p>\n<p><span style=\"font-size: 12pt\"><strong>Divulga\u00e7\u00e3o das inscri\u00e7\u00f5es homologadas<\/strong>: 19\/07\/2023**, nesta p\u00e1gina.<\/span><\/p>\n<p><span style=\"font-size: 12pt\">*Considerando a Pol\u00edtica Nacional de Desenvolvimento de Pessoas, conforme Decreto n\u00ba 9.991\/19, somente ser\u00e3o certificados os servidores p\u00fablicos pertencentes ao Quadro Efetivo da UFPel.<\/span><br \/>\n<span style=\"font-size: 12pt\">**Quando homologadas as inscri\u00e7\u00f5es, os selecionados receber\u00e3o e-mail de confirma\u00e7\u00e3o com instru\u00e7\u00f5es.<\/span><\/p>\n<p><span style=\"color: #ff6600;font-size: 12pt\"><strong><a style=\"color: #ff6600\" href=\"https:\/\/wp.ufpel.edu.br\/progep\/files\/2023\/07\/Homologados-Formacao-para-Gestores-3a-Edicao-\u2013-Modulo-5-Integridade-Somos-Todos-Nos-21-07-2023.pdf\" target=\"_blank\" rel=\"noopener\">INSCRI\u00c7\u00d5ES HOMOLOGADAS<\/a><\/strong><\/span><\/p>\n","protected":false},"excerpt":{"rendered":"<p>Ministrantes:\u00a0Equipe do Comit\u00ea de Gest\u00e3o de Integridade &#8211; CGINT\/UFPel: \u2022 Aline Ribeiro Paliga; \u2022 Biolange Oliveira Piegas; \u2022 J\u00falio C\u00e9sar Emboava Span\u00f3; \u2022 Ot\u00e1vio Augusto Zanin Delevedove; \u2022 Paulo de Almeida Afonso. Data de realiza\u00e7\u00e3o: 21 de julho de 2023 Hor\u00e1rio: 08h \u00e0s 12h Modalidade: Presencial Local: Audit\u00f3rio da Reitoria, 4\u00ba andar, campus Anglo da [&hellip;]<\/p>\n","protected":false},"author":21,"featured_media":0,"parent":0,"menu_order":0,"comment_status":"closed","ping_status":"closed","template":"","meta":{"footnotes":""},"class_list":["post-23736","page","type-page","status-publish","hentry"],"_links":{"self":[{"href":"https:\/\/wp.ufpel.edu.br\/progep\/wp-json\/wp\/v2\/pages\/23736","targetHints":{"allow":["GET"]}}],"collection":[{"href":"https:\/\/wp.ufpel.edu.br\/progep\/wp-json\/wp\/v2\/pages"}],"about":[{"href":"https:\/\/wp.ufpel.edu.br\/progep\/wp-json\/wp\/v2\/types\/page"}],"author":[{"embeddable":true,"href":"https:\/\/wp.ufpel.edu.br\/progep\/wp-json\/wp\/v2\/users\/21"}],"replies":[{"embeddable":true,"href":"https:\/\/wp.ufpel.edu.br\/progep\/wp-json\/wp\/v2\/comments?post=23736"}],"version-history":[{"count":13,"href":"https:\/\/wp.ufpel.edu.br\/progep\/wp-json\/wp\/v2\/pages\/23736\/revisions"}],"predecessor-version":[{"id":34097,"href":"https:\/\/wp.ufpel.edu.br\/progep\/wp-json\/wp\/v2\/pages\/23736\/revisions\/34097"}],"wp:attachment":[{"href":"https:\/\/wp.ufpel.edu.br\/progep\/wp-json\/wp\/v2\/media?parent=23736"}],"curies":[{"name":"wp","href":"https:\/\/api.w.org\/{rel}","templated":true}]}}